{"id":630,"date":"2021-07-30T13:32:17","date_gmt":"2021-07-30T11:32:17","guid":{"rendered":"https:\/\/antcube.shop\/?page_id=630"},"modified":"2025-07-23T17:23:54","modified_gmt":"2025-07-23T15:23:54","slug":"pravni-upozorneni","status":"publish","type":"page","link":"https:\/\/clone.antcube.shop\/cs\/pravni-upozorneni\/","title":{"rendered":"Pr\u00e1vn\u00ed upozorn\u011bn\u00ed"},"content":{"rendered":"<div id=\"gap-59756359\" class=\"gap-element clearfix\" style=\"display:block; height:auto;\">\n\t\t\n<style>\n#gap-59756359 {\n  padding-top: 199px;\n}\n@media (min-width:850px) {\n  #gap-59756359 {\n    padding-top: 190px;\n  }\n}\n<\/style>\n\t<\/div>\n\t\n\n<div class=\"row\"  id=\"row-1360954943\">\n\n\n\t<div id=\"col-1000295223\" class=\"col small-12 large-12\"  >\n\t\t\t\t<div class=\"col-inner\"  >\n\t\t\t\n\t\t\t\n\n<h1>Pr\u00e1vn\u00ed upozorn\u011bn\u00ed<\/h1>\n<p><strong>ANTCUBE od <\/strong><b>ANTSTORE, Martin \u0160ebesta<\/b><b><br \/><\/b><span style=\"font-weight: 400;\">Selerweg 41<\/span><span style=\"font-weight: 400;\"><br \/><\/span><span style=\"font-weight: 400;\">D-12169 Berl\u00edn<\/span><\/p>\n<p><b>Kontakt<\/b><b><br \/><\/b><span style=\"font-weight: 400;\">Telefon: +49 30 439703870<\/span><span style=\"font-weight: 400;\"><br \/><\/span><span style=\"font-weight: 400;\">E-mail:law@ants.de\u00a0<\/span><\/p>\n<p><b>Identifika\u010dn\u00ed \u010d\u00edslo pro da\u0148 z prodeje: <\/b><span style=\"font-weight: 400;\">DE215167549 <\/span><span style=\"font-weight: 400;\"><br \/><\/span><b>Reg. \u010d. WEEE: <\/b><span style=\"font-weight: 400;\">DE54590387<\/span><\/p>\n<p><b>Odpov\u011bdnost za obsah podle \u00a7 55 Abs. 2 RStV: <\/b><b><br \/><\/b><span style=\"font-weight: 400;\">Martin \u0160ebesta (adresa uvedena v\u00fd\u0161e)<\/span><\/p>\n<p><b>Informace o pou\u017e\u00edv\u00e1n\u00ed webov\u00fdch str\u00e1nek<\/b><b><br \/><\/b><span style=\"font-weight: 400;\">Stahov\u00e1n\u00ed nebo tisk jednotliv\u00fdch str\u00e1nek nebo \u010d\u00e1st\u00ed na\u0161ich webov\u00fdch str\u00e1nek je povoleno pro soukrom\u00e9 pou\u017eit\u00ed.<\/span><span style=\"font-weight: 400;\"><br \/><\/span><span style=\"font-weight: 400;\"> \u00dapln\u00e1 nebo \u010d\u00e1ste\u010dn\u00e1 reprodukce, distribuce, p\u0159enos (elektronick\u00fd nebo jin\u00fd), \u00faprava nebo pou\u017eit\u00ed t\u011bchto webov\u00fdch str\u00e1nek pro ve\u0159ejn\u00e9 nebo komer\u010dn\u00ed \u00fa\u010dely jsou bez na\u0161eho p\u0159edchoz\u00edho p\u00edsemn\u00e9ho souhlasu zak\u00e1z\u00e1ny.<\/span><\/p>\n<p><b>Autorizovan\u00e9 pou\u017eit\u00ed pro nekomer\u010dn\u00ed \u00fa\u010dely: <\/b><b><br \/><\/b><span style=\"font-weight: 400;\">Pou\u017eit\u00ed na\u0161ich obr\u00e1zk\u016f v\u00fdrobk\u016f pro reklamu v m\u00edstn\u00edch obchodech je povoleno za n\u00e1sleduj\u00edc\u00edch podm\u00ednek:<\/span><\/p>\n<ul>\n<li style=\"font-weight: 400;\" aria-level=\"1\"><span style=\"font-weight: 400;\">V\u0161echny obr\u00e1zky mus\u00ed b\u00fdt ozna\u010deny zdrojem a na\u0161\u00edm logem (ANTSTORE\/ ANTCUBE\/ PLANTCUBE). <\/span><span style=\"font-weight: 400;\"><br \/><\/span><b>Tiskoviny: <\/b><span style=\"font-weight: 400;\">Zdroj: <\/span><a href=\"https:\/\/www.antstore.de\"><span style=\"font-weight: 400;\">www.antstore.de<\/span><span style=\"font-weight: 400;\"><br \/><\/span><\/a><b> Webov\u00e9 str\u00e1nky: <\/b><span style=\"font-weight: 400;\">Zdroj: <\/span><a href=\"https:\/\/www.antstore.de\"><span style=\"font-weight: 400;\">www.antstore.de<\/span><\/a><span style=\"font-weight: 400;\"> (s odkazem na www.antstore.net\/shop\/) nebo <\/span><a href=\"https:\/\/www.clone.antcube.shop\"><span style=\"font-weight: 400;\">www.clone.antcube.shop<\/span><\/a><\/li>\n<\/ul>\n<p><span style=\"font-weight: 400;\">Pokud m\u00e1te jak\u00e9koli dotazy ohledn\u011b spr\u00e1vn\u00e9ho um\u00edst\u011bn\u00ed loga a chcete jej obdr\u017eet jako digit\u00e1ln\u00ed soubor, kontaktujte n\u00e1s na adrese marketing@antcube.de.<\/span><\/p>\n<p><b>D\u016fle\u017eit\u00e9 upozorn\u011bn\u00ed: <\/b><b><br \/><\/b><span style=\"font-weight: 400;\">Pou\u017eit\u00ed na\u0161ich obr\u00e1zk\u016f v internetov\u00fdch obchodech nebo pro jin\u00e9 komer\u010dn\u00ed \u00fa\u010dely je bez p\u00edsemn\u00e9ho souhlasu zak\u00e1z\u00e1no.<\/span><\/p>\n<p><b>Pozn\u00e1mka k odkaz\u016fm na webov\u00fdch str\u00e1nk\u00e1ch <\/b><b><br \/><\/b><span style=\"font-weight: 400;\">Na\u0161e webov\u00e9 str\u00e1nky obsahuj\u00ed odkazy na extern\u00ed webov\u00e9 str\u00e1nky. Za obsah t\u011bchto webov\u00fdch str\u00e1nek neneseme \u017e\u00e1dnou odpov\u011bdnost, proto\u017ee nem\u00e1me \u017e\u00e1dn\u00fd vliv na jejich podobu a obsah.<\/span><\/p>\n<p><span style=\"font-weight: 400;\">V\u00fdslovn\u011b prohla\u0161ujeme, \u017ee nep\u0159eb\u00edr\u00e1me obsah extern\u00edch str\u00e1nek jako sv\u016fj vlastn\u00ed.<\/span><span style=\"font-weight: 400;\"><br \/><\/span><span style=\"font-weight: 400;\"> Odkazy na na\u0161ich webov\u00fdch str\u00e1nk\u00e1ch je t\u0159eba ch\u00e1pat jako \"\u017eiv\u00e9\" (dynamick\u00e9) odkazy.<\/span><span style=\"font-weight: 400;\"><br \/><\/span><span style=\"font-weight: 400;\"> Pokud zjist\u00edme, \u017ee konkr\u00e9tn\u00ed nab\u00eddka, na kterou jsme poskytli odkaz, zakl\u00e1d\u00e1 ob\u010danskopr\u00e1vn\u00ed nebo trestn\u011bpr\u00e1vn\u00ed odpov\u011bdnost, tento odkaz odstran\u00edme, pokud je to technicky mo\u017en\u00e9 a p\u0159im\u011b\u0159en\u00e9.<\/span><\/p>\n<p>N\u00e1vrh, obsah a technick\u00e1 realizace: Janik Wiedemann<\/p>\n\n\t\t<\/div>\n\t\t\t\t\t<\/div>\n\n\t\n\n<\/div>","protected":false},"excerpt":{"rendered":"","protected":false},"author":1,"featured_media":0,"parent":0,"menu_order":0,"comment_status":"closed","ping_status":"closed","template":"","meta":{"_acf_changed":false,"content-type":"","_monsterinsights_skip_tracking":false,"_monsterinsights_sitenote_active":false,"_monsterinsights_sitenote_note":"","_monsterinsights_sitenote_category":0,"footnotes":""},"class_list":["post-630","page","type-page","status-publish","hentry"],"acf":[],"aioseo_notices":[],"jetpack_sharing_enabled":true,"_links":{"self":[{"href":"https:\/\/clone.antcube.shop\/cs\/wp-json\/wp\/v2\/pages\/630","targetHints":{"allow":["GET"]}}],"collection":[{"href":"https:\/\/clone.antcube.shop\/cs\/wp-json\/wp\/v2\/pages"}],"about":[{"href":"https:\/\/clone.antcube.shop\/cs\/wp-json\/wp\/v2\/types\/page"}],"author":[{"embeddable":true,"href":"https:\/\/clone.antcube.shop\/cs\/wp-json\/wp\/v2\/users\/1"}],"replies":[{"embeddable":true,"href":"https:\/\/clone.antcube.shop\/cs\/wp-json\/wp\/v2\/comments?post=630"}],"version-history":[{"count":10,"href":"https:\/\/clone.antcube.shop\/cs\/wp-json\/wp\/v2\/pages\/630\/revisions"}],"predecessor-version":[{"id":12006,"href":"https:\/\/clone.antcube.shop\/cs\/wp-json\/wp\/v2\/pages\/630\/revisions\/12006"}],"wp:attachment":[{"href":"https:\/\/clone.antcube.shop\/cs\/wp-json\/wp\/v2\/media?parent=630"}],"curies":[{"name":"wp","href":"https:\/\/api.w.org\/{rel}","templated":true}]}}