{"id":906,"date":"2021-08-22T15:25:28","date_gmt":"2021-08-22T13:25:28","guid":{"rendered":"https:\/\/antcube.shop\/?page_id=906"},"modified":"2024-09-09T17:06:59","modified_gmt":"2024-09-09T15:06:59","slug":"mravenci-a-vzdelavani","status":"publish","type":"page","link":"https:\/\/clone.antcube.shop\/cs\/mravenci-a-vzdelavani\/","title":{"rendered":"Mravenci ve vzd\u011bl\u00e1v\u00e1n\u00ed"},"content":{"rendered":"<div id=\"gap-422198178\" class=\"gap-element clearfix\" style=\"display:block; height:auto;\">\n\t\t\n<style>\n#gap-422198178 {\n  padding-top: 178px;\n}\n@media (min-width:550px) {\n  #gap-422198178 {\n    padding-top: 187px;\n  }\n}\n@media (min-width:850px) {\n  #gap-422198178 {\n    padding-top: 75px;\n  }\n}\n<\/style>\n\t<\/div>\n\t\n\n\n  <div class=\"banner has-hover\" id=\"banner-1647962674\">\n          <div class=\"banner-inner fill\">\n        <div class=\"banner-bg fill\" >\n            <img data-recalc-dims=\"1\" loading=\"lazy\" decoding=\"async\" width=\"1020\" height=\"574\" src=\"https:\/\/i0.wp.com\/clone.antcube.shop\/wp-content\/uploads\/2021\/09\/20201112-ANTSTORE-Schulerprojekt-im-Glasernen-Labor-Berlin-Buch.00_01_08_21.Still001.jpg?resize=1020%2C574&#038;ssl=1\" class=\"bg attachment-original size-original\" alt=\"ANTSTORE - \u0161koln\u00ed projekt v Gl\u00e4sernes Labor Berlin Buch\" \/>                        <div class=\"overlay\"><\/div>            \n                    <\/div>\n\t\t\n        <div class=\"banner-layers container\">\n            <div class=\"fill banner-link\"><\/div>            \n\n   <div id=\"text-box-1722527761\" class=\"text-box banner-layer x50 md-x50 lg-x50 y15 md-y10 lg-y10 res-text\">\n                                <div class=\"text-box-content text dark text-shadow-5\">\n              \n              <div class=\"text-inner text-center\">\n                  \n\n<h1 class=\"uppercase\"><strong>Mravenci ve vzd\u011bl\u00e1v\u00e1n\u00ed<\/strong><\/h1>\n\n              <\/div>\n           <\/div>\n                            \n<style>\n#text-box-1722527761 {\n  width: 60%;\n}\n#text-box-1722527761 .text-box-content {\n  font-size: 100%;\n}\n<\/style>\n    <\/div>\n \n\n        <\/div>\n      <\/div>\n\n            \n<style>\n#banner-1647962674 {\n  padding-top: 56.25%;\n}\n#banner-1647962674 .overlay {\n  background-color: rgba(0, 0, 0, 0.17);\n}\n#banner-1647962674 .banner-bg img {\n  object-position: 53% 1%;\n}\n@media (min-width:550px) {\n  #banner-1647962674 {\n    padding-top: 50%;\n  }\n}\n@media (min-width:850px) {\n  #banner-1647962674 {\n    padding-top: 625px;\n  }\n}\n<\/style>\n  <\/div>\n\n\n\t<div id=\"gap-1387981485\" class=\"gap-element clearfix\" style=\"display:block; height:auto;\">\n\t\t\n<style>\n#gap-1387981485 {\n  padding-top: 30px;\n}\n<\/style>\n\t<\/div>\n\t\n\n<div class=\"row\"  id=\"row-1363694984\">\n\n\n\t<div id=\"col-784049636\" class=\"col medium-6 small-12 large-6\"  >\n\t\t\t\t<div class=\"col-inner\"  >\n\t\t\t\n\t\t\t\n\n<h3>Jak se u\u010dit od mravenc\u016f a s nimi<\/h3>\n<p>Mravenci ve t\u0159\u00edd\u011b nebo ve \u0161kolce? Obvykle sp\u00ed\u0161e otravn\u00e9. \u010casto se v\u0161ak p\u0159ehl\u00ed\u017e\u00ed, kolik se toho od mravenc\u016f a s nimi m\u016f\u017eeme nau\u010dit. Jejich soci\u00e1ln\u00ed chov\u00e1n\u00ed a efektivn\u00ed rozd\u011blov\u00e1n\u00ed \u00fakol\u016f je velmi zaj\u00edmav\u00e9 a pou\u010dn\u00e9 sledovat.<\/p>\n<p>V posledn\u00edch letech si mraveni\u0161t\u011b po\u0159izuje st\u00e1le v\u00edce \u0161kol a \u0161kolek, vzd\u011bl\u00e1vac\u00edch instituc\u00ed obecn\u011b nebo dokonce v\u00fdzkumn\u00fdch instituc\u00ed. Ty nab\u00edzej\u00ed mnoho mo\u017enost\u00ed, jak n\u00e1zorn\u011b a zaj\u00edmav\u011b vyu\u010dovat biologick\u00e9 souvislosti, evoluci, soci\u00e1ln\u00ed chov\u00e1n\u00ed nebo odpov\u011bdn\u00e9 zach\u00e1zen\u00ed s na\u0161\u00ed p\u0159\u00edrodou.<\/p>\n<p>Mnoh\u00fdm sta\u010d\u00ed k prezentaci startovac\u00ed sada, kterou pou\u017e\u00edvaj\u00ed i na\u0161i soukrom\u00ed z\u00e1kazn\u00edci. Pokud je v\u0161ak t\u0159eba, aby byla trochu v\u00fdjime\u010dn\u011bj\u0161\u00ed, nab\u00edz\u00edme tak\u00e9 v\u00fdrobky na zak\u00e1zku. Ty jsou k dispozici tak\u00e9 ve variant\u011b s bezpe\u010dnostn\u00edm sklem a uzamykateln\u00e9 pro d\u011bti.<\/p>\n<p>\u00a0<\/p>\n\n\t\t<\/div>\n\t\t\t\t\t<\/div>\n\n\t\n\n\t<div id=\"col-871892043\" class=\"col medium-6 small-12 large-6\"  >\n\t\t\t\t<div class=\"col-inner\"  >\n\t\t\t\n\t\t\t\n\n\t<div class=\"img has-hover x md-x lg-x y md-y lg-y\" id=\"image_1010521988\">\n\t\t<a class=\"image-lightbox lightbox-gallery\" title=\"\" href=\"https:\/\/i0.wp.com\/clone.antcube.shop\/wp-content\/uploads\/2021\/09\/IMG_6373-scaled.jpg?fit=800%2C600&#038;ssl=1\">\t\t\t\t\t\t<div class=\"img-inner dark\" >\n\t\t\t<img data-recalc-dims=\"1\" loading=\"lazy\" decoding=\"async\" width=\"1020\" height=\"765\" src=\"https:\/\/i0.wp.com\/clone.antcube.shop\/wp-content\/uploads\/2021\/09\/IMG_6373-scaled.jpg?resize=1020%2C765&#038;ssl=1\" class=\"attachment-original size-original\" alt=\"Formik\u00e1rium pro listonohy na zak\u00e1zku od spole\u010dnosti ANTSTORE pro mate\u0159skou \u0161kolu\" srcset=\"https:\/\/i0.wp.com\/clone.antcube.shop\/wp-content\/uploads\/2021\/09\/IMG_6373-scaled.jpg?w=2560&amp;ssl=1 2560w, https:\/\/i0.wp.com\/clone.antcube.shop\/wp-content\/uploads\/2021\/09\/IMG_6373-scaled.jpg?resize=510%2C383&amp;ssl=1 510w, https:\/\/i0.wp.com\/clone.antcube.shop\/wp-content\/uploads\/2021\/09\/IMG_6373-scaled.jpg?resize=533%2C400&amp;ssl=1 533w, https:\/\/i0.wp.com\/clone.antcube.shop\/wp-content\/uploads\/2021\/09\/IMG_6373-scaled.jpg?resize=1067%2C800&amp;ssl=1 1067w, https:\/\/i0.wp.com\/clone.antcube.shop\/wp-content\/uploads\/2021\/09\/IMG_6373-scaled.jpg?resize=768%2C576&amp;ssl=1 768w, https:\/\/i0.wp.com\/clone.antcube.shop\/wp-content\/uploads\/2021\/09\/IMG_6373-scaled.jpg?resize=1536%2C1152&amp;ssl=1 1536w, https:\/\/i0.wp.com\/clone.antcube.shop\/wp-content\/uploads\/2021\/09\/IMG_6373-scaled.jpg?resize=2048%2C1536&amp;ssl=1 2048w\" sizes=\"auto, (max-width: 1020px) 100vw, 1020px\" \/>\t\t\t\t\t\t\n\t\t\t\t\t<\/div>\n\t\t\t\t\t\t<\/a>\t\t\n<style>\n#image_1010521988 {\n  width: 100%;\n}\n<\/style>\n\t<\/div>\n\t\n\n<p>Zak\u00e1zkov\u00e1 stavba listonoh\u016f Formicarium pro mate\u0159skou \u0161kolu<\/p>\n\n\t\t<\/div>\n\t\t\t\t\t<\/div>\n\n\t\n\n<\/div>\n<div class=\"row\"  id=\"row-912760161\">\n\n\n\t<div id=\"col-2052822363\" class=\"col small-12 large-12\"  >\n\t\t\t\t<div class=\"col-inner\"  >\n\t\t\t\n\t\t\t\n\n\t<div id=\"text-216273417\" class=\"text\">\n\t\t\n\n<h3>N\u011bkter\u00e9 z na\u0161ich projekt\u016f pro \u0161koly a \u0161kolky<\/h3>\n\t\t\n<style>\n#text-216273417 {\n  font-size: 1.85rem;\n  text-align: center;\n}\n<\/style>\n\t<\/div>\n\t\n<div class=\"slider-wrapper relative\" id=\"slider-2126211146\" >\n    <div class=\"slider slider-nav-circle slider-nav-large slider-nav-light slider-style-normal\"\n        data-flickity-options='{            \"cellAlign\": \"center\",            \"imagesLoaded\": true,            \"lazyLoad\": 1,            \"freeScroll\": false,            \"wrapAround\": true,            \"autoPlay\": false,            \"pauseAutoPlayOnHover\" : true,            \"prevNextButtons\": true,            \"contain\" : true,            \"adaptiveHeight\" : true,            \"dragThreshold\" : 10,            \"percentPosition\": true,            \"pageDots\": true,            \"rightToLeft\": false,            \"draggable\": true,            \"selectedAttraction\": 0.1,            \"parallax\" : 0,            \"friction\": 0.6        }'\n        >\n        \n\n\n  <div class=\"banner has-hover\" id=\"banner-1090195492\">\n          <div class=\"banner-inner fill\">\n        <div class=\"banner-bg fill\" >\n                        \t<div class=\"video-overlay no-click fill\"><\/div>\n\t<div id=\"ytplayer-723\" class=\"ux-youtube fill object-fit visible\" data-videoid=\"lBi4yheYoEI\" data-loop=\"1\" data-audio=\"0\"><\/div>\n                        \n                    <\/div>\n\t\t\n        <div class=\"banner-layers container\">\n            <a class=\"fill\" href=\"https:\/\/www.youtube.com\/watch?v=lBi4yheYoEI\" target=\"_blank\" rel=\"noopener\"><div class=\"fill banner-link\"><\/div><\/a>            \n\n   <div id=\"text-box-597321223\" class=\"text-box banner-layer x50 md-x50 lg-x50 y50 md-y50 lg-y50 res-text\">\n                                <div class=\"text-box-content text dark\">\n              \n              <div class=\"text-inner text-center\">\n                  \n\n\n              <\/div>\n           <\/div>\n                            \n<style>\n#text-box-597321223 {\n  width: 60%;\n}\n#text-box-597321223 .text-box-content {\n  font-size: 100%;\n}\n<\/style>\n    <\/div>\n \n\n        <\/div>\n      <\/div>\n\n            \n<style>\n#banner-1090195492 {\n  padding-top: 50%;\n}\n<\/style>\n  <\/div>\n\n\n\n  <div class=\"banner has-hover\" id=\"banner-760494980\">\n          <div class=\"banner-inner fill\">\n        <div class=\"banner-bg fill\" >\n                        \t<div class=\"video-overlay no-click fill\"><\/div>\n\t<div id=\"ytplayer-325\" class=\"ux-youtube fill object-fit visible\" data-videoid=\"XclvRncC6jg\" data-loop=\"1\" data-audio=\"0\"><\/div>\n                        \n                    <\/div>\n\t\t\n        <div class=\"banner-layers container\">\n            <a class=\"fill\" href=\"https:\/\/www.youtube.com\/watch?v=XclvRncC6jg\" target=\"_blank\" rel=\"noopener\"><div class=\"fill banner-link\"><\/div><\/a>            \n\n   <div id=\"text-box-815533798\" class=\"text-box banner-layer x50 md-x50 lg-x50 y50 md-y50 lg-y50 res-text\">\n                                <div class=\"text-box-content text dark\">\n              \n              <div class=\"text-inner text-center\">\n                  \n\n\n              <\/div>\n           <\/div>\n                            \n<style>\n#text-box-815533798 {\n  width: 60%;\n}\n#text-box-815533798 .text-box-content {\n  font-size: 100%;\n}\n<\/style>\n    <\/div>\n \n\n        <\/div>\n      <\/div>\n\n            \n<style>\n#banner-760494980 {\n  padding-top: 50%;\n}\n<\/style>\n  <\/div>\n\n\n\n  <div class=\"banner has-hover\" id=\"banner-1312040119\">\n          <div class=\"banner-inner fill\">\n        <div class=\"banner-bg fill\" >\n                        \t<div class=\"video-overlay no-click fill\"><\/div>\n\t<div id=\"ytplayer-558\" class=\"ux-youtube fill object-fit visible\" data-videoid=\"jxMCXa8b8GQ\" data-loop=\"1\" data-audio=\"0\"><\/div>\n                        \n                    <\/div>\n\t\t\n        <div class=\"banner-layers container\">\n            <a class=\"fill\" href=\"https:\/\/www.youtube.com\/watch?v=jxMCXa8b8GQ\" target=\"_blank\" rel=\"noopener\"><div class=\"fill banner-link\"><\/div><\/a>            \n\n   <div id=\"text-box-186636741\" class=\"text-box banner-layer x50 md-x50 lg-x50 y50 md-y50 lg-y50 res-text\">\n                                <div class=\"text-box-content text dark\">\n              \n              <div class=\"text-inner text-center\">\n                  \n\n\n              <\/div>\n           <\/div>\n                            \n<style>\n#text-box-186636741 {\n  width: 60%;\n}\n#text-box-186636741 .text-box-content {\n  font-size: 100%;\n}\n<\/style>\n    <\/div>\n \n\n        <\/div>\n      <\/div>\n\n            \n<style>\n#banner-1312040119 {\n  padding-top: 50%;\n}\n<\/style>\n  <\/div>\n\n\n\n     <\/div>\n\n     <div class=\"loading-spin dark large centered\"><\/div>\n\n\t<\/div>\n\n\n\n\t\t<\/div>\n\t\t\t\t\t<\/div>\n\n\t\n\n<\/div>","protected":false},"excerpt":{"rendered":"","protected":false},"author":1,"featured_media":0,"parent":0,"menu_order":0,"comment_status":"closed","ping_status":"closed","template":"","meta":{"_acf_changed":false,"content-type":"","_monsterinsights_skip_tracking":false,"_monsterinsights_sitenote_active":false,"_monsterinsights_sitenote_note":"","_monsterinsights_sitenote_category":0,"footnotes":""},"class_list":["post-906","page","type-page","status-publish","hentry"],"acf":[],"aioseo_notices":[],"jetpack_sharing_enabled":true,"_links":{"self":[{"href":"https:\/\/clone.antcube.shop\/cs\/wp-json\/wp\/v2\/pages\/906","targetHints":{"allow":["GET"]}}],"collection":[{"href":"https:\/\/clone.antcube.shop\/cs\/wp-json\/wp\/v2\/pages"}],"about":[{"href":"https:\/\/clone.antcube.shop\/cs\/wp-json\/wp\/v2\/types\/page"}],"author":[{"embeddable":true,"href":"https:\/\/clone.antcube.shop\/cs\/wp-json\/wp\/v2\/users\/1"}],"replies":[{"embeddable":true,"href":"https:\/\/clone.antcube.shop\/cs\/wp-json\/wp\/v2\/comments?post=906"}],"version-history":[{"count":10,"href":"https:\/\/clone.antcube.shop\/cs\/wp-json\/wp\/v2\/pages\/906\/revisions"}],"predecessor-version":[{"id":9150,"href":"https:\/\/clone.antcube.shop\/cs\/wp-json\/wp\/v2\/pages\/906\/revisions\/9150"}],"wp:attachment":[{"href":"https:\/\/clone.antcube.shop\/cs\/wp-json\/wp\/v2\/media?parent=906"}],"curies":[{"name":"wp","href":"https:\/\/api.w.org\/{rel}","templated":true}]}}