{"id":6737,"date":"2023-12-12T15:03:25","date_gmt":"2023-12-12T14:03:25","guid":{"rendered":"https:\/\/antcube.shop\/product\/antcube-starter-set-fur-weberameisen-gros\/"},"modified":"2026-01-12T12:38:07","modified_gmt":"2026-01-12T11:38:07","slug":"startovaci-sada-pro-mravence-tkalce-velke","status":"publish","type":"product","link":"https:\/\/clone.antcube.shop\/cs\/produkt\/startovaci-sada-pro-mravence-tkalce-velke\/","title":{"rendered":"ANTCUBE - Startovac\u00ed sada pro mravence tkalce - velk\u00e1"},"content":{"rendered":"<p><span data-text-color=\"alert\"><strong>Doprava je mo\u017en\u00e1 pouze prost\u0159ednictv\u00edm p\u0159eposl\u00e1n\u00ed na palet\u011b.<\/strong><\/span><\/p>\n<p><strong>Obsah:<\/strong><br \/>\n1x Honeydew Mix (HT) - n\u00e1pl\u0148 10ml<br \/>\n1x Cel\u00ed blan\u0161\u00edrovan\u00ed cvr\u010dci<\/p>\n<p>1x ANTCUBE Arena 30x30x60 s posuvn\u00fdmi dve\u0159mi<br \/>\n1x r\u00e1m mraveni\u0161t\u011b 30\u00d730 - 5 cm<br \/>\n1x kryt mraveni\u0161t\u011b 30\u00d730<br \/>\n1x fixa\u010dn\u00ed bod pro kryt ar\u00e9ny (4ks)<\/p>\n<p>1x r\u00e1m pro posuvn\u00e9 dve\u0159e<br \/>\nRozpra\u0161ova\u010d 0,5 litru - mosazn\u00e1 tryska<br \/>\n1x Fotost\u011bna - de\u0161tn\u00fd prales - 30\u00d760 - vysok\u00e1<br \/>\n1x z\u00e1kladna pro formik\u00e1rium 30\u00d730 cm<\/p>\n<p>1x substr\u00e1t rainforest 1 kg<br \/>\n2x z\u00e1tka Formicarium pro 50mm otvor<br \/>\n3x m\u0159\u00ed\u017ekov\u00e1 vlo\u017eka - 50 mm - nerezov\u00e1 ocel<br \/>\nMini termohygrometr digit\u00e1ln\u00ed - b\u00edl\u00fd - samolepic\u00ed<br \/>\n1x pinzeta z pru\u017einov\u00e9 oceli \u0161irok\u00e1 - m\u011bkk\u00e1<br \/>\n1x plastov\u00e1 pinzeta standard<br \/>\n1x olej na ochranu proti vypuknut\u00ed mraven\u010d\u00ed epidemie<br \/>\n1x p\u00edtko \u010dir\u00e9 20ml - houbi\u010dka<br \/>\n1x p\u00edtko 2ml - 360 stup\u0148\u016f<br \/>\n1x miska \u010dir\u00e1 1\u00d720 - houba<br \/>\n1x ru\u010dn\u00ed lupa - 2x - 30mm<br \/>\n1x p\u011bnov\u00fd st\u011bra\u010d 150x18x2,5mm<\/p>\n<p><strong>Popis:<\/strong><br \/>\nTato roz\u0161i\u0159iteln\u00e1 startovac\u00ed sada, speci\u00e1ln\u011b pro r\u016fzn\u00e9 druhy tkalc\u016f, jako je Polyrhachis spec. nebo Oecophylla spec., obsahuje nejen optim\u00e1ln\u011b p\u0159izp\u016fsoben\u00e9 formik\u00e1rium, ale tak\u00e9 vhodn\u00e9 p\u0159\u00edslu\u0161enstv\u00ed pro chov t\u011bchto druh\u016f mravenc\u016f.<\/p>\n<p>Posuvn\u00e1 dv\u00ed\u0159ka v p\u0159edn\u00ed \u010d\u00e1sti (otev\u00edr\u00e1n\u00ed 150x200 mm) usnad\u0148uj\u00ed pr\u00e1ci ve formik\u00e1riu i s velk\u00fdmi koloniemi nebo osazen\u00ed formik\u00e1ria hostitelskou rostlinou, nap\u0159\u00edklad Oecophylla smaragdina. Dal\u0161\u00ed formik\u00e1ria lze p\u0159ipojit pomoc\u00ed dvou 50mm otvor\u016f na boku. M\u0159\u00ed\u017ekov\u00e9 vlo\u017eky z nerezov\u00e9 oceli zaji\u0161\u0165uj\u00ed dobr\u00e9 v\u011btr\u00e1n\u00ed a jsou odoln\u00e9 proti mechanick\u00fdm n\u00e1raz\u016fm. Teplom\u011br a vlhkom\u011br uvnit\u0159 syst\u00e9mu je absolutn\u011b bezpe\u010dn\u00fd pro d\u011bti a dom\u00e1c\u00ed zv\u00ed\u0159ata a umo\u017e\u0148uje snadnou kontrolu klimatick\u00fdch hodnot. V p\u0159\u00edpad\u011b pot\u0159eby lze vlhkost zv\u00fd\u0161it pomoc\u00ed rozpra\u0161ova\u010de. Nap\u00e1je\u010dka \u010dir\u00e1 20 ml - houbi\u010dka je ur\u010dena pro p\u0159\u00edsun \u010derstv\u00e9 vody, nap\u00e1je\u010dka 2 ml - 360 stup\u0148\u016f pro med nebo cukern\u00fd roztok.<\/p>\n<p><strong>D\u016fle\u017eit\u00e9:<\/strong> P\u0159ed pou\u017eit\u00edm substr\u00e1t navlh\u010dete, aby se sm\u011bs mohla spojit a v mraveni\u0161ti se pevn\u011b uchytila. P\u0159\u00edli\u0161 such\u00fd a pra\u0161n\u00fd substr\u00e1t m\u016f\u017ee nav\u00edc v\u00e9st k ucp\u00e1n\u00ed d\u00fdchac\u00edch cest mravenc\u016f a v nejhor\u0161\u00edm p\u0159\u00edpad\u011b se zv\u00ed\u0159ata udus\u00ed.<\/p>\n<p><strong>D\u016fle\u017eit\u00e9 upozorn\u011bn\u00ed k r\u00e1mu posuvn\u00fdch dve\u0159\u00ed:<\/strong><br \/>\nR\u00e1m lze snadno p\u0159ipevnit na \u0161rouby p\u0159ipevn\u011bn\u00e9 k kolejnic\u00edm posuvn\u00fdch dve\u0159\u00ed. Za t\u00edmto \u00fa\u010delem opatrn\u011b uvoln\u011bte <strong>pouze<\/strong> o\u0159echy uvnit\u0159. Je zapot\u0159eb\u00ed mal\u00fd k\u0159\u00ed\u017eov\u00fd \u0161roubov\u00e1k. Sestavte r\u00e1m a zav\u011bste jej dovnit\u0159 na \u0161rouby. Pot\u00e9 opatrn\u011b znovu p\u0159ipevn\u011bte matice a <strong>v \u017e\u00e1dn\u00e9m p\u0159\u00edpad\u011b neot\u00e1\u010dejte p\u0159\u00edli\u0161 pevn\u011b,<\/strong> jinak by mohlo doj\u00edt k po\u0161kozen\u00ed skla.<\/p>\n<p><strong>Pozn\u00e1mky k v\u00fdrob\u011b<\/strong><br \/>\nSklo je brou\u0161eno podle normy DIN 1249 s toleranc\u00ed +\/- 1 mm. U extr\u00e9mn\u011b mal\u00fdch druh\u016f mravenc\u016f je nutn\u00e1 dodate\u010dn\u00e1 ochrana proti vylomen\u00ed.<\/p>\n<p><strong>Pozn\u00e1mka k medovici:<\/strong><br \/>\nObsah: 10 ml<br \/>\nJedn\u00e1 se o p\u0159\u00edrodn\u00ed produkt, kter\u00fd jsme po rozs\u00e1hl\u00e9m testov\u00e1n\u00ed v na\u0161\u00ed laborato\u0159i zdokonalili a vyvinuli z n\u011bj potravu, kterou mravenci velmi dob\u0159e p\u0159ij\u00edmaj\u00ed. D\u016fvodem je, \u017ee nezpracovan\u00fd medovicov\u00fd med v jeho koncentrovan\u00e9 p\u016fvodn\u00ed podob\u011b nen\u00ed mravenci a jejich metabolismem dob\u0159e p\u0159ij\u00edm\u00e1n.<br \/>\nNa\u0161e medovice byla nasb\u00edr\u00e1na v nezne\u010di\u0161t\u011bn\u00fdch divok\u00fdch horsk\u00fdch les\u00edch Bulharska. Medovice se rod\u00ed pouze ve velmi omezen\u00e9m obdob\u00ed, p\u0159ibli\u017en\u011b dva m\u011bs\u00edce v l\u00e9t\u011b. Proto je velmi vz\u00e1cn\u00e1. Vzhledem ke specifick\u00fdm p\u016fdn\u00edm vlastnostem les\u016f a klimatu byly v listech strom\u016f ulo\u017eeny existen\u010dn\u011b d\u016fle\u017eit\u00e9 \u017eiviny, kter\u00e9 m\u0161ice vst\u0159eb\u00e1vaj\u00ed. Pr\u00e1v\u011b d\u00edky tomu je tato medonosn\u00e1 sm\u011bs pro mravence tak \u017e\u00e1douc\u00ed.<\/p>\n<p><strong>Pou\u017eit\u00ed:<\/strong><br \/>\nMno\u017estv\u00ed j\u00eddla by m\u011blo b\u00fdt spot\u0159ebov\u00e1no p\u0159ibli\u017en\u011b do 3 dn\u016f.<\/p>\n<p><strong>Popis:<\/strong><br \/>\nMedovice na rozd\u00edl od kv\u011btov\u00e9ho medu poch\u00e1z\u00ed z v\u00fdm\u011b\u0161k\u016f rostlinn\u00e9ho sav\u00e9ho hmyzu, nap\u0159\u00edklad m\u0161ic. Medovice je obl\u00edben\u00fdm zdrojem potravy mnoha druh\u016f hmyzu, jako jsou mravenci, v\u010dely a dokonce i \u010dmel\u00e1ci. V\u010dely a \u010dmel\u00e1ci ji sl\u00edz\u00e1vaj\u00ed z list\u016f nebo jehli\u010d\u00ed r\u016fzn\u00fdch strom\u016f. Mravenci, jako je Lasius niger, m\u0161ice pravideln\u011b chovaj\u00ed. Dokonce je br\u00e1n\u00ed p\u0159ed pred\u00e1tory a p\u0159en\u00e1\u0161ej\u00ed je na \u010derstv\u00e9 v\u00fdhonky.<\/p>\n<p>Medovice je u mravenc\u016f obl\u00edben\u00e1 p\u0159edev\u0161\u00edm d\u00edky sv\u00fdm pon\u011bkud odli\u0161n\u00fdm slo\u017ek\u00e1m. Hlavn\u00edmi cukry v medovici jsou sachar\u00f3za a frukt\u00f3za, ale v men\u0161\u00edm mno\u017estv\u00ed jsou p\u0159\u00edtomny tak\u00e9 malt\u00f3za, trehal\u00f3za, melezit\u00f3za, rafin\u00f3za a dal\u0161\u00ed oligosacharidy. Krom\u011b cukr\u016f a vody obsahuje medovice tak\u00e9 existen\u010dn\u011b d\u016fle\u017eit\u00e9 aminokyseliny, miner\u00e1ln\u00ed l\u00e1tky, stopov\u00e9 prvky, adenosinfosf\u00e1ty a dal\u0161\u00ed slo\u017eky, nap\u0159. vitaminy.<\/p>\n<p><strong>Pou\u017eit\u00ed:<\/strong><br \/>\nPro druhy mravenc\u016f medojed\u016f (Meliphagidae).<br \/>\nJedn\u00e1 se o dopl\u0148kov\u00e9 krmivo<br \/>\nZv\u00ed\u0159at\u016fm ji lze nab\u00eddnout v dodan\u00e9m stavu. Vzhledem k tomu, \u017ee vlhkost sni\u017euje koncentraci cukru a spou\u0161t\u00ed proces kva\u0161en\u00ed, je t\u0159eba krmivo ka\u017ed\u00e9 3 dny vym\u011bnit. P\u0159ed op\u011btovn\u00fdm pou\u017eit\u00edm d\u016fkladn\u011b vy\u010dist\u011bte krmnou misku\/tubu.<br \/>\nOtev\u0159en\u00e9 balen\u00ed by se m\u011blo pou\u017e\u00edvat t\u011bsn\u011b uzav\u0159en\u00e9 a\u017e do uveden\u00e9ho data pou\u017eitelnosti.<\/p>\n<p><strong>V\u00fd\u017eivov\u00e9 hodnoty na 100 g:<\/strong><br \/>\ncca 2,7 % tuk\u016f<br \/>\nz toho nasycen\u00e9 cca 0,45 %<br \/>\ncca 95 % sacharid\u016f<br \/>\nz toho cukr cca. 71%<br \/>\np\u0159ibli\u017en\u011b 2.85% b\u00edlkovin<br \/>\nMiner\u00e1ln\u00ed l\u00e1tky (drasl\u00edk, v\u00e1pn\u00edk, m\u011b\u010f, \u017eelezo, sod\u00edk, ho\u0159\u010d\u00edk, fosfor, zinek a dal\u0161\u00ed stopov\u00e9 prvky). Aminokyseliny (prolin, leucin, fenylalanin, alanin, histidin, isoleucin, kyselina glutamov\u00e1, arginin, kyselina asparagov\u00e1 atd.) Organick\u00e9 kyseliny Enzymy (fermenty)P\u0159\u00edchut\u011b Inhibiny (antibakteri\u00e1ln\u00ed l\u00e1tky) Kv\u011bty Pyl<\/p>\n<p><strong>Skladov\u00e1n\u00ed:<\/strong><br \/>\nAby byla zaji\u0161t\u011bna kvalita krmiva, m\u011bla by b\u00fdt krmiva skladov\u00e1na na tmav\u00e9m a such\u00e9m m\u00edst\u011b.<\/p>\n<p><strong>Upozorn\u011bn\u00ed:<\/strong><br \/>\nDopl\u0148kov\u00e9 krmivo pro mravence medojedy.<br \/>\nSlo\u017een\u00ed, analytick\u00e9 slo\u017eky, datum pou\u017eitelnosti a \u010d\u00edslo \u0161ar\u017ee najdete v p\u0159\u00edbalov\u00e9m let\u00e1ku.<\/p>\n<p>Informa\u010dn\u00ed linka +49 30 439703870<\/p>\n<p><strong>Odpov\u011bdn\u00fd org\u00e1n veterin\u00e1rn\u00edho a potravin\u00e1\u0159sk\u00e9ho dozoru:<\/strong><br \/>\nVeterin\u00e1rn\u00ed kancel\u00e1\u0159 Steglitz<br \/>\nK\u00f6nigin-Luise-Str. 92<br \/>\n14195 Berl\u00edn<\/p>\n<p><strong>Pozn\u00e1mka k blan\u0161\u00edrovan\u00fdm cvr\u010dk\u016fm:<\/strong><br \/>\nNa\u0161i blan\u0161\u00edrovan\u00ed cvr\u010dci p\u0159edstavuj\u00ed snadn\u00fd zp\u016fsob, jak mravenc\u016fm poskytnout \u010derstv\u011b konzervovanou proteinovou potravu, ani\u017e by museli krmit \u017eiv\u00fdm hmyzem. P\u0159ilo\u017een\u00ed cvr\u010dci (Acheta domesticus) byli jemn\u011b blan\u0161\u00edrov\u00e1ni, aby byla zachov\u00e1na jejich v\u00fd\u017eivn\u00e1 hodnota, chu\u0165 a v\u016fn\u011b. Krom\u011b toho je t\u00edmto zp\u016fsobem zm\u011bk\u010den chitinov\u00fd obal hmyzu, tak\u017ee je snadn\u011bji straviteln\u00fd. Slou\u010deniny kolagenn\u00edch b\u00edlkovin se rozkl\u00e1daj\u00ed, aby je mravenci mohli l\u00e9pe vyu\u017e\u00edt. Konzervy Acheta domesticus maj\u00ed stejnou v\u00fd\u017eivnou hodnotu jako \u017eiv\u00ed cvr\u010dci, ale jsou l\u00e9pe straviteln\u00e9.<\/p>\n<p>Blan\u0161\u00edrovan\u00ed cvr\u010dci nejsou vhodn\u00ed k lovu druh\u016f mravenc\u016f, kte\u0159\u00ed vy\u017eaduj\u00ed \u017eivou potravu (nap\u0159. ponravy (primordi\u00e1ln\u00ed mravenci) jako Harpegnathos nebo Odontomachus).<\/p>\n<p><strong>Dal\u0161\u00ed v\u00fdhody:<\/strong><br \/>\nZaru\u010den\u011b bez rozto\u010d\u016f<br \/>\nPorcovateln\u00e9<br \/>\nSterilizovan\u00e9 a vakuovan\u00e9<br \/>\nBez p\u0159\u00edsad<br \/>\nCvr\u010dci z udr\u017eiteln\u00e9ho \u010dist\u011b ekologick\u00e9ho chovu, krmeni organick\u00fdm odpadem<\/p>\n<p><strong>Upozorn\u011bn\u00ed:<\/strong><br \/>\nPo otev\u0159en\u00ed vydr\u017e\u00ed v chladni\u010dce asi \u010dty\u0159i dny. P\u0159i zmrazen\u00ed je trvanlivost del\u0161\u00ed.<\/p>","protected":false},"excerpt":{"rendered":"<p>Sada se skl\u00e1d\u00e1 z 25 d\u00edl\u016f.<br \/>\nVelikost: XL<\/p>","protected":false},"featured_media":6710,"comment_status":"open","ping_status":"closed","template":"","meta":{"_acf_changed":false,"content-type":"","_monsterinsights_skip_tracking":false,"_monsterinsights_sitenote_active":false,"_monsterinsights_sitenote_note":"","_monsterinsights_sitenote_category":0},"product_brand":[],"product_cat":[354,73],"product_tag":[],"class_list":{"0":"post-6737","1":"product","2":"type-product","3":"status-publish","4":"has-post-thumbnail","6":"product_cat-starter-sets-for-weaver-ants","7":"product_cat-starter-sets","8":"product_shipping_class-forwarding-on-pallet","10":"first","11":"instock","12":"taxable","13":"shipping-taxable","14":"purchasable","15":"product-type-simple"},"acf":[],"aioseo_notices":[],"jetpack_sharing_enabled":true,"_links":{"self":[{"href":"https:\/\/clone.antcube.shop\/cs\/wp-json\/wp\/v2\/product\/6737","targetHints":{"allow":["GET"]}}],"collection":[{"href":"https:\/\/clone.antcube.shop\/cs\/wp-json\/wp\/v2\/product"}],"about":[{"href":"https:\/\/clone.antcube.shop\/cs\/wp-json\/wp\/v2\/types\/product"}],"replies":[{"embeddable":true,"href":"https:\/\/clone.antcube.shop\/cs\/wp-json\/wp\/v2\/comments?post=6737"}],"wp:featuredmedia":[{"embeddable":true,"href":"https:\/\/clone.antcube.shop\/cs\/wp-json\/wp\/v2\/media\/6710"}],"wp:attachment":[{"href":"https:\/\/clone.antcube.shop\/cs\/wp-json\/wp\/v2\/media?parent=6737"}],"wp:term":[{"taxonomy":"product_brand","embeddable":true,"href":"https:\/\/clone.antcube.shop\/cs\/wp-json\/wp\/v2\/product_brand?post=6737"},{"taxonomy":"product_cat","embeddable":true,"href":"https:\/\/clone.antcube.shop\/cs\/wp-json\/wp\/v2\/product_cat?post=6737"},{"taxonomy":"product_tag","embeddable":true,"href":"https:\/\/clone.antcube.shop\/cs\/wp-json\/wp\/v2\/product_tag?post=6737"}],"curies":[{"name":"wp","href":"https:\/\/api.w.org\/{rel}","templated":true}]}}