{"id":10607,"date":"2024-11-29T12:11:26","date_gmt":"2024-11-29T11:11:26","guid":{"rendered":"https:\/\/antcube.shop\/?page_id=10607"},"modified":"2024-12-03T12:53:14","modified_gmt":"2024-12-03T11:53:14","slug":"retningslinjer-for-myrehold","status":"publish","type":"page","link":"https:\/\/clone.antcube.shop\/da\/retningslinjer-for-myrehold\/","title":{"rendered":"Retningslinjer for myrehold"},"content":{"rendered":"<div id=\"gap-2103085375\" class=\"gap-element clearfix\" style=\"display:block; height:auto;\">\n\t\t\n<style>\n#gap-2103085375 {\n  padding-top: 190px;\n}\n<\/style>\n\t<\/div>\n\t\n\n<div class=\"row\"  id=\"row-9116036\">\n\n\n\t<div id=\"col-381180904\" class=\"col small-12 large-12\"  >\n\t\t\t\t<div class=\"col-inner\"  >\n\t\t\t\n\t\t\t\n\n<h1><b>Retningslinjer for at holde myrer<\/b><\/h1>\n<h2><b>Vigtig note om arter og naturbeskyttelse<\/b><\/h2>\n<ul>\n<li style=\"font-weight: 400;\" aria-level=\"1\"><b>Risiko for skader og sygdomme:<\/b><span style=\"font-weight: 400;\"> Levende dyr kan for\u00e5rsage skader eller overf\u00f8re sygdomme. Is\u00e6r allergikere b\u00f8r udvise forsigtighed.<\/span><\/li>\n<li style=\"font-weight: 400;\" aria-level=\"1\"><b>Udgivelse forbudt:<\/b><span style=\"font-weight: 400;\"> Myrer m\u00e5 under ingen omst\u00e6ndigheder s\u00e6ttes ud i naturen for at beskytte indf\u00f8dt og fremmed flora og fauna. Uds\u00e6tning af myrer uden officiel tilladelse er en strafbar handling i henhold til naturbeskyttelseslovgivningen. Vi tilbyder at tage gamle kolonier tilbage uden beregning.<\/span><\/li>\n<li style=\"font-weight: 400;\" aria-level=\"1\"><b>Identifikation af arten: <\/b><span style=\"font-weight: 400;\">Myrearterne er identificeret efter vores bedste overbevisning. I tilf\u00e6lde af efterf\u00f8lgende \u00e6ndringer har du ret til at returnere kolonien.<\/span><\/li>\n<\/ul>\n<h2><b>Udsendelse af myrer<\/b><\/h2>\n<ul>\n<li style=\"font-weight: 400;\" aria-level=\"1\"><b>Leveringsomr\u00e5de: <\/b><span style=\"font-weight: 400;\">Levende dyr sendes kun inden for EU. Regionale importregler skal indhentes fra det lokale veterin\u00e6rkontor.<\/span><\/li>\n<li style=\"font-weight: 400;\" aria-level=\"1\"><b>Temperaturer under afsendelse:<\/b>\n<ul>\n<li style=\"font-weight: 400;\" aria-level=\"2\"><b>Temperaturer om natten:<\/b>\n<ul>\n<li style=\"font-weight: 400;\" aria-level=\"3\"><span style=\"font-weight: 400;\">Nord- og centraleurop\u00e6iske arter: <span data-text-color=\"alert\">&gt;0\u00b0C<\/span> (Express: <span data-text-color=\"alert\">&gt;-5\u00b0C<\/span> med isolering)<\/span><\/li>\n<li style=\"font-weight: 400;\" aria-level=\"3\"><span style=\"font-weight: 400;\">Sydeurop\u00e6iske arter: <span data-text-color=\"secondary\">&gt;+5\u00b0C<\/span> (Express: <span data-text-color=\"secondary\">&gt;0\u00b0C<\/span> med isolering)<\/span><\/li>\n<li style=\"font-weight: 400;\" aria-level=\"3\"><span style=\"font-weight: 400;\">Tropiske arter: <span data-text-color=\"secondary\">&gt;+10\u00b0C<\/span> (Express: <span data-text-color=\"secondary\">&gt;+5\u00b0C<\/span> med varmepakke)<\/span><\/li>\n<\/ul>\n<\/li>\n<li style=\"font-weight: 400;\" aria-level=\"2\"><b>Temperaturer i dagtimerne: <\/b><span style=\"font-weight: 400;\">Maksimum <span data-text-color=\"alert\">+30\u00b0C<\/span> for alle arter.<\/span><\/li>\n<\/ul>\n<\/li>\n<\/ul>\n<p><span style=\"font-weight: 400;\">De bestilte myrer vil ikke blive afsendt uden for de angivne temperaturomr\u00e5der. De vil blive afsendt p\u00e5 den tidligst mulige dato.<\/span><\/p>\n<p><span style=\"font-weight: 400;\">Du vil blive informeret separat via e-mail.\u00a0<\/span><\/p>\n<h2><b>Opbevaring af myrer<\/b><\/h2>\n<ul>\n<li style=\"font-weight: 400;\" aria-level=\"1\"><span style=\"font-weight: 400;\">Detaljerede oplysninger om opdr\u00e6t kan findes i produktbeskrivelserne for de respektive arter.<\/span><\/li>\n<\/ul>\n<h3><b>Problemer med at holde myrer<\/b><\/h3>\n<ol>\n<li><b> Myred\u00f8delighed - mulige \u00e5rsager<\/b><\/li>\n<\/ol>\n<ul>\n<li style=\"font-weight: 400;\" aria-level=\"1\"><b>Vandkvalitet:<\/b>\n<ul>\n<li style=\"font-weight: 400;\" aria-level=\"2\"><span style=\"font-weight: 400;\">Vand fra hanen kan v\u00e6re giftigt for myrer p\u00e5 grund af klor eller kobber.<\/span><\/li>\n<li style=\"font-weight: 400;\" aria-level=\"2\"><b>Anbefaling: <\/b><span style=\"font-weight: 400;\">Brug filtreret vand eller regnvand, ikke destilleret vand.<\/span><\/li>\n<\/ul>\n<\/li>\n<li style=\"font-weight: 400;\" aria-level=\"1\"><b>Underlag:<\/b>\n<ul>\n<li style=\"font-weight: 400;\" aria-level=\"2\"><span style=\"font-weight: 400;\">Fuglesand indeholder desinfektionsmidler, som kan skade myrer.<\/span><\/li>\n<li style=\"font-weight: 400;\" aria-level=\"2\"><b>Anbefaling: <\/b><span style=\"font-weight: 400;\">Brug vores klar-til-brug <\/span><b>Gulvunderlag <\/b><span style=\"font-weight: 400;\">eller ubehandlet kvartssand og vask eller bag p\u00e5 forh\u00e5nd.<\/span><\/li>\n<\/ul>\n<\/li>\n<li style=\"font-weight: 400;\" aria-level=\"1\"><b>Planter:<\/b>\n<ul>\n<li style=\"font-weight: 400;\" aria-level=\"2\"><span style=\"font-weight: 400;\">Levende planter fra byggemarkeder eller havecentre er ofte behandlet med pesticider.<\/span><\/li>\n<li style=\"font-weight: 400;\" aria-level=\"2\"><b>Anbefaling: <\/b><span style=\"font-weight: 400;\">Brug \u00f8kologiske planter eller planter fra specialiserede terrariebutikker.<\/span><\/li>\n<li style=\"font-weight: 400;\" aria-level=\"2\"><span style=\"font-weight: 400;\">Alternativt kan du ogs\u00e5 bruge planter, som har st\u00e5et i dit hjem i mindst et \u00e5r uden tils\u00e6tning af pesticider eller g\u00f8dning.<\/span><\/li>\n<\/ul>\n<\/li>\n<li style=\"font-weight: 400;\" aria-level=\"1\"><b>Reng\u00f8ring:<\/b>\n<ul>\n<li style=\"font-weight: 400;\" aria-level=\"2\"><span style=\"font-weight: 400;\">Glasrens og kemiske midler er skadelige.<\/span><\/li>\n<li style=\"font-weight: 400;\" aria-level=\"2\"><b>Anbefaling: <\/b><span style=\"font-weight: 400;\">Brug rent vand eller organisk reng\u00f8ringsmiddel.<\/span><\/li>\n<\/ul>\n<\/li>\n<li style=\"font-weight: 400;\" aria-level=\"1\"><b>Konstruktion af formicarium:<\/b>\n<ul>\n<li style=\"font-weight: 400;\" aria-level=\"2\"><span style=\"font-weight: 400;\">Materialer med opl\u00f8sningsmidler eller antibakteriel silikone er uegnede.<\/span><\/li>\n<li style=\"font-weight: 400;\" aria-level=\"2\"><b>Anbefaling: <\/b><span style=\"font-weight: 400;\">Brug opl\u00f8sningsmiddelfrie stoffer eller akvariesilikone.<\/span><\/li>\n<\/ul>\n<\/li>\n<li style=\"font-weight: 400;\" aria-level=\"1\"><b>Fodring:<\/b>\n<ul>\n<li style=\"font-weight: 400;\" aria-level=\"2\"><span style=\"font-weight: 400;\">Konserveringsmidler og parasitter i f\u00f8devaredyr kan v\u00e6re skadelige. Desuden er masseopdr\u00e6ttede f\u00f8devaredyr ofte inficeret med mider, som kan skade myrerne.\u00a0<\/span><\/li>\n<li style=\"font-weight: 400;\" aria-level=\"2\"><b>Anbefaling: <\/b><span style=\"font-weight: 400;\">Brug \u00f8kologiske f\u00f8devarer eller insekter fra naturen, indsamlet v\u00e6k fra veje og marker, der kan v\u00e6re forurenet med pesticider.<\/span><\/li>\n<\/ul>\n<\/li>\n<li style=\"font-weight: 400;\" aria-level=\"1\"><b>Temperatur:<\/b>\n<ul>\n<li style=\"font-weight: 400;\" aria-level=\"2\"><span style=\"font-weight: 400;\">Formicaria kan blive meget varm p\u00e5 grund af direkte sollys.<\/span><\/li>\n<li style=\"font-weight: 400;\" aria-level=\"2\"><b>Anbefaling: <\/b><span style=\"font-weight: 400;\">Brug et termometer med min\/max-funktion.<\/span><\/li>\n<\/ul>\n<\/li>\n<li style=\"font-weight: 400;\" aria-level=\"1\"><b>Dvale:<\/b>\n<ul>\n<li style=\"font-weight: 400;\" aria-level=\"2\"><span style=\"font-weight: 400;\">Under vinterdvalen skal du s\u00f8rge for, at reden er fugtig for at undg\u00e5 udt\u00f8rring.<\/span><\/li>\n<\/ul>\n<\/li>\n<\/ul>\n<ol start=\"2\">\n<li><b> Dronningen l\u00e6gger ikke \u00e6g - mulige \u00e5rsager<\/b><\/li>\n<\/ol>\n<ul>\n<li style=\"font-weight: 400;\" aria-level=\"1\"><b>S\u00e6son: <\/b><span style=\"font-weight: 400;\">Europ\u00e6iske arter l\u00e6gger ikke \u00e6g om efter\u00e5ret\/vinteren<\/span><b>.<\/b><\/li>\n<li style=\"font-weight: 400;\" aria-level=\"1\"><b>Stress: <\/b><span style=\"font-weight: 400;\">Transport eller forstyrrelser i reden kan g\u00f8re dronningen urolig.<\/span><\/li>\n<li style=\"font-weight: 400;\" aria-level=\"1\"><b>Proteinmangel: <\/b><span style=\"font-weight: 400;\">Udvikling af yngel kr\u00e6ver proteinrig f\u00f8de.<\/span><\/li>\n<li style=\"font-weight: 400;\" aria-level=\"1\"><b>Skjulte \u00e6g: <\/b><span style=\"font-weight: 400;\">\u00c6ggene kan findes i transportbeholderen eller i vattet.<\/span><\/li>\n<li style=\"font-weight: 400;\" aria-level=\"1\"><b>Klima: <\/b><span style=\"font-weight: 400;\">Optimale forhold (substrat, m\u00f8rke, temperatur, fugtighed) er afg\u00f8rende.<\/span><\/li>\n<li style=\"font-weight: 400;\" aria-level=\"1\"><b>Anbefaling: <\/b><span style=\"font-weight: 400;\">Nybegyndere b\u00f8r v\u00e6lge arter, som der findes mange erfaringsrapporter om.<\/span><\/li>\n<\/ul>\n<p><span style=\"font-weight: 400;\">Disse retningslinjer giver grundl\u00e6ggende oplysninger om, hvordan man holder myrer med succes. Hvis du har sp\u00f8rgsm\u00e5l eller problemer, anbefales det, at du kontakter erfarne dyreholdere eller specialbutikker.<\/span><\/p>\n\n\t\t<\/div>\n\t\t\t\t\t<\/div>\n\n\t\n\n<\/div>","protected":false},"excerpt":{"rendered":"","protected":false},"author":1,"featured_media":0,"parent":0,"menu_order":0,"comment_status":"closed","ping_status":"closed","template":"","meta":{"_acf_changed":false,"content-type":"","_monsterinsights_skip_tracking":false,"_monsterinsights_sitenote_active":false,"_monsterinsights_sitenote_note":"","_monsterinsights_sitenote_category":0,"footnotes":""},"class_list":["post-10607","page","type-page","status-publish","hentry"],"acf":[],"aioseo_notices":[],"jetpack_sharing_enabled":true,"_links":{"self":[{"href":"https:\/\/clone.antcube.shop\/da\/wp-json\/wp\/v2\/pages\/10607","targetHints":{"allow":["GET"]}}],"collection":[{"href":"https:\/\/clone.antcube.shop\/da\/wp-json\/wp\/v2\/pages"}],"about":[{"href":"https:\/\/clone.antcube.shop\/da\/wp-json\/wp\/v2\/types\/page"}],"author":[{"embeddable":true,"href":"https:\/\/clone.antcube.shop\/da\/wp-json\/wp\/v2\/users\/1"}],"replies":[{"embeddable":true,"href":"https:\/\/clone.antcube.shop\/da\/wp-json\/wp\/v2\/comments?post=10607"}],"version-history":[{"count":5,"href":"https:\/\/clone.antcube.shop\/da\/wp-json\/wp\/v2\/pages\/10607\/revisions"}],"predecessor-version":[{"id":10717,"href":"https:\/\/clone.antcube.shop\/da\/wp-json\/wp\/v2\/pages\/10607\/revisions\/10717"}],"wp:attachment":[{"href":"https:\/\/clone.antcube.shop\/da\/wp-json\/wp\/v2\/media?parent=10607"}],"curies":[{"name":"wp","href":"https:\/\/api.w.org\/{rel}","templated":true}]}}