{"id":630,"date":"2021-07-30T13:32:17","date_gmt":"2021-07-30T11:32:17","guid":{"rendered":"https:\/\/antcube.shop\/?page_id=630"},"modified":"2025-07-23T17:23:54","modified_gmt":"2025-07-23T15:23:54","slug":"retslig-meddelelse","status":"publish","type":"page","link":"https:\/\/clone.antcube.shop\/da\/retslig-meddelelse\/","title":{"rendered":"Juridisk meddelelse"},"content":{"rendered":"<div id=\"gap-1589042967\" class=\"gap-element clearfix\" style=\"display:block; height:auto;\">\n\t\t\n<style>\n#gap-1589042967 {\n  padding-top: 199px;\n}\n@media (min-width:850px) {\n  #gap-1589042967 {\n    padding-top: 190px;\n  }\n}\n<\/style>\n\t<\/div>\n\t\n\n<div class=\"row\"  id=\"row-1880931030\">\n\n\n\t<div id=\"col-60450788\" class=\"col small-12 large-12\"  >\n\t\t\t\t<div class=\"col-inner\"  >\n\t\t\t\n\t\t\t\n\n<h1>Juridisk meddelelse<\/h1>\n<p><strong>ANTCUBE af <\/strong><b>ANTSTORE, Martin Sebesta<\/b><b><br \/><\/b><span style=\"font-weight: 400;\">Selerweg 41<\/span><span style=\"font-weight: 400;\"><br \/><\/span><span style=\"font-weight: 400;\">D-12169 Berlin<\/span><\/p>\n<p><b>Kontakt<\/b><b><br \/><\/b><span style=\"font-weight: 400;\">Telefon: +49 30 439703870<\/span><span style=\"font-weight: 400;\"><br \/><\/span><span style=\"font-weight: 400;\">E-mail:law@ants.de\u00a0<\/span><\/p>\n<p><b>Identifikationsnummer for oms\u00e6tningsafgift: <\/b><span style=\"font-weight: 400;\">DE215167549 <\/span><span style=\"font-weight: 400;\"><br \/><\/span><b>WEEE reg. nr: <\/b><span style=\"font-weight: 400;\">DE54590387<\/span><\/p>\n<p><b>Ansvarlig for indhold i henhold til \u00a7 55 Abs. 2 RStV: <\/b><b><br \/><\/b><span style=\"font-weight: 400;\">Martin Sebesta (adresse som ovenfor)<\/span><\/p>\n<p><b>Oplysninger om brugen af hjemmesiden<\/b><b><br \/><\/b><span style=\"font-weight: 400;\">Det er tilladt at downloade eller udskrive enkelte sider eller dele af vores hjemmeside til privat brug.<\/span><span style=\"font-weight: 400;\"><br \/><\/span><span style=\"font-weight: 400;\"> Hel eller delvis reproduktion, distribution, transmission (elektronisk eller p\u00e5 anden m\u00e5de), \u00e6ndring eller brug af dette websted til offentlige eller kommercielle form\u00e5l er forbudt uden vores forudg\u00e5ende skriftlige samtykke.<\/span><\/p>\n<p><b>Godkendt brug til ikke-kommercielle form\u00e5l: <\/b><b><br \/><\/b><span style=\"font-weight: 400;\">Brug af vores produktbilleder til reklame i lokale butikker er tilladt under f\u00f8lgende betingelser:<\/span><\/p>\n<ul>\n<li style=\"font-weight: 400;\" aria-level=\"1\"><span style=\"font-weight: 400;\">Alle billeder skal m\u00e6rkes med kilde og vores logo (ANTSTORE\/ ANTCUBE\/ PLANTCUBE). <\/span><span style=\"font-weight: 400;\"><br \/><\/span><b>Tryksager: <\/b><span style=\"font-weight: 400;\">Kilde: <\/span><a href=\"https:\/\/www.antstore.de\"><span style=\"font-weight: 400;\">www.antstore.de<\/span><span style=\"font-weight: 400;\"><br \/><\/span><\/a><b> Hjemmesider: <\/b><span style=\"font-weight: 400;\">Kilde: <\/span><a href=\"https:\/\/www.antstore.de\"><span style=\"font-weight: 400;\">www.antstore.de<\/span><\/a><span style=\"font-weight: 400;\"> (med link til www.antstore.net\/shop\/) eller <\/span><a href=\"https:\/\/www.clone.antcube.shop\"><span style=\"font-weight: 400;\">www.clone.antcube.shop<\/span><\/a><\/li>\n<\/ul>\n<p><span style=\"font-weight: 400;\">Hvis du har sp\u00f8rgsm\u00e5l til den korrekte placering af logoet og \u00f8nsker at modtage det som en digital fil, bedes du kontakte os p\u00e5 marketing@antcube.de.<\/span><\/p>\n<p><b>Vigtig bem\u00e6rkning: <\/b><b><br \/><\/b><span style=\"font-weight: 400;\">Brug af vores billeder i onlinebutikker eller til andre kommercielle form\u00e5l er forbudt uden skriftlig tilladelse.<\/span><\/p>\n<p><b>Note om links p\u00e5 hjemmesiden <\/b><b><br \/><\/b><span style=\"font-weight: 400;\">Vores hjemmeside indeholder links til eksterne hjemmesider. Vi p\u00e5tager os intet ansvar for indholdet p\u00e5 disse hjemmesider, da vi ikke har nogen indflydelse p\u00e5 deres design og indhold.<\/span><\/p>\n<p><span style=\"font-weight: 400;\">Vi erkl\u00e6rer udtrykkeligt, at vi ikke overtager indholdet af eksterne websteder som vores eget.<\/span><span style=\"font-weight: 400;\"><br \/><\/span><span style=\"font-weight: 400;\"> Links p\u00e5 vores hjemmeside skal opfattes som \"levende\" (dynamiske) henvisninger.<\/span><span style=\"font-weight: 400;\"><br \/><\/span><span style=\"font-weight: 400;\"> Hvis vi vurderer, at et specifikt tilbud, som vi har linket til, udl\u00f8ser et civilretligt eller strafferetligt ansvar, fjerner vi dette link, hvis det er teknisk muligt og rimeligt.<\/span><\/p>\n<p>Design, indhold og teknisk implementering af: Janik Wiedemann<\/p>\n\n\t\t<\/div>\n\t\t\t\t\t<\/div>\n\n\t\n\n<\/div>","protected":false},"excerpt":{"rendered":"","protected":false},"author":1,"featured_media":0,"parent":0,"menu_order":0,"comment_status":"closed","ping_status":"closed","template":"","meta":{"_acf_changed":false,"content-type":"","_monsterinsights_skip_tracking":false,"_monsterinsights_sitenote_active":false,"_monsterinsights_sitenote_note":"","_monsterinsights_sitenote_category":0,"footnotes":""},"class_list":["post-630","page","type-page","status-publish","hentry"],"acf":[],"aioseo_notices":[],"jetpack_sharing_enabled":true,"_links":{"self":[{"href":"https:\/\/clone.antcube.shop\/da\/wp-json\/wp\/v2\/pages\/630","targetHints":{"allow":["GET"]}}],"collection":[{"href":"https:\/\/clone.antcube.shop\/da\/wp-json\/wp\/v2\/pages"}],"about":[{"href":"https:\/\/clone.antcube.shop\/da\/wp-json\/wp\/v2\/types\/page"}],"author":[{"embeddable":true,"href":"https:\/\/clone.antcube.shop\/da\/wp-json\/wp\/v2\/users\/1"}],"replies":[{"embeddable":true,"href":"https:\/\/clone.antcube.shop\/da\/wp-json\/wp\/v2\/comments?post=630"}],"version-history":[{"count":10,"href":"https:\/\/clone.antcube.shop\/da\/wp-json\/wp\/v2\/pages\/630\/revisions"}],"predecessor-version":[{"id":12006,"href":"https:\/\/clone.antcube.shop\/da\/wp-json\/wp\/v2\/pages\/630\/revisions\/12006"}],"wp:attachment":[{"href":"https:\/\/clone.antcube.shop\/da\/wp-json\/wp\/v2\/media?parent=630"}],"curies":[{"name":"wp","href":"https:\/\/api.w.org\/{rel}","templated":true}]}}