{"id":6737,"date":"2023-12-12T15:03:25","date_gmt":"2023-12-12T14:03:25","guid":{"rendered":"https:\/\/antcube.shop\/product\/antcube-starter-set-fur-weberameisen-gros\/"},"modified":"2026-01-12T12:38:07","modified_gmt":"2026-01-12T11:38:07","slug":"startsaet-til-vaevermyrer-stor","status":"publish","type":"product","link":"https:\/\/clone.antcube.shop\/da\/vare\/startsaet-til-vaevermyrer-stor\/","title":{"rendered":"ANTCUBE - Starts\u00e6t til v\u00e6vermyrer - stort"},"content":{"rendered":"<p><span data-text-color=\"alert\"><strong>Forsendelse kun mulig via spedition p\u00e5 palet.<\/strong><\/span><\/p>\n<p><strong>Indhold:<\/strong><br \/>\n1x Honeydew Mix (HT) - genopfyldning 10 ml<br \/>\n1x Hele blancherede f\u00e5rekyllinger<\/p>\n<p>1x ANTCUBE Arena 30x30x60 med skyded\u00f8r<br \/>\n1x myre-arena ramme 30\u00d730 - 5cm<br \/>\n1x d\u00e6kning af myrearena 30\u00d730<br \/>\n1x fastg\u00f8relsespunkt til arenad\u00e6ksel (4 stk.)<\/p>\n<p>1x ramme til skyded\u00f8r<br \/>\nSprayflaske spr\u00f8jte 0,5 liter - messingdyse<br \/>\n1x Fotobagv\u00e6g - regnskov - 30\u00d760 - h\u00f8j<br \/>\n1x Formicarium-base 30\u00d730 cm<\/p>\n<p>1x substrat regnskov 1 kg<br \/>\n2x Formicarium plug til 50mm hul<br \/>\n3x gitterindsats - 50mm - rustfrit st\u00e5l<br \/>\nMini thermo-hygrometer digital - hvid - selvkl\u00e6bende<br \/>\n1x pincet i fjederst\u00e5l bred - bl\u00f8d<br \/>\n1x Plastic pincet standard<br \/>\n1x Olie til beskyttelse mod myreudbrud<br \/>\n1x drikker klar 20ml - svamp<br \/>\n1x drikkedunk 2ml - 360 grader<br \/>\n1x sk\u00e5l klar 1\u00d720 - svamp<br \/>\n1x h\u00e5ndlup - 2x - 30mm<br \/>\n1x skumt\u00f8rrer 150x18x2,5mm<\/p>\n<p><strong>Beskrivelse:<\/strong><br \/>\nDette udvidelige starts\u00e6t, specielt til forskellige v\u00e6vermyrearter som Polyrhachis spec. eller Oecophylla spec. indeholder ikke kun det optimalt tilpassede formicarium, men ogs\u00e5 det passende tilbeh\u00f8r til at holde denne myreart.<\/p>\n<p>Skyded\u00f8ren i fronten (\u00e5bning 150x200mm) letter arbejdet i formicariet, selv med store kolonier eller beplantning af formicariet med en v\u00e6rtsplante, for eksempel Oecophylla smaragdina. Yderligere formicarier kan tilsluttes via de to 50 mm huller p\u00e5 siden. Gitterindsatserne i rustfrit st\u00e5l giver god ventilation og er robuste over for mekaniske p\u00e5virkninger. Termo- og hygrometeret inde i systemet er absolut b\u00f8rne- og k\u00e6ledyrssikkert og g\u00f8r det nemt at kontrollere klimav\u00e6rdierne. Hvis det er n\u00f8dvendigt, kan luftfugtigheden \u00f8ges med sprayflasken. Drikkedunken klar 20 ml - svamp er beregnet til tilf\u00f8rsel af frisk vand, drikkedunken 2 ml - 360 grader til honning eller sukkeropl\u00f8sning.<\/p>\n<p><strong>Vigtigt:<\/strong> Fugt substratet f\u00f8r brug, s\u00e5 blandingen kan samle sig og f\u00e5 et fast greb i myretuen. Desuden kan et for t\u00f8rt og st\u00f8vet substrat f\u00f8re til, at myrernes luftveje blokeres, og i v\u00e6rste fald kv\u00e6les dyrene.<\/p>\n<p><strong>Vigtig bem\u00e6rkning om skyded\u00f8rsrammen:<\/strong><br \/>\nRammen kan let fastg\u00f8res til skruerne, der er fastgjort til skyded\u00f8rens skinner. For at g\u00f8re dette skal du forsigtigt l\u00f8sne <strong>kun<\/strong> m\u00f8trikkerne indeni. Det kr\u00e6ver en lille stjerneskruetr\u00e6kker (krydsskruetr\u00e6kker). S\u00e6t rammen sammen, og h\u00e6ng den indvendigt p\u00e5 skruerne. S\u00e6t derefter forsigtigt m\u00f8trikkerne og <strong>Drej under ingen omst\u00e6ndigheder for stramt,<\/strong> ellers kan glasset blive beskadiget.<\/p>\n<p><strong>Bem\u00e6rkninger om produktionen<\/strong><br \/>\nGlasset er sk\u00e5ret i henhold til DIN 1249 med en tolerance p\u00e5 +\/- 1 mm. Til ekstremt sm\u00e5 myrearter er det n\u00f8dvendigt med ekstra udbrudsbeskyttelse.<\/p>\n<p><strong>Note om honningdug:<\/strong><br \/>\nIndhold: 10 ml<br \/>\nDette er et naturprodukt, som vi har forfinet efter omfattende test i vores laboratorium og udviklet til et foder, der er meget velaccepteret af myrer. \u00c5rsagen er, at uforarbejdet honningdughonning i sin koncentrerede oprindelige form ikke accepteres godt af myrer og deres stofskifte.<br \/>\nVores honningdug er indsamlet i de uforurenede vilde bjergskove i Bulgarien. Honningdug produceres kun i en meget begr\u00e6nset periode p\u00e5 ca. to m\u00e5neder om sommeren. Derfor er den meget sj\u00e6lden. P\u00e5 grund af skovenes s\u00e6rlige jordbundsforhold og klimaet blev der i tr\u00e6ernes blade lagret vigtige n\u00e6ringsstoffer, som optages af bladlusene. Det er dette, der g\u00f8r denne honningdugblanding s\u00e5 \u00f8nskv\u00e6rdig for myrer.<\/p>\n<p><strong>Anvendelse:<\/strong><br \/>\nM\u00e6ngden af mad skal indtages inden for ca. 3 dage.<\/p>\n<p><strong>Beskrivelse:<\/strong><br \/>\nHonningdug stammer i mods\u00e6tning til blomsterhonning fra sekreter fra plante-sugende insekter som f.eks. bladlus. Honningdug er en yndet f\u00f8dekilde for mange insekter som f.eks. myrer, bier og endda humlebier. Bier og humlebier slikker det fra blade eller n\u00e5le fra forskellige tr\u00e6er. Myrer som Lasius niger holder j\u00e6vnligt bladlusene. De forsvarer dem endda mod rovdyr og b\u00e6rer dem til friske skud.<\/p>\n<p>Honningdug er popul\u00e6r blandt myrer, hovedsagelig p\u00e5 grund af dens lidt forskellige bestanddele. De vigtigste sukkerarter i honningdug er saccharose og fructose, men der er ogs\u00e5 mindre m\u00e6ngder maltose, trehalose, melezitose, raffinose og andre oligosakkarider til stede. Ud over sukker og vand indeholder honningdug ogs\u00e5 eksistentielt vigtige aminosyrer, mineraler, sporstoffer, adenosinphosphater og andre ingredienser som f.eks. vitaminer.<\/p>\n<p><strong>Anvendelse:<\/strong><br \/>\nFor honning\u00e6dende myrearter (Meliphagidae).<br \/>\nDet er et supplerende foder<br \/>\nDet kan tilbydes til dyrene i den leverede tilstand. Da fugtighed reducerer sukkerkoncentrationen og starter en g\u00e6ringsproces, b\u00f8r foderet skiftes hver 3. dag. Reng\u00f8r fodersk\u00e5len\/r\u00f8ret grundigt f\u00f8r genbrug.<br \/>\nEn \u00e5bnet pakke skal anvendes t\u00e6t lukket indtil den angivne (bedst f\u00f8r dato).<\/p>\n<p><strong>N\u00e6ringsv\u00e6rdier pr. 100 g:<\/strong><br \/>\nca. 2,7 % fedtstoffer<br \/>\nheraf m\u00e6ttet ca. 0,45 %<br \/>\nca 95 % kulhydrater<br \/>\nheraf sukker ca. 71%<br \/>\nca. 2.85% protein<br \/>\nMineraler (kalium, calcium, kobber, jern, natrium, magnesium, fosfor, zink og andre sporstoffer) Aminosyrer (prolin, leucin, phenylalanin, alanin, histidin, isoleucin, glutaminsyre, arginin, asparaginsyre osv.) Organiske syrer Enzymer (fermenter) Smagsstoffer Inhibiner (antibakterielle stoffer) Blomsterpollen<\/p>\n<p><strong>Opbevaring:<\/strong><br \/>\nFor at sikre foderkvaliteten skal foderet opbevares m\u00f8rkt og t\u00f8rt.<\/p>\n<p><strong>Bem\u00e6rk:<\/strong><br \/>\nTilskudsfoder til honning\u00e6dende myrer.<br \/>\nSe indl\u00e6gssedlen for at f\u00e5 oplysninger om sammens\u00e6tning, analytiske ingredienser, holdbarhedsdato og partinummer.<\/p>\n<p>Informationshotline +49 30 439703870<\/p>\n<p><strong>Ansvarlig veterin\u00e6r- og f\u00f8devarekontrolmyndighed:<\/strong><br \/>\nSteglitz Veterin\u00e6rkontor<br \/>\nK\u00f6nigin-Luise-Str. 92<br \/>\n14195 Berlin<\/p>\n<p><strong>Note om blancherede f\u00e5rekyllinger:<\/strong><br \/>\nVores blancherede syrener er en nem m\u00e5de at give dine myrer frisk konserveret proteinfoder p\u00e5 uden at skulle fodre med levende insekter. De medf\u00f8lgende kribensis (Acheta domesticus) er blevet blancheret forsigtigt for at sikre, at n\u00e6ringsv\u00e6rdi, smag og aroma er bevaret. Desuden bl\u00f8dg\u00f8res insekternes kitinskal p\u00e5 denne m\u00e5de, s\u00e5 den lettere kan ford\u00f8jes. Forbindelserne i de kollagene proteiner nedbrydes, s\u00e5 myrerne bedre kan udnytte dem. Acheta domesticus p\u00e5 d\u00e5se har samme n\u00e6ringsv\u00e6rdi som levende syrener, men er lettere at ford\u00f8je.<\/p>\n<p>De blancherede syrener er ikke egnede til jagt p\u00e5 myrearter, der kr\u00e6ver levende f\u00f8de (f.eks. poneriner (urmyrer) som Harpegnathos eller Odontomachus).<\/p>\n<p><strong>Andre fordele:<\/strong><br \/>\nGaranteret fri for mider<br \/>\nPortion\u00e9rbar<br \/>\nSteriliseret og vakuumiseret<br \/>\nUden tils\u00e6tningsstoffer<br \/>\nF\u00e5rekyllinger fra b\u00e6redygtigt, rent \u00f8kologisk opdr\u00e6t, fodret med organisk affald<\/p>\n<p><strong>Bem\u00e6rk:<\/strong><br \/>\nN\u00e5r den er \u00e5bnet, holder den sig i ca. fire dage i k\u00f8leskabet. L\u00e6ngere holdbarhed hvis de fryses ned.<\/p>","protected":false},"excerpt":{"rendered":"<p>S\u00e6ttet best\u00e5r af 25 dele.<br \/>\nSt\u00f8rrelse: XL<\/p>","protected":false},"featured_media":6710,"comment_status":"open","ping_status":"closed","template":"","meta":{"_acf_changed":false,"content-type":"","_monsterinsights_skip_tracking":false,"_monsterinsights_sitenote_active":false,"_monsterinsights_sitenote_note":"","_monsterinsights_sitenote_category":0},"product_brand":[],"product_cat":[354,73],"product_tag":[],"class_list":{"0":"post-6737","1":"product","2":"type-product","3":"status-publish","4":"has-post-thumbnail","6":"product_cat-starter-sets-for-weaver-ants","7":"product_cat-starter-sets","8":"product_shipping_class-forwarding-on-pallet","10":"first","11":"instock","12":"taxable","13":"shipping-taxable","14":"purchasable","15":"product-type-simple"},"acf":[],"aioseo_notices":[],"jetpack_sharing_enabled":true,"_links":{"self":[{"href":"https:\/\/clone.antcube.shop\/da\/wp-json\/wp\/v2\/product\/6737","targetHints":{"allow":["GET"]}}],"collection":[{"href":"https:\/\/clone.antcube.shop\/da\/wp-json\/wp\/v2\/product"}],"about":[{"href":"https:\/\/clone.antcube.shop\/da\/wp-json\/wp\/v2\/types\/product"}],"replies":[{"embeddable":true,"href":"https:\/\/clone.antcube.shop\/da\/wp-json\/wp\/v2\/comments?post=6737"}],"wp:featuredmedia":[{"embeddable":true,"href":"https:\/\/clone.antcube.shop\/da\/wp-json\/wp\/v2\/media\/6710"}],"wp:attachment":[{"href":"https:\/\/clone.antcube.shop\/da\/wp-json\/wp\/v2\/media?parent=6737"}],"wp:term":[{"taxonomy":"product_brand","embeddable":true,"href":"https:\/\/clone.antcube.shop\/da\/wp-json\/wp\/v2\/product_brand?post=6737"},{"taxonomy":"product_cat","embeddable":true,"href":"https:\/\/clone.antcube.shop\/da\/wp-json\/wp\/v2\/product_cat?post=6737"},{"taxonomy":"product_tag","embeddable":true,"href":"https:\/\/clone.antcube.shop\/da\/wp-json\/wp\/v2\/product_tag?post=6737"}],"curies":[{"name":"wp","href":"https:\/\/api.w.org\/{rel}","templated":true}]}}