{"id":10607,"date":"2024-11-29T12:11:26","date_gmt":"2024-11-29T11:11:26","guid":{"rendered":"https:\/\/antcube.shop\/?page_id=10607"},"modified":"2024-12-03T12:53:14","modified_gmt":"2024-12-03T11:53:14","slug":"leitlinien-fur-die-ameisenhaltung","status":"publish","type":"page","link":"https:\/\/clone.antcube.shop\/de\/leitlinien-fur-die-ameisenhaltung\/","title":{"rendered":"Leitlinien f\u00fcr die Ameisenhaltung"},"content":{"rendered":"<div id=\"gap-1786734232\" class=\"gap-element clearfix\" style=\"display:block; height:auto;\">\n\t\t\n<style>\n#gap-1786734232 {\n  padding-top: 190px;\n}\n<\/style>\n\t<\/div>\n\t\n\n<div class=\"row\"  id=\"row-560119071\">\n\n\n\t<div id=\"col-714639144\" class=\"col small-12 large-12\"  >\n\t\t\t\t<div class=\"col-inner\"  >\n\t\t\t\n\t\t\t\n\n<h1><b>Leitlinien f\u00fcr die Haltung von Ameisen<\/b><\/h1>\n<h2><b>Wichtiger Hinweis zum Arten- und Naturschutz<\/b><\/h2>\n<ul>\n<li style=\"font-weight: 400;\" aria-level=\"1\"><b>Risiko von Sch\u00e4den und Krankheiten:<\/b><span style=\"font-weight: 400;\"> Lebende Tiere k\u00f6nnen Sch\u00e4den verursachen oder Krankheiten \u00fcbertragen. Insbesondere Allergiker sollten Vorsicht walten lassen.<\/span><\/li>\n<li style=\"font-weight: 400;\" aria-level=\"1\"><b>Freigabe verboten:<\/b><span style=\"font-weight: 400;\"> Zum Schutz der heimischen und fremden Flora und Fauna d\u00fcrfen Ameisen auf keinen Fall ausgewildert werden. Das Aussetzen von Ameisen ohne beh\u00f6rdliche Genehmigung ist eine strafbare Handlung im Sinne des Naturschutzrechts. Wir bieten die kostenlose R\u00fccknahme von Altv\u00f6lkern an.<\/span><\/li>\n<li style=\"font-weight: 400;\" aria-level=\"1\"><b>Identifizierung der Art: <\/b><span style=\"font-weight: 400;\">Die Ameisenarten sind nach bestem Wissen und Gewissen identifiziert. Bei sp\u00e4teren \u00c4nderungen haben Sie das Recht, die Kolonie zur\u00fcckzugeben.<\/span><\/li>\n<\/ul>\n<h2><b>Versendung von Ameisen<\/b><\/h2>\n<ul>\n<li style=\"font-weight: 400;\" aria-level=\"1\"><b>Liefergebiet: <\/b><span style=\"font-weight: 400;\">Lebende Tiere werden nur innerhalb der EU verschickt. Regionale Einfuhrbestimmungen sollten beim \u00f6rtlichen Veterin\u00e4ramt erfragt werden.<\/span><\/li>\n<li style=\"font-weight: 400;\" aria-level=\"1\"><b>Temperaturen w\u00e4hrend des Versands:<\/b>\n<ul>\n<li style=\"font-weight: 400;\" aria-level=\"2\"><b>Nachttemperaturen:<\/b>\n<ul>\n<li style=\"font-weight: 400;\" aria-level=\"3\"><span style=\"font-weight: 400;\">Nord- und mitteleurop\u00e4ische Arten: <span data-text-color=\"alert\">&gt;0\u00b0C<\/span> (Express: <span data-text-color=\"alert\">&gt;-5\u00b0C<\/span> mit Isolierung)<\/span><\/li>\n<li style=\"font-weight: 400;\" aria-level=\"3\"><span style=\"font-weight: 400;\">S\u00fcdeurop\u00e4ische Arten: <span data-text-color=\"secondary\">&gt;+5\u00b0C<\/span> (Express: <span data-text-color=\"secondary\">&gt;0\u00b0C<\/span> mit Isolierung)<\/span><\/li>\n<li style=\"font-weight: 400;\" aria-level=\"3\"><span style=\"font-weight: 400;\">Tropische Arten: <span data-text-color=\"secondary\">&gt;+10\u00b0C<\/span> (Express: <span data-text-color=\"secondary\">&gt;+5\u00b0C<\/span> mit W\u00e4rmepackung)<\/span><\/li>\n<\/ul>\n<\/li>\n<li style=\"font-weight: 400;\" aria-level=\"2\"><b>Temperaturen tags\u00fcber: <\/b><span style=\"font-weight: 400;\">Maximum <span data-text-color=\"alert\">+30\u00b0C<\/span> f\u00fcr alle Arten.<\/span><\/li>\n<\/ul>\n<\/li>\n<\/ul>\n<p><span style=\"font-weight: 400;\">Die bestellten Ameisen werden nicht au\u00dferhalb der angegebenen Temperaturbereiche versandt. Sie werden zum fr\u00fchestm\u00f6glichen Zeitpunkt verschickt.<\/span><\/p>\n<p><span style=\"font-weight: 400;\">Sie werden gesondert per E-Mail benachrichtigt.\u00a0<\/span><\/p>\n<h2><b>Ameisenhaltung<\/b><\/h2>\n<ul>\n<li style=\"font-weight: 400;\" aria-level=\"1\"><span style=\"font-weight: 400;\">Ausf\u00fchrliche Haltungsinformationen finden Sie in den Produktbeschreibungen der jeweiligen Arten.<\/span><\/li>\n<\/ul>\n<h3><b>Probleme bei der Haltung von Ameisen<\/b><\/h3>\n<ol>\n<li><b> Ameisensterben - m\u00f6gliche Ursachen<\/b><\/li>\n<\/ol>\n<ul>\n<li style=\"font-weight: 400;\" aria-level=\"1\"><b>Wasserqualit\u00e4t:<\/b>\n<ul>\n<li style=\"font-weight: 400;\" aria-level=\"2\"><span style=\"font-weight: 400;\">Leitungswasser kann aufgrund von Chlor oder Kupfer giftig f\u00fcr Ameisen sein.<\/span><\/li>\n<li style=\"font-weight: 400;\" aria-level=\"2\"><b>Empfehlung: <\/b><span style=\"font-weight: 400;\">Verwenden Sie gefiltertes Wasser oder Regenwasser, kein destilliertes Wasser.<\/span><\/li>\n<\/ul>\n<\/li>\n<li style=\"font-weight: 400;\" aria-level=\"1\"><b>Substrat:<\/b>\n<ul>\n<li style=\"font-weight: 400;\" aria-level=\"2\"><span style=\"font-weight: 400;\">Vogelsand enth\u00e4lt Desinfektionsmittel, die Ameisen schaden k\u00f6nnen.<\/span><\/li>\n<li style=\"font-weight: 400;\" aria-level=\"2\"><b>Empfehlung: <\/b><span style=\"font-weight: 400;\">Verwenden Sie unsere gebrauchsfertige <\/span><b>Bodensockel <\/b><span style=\"font-weight: 400;\">oder unbehandeltem Quarzsand und waschen oder backen Sie ihn vorher.<\/span><\/li>\n<\/ul>\n<\/li>\n<li style=\"font-weight: 400;\" aria-level=\"1\"><b>Pflanzen:<\/b>\n<ul>\n<li style=\"font-weight: 400;\" aria-level=\"2\"><span style=\"font-weight: 400;\">Lebende Pflanzen aus Baum\u00e4rkten oder Gartenzentren sind oft mit Pestiziden behandelt.<\/span><\/li>\n<li style=\"font-weight: 400;\" aria-level=\"2\"><b>Empfehlung: <\/b><span style=\"font-weight: 400;\">Verwenden Sie Bio-Pflanzen oder Pflanzen aus dem Terrarienfachhandel.<\/span><\/li>\n<li style=\"font-weight: 400;\" aria-level=\"2\"><span style=\"font-weight: 400;\">Alternativ k\u00f6nnen Sie auch Pflanzen verwenden, die mindestens ein Jahr lang ohne Zusatz von Pestiziden oder D\u00fcngemitteln in Ihrer Wohnung gehalten wurden.<\/span><\/li>\n<\/ul>\n<\/li>\n<li style=\"font-weight: 400;\" aria-level=\"1\"><b>Reinigung:<\/b>\n<ul>\n<li style=\"font-weight: 400;\" aria-level=\"2\"><span style=\"font-weight: 400;\">Glasreiniger und chemische Mittel sind sch\u00e4dlich.<\/span><\/li>\n<li style=\"font-weight: 400;\" aria-level=\"2\"><b>Empfehlung: <\/b><span style=\"font-weight: 400;\">Verwenden Sie einen Reiniger mit klarem Wasser oder einen organischen Reiniger.<\/span><\/li>\n<\/ul>\n<\/li>\n<li style=\"font-weight: 400;\" aria-level=\"1\"><b>Bau eines Formicariums:<\/b>\n<ul>\n<li style=\"font-weight: 400;\" aria-level=\"2\"><span style=\"font-weight: 400;\">Materialien mit L\u00f6sungsmitteln oder antibakteriellem Silikon sind nicht geeignet.<\/span><\/li>\n<li style=\"font-weight: 400;\" aria-level=\"2\"><b>Empfehlung: <\/b><span style=\"font-weight: 400;\">Verwenden Sie l\u00f6sungsmittelfreie Substanzen oder Aquariensilikon.<\/span><\/li>\n<\/ul>\n<\/li>\n<li style=\"font-weight: 400;\" aria-level=\"1\"><b>F\u00fctterung:<\/b>\n<ul>\n<li style=\"font-weight: 400;\" aria-level=\"2\"><span style=\"font-weight: 400;\">Konservierungsstoffe und Parasiten in Lebensmitteltieren k\u00f6nnen sch\u00e4dlich sein. Au\u00dferdem sind Tiere aus Massentierhaltung oft von Milben befallen, die den Ameisen schaden k\u00f6nnen.\u00a0<\/span><\/li>\n<li style=\"font-weight: 400;\" aria-level=\"2\"><b>Empfehlung: <\/b><span style=\"font-weight: 400;\">Verwenden Sie biologische Lebensmittel oder Insekten aus der Natur, die Sie abseits von Stra\u00dfen und Feldern sammeln, die mit Pestiziden verseucht sein k\u00f6nnten.<\/span><\/li>\n<\/ul>\n<\/li>\n<li style=\"font-weight: 400;\" aria-level=\"1\"><b>Temperatur:<\/b>\n<ul>\n<li style=\"font-weight: 400;\" aria-level=\"2\"><span style=\"font-weight: 400;\">Formicaria kann sich durch direkte Sonneneinstrahlung stark aufheizen.<\/span><\/li>\n<li style=\"font-weight: 400;\" aria-level=\"2\"><b>Empfehlung: <\/b><span style=\"font-weight: 400;\">Verwenden Sie ein Thermometer mit Min\/Max-Funktion.<\/span><\/li>\n<\/ul>\n<\/li>\n<li style=\"font-weight: 400;\" aria-level=\"1\"><b>Winterschlaf:<\/b>\n<ul>\n<li style=\"font-weight: 400;\" aria-level=\"2\"><span style=\"font-weight: 400;\">Achten Sie w\u00e4hrend des Winterschlafs darauf, dass das Nest feucht ist, damit es nicht austrocknet.<\/span><\/li>\n<\/ul>\n<\/li>\n<\/ul>\n<ol start=\"2\">\n<li><b> Die K\u00f6nigin legt keine Eier - m\u00f6gliche Ursachen<\/b><\/li>\n<\/ol>\n<ul>\n<li style=\"font-weight: 400;\" aria-level=\"1\"><b>Saison: <\/b><span style=\"font-weight: 400;\">Die europ\u00e4ischen Arten legen im Herbst\/Winter keine Eier.<\/span><b>.<\/b><\/li>\n<li style=\"font-weight: 400;\" aria-level=\"1\"><b>Stress: <\/b><span style=\"font-weight: 400;\">Transport oder Nestst\u00f6rungen k\u00f6nnen die K\u00f6nigin verunsichern.<\/span><\/li>\n<li style=\"font-weight: 400;\" aria-level=\"1\"><b>Eiwei\u00dfmangel: <\/b><span style=\"font-weight: 400;\">Die Brutentwicklung erfordert eiwei\u00dfreiche Nahrung.<\/span><\/li>\n<li style=\"font-weight: 400;\" aria-level=\"1\"><b>Versteckte Eier: <\/b><span style=\"font-weight: 400;\">Die Eier k\u00f6nnen sich im Transportbeh\u00e4lter oder in der Watte befinden.<\/span><\/li>\n<li style=\"font-weight: 400;\" aria-level=\"1\"><b>Das Klima: <\/b><span style=\"font-weight: 400;\">Optimale Bedingungen (Substrat, Dunkelheit, Temperatur, Feuchtigkeit) sind unerl\u00e4sslich.<\/span><\/li>\n<li style=\"font-weight: 400;\" aria-level=\"1\"><b>Empfehlung: <\/b><span style=\"font-weight: 400;\">Anf\u00e4nger sollten Arten w\u00e4hlen, f\u00fcr die es viele Erfahrungsberichte gibt.<\/span><\/li>\n<\/ul>\n<p><span style=\"font-weight: 400;\">Dieser Leitfaden enth\u00e4lt grundlegende Informationen \u00fcber die erfolgreiche Haltung von Ameisen. Wenn Sie Fragen oder Probleme haben, sollten Sie sich an erfahrene Halter oder Fachgesch\u00e4fte wenden.<\/span><\/p>\n\n\t\t<\/div>\n\t\t\t\t\t<\/div>\n\n\t\n\n<\/div>","protected":false},"excerpt":{"rendered":"","protected":false},"author":1,"featured_media":0,"parent":0,"menu_order":0,"comment_status":"closed","ping_status":"closed","template":"","meta":{"_acf_changed":false,"content-type":"","_monsterinsights_skip_tracking":false,"_monsterinsights_sitenote_active":false,"_monsterinsights_sitenote_note":"","_monsterinsights_sitenote_category":0,"footnotes":""},"class_list":["post-10607","page","type-page","status-publish","hentry"],"acf":[],"aioseo_notices":[],"jetpack_sharing_enabled":true,"_links":{"self":[{"href":"https:\/\/clone.antcube.shop\/de\/wp-json\/wp\/v2\/pages\/10607","targetHints":{"allow":["GET"]}}],"collection":[{"href":"https:\/\/clone.antcube.shop\/de\/wp-json\/wp\/v2\/pages"}],"about":[{"href":"https:\/\/clone.antcube.shop\/de\/wp-json\/wp\/v2\/types\/page"}],"author":[{"embeddable":true,"href":"https:\/\/clone.antcube.shop\/de\/wp-json\/wp\/v2\/users\/1"}],"replies":[{"embeddable":true,"href":"https:\/\/clone.antcube.shop\/de\/wp-json\/wp\/v2\/comments?post=10607"}],"version-history":[{"count":5,"href":"https:\/\/clone.antcube.shop\/de\/wp-json\/wp\/v2\/pages\/10607\/revisions"}],"predecessor-version":[{"id":10717,"href":"https:\/\/clone.antcube.shop\/de\/wp-json\/wp\/v2\/pages\/10607\/revisions\/10717"}],"wp:attachment":[{"href":"https:\/\/clone.antcube.shop\/de\/wp-json\/wp\/v2\/media?parent=10607"}],"curies":[{"name":"wp","href":"https:\/\/api.w.org\/{rel}","templated":true}]}}