{"id":630,"date":"2021-07-30T13:32:17","date_gmt":"2021-07-30T11:32:17","guid":{"rendered":"https:\/\/antcube.shop\/?page_id=630"},"modified":"2025-07-23T17:23:54","modified_gmt":"2025-07-23T15:23:54","slug":"impressum","status":"publish","type":"page","link":"https:\/\/clone.antcube.shop\/de\/impressum\/","title":{"rendered":"Rechtlicher Hinweis"},"content":{"rendered":"<div id=\"gap-1612136484\" class=\"gap-element clearfix\" style=\"display:block; height:auto;\">\n\t\t\n<style>\n#gap-1612136484 {\n  padding-top: 199px;\n}\n@media (min-width:850px) {\n  #gap-1612136484 {\n    padding-top: 190px;\n  }\n}\n<\/style>\n\t<\/div>\n\t\n\n<div class=\"row\"  id=\"row-452498445\">\n\n\n\t<div id=\"col-1040692194\" class=\"col small-12 large-12\"  >\n\t\t\t\t<div class=\"col-inner\"  >\n\t\t\t\n\t\t\t\n\n<h1>Rechtlicher Hinweis<\/h1>\n<p><strong>ANTCUBE von <\/strong><b>ANTSTORE, Martin Sebesta<\/b><b><br \/><\/b><span style=\"font-weight: 400;\">Selerweg 41<\/span><span style=\"font-weight: 400;\"><br \/><\/span><span style=\"font-weight: 400;\">D-12169 Berlin<\/span><\/p>\n<p><b>Kontakt<\/b><b><br \/><\/b><span style=\"font-weight: 400;\">Telefon: +49 30 439703870<\/span><span style=\"font-weight: 400;\"><br \/><\/span><span style=\"font-weight: 400;\">E-mail:law@ants.de\u00a0<\/span><\/p>\n<p><b>Umsatzsteuer-Identifikationsnummer: <\/b><span style=\"font-weight: 400;\">DE215167549 <\/span><span style=\"font-weight: 400;\"><br \/><\/span><b>WEEE-Reg.-Nr: <\/b><span style=\"font-weight: 400;\">DE54590387<\/span><\/p>\n<p><b>Verantwortlich f\u00fcr den Inhalt gem\u00e4\u00df \u00a7 55 Abs. 2 RStV: <\/b><b><br \/><\/b><span style=\"font-weight: 400;\">Martin Sebesta (Anschrift wie oben)<\/span><\/p>\n<p><b>Informationen \u00fcber die Nutzung der Website<\/b><b><br \/><\/b><span style=\"font-weight: 400;\">Das Herunterladen oder Ausdrucken einzelner Seiten oder Teilbereiche unserer Website ist f\u00fcr den privaten Gebrauch gestattet.<\/span><span style=\"font-weight: 400;\"><br \/><\/span><span style=\"font-weight: 400;\"> Das vollst\u00e4ndige oder teilweise Reproduzieren, Verbreiten, \u00dcbermitteln (elektronisch oder mit anderen Mitteln), Modifizieren oder Benutzen dieser Website f\u00fcr \u00f6ffentliche oder kommerzielle Zwecke ist ohne unsere vorherige schriftliche Zustimmung untersagt.<\/span><\/p>\n<p><b>Genehmigte Nutzung f\u00fcr nicht kommerzielle Zwecke: <\/b><b><br \/><\/b><span style=\"font-weight: 400;\">Die Verwendung unserer Produktbilder f\u00fcr die Werbung in lokalen Gesch\u00e4ften ist unter den folgenden Bedingungen gestattet:<\/span><\/p>\n<ul>\n<li style=\"font-weight: 400;\" aria-level=\"1\"><span style=\"font-weight: 400;\">Alle Bilder m\u00fcssen mit der Quelle und unserem Logo (ANTSTORE\/ ANTCUBE\/ PLANTCUBE) gekennzeichnet sein. <\/span><span style=\"font-weight: 400;\"><br \/><\/span><b>Gedrucktes Material: <\/b><span style=\"font-weight: 400;\">Quelle: <\/span><a href=\"https:\/\/www.antstore.de\"><span style=\"font-weight: 400;\">www.antstore.de<\/span><span style=\"font-weight: 400;\"><br \/><\/span><\/a><b> Websites: <\/b><span style=\"font-weight: 400;\">Quelle: <\/span><a href=\"https:\/\/www.antstore.de\"><span style=\"font-weight: 400;\">www.antstore.de<\/span><\/a><span style=\"font-weight: 400;\"> (mit Link zu www.antstore.net\/shop\/) oder <\/span><a href=\"https:\/\/www.clone.antcube.shop\"><span style=\"font-weight: 400;\">www.clone.antcube.shop<\/span><\/a><\/li>\n<\/ul>\n<p><span style=\"font-weight: 400;\">Wenn Sie Fragen zur korrekten Platzierung des Logos haben und es als digitale Datei erhalten m\u00f6chten, kontaktieren Sie uns bitte unter marketing@antcube.de.<\/span><\/p>\n<p><b>Wichtiger Hinweis: <\/b><b><br \/><\/b><span style=\"font-weight: 400;\">Die Verwendung unserer Bilder in Online-Shops oder f\u00fcr andere kommerzielle Zwecke ist ohne schriftliche Genehmigung untersagt.<\/span><\/p>\n<p><b>Hinweis zu den Links auf der Website <\/b><b><br \/><\/b><span style=\"font-weight: 400;\">Unsere Website enth\u00e4lt Links zu externen Websites. Wir \u00fcbernehmen keine Verantwortung f\u00fcr den Inhalt dieser Websites, da wir keinen Einfluss auf deren Gestaltung und Inhalt haben.<\/span><\/p>\n<p><span style=\"font-weight: 400;\">Wir erkl\u00e4ren ausdr\u00fccklich, dass wir uns die Inhalte externer Seiten nicht zu eigen machen.<\/span><span style=\"font-weight: 400;\"><br \/><\/span><span style=\"font-weight: 400;\"> Die Links auf unserer Website sind als \"lebende\" (dynamische) Verweise zu verstehen.<\/span><span style=\"font-weight: 400;\"><br \/><\/span><span style=\"font-weight: 400;\"> Wenn wir feststellen, dass ein konkretes Angebot, zu dem wir einen Link bereitgestellt haben, eine zivil- oder strafrechtliche Verantwortlichkeit ausl\u00f6st, werden wir diesen Verweis aufheben, soweit dies technisch m\u00f6glich und zumutbar ist.<\/span><\/p>\n<p>Gestaltung, Inhalt und technische Umsetzung durch: Janik Wiedemann<\/p>\n\n\t\t<\/div>\n\t\t\t\t\t<\/div>\n\n\t\n\n<\/div>","protected":false},"excerpt":{"rendered":"","protected":false},"author":1,"featured_media":0,"parent":0,"menu_order":0,"comment_status":"closed","ping_status":"closed","template":"","meta":{"_acf_changed":false,"content-type":"","_monsterinsights_skip_tracking":false,"_monsterinsights_sitenote_active":false,"_monsterinsights_sitenote_note":"","_monsterinsights_sitenote_category":0,"footnotes":""},"class_list":["post-630","page","type-page","status-publish","hentry"],"acf":[],"aioseo_notices":[],"jetpack_sharing_enabled":true,"_links":{"self":[{"href":"https:\/\/clone.antcube.shop\/de\/wp-json\/wp\/v2\/pages\/630","targetHints":{"allow":["GET"]}}],"collection":[{"href":"https:\/\/clone.antcube.shop\/de\/wp-json\/wp\/v2\/pages"}],"about":[{"href":"https:\/\/clone.antcube.shop\/de\/wp-json\/wp\/v2\/types\/page"}],"author":[{"embeddable":true,"href":"https:\/\/clone.antcube.shop\/de\/wp-json\/wp\/v2\/users\/1"}],"replies":[{"embeddable":true,"href":"https:\/\/clone.antcube.shop\/de\/wp-json\/wp\/v2\/comments?post=630"}],"version-history":[{"count":10,"href":"https:\/\/clone.antcube.shop\/de\/wp-json\/wp\/v2\/pages\/630\/revisions"}],"predecessor-version":[{"id":12006,"href":"https:\/\/clone.antcube.shop\/de\/wp-json\/wp\/v2\/pages\/630\/revisions\/12006"}],"wp:attachment":[{"href":"https:\/\/clone.antcube.shop\/de\/wp-json\/wp\/v2\/media?parent=630"}],"curies":[{"name":"wp","href":"https:\/\/api.w.org\/{rel}","templated":true}]}}