{"id":6737,"date":"2023-12-12T15:03:25","date_gmt":"2023-12-12T14:03:25","guid":{"rendered":"https:\/\/antcube.shop\/product\/antcube-starter-set-fur-weberameisen-gros\/"},"modified":"2026-01-12T12:38:07","modified_gmt":"2026-01-12T11:38:07","slug":"starterset-fur-weberameisen-gros","status":"publish","type":"product","link":"https:\/\/clone.antcube.shop\/de\/produkt\/starterset-fur-weberameisen-gros\/","title":{"rendered":"ANTCUBE - Starterset f\u00fcr Weberameisen - gro\u00df"},"content":{"rendered":"<p><span data-text-color=\"alert\"><strong>Versand nur per Spedition auf Palette m\u00f6glich.<\/strong><\/span><\/p>\n<p><strong>Inhalt:<\/strong><br \/>\n1x Honigtau-Mix (HT) - Nachf\u00fcllpackung 10ml<br \/>\n1x Ganzes blanchiertes Heimchen<\/p>\n<p>1x ANTCUBE Arena 30x30x60 mit Schiebet\u00fcr<br \/>\n1x Ameisenarena-Rahmen 30\u00d730 - 5cm<br \/>\n1x Ameisen-Arena Abdeckung 30\u00d730<br \/>\n1x Befestigungspunkt f\u00fcr Arenadeckel (4 Stck.)<\/p>\n<p>1x Rahmen f\u00fcr Schiebet\u00fcr<br \/>\n1x Spr\u00fchflasche Spr\u00fcher 0,5 Liter - Messingd\u00fcse<br \/>\n1x Fotor\u00fcckwand - Regenwald - 30\u00d760 - hoch<br \/>\n1x Formicarium Basis 30\u00d730 cm<\/p>\n<p>1x Substrat Regenwald 1 kg<br \/>\n2x Formicarium-Stopfen f\u00fcr 50mm-Loch<br \/>\n3x Gittereinsatz - 50mm - Edelstahl<br \/>\n1x Mini Thermo- Hygrometer digital - wei\u00df - selbstklebend<br \/>\n1x Federstahlpinzette breit - weich<br \/>\n1x Kunststoffpinzette Standard<br \/>\n1x Ameisenausbruchsschutz\u00f6l<br \/>\n1x Tr\u00e4nke klar 20ml - Schwamm<br \/>\n1x Tr\u00e4nke 2ml - 360 Grad<br \/>\n1x Napf klar 1\u00d720 - Schwamm<br \/>\n1x Handlupe - 2x - 30mm<br \/>\n1x Schaumstoffwischer 150x18x2,5mm<\/p>\n<p><strong>Beschreibung:<\/strong><br \/>\nDieses erweiterbare Starterset, speziell f\u00fcr verschiedene Weberameisenarten wie Polyrhachis spec. oder Oecophylla spec. enth\u00e4lt nicht nur das optimal angepasste Formicarium, sondern auch das passende Zubeh\u00f6r f\u00fcr die Haltung dieser Ameisenart.<\/p>\n<p>Die Schiebet\u00fcr an der Vorderseite (\u00d6ffnung 150x200mm) erleichtert die Arbeit im Formicarium, auch bei gro\u00dfen Kolonien oder der Bepflanzung des Formicariums mit einer Wirtspflanze wie z.B. Oecophylla smaragdina. \u00dcber die beiden seitlichen 50mm-L\u00f6cher k\u00f6nnen weitere Formikarien angeschlossen werden. Die Gittereins\u00e4tze aus rostfreiem Stahl sorgen f\u00fcr eine gute Bel\u00fcftung und sind robust gegen mechanische Einwirkungen. Das Thermo- und Hygrometer im Inneren des Systems ist absolut kinder- und haustiersicher und erm\u00f6glicht eine einfache Kontrolle der Klimawerte. Bei Bedarf kann die Luftfeuchtigkeit mit der Spr\u00fchflasche erh\u00f6ht werden. Die Tr\u00e4nke klar 20ml - Schwamm ist f\u00fcr die Zufuhr von Frischwasser, die Tr\u00e4nke 2ml - 360 Grad f\u00fcr Honig oder Zuckerl\u00f6sung vorgesehen.<\/p>\n<p><strong>Das ist wichtig:<\/strong> Bitte befeuchten Sie das Substrat vor der Verwendung, damit sich die Mischung verbinden und einen festen Halt im Ameisenbau entwickeln kann. Au\u00dferdem kann zu trockenes und staubiges Substrat zu einer Verstopfung der Atemwege der Ameisen f\u00fchren und im schlimmsten Fall ersticken die Tiere.<\/p>\n<p><strong>Wichtiger Hinweis zum Schiebet\u00fcrrahmen:<\/strong><br \/>\nDer Rahmen l\u00e4sst sich leicht an den Schrauben befestigen, die an den Schienen der Schiebet\u00fcr angebracht sind. L\u00f6sen Sie dazu vorsichtig <strong>nur<\/strong> die Muttern im Inneren. Sie ben\u00f6tigen einen kleinen Kreuzschlitzschraubendreher. Setzen Sie den Rahmen zusammen und h\u00e4ngen Sie ihn an den Schrauben ein. Bringen Sie dann vorsichtig die Muttern wieder an und <strong>auf keinen Fall zu fest drehen,<\/strong> sonst kann das Glas besch\u00e4digt werden.<\/p>\n<p><strong>Hinweise zur Produktion<\/strong><br \/>\nDas Glas ist nach DIN 1249 mit einer Toleranz von +\/- 1mm geschliffen. Bei extrem kleinen Ameisenarten ist ein zus\u00e4tzlicher Ausbruchsschutz erforderlich.<\/p>\n<p><strong>Anmerkung zum Honigtau:<\/strong><br \/>\nInhalt: 10 ml<br \/>\nEs handelt sich um ein Naturprodukt, das wir nach ausgiebigen Tests in unserem Labor verfeinert und zu einem von den Ameisen sehr gut angenommenen Futter entwickelt haben. Der Grund daf\u00fcr ist, dass unverarbeiteter Honigtauhonig in seiner konzentrierten urspr\u00fcnglichen Form von Ameisen und deren Stoffwechsel nicht gut angenommen wird.<br \/>\nUnser Honigtau wurde in den unber\u00fchrten wilden Bergw\u00e4ldern Bulgariens gesammelt. Honigtau wird nur in einem sehr begrenzten Zeitraum von etwa zwei Monaten im Sommer produziert. Daher ist er sehr selten. Aufgrund der besonderen Bodenbeschaffenheit der W\u00e4lder und des Klimas wurden in den Bl\u00e4ttern der B\u00e4ume existenziell wichtige N\u00e4hrstoffe gespeichert, die von den Blattl\u00e4usen aufgenommen werden. Das macht diese Honigtau-Mischung f\u00fcr die Ameisen so begehrenswert.<\/p>\n<p><strong>Anwendung:<\/strong><br \/>\nDie Lebensmittelmenge sollte innerhalb von etwa 3 Tagen verbraucht werden.<\/p>\n<p><strong>Beschreibung:<\/strong><br \/>\nHonigtau wird im Gegensatz zu Bl\u00fctenhonig aus Sekreten von pflanzensaugenden Insekten wie Blattl\u00e4usen gewonnen. Honigtau ist eine beliebte Nahrungsquelle f\u00fcr viele Insekten wie Ameisen, Bienen und sogar Hummeln. Bienen und Hummeln lecken ihn von Bl\u00e4ttern oder Nadeln verschiedener B\u00e4ume ab. Ameisen wie Lasius niger halten die Blattl\u00e4use regelm\u00e4\u00dfig. Sie verteidigen sie sogar gegen Fressfeinde und tragen sie zu neuen Trieben.<\/p>\n<p>Honigtau ist bei Ameisen vor allem wegen seiner etwas anderen Bestandteile beliebt. Die wichtigsten Zuckerarten im Honigtau sind Saccharose und Fruktose, aber auch Maltose, Trehalose, Melezitose, Raffinose und andere Oligosaccharide sind in geringeren Mengen enthalten. Neben Zucker und Wasser enth\u00e4lt Honigtau auch existenziell wichtige Aminos\u00e4uren, Mineralstoffe, Spurenelemente, Adenosinphosphate und andere Inhaltsstoffe wie Vitamine.<\/p>\n<p><strong>Verwendet:<\/strong><br \/>\nF\u00fcr honigfressende Ameisenarten (Meliphagidae).<br \/>\nEs handelt sich um ein Erg\u00e4nzungsfuttermittel<br \/>\nEs kann den Tieren im angelieferten Zustand angeboten werden. Da Feuchtigkeit die Zuckerkonzentration verringert und einen G\u00e4rungsprozess in Gang setzt, sollte das Futter alle 3 Tage gewechselt werden. Fressnapf\/R\u00f6hre vor der Wiederverwendung gr\u00fcndlich reinigen.<br \/>\nEine ge\u00f6ffnete Packung sollte fest verschlossen bis zum angegebenen Mindesthaltbarkeitsdatum verwendet werden.<\/p>\n<p><strong>N\u00e4hrwertangaben pro 100 g:<\/strong><br \/>\nca. 2,7 % Fette<br \/>\ndavon ges\u00e4ttigt ca. 0,45 %<br \/>\nca 95 % Kohlenhydrate<br \/>\ndavon Zucker ca. 71%<br \/>\nca. 2,85% Protein<br \/>\nMineralstoffe (Kalium, Calcium, Kupfer, Eisen, Natrium, Magnesium, Phosphor, Zink und andere Spurenelemente) Aminos\u00e4uren (Prolin, Leucin, Phenylalanin, Alanin, Histidin, Isoleucin, Glutamins\u00e4ure, Arginin, Asparagins\u00e4ure usw.) Organische S\u00e4uren Enzyme (Fermente)Aromastoffe Inhibine (antibakterielle Substanzen) Blumen Pollen<\/p>\n<p><strong>Lagerung:<\/strong><br \/>\nUm die Qualit\u00e4t des Futters zu gew\u00e4hrleisten, sollte es an einem dunklen, trockenen Ort gelagert werden.<\/p>\n<p><strong>Hinweis:<\/strong><br \/>\nErg\u00e4nzungsfuttermittel f\u00fcr honigfressende Ameisen.<br \/>\nDie Zusammensetzung, die analytischen Bestandteile, das Mindesthaltbarkeitsdatum und die Chargennummer entnehmen Sie bitte der Packungsbeilage.<\/p>\n<p>Informations-Hotline +49 30 439703870<\/p>\n<p><strong>Zust\u00e4ndige Veterin\u00e4r- und Lebensmittel\u00fcberwachungsbeh\u00f6rde:<\/strong><br \/>\nVeterin\u00e4ramt Steglitz<br \/>\nK\u00f6nigin-Luise-Str. 92<br \/>\n14195 Berlin<\/p>\n<p><strong>Anmerkung zu blanchierten Grillen:<\/strong><br \/>\nUnsere blanchierten Grillen sind eine einfache M\u00f6glichkeit, Ihre Ameisen mit frisch konservierter Proteinnahrung zu versorgen, ohne lebende Insekten f\u00fcttern zu m\u00fcssen. Die enthaltenen Grillen (Acheta domesticus) wurden schonend blanchiert, um sicherzustellen, dass N\u00e4hrwert, Geschmack und Aroma erhalten bleiben. Au\u00dferdem wird der Chitinpanzer der Insekten auf diese Weise aufgeweicht, so dass er leichter verdaut werden kann. Die Verbindungen der kollagenen Proteine werden aufgespalten, so dass die Ameisen sie besser verwerten k\u00f6nnen. Acheta domesticus in Dosen haben den gleichen N\u00e4hrwert wie lebende Grillen, sind aber leichter zu verdauen.<\/p>\n<p>Die blanchierten Grillen eignen sich nicht f\u00fcr die Jagd auf Ameisenarten, die Lebendfutter ben\u00f6tigen (z. B. Ponerinen (Urameisen) wie Harpegnathos oder Odontomachus).<\/p>\n<p><strong>Weitere Vorteile:<\/strong><br \/>\nGarantiert frei von Milben<br \/>\nPortionierbar<br \/>\nSterilisiert und vakuumiert<br \/>\nOhne Zusatzstoffe<br \/>\nGrillen aus nachhaltiger, rein biologischer Zucht, gef\u00fcttert mit Bioabf\u00e4llen<\/p>\n<p><strong>Hinweis:<\/strong><br \/>\nNach dem \u00d6ffnen etwa vier Tage im K\u00fchlschrank haltbar. Im Gefrierfach l\u00e4nger haltbar.<\/p>","protected":false},"excerpt":{"rendered":"<p>Das Set besteht aus 25 Teilen.<br \/>\nGr\u00f6\u00dfe: XL<\/p>","protected":false},"featured_media":6710,"comment_status":"open","ping_status":"closed","template":"","meta":{"_acf_changed":false,"content-type":"","_monsterinsights_skip_tracking":false,"_monsterinsights_sitenote_active":false,"_monsterinsights_sitenote_note":"","_monsterinsights_sitenote_category":0},"product_brand":[],"product_cat":[354,73],"product_tag":[],"class_list":{"0":"post-6737","1":"product","2":"type-product","3":"status-publish","4":"has-post-thumbnail","6":"product_cat-starter-sets-for-weaver-ants","7":"product_cat-starter-sets","8":"product_shipping_class-forwarding-on-pallet","10":"first","11":"instock","12":"taxable","13":"shipping-taxable","14":"purchasable","15":"product-type-simple"},"acf":[],"aioseo_notices":[],"jetpack_sharing_enabled":true,"_links":{"self":[{"href":"https:\/\/clone.antcube.shop\/de\/wp-json\/wp\/v2\/product\/6737","targetHints":{"allow":["GET"]}}],"collection":[{"href":"https:\/\/clone.antcube.shop\/de\/wp-json\/wp\/v2\/product"}],"about":[{"href":"https:\/\/clone.antcube.shop\/de\/wp-json\/wp\/v2\/types\/product"}],"replies":[{"embeddable":true,"href":"https:\/\/clone.antcube.shop\/de\/wp-json\/wp\/v2\/comments?post=6737"}],"wp:featuredmedia":[{"embeddable":true,"href":"https:\/\/clone.antcube.shop\/de\/wp-json\/wp\/v2\/media\/6710"}],"wp:attachment":[{"href":"https:\/\/clone.antcube.shop\/de\/wp-json\/wp\/v2\/media?parent=6737"}],"wp:term":[{"taxonomy":"product_brand","embeddable":true,"href":"https:\/\/clone.antcube.shop\/de\/wp-json\/wp\/v2\/product_brand?post=6737"},{"taxonomy":"product_cat","embeddable":true,"href":"https:\/\/clone.antcube.shop\/de\/wp-json\/wp\/v2\/product_cat?post=6737"},{"taxonomy":"product_tag","embeddable":true,"href":"https:\/\/clone.antcube.shop\/de\/wp-json\/wp\/v2\/product_tag?post=6737"}],"curies":[{"name":"wp","href":"https:\/\/api.w.org\/{rel}","templated":true}]}}