{"id":500,"date":"2021-07-21T10:22:03","date_gmt":"2021-07-21T08:22:03","guid":{"rendered":"https:\/\/antcube.shop\/?page_id=500"},"modified":"2024-12-03T12:41:56","modified_gmt":"2024-12-03T11:41:56","slug":"terminos-y-condiciones","status":"publish","type":"page","link":"https:\/\/clone.antcube.shop\/es\/terminos-y-condiciones\/","title":{"rendered":"T\u00e9rminos y condiciones"},"content":{"rendered":"<div id=\"gap-845918364\" class=\"gap-element clearfix\" style=\"display:block; height:auto;\">\n\t\t\n<style>\n#gap-845918364 {\n  padding-top: 196px;\n}\n@media (min-width:850px) {\n  #gap-845918364 {\n    padding-top: 190px;\n  }\n}\n<\/style>\n\t<\/div>\n\t\n\n<div class=\"row\"  id=\"row-1814485087\">\n\n\n\t<div id=\"col-683526867\" class=\"col small-12 large-12\"  >\n\t\t\t\t<div class=\"col-inner\"  >\n\t\t\t\n\t\t\t\n\n<h1><b>Condiciones generales <\/b><\/h1>\n<p><b>para <\/b><a href=\"http:\/\/www.clone.antcube.shop\"><b>www.clone.antcube.shop<\/b><\/a><span style=\"font-weight: 400;\"> ANTSTORE, Martin Sebesta, Selerweg 41, 12169 Berl\u00edn, en lo sucesivo \"Vendedor\".<\/span><\/p>\n<h2><b>\u00a7 1 \u00c1mbito de aplicaci\u00f3n, informaci\u00f3n general, definiciones<\/b><\/h2>\n<p><span style=\"font-weight: 400;\">(1) Las presentes Condiciones Generales de Contrataci\u00f3n (CGC) se aplican a todos los pedidos de bienes y servicios realizados a trav\u00e9s de la tienda en l\u00ednea del sitio web <\/span><b>clone.antcube.shop<\/b><span style=\"font-weight: 400;\">operado por ANTSTORE, Martin Sebesta, Selerweg 41, 12169 Berl\u00edn. Correo electr\u00f3nico: <\/span><a href=\"mailto:verkauf@antstore.de\"><span style=\"font-weight: 400;\">verkauf@antstore.de<\/span><\/a><span style=\"font-weight: 400;\"> \/ law@ants.de\u00a0<\/span><\/p>\n<p><span style=\"font-weight: 400;\">(2) El vendedor ofrece productos para el mantenimiento de hormigas y accesorios en particular a trav\u00e9s de su tienda online. Las CGC se aplican a la relaci\u00f3n comercial entre el vendedor y el cliente en la versi\u00f3n v\u00e1lida en el momento del pedido.<\/span><\/p>\n<p><span style=\"font-weight: 400;\">(3) Un consumidor en el sentido de estas CGC es cualquier persona f\u00edsica que celebre un negocio jur\u00eddico con fines predominantemente ajenos a su actividad comercial, empresarial o profesional. Los empresarios son personas f\u00edsicas o jur\u00eddicas o sociedades que, al celebrar un negocio jur\u00eddico, act\u00faan en el ejercicio de su actividad comercial o aut\u00f3noma.<\/span><\/p>\n<p><span style=\"font-weight: 400;\">(4) Los acuerdos contractuales individuales tendr\u00e1n prioridad sobre estas CGC. Las condiciones divergentes del cliente s\u00f3lo se reconocer\u00e1n si el vendedor las ha aceptado expresamente.<\/span><\/p>\n<h2><b>\u00a7 2 Celebraci\u00f3n del contrato<\/b><\/h2>\n<p><span style=\"font-weight: 400;\">(1) Salvo que se indique lo contrario en la p\u00e1gina del producto correspondiente, la zona de entrega comprende la Uni\u00f3n Europea.<\/span><\/p>\n<p><span style=\"font-weight: 400;\">(2) La presentaci\u00f3n de la mercanc\u00eda en la p\u00e1gina web del vendedor constituye una oferta vinculante. La mercanc\u00eda pedida puede desviarse ligeramente de la mercanc\u00eda mostrada en Internet dentro de l\u00edmites razonables debido a las posibilidades t\u00e9cnicas de presentaci\u00f3n, en particular puede haber desviaciones de color, en la medida en que esto sea razonable.<\/span><\/p>\n<p><span style=\"font-weight: 400;\">(3) Marcando la casilla azul \"<\/span><span style=\"font-weight: 400;\">Con su pedido declara haber le\u00eddo y comprendido nuestra oferta<\/span><b>&#8221; <\/b><span style=\"font-weight: 400;\">y luego <\/span><span style=\"font-weight: 400;\">haciendo clic en el bot\u00f3n \"Comprar ahora\" o siendo redirigido a PayPal a trav\u00e9s del bot\u00f3n \"Pagar con PayPal\" y completando all\u00ed el proceso de pago, el cliente presenta una oferta vinculante de compra de los productos de la cesta de la compra y acepta la validez de estas CGC.<\/span><\/p>\n<p><span style=\"font-weight: 400;\">(4) El vendedor confirma la recepci\u00f3n del pedido por correo electr\u00f3nico (confirmaci\u00f3n del pedido). Sin embargo, esta confirmaci\u00f3n de pedido no constituye una aceptaci\u00f3n de la oferta. El contrato s\u00f3lo se perfecciona cuando se env\u00eda una confirmaci\u00f3n de pedido o una confirmaci\u00f3n de env\u00edo.<\/span><\/p>\n<p><span style=\"font-weight: 400;\">(5) El vendedor se reserva el derecho de aceptar o rechazar pedidos en un plazo de cinco d\u00edas laborables. Si no se acepta el pedido, se informar\u00e1 al cliente por correo electr\u00f3nico.<\/span><\/p>\n<p><span style=\"font-weight: 400;\">(6) En caso de problemas imprevisibles en la entrega o de no disponibilidad de la mercanc\u00eda de los que el vendedor no sea responsable, tanto el vendedor como el cliente podr\u00e1n rescindir el contrato. El cliente ser\u00e1 informado inmediatamente y los pagos efectuados le ser\u00e1n reembolsados sin demora.<\/span><\/p>\n<p><span style=\"font-weight: 400;\">(7) Si el cliente realiza el pedido de la mercanc\u00eda por v\u00eda electr\u00f3nica, el vendedor guardar\u00e1 el texto del contrato y lo enviar\u00e1 al cliente junto con las CGC legalmente vigentes por correo electr\u00f3nico tras la celebraci\u00f3n del contrato.<\/span><\/p>\n<h2><b>\u00a7 3 Cuenta cliente<\/b><\/h2>\n<p><span style=\"font-weight: 400;\">(1) Por lo general, s\u00f3lo es posible comprar a trav\u00e9s de nuestro sitio web registr\u00e1ndose. No obstante, puede ser necesario crear una cuenta de cliente para acceder a determinadas funciones.<\/span><\/p>\n<p><span style=\"font-weight: 400;\">(2) No se tiene derecho a una cuenta de cliente. S\u00f3lo podr\u00e1n registrarse las personas f\u00edsicas mayores de edad que utilicen la cuenta con fines privados o los empresarios y las personas jur\u00eddicas o sociedades con capacidad jur\u00eddica que act\u00faen en el ejercicio de su actividad comercial o profesional independiente al celebrar el negocio jur\u00eddico. Los datos de acceso deben tratarse de forma confidencial y no pueden transmitirse a terceros.<\/span><\/p>\n<p><span style=\"font-weight: 400;\">(3) No se permite el registro m\u00faltiple. Los clientes pueden eliminar su cuenta en cualquier momento a trav\u00e9s de la gesti\u00f3n de cuentas.<\/span><\/p>\n<h2><b>\u00a7 4 Reserva de dominio<\/b><\/h2>\n<p><span style=\"font-weight: 400;\">(1) En el caso de los consumidores, el vendedor conserva la propiedad de los bienes hasta el pago \u00edntegro del precio de compra. En el caso de los empresarios, esto se aplica hasta que se hayan resuelto todas las reclamaciones derivadas de la relaci\u00f3n comercial en curso.<\/span><\/p>\n<p><span style=\"font-weight: 400;\">(2) En caso de incumplimiento del contrato por parte del cliente, en particular en caso de demora en el pago, de informaci\u00f3n falsa facilitada por el cliente sobre su solvencia o si se presenta una solicitud de apertura de un procedimiento de insolvencia, el vendedor tendr\u00e1 derecho -si es necesario tras fijar un plazo- a rescindir el contrato y a exigir la devoluci\u00f3n de la mercanc\u00eda, siempre que el cliente no haya pagado a\u00fan la contraprestaci\u00f3n o no la haya pagado en su totalidad.<\/span><\/p>\n<p><span style=\"font-weight: 400;\">(3) El empresario est\u00e1 autorizado a revender la mercanc\u00eda en el curso ordinario de sus negocios. Por la presente cede al vendedor todas las reclamaciones por el importe de la factura que le correspondan frente a terceros como consecuencia de la reventa. El vendedor acepta la cesi\u00f3n. Tras la cesi\u00f3n, el empresario est\u00e1 autorizado a cobrar la reclamaci\u00f3n. El vendedor se reserva el derecho de cobrar \u00e9l mismo la reclamaci\u00f3n en cuanto el empresario no cumpla debidamente sus obligaciones de pago y se retrase en el pago.<\/span><\/p>\n<p><span style=\"font-weight: 400;\">(4) El vendedor se compromete a liberar las garant\u00edas a las que tenga derecho a petici\u00f3n del cliente en la medida en que el valor realizable de las garant\u00edas supere el cr\u00e9dito a garantizar en m\u00e1s de 10%. La elecci\u00f3n de las garant\u00edas a liberar corresponder\u00e1 al Vendedor.<\/span><\/p>\n<h2><b>\u00a7 5 Precios y condiciones de pago<\/b><\/h2>\n<p><span style=\"font-weight: 400;\">(1) Los precios indicados son precios brutos, vinculantes, incluyen el IVA legal y excluyen cualquier <a href=\"https:\/\/clone.antcube.shop\/en\/shipping-costs-delivery-restrictions\/\">gastos de env\u00edo<\/a> incurridos, IVA incluido. Se aplicar\u00e1 el importe indicado en el momento del pedido. El precio con IVA incluido y los gastos de env\u00edo tambi\u00e9n se mostrar\u00e1n en el formulario de pedido antes de que el cliente env\u00ede el pedido. Los gastos de env\u00edo tambi\u00e9n pueden consultarse en nuestro <\/span><a href=\"https:\/\/clone.antcube.shop\/en\/shipping-costs-delivery-restrictions\/\"><b>resumen de gastos de env\u00edo.<\/b><\/a><\/p>\n<p><span style=\"font-weight: 400;\">(2) El cliente se compromete a pagar el precio total en un plazo de 14 d\u00edas a partir de la recepci\u00f3n de la confirmaci\u00f3n del pedido por correo electr\u00f3nico o de la factura. Transcurrido este plazo, el cliente incurrir\u00e1 en mora. Durante el periodo de impago, el consumidor pagar\u00e1 intereses sobre la deuda por un importe de 5 puntos porcentuales por encima del tipo de inter\u00e9s b\u00e1sico. Durante el periodo de impago, el empresario pagar\u00e1 intereses sobre la deuda por un importe de 9 puntos porcentuales por encima del tipo de inter\u00e9s b\u00e1sico. En caso de impago de una deuda, el empresario tambi\u00e9n deber\u00e1 pagar una suma a tanto alzado de 40 euros. Esto tambi\u00e9n se aplica si el empresario est\u00e1 en mora con un pago a cuenta u otro pago a plazos. El vendedor se reserva el derecho de reclamar al empresario una mayor indemnizaci\u00f3n por da\u00f1os y perjuicios. La suma a tanto alzado seg\u00fan la frase 5 se compensar\u00e1 con una reclamaci\u00f3n por da\u00f1os y perjuicios adeudados, en la medida en que los da\u00f1os se basen en los costes de la acci\u00f3n legal.<\/span><\/p>\n<p><span style=\"font-weight: 400;\">(3) El cliente s\u00f3lo tendr\u00e1 derecho de compensaci\u00f3n si sus contrademandas han sido legalmente establecidas, reconocidas o no impugnadas por el vendedor. Esto no afectar\u00e1 al derecho del cliente a compensar las reclamaciones contractuales y de otro tipo derivadas del inicio o la ejecuci\u00f3n de esta relaci\u00f3n contractual. El cliente s\u00f3lo podr\u00e1 ejercer un derecho de retenci\u00f3n si su contrademanda se basa en la misma relaci\u00f3n contractual.<\/span><\/p>\n<p><span style=\"font-weight: 400;\">(4) El vendedor tendr\u00e1 en cuenta, en la medida de lo posible, las modificaciones, ampliaciones y limitaciones del pedido tras la celebraci\u00f3n del contrato. El vendedor cobrar\u00e1 por ellos una tasa de tramitaci\u00f3n de 10,00 euros, IVA incluido, a menos que se trate de casos de anulaci\u00f3n o reclamaciones de garant\u00eda. Para los pedidos que deban tramitarse manualmente y que no se tramiten a trav\u00e9s de la tienda en l\u00ednea, cobraremos unos gastos de tramitaci\u00f3n de 20,00 euros. Quedan excluidos los pedidos de productos que no puedan solicitarse a trav\u00e9s de la tienda en l\u00ednea, por ejemplo, los productos personalizados.<\/span><\/p>\n<p><span style=\"font-weight: 400;\">(5) Los animales pedidos que deban enviarse en una fecha posterior a la acordada contractualmente a petici\u00f3n del cliente se facturar\u00e1n a raz\u00f3n de 2,00 euros, IVA incluido, por d\u00eda y ginebra (esfuerzo de cuidado) desde el d\u00eda del pedido hasta el d\u00eda del env\u00edo. Es posible un plazo m\u00e1ximo de 30 d\u00edas.<\/span><\/p>\n<h2><b>\u00a7 6 <a href=\"https:\/\/clone.antcube.shop\/en\/payment-methods-and-conditions\/\">M\u00e9todos de pago<\/a><\/b><\/h2>\n<p><span style=\"font-weight: 400;\">(1) El precio de compra puede pagarse por adelantado, mediante transferencia bancaria, tarjeta de cr\u00e9dito o PayPal. Al pagar con PayPal, se aplican sus condiciones de uso. Encontrar\u00e1 m\u00e1s informaci\u00f3n en nuestra pol\u00edtica de privacidad. <a href=\"https:\/\/clone.antcube.shop\/en\/privacy-policy\/\">pol\u00edtica de privacidad<\/a>.<\/span><\/p>\n<h2><b>\u00a7 7 Condiciones de env\u00edo y entrega<\/b><\/h2>\n<p><span style=\"font-weight: 400;\">(1) S\u00f3lo realizamos env\u00edos a Estados miembros de la Uni\u00f3n Europea, a excepci\u00f3n de los territorios europeos de ultramar o exclaves y las regiones con autonom\u00eda fiscal (denominadas por la Uni\u00f3n Europea \"regiones ultraperif\u00e9ricas\"). El plazo de entrega estimado para Alemania y otros pa\u00edses se indica en nuestro <\/span><a href=\"https:\/\/clone.antcube.shop\/en\/shipping-costs-delivery-restrictions\/\"><b>resumen de gastos de env\u00edo.<\/b><\/a><\/p>\n<p><span style=\"font-weight: 400;\">(2) El plazo de entrega comenzar\u00e1 un d\u00eda despu\u00e9s de que se haya autorizado el pago en caso de pago por adelantado\/transferencia bancaria o PayPal. Para otros m\u00e9todos de pago, el plazo comienza un d\u00eda despu\u00e9s de la realizaci\u00f3n del pedido.<\/span><\/p>\n<p><span style=\"font-weight: 400;\">(3) Si el inicio o el fin del plazo coinciden con un s\u00e1bado, un domingo o un d\u00eda festivo, el inicio o el fin del plazo se aplazar\u00e1 al siguiente d\u00eda laborable.<\/span><\/p>\n<p><span style=\"font-weight: 400;\">(4) El vendedor tiene derecho a realizar entregas parciales si ello es razonable para el cliente. Esto no supondr\u00e1 ning\u00fan coste adicional para el cliente.<\/span><\/p>\n<p><span style=\"font-weight: 400;\">(5) Si el cliente opta por recoger su pedido en nuestra tienda, se le informar\u00e1 por correo electr\u00f3nico de que el pedido est\u00e1 listo para su recogida.<\/span><\/p>\n<h2><b>\u00a7 8 Transferencia del riesgo<\/b><\/h2>\n<p><span style=\"font-weight: 400;\">(1) En el caso de los consumidores, el riesgo de p\u00e9rdida accidental y deterioro de la mercanc\u00eda se transmitir\u00e1 al cliente en el momento de la entrega.<\/span><\/p>\n<p><span style=\"font-weight: 400;\">(2) En el caso de los empresarios, el riesgo pasar\u00e1 al cliente en el momento de la entrega al transportista.<\/span><\/p>\n<p><span style=\"font-weight: 400;\">(3) Si el cliente se demora en la aceptaci\u00f3n, \u00e9sta se considerar\u00e1 equivalente a la entrega.<\/span><\/p>\n<h2><b>\u00a7 9 Garant\u00eda<\/b><\/h2>\n<p><span style=\"font-weight: 400;\">(1) La garant\u00eda se regir\u00e1 por las disposiciones legales. El plazo de garant\u00eda para los consumidores es de 2 a\u00f1os a partir de la entrega de la mercanc\u00eda. A diferencia de esto, el periodo de garant\u00eda para los empresarios es de 1 a\u00f1o a partir de la entrega. El periodo de garant\u00eda para los bienes usados es tambi\u00e9n de 1 a\u00f1o a partir de la entrega de los bienes. El plazo de garant\u00eda de un a\u00f1o no se aplica si se puede acusar al vendedor de negligencia grave, ni en caso de lesiones f\u00edsicas y da\u00f1os para la salud imputables al vendedor y en caso de p\u00e9rdida de vida del cliente, en caso de garant\u00eda y en caso de recurso de entrega de conformidad con \u00a7\u00a7 478, 479 BGB. La responsabilidad del vendedor en virtud de la Ley de Responsabilidad por Productos Defectuosos no se ver\u00e1 afectada por la presente.<\/span><\/p>\n<p><span style=\"font-weight: 400;\">(2) No obstante lo dispuesto en el p\u00e1rr. 1, se aplicar\u00e1 el plazo de prescripci\u00f3n ordinario si el vendedor ha ocultado fraudulentamente un defecto<\/span><\/p>\n<p><span style=\"font-weight: 400;\">(3) Las mercanc\u00edas pedidas pueden diferir ligeramente de las mercanc\u00edas mostradas en Internet dentro de unos l\u00edmites razonables. Se hace referencia al apartado 2 del art\u00edculo 2 de las presentes CGC.<\/span><\/p>\n<p><span style=\"font-weight: 400;\">(4) El consumidor puede elegir entre la reparaci\u00f3n o la sustituci\u00f3n. El vendedor puede rechazar el tipo de cumplimiento posterior elegido si s\u00f3lo es posible con un coste desproporcionado.<\/span><\/p>\n<p><span style=\"font-weight: 400;\">(5) Los defectos evidentes deben ser comunicados por los empresarios en el plazo de dos semanas a partir de la recepci\u00f3n de la mercanc\u00eda. En caso contrario, queda excluida la reclamaci\u00f3n de la garant\u00eda. Para cumplir el plazo bastar\u00e1 con el env\u00edo o la notificaci\u00f3n a tiempo. Para los empresarios se aplica el art\u00edculo 377 del C\u00f3digo de Comercio alem\u00e1n (HGB).<\/span><\/p>\n<p><span style=\"font-weight: 400;\">(6) La garant\u00eda no cubre los da\u00f1os causados por una manipulaci\u00f3n inadecuada. Las garant\u00edas de los fabricantes no se ver\u00e1n afectadas.<\/span><\/p>\n<h2><b>\u00a7 10 Limitaciones de responsabilidad<\/b><\/h2>\n<p><span style=\"font-weight: 400;\">(1) En caso de negligencia leve, el Vendedor s\u00f3lo ser\u00e1 responsable de los da\u00f1os previsibles t\u00edpicos del contrato. Esta limitaci\u00f3n tambi\u00e9n se aplicar\u00e1 a los auxiliares ejecutivos del vendedor.<\/span><\/p>\n<p><span style=\"font-weight: 400;\">(2) Las limitaciones de responsabilidad no se aplicar\u00e1n en caso de dolo, incumplimiento de obligaciones contractuales esenciales o da\u00f1os a la vida, la integridad f\u00edsica o la salud.<\/span><\/p>\n<p><span style=\"font-weight: 400;\">(3) El cliente est\u00e1 obligado a tomar las medidas adecuadas para prevenir y minimizar los da\u00f1os.<\/span><\/p>\n<p><span style=\"font-weight: 400;\">(4) El vendedor s\u00f3lo es responsable de sus propios contenidos en el sitio web de su tienda online. En la medida en que los enlaces proporcionen acceso a otros sitios web, el vendedor no ser\u00e1 responsable de los contenidos de terceros incluidos en los mismos. El vendedor no asume como propios los contenidos de terceros. Si el vendedor tiene conocimiento de contenidos ilegales en sitios web externos, bloquear\u00e1 inmediatamente el acceso a estas p\u00e1ginas.<\/span><\/p>\n<h2><b>\u00a7 11 Protecci\u00f3n de datos<\/b><\/h2>\n<p><span style=\"font-weight: 400;\">Los datos recogidos durante el proceso de pedido se procesan para cumplir el contrato. Encontrar\u00e1 m\u00e1s informaci\u00f3n, en particular sobre la transferencia de datos a terceros, en la secci\u00f3n <a href=\"https:\/\/clone.antcube.shop\/en\/privacy-policy\/\">pol\u00edtica de privacidad<\/a> en nuestro sitio web.<\/span><\/p>\n<h2><b>\u00a7 12 Disposiciones finales y resoluci\u00f3n de litigios<\/b><\/h2>\n<p><span style=\"font-weight: 400;\">(1) Se aplicar\u00e1 la legislaci\u00f3n de la Rep\u00fablica Federal de Alemania. Para los consumidores, esto s\u00f3lo se aplicar\u00e1 en la medida en que la protecci\u00f3n concedida no est\u00e9 restringida por disposiciones imperativas del pa\u00eds en el que el consumidor tenga su residencia habitual. No se aplicar\u00e1n las disposiciones de la Convenci\u00f3n de las Naciones Unidas sobre los Contratos de Compraventa Internacional de Mercader\u00edas. \u00a7 Art\u00edculo 16 p\u00e1rr. 14 frase 2 n\u00ba 6 TDSG no se ve afectado.<\/span><\/p>\n<p><span style=\"font-weight: 400;\">(2) La Comisi\u00f3n Europea ofrece una plataforma para la resoluci\u00f3n de litigios en l\u00ednea (OS), a la que se puede acceder en https:\/\/ec.europa.eu\/consumers\/odr. Nuestra direcci\u00f3n de correo electr\u00f3nico es: law@ants.de\u00a0<\/span><\/p>\n<p><a href=\"https:\/\/clone.antcube.shop\/en\/shipping-costs-delivery-restrictions\/\"><b>Gastos de env\u00edo\/condiciones de env\u00edo<\/b><\/a><\/p>\n<p><a href=\"https:\/\/clone.antcube.shop\/en\/privacy-policy\/\"><b>Pol\u00edtica de privacidad<\/b><\/a><\/p>\n<p><a href=\"https:\/\/clone.antcube.shop\/en\/payment-methods-and-conditions\/\"><b>Formas de pago<\/b><\/a><\/p>\n<p><a href=\"https:\/\/clone.antcube.shop\/en\/refund-policy\/\"><b>Derecho de anulaci\u00f3n<\/b><\/a><\/p>\n\n\t\t<\/div>\n\t\t\t\t\t<\/div>\n\n\t\n\n<\/div>","protected":false},"excerpt":{"rendered":"","protected":false},"author":1,"featured_media":0,"parent":0,"menu_order":0,"comment_status":"closed","ping_status":"closed","template":"","meta":{"_acf_changed":false,"content-type":"","_monsterinsights_skip_tracking":false,"_monsterinsights_sitenote_active":false,"_monsterinsights_sitenote_note":"","_monsterinsights_sitenote_category":0,"footnotes":""},"class_list":["post-500","page","type-page","status-publish","hentry"],"acf":[],"aioseo_notices":[],"jetpack_sharing_enabled":true,"_links":{"self":[{"href":"https:\/\/clone.antcube.shop\/es\/wp-json\/wp\/v2\/pages\/500","targetHints":{"allow":["GET"]}}],"collection":[{"href":"https:\/\/clone.antcube.shop\/es\/wp-json\/wp\/v2\/pages"}],"about":[{"href":"https:\/\/clone.antcube.shop\/es\/wp-json\/wp\/v2\/types\/page"}],"author":[{"embeddable":true,"href":"https:\/\/clone.antcube.shop\/es\/wp-json\/wp\/v2\/users\/1"}],"replies":[{"embeddable":true,"href":"https:\/\/clone.antcube.shop\/es\/wp-json\/wp\/v2\/comments?post=500"}],"version-history":[{"count":10,"href":"https:\/\/clone.antcube.shop\/es\/wp-json\/wp\/v2\/pages\/500\/revisions"}],"predecessor-version":[{"id":10710,"href":"https:\/\/clone.antcube.shop\/es\/wp-json\/wp\/v2\/pages\/500\/revisions\/10710"}],"wp:attachment":[{"href":"https:\/\/clone.antcube.shop\/es\/wp-json\/wp\/v2\/media?parent=500"}],"curies":[{"name":"wp","href":"https:\/\/api.w.org\/{rel}","templated":true}]}}