{"id":630,"date":"2021-07-30T13:32:17","date_gmt":"2021-07-30T11:32:17","guid":{"rendered":"https:\/\/antcube.shop\/?page_id=630"},"modified":"2025-07-23T17:23:54","modified_gmt":"2025-07-23T15:23:54","slug":"aviso-legal","status":"publish","type":"page","link":"https:\/\/clone.antcube.shop\/es\/aviso-legal\/","title":{"rendered":"Aviso legal"},"content":{"rendered":"<div id=\"gap-433555964\" class=\"gap-element clearfix\" style=\"display:block; height:auto;\">\n\t\t\n<style>\n#gap-433555964 {\n  padding-top: 199px;\n}\n@media (min-width:850px) {\n  #gap-433555964 {\n    padding-top: 190px;\n  }\n}\n<\/style>\n\t<\/div>\n\t\n\n<div class=\"row\"  id=\"row-1432633264\">\n\n\n\t<div id=\"col-1222292636\" class=\"col small-12 large-12\"  >\n\t\t\t\t<div class=\"col-inner\"  >\n\t\t\t\n\t\t\t\n\n<h1>Aviso legal<\/h1>\n<p><strong>ANTCUBE de <\/strong><b>ANTSTORE, Martin Sebesta<\/b><b><br \/><\/b><span style=\"font-weight: 400;\">Selerweg 41<\/span><span style=\"font-weight: 400;\"><br \/><\/span><span style=\"font-weight: 400;\">D-12169 Berl\u00edn<\/span><\/p>\n<p><b>Contacte con<\/b><b><br \/><\/b><span style=\"font-weight: 400;\">Tel: +49 30 439703870<\/span><span style=\"font-weight: 400;\"><br \/><\/span><span style=\"font-weight: 400;\">E-mail:law@ants.de\u00a0<\/span><\/p>\n<p><b>N\u00famero de identificaci\u00f3n fiscal: <\/b><span style=\"font-weight: 400;\">DE215167549 <\/span><span style=\"font-weight: 400;\"><br \/><\/span><b>N\u00ba de reg. RAEE <\/b><span style=\"font-weight: 400;\">DE54590387<\/span><\/p>\n<p><b>Responsable del contenido seg\u00fan \u00a7 55 Abs. 2 RStV: <\/b><b><br \/><\/b><span style=\"font-weight: 400;\">Martin Sebesta (direcci\u00f3n arriba indicada)<\/span><\/p>\n<p><b>Informaci\u00f3n sobre el uso del sitio web<\/b><b><br \/><\/b><span style=\"font-weight: 400;\">Se permite descargar o imprimir p\u00e1ginas individuales o secciones de nuestro sitio web para uso privado.<\/span><span style=\"font-weight: 400;\"><br \/><\/span><span style=\"font-weight: 400;\"> Queda prohibida la reproducci\u00f3n total o parcial, distribuci\u00f3n, transmisi\u00f3n (electr\u00f3nica o de otro tipo), modificaci\u00f3n o utilizaci\u00f3n de este sitio web con fines p\u00fablicos o comerciales sin nuestro consentimiento previo por escrito.<\/span><\/p>\n<p><b>Uso autorizado con fines no comerciales: <\/b><b><br \/><\/b><span style=\"font-weight: 400;\">El uso de las im\u00e1genes de nuestros productos para publicidad en comercios locales est\u00e1 permitido en las siguientes condiciones:<\/span><\/p>\n<ul>\n<li style=\"font-weight: 400;\" aria-level=\"1\"><span style=\"font-weight: 400;\">Todas las im\u00e1genes deben estar etiquetadas con la fuente y nuestro logotipo (ANTSTORE\/ ANTCUBE\/ PLANTCUBE). <\/span><span style=\"font-weight: 400;\"><br \/><\/span><b>Material impreso: <\/b><span style=\"font-weight: 400;\">Fuente: <\/span><a href=\"https:\/\/www.antstore.de\"><span style=\"font-weight: 400;\">www.antstore.de<\/span><span style=\"font-weight: 400;\"><br \/><\/span><\/a><b> P\u00e1ginas web: <\/b><span style=\"font-weight: 400;\">Fuente: <\/span><a href=\"https:\/\/www.antstore.de\"><span style=\"font-weight: 400;\">www.antstore.de<\/span><\/a><span style=\"font-weight: 400;\"> (con enlace a www.antstore.net\/shop\/) o <\/span><a href=\"https:\/\/www.clone.antcube.shop\"><span style=\"font-weight: 400;\">www.clone.antcube.shop<\/span><\/a><\/li>\n<\/ul>\n<p><span style=\"font-weight: 400;\">Si tiene alguna duda sobre la correcta colocaci\u00f3n del logotipo y para recibirlo como archivo digital, p\u00f3ngase en contacto con nosotros en marketing@antcube.de.<\/span><\/p>\n<p><b>Nota importante: <\/b><b><br \/><\/b><span style=\"font-weight: 400;\">Queda prohibida la utilizaci\u00f3n de nuestras im\u00e1genes en tiendas en l\u00ednea o con otros fines comerciales sin autorizaci\u00f3n por escrito.<\/span><\/p>\n<p><b>Nota sobre los enlaces del sitio web <\/b><b><br \/><\/b><span style=\"font-weight: 400;\">Nuestro sitio web contiene enlaces a sitios web externos. No aceptamos ninguna responsabilidad por el contenido de estos sitios web, ya que no tenemos ninguna influencia en su dise\u00f1o y contenido.<\/span><\/p>\n<p><span style=\"font-weight: 400;\">Declaramos expresamente que no adoptamos como propios los contenidos de sitios externos.<\/span><span style=\"font-weight: 400;\"><br \/><\/span><span style=\"font-weight: 400;\"> Los enlaces de nuestro sitio web deben entenderse como referencias \"vivas\" (din\u00e1micas).<\/span><span style=\"font-weight: 400;\"><br \/><\/span><span style=\"font-weight: 400;\"> Si determinamos que una oferta espec\u00edfica a la que hemos proporcionado un enlace desencadena responsabilidad civil o penal, eliminaremos este enlace si es t\u00e9cnicamente posible y razonable.<\/span><\/p>\n<p>Dise\u00f1o, contenido e implementaci\u00f3n t\u00e9cnica por: Janik Wiedemann<\/p>\n\n\t\t<\/div>\n\t\t\t\t\t<\/div>\n\n\t\n\n<\/div>","protected":false},"excerpt":{"rendered":"","protected":false},"author":1,"featured_media":0,"parent":0,"menu_order":0,"comment_status":"closed","ping_status":"closed","template":"","meta":{"_acf_changed":false,"content-type":"","_monsterinsights_skip_tracking":false,"_monsterinsights_sitenote_active":false,"_monsterinsights_sitenote_note":"","_monsterinsights_sitenote_category":0,"footnotes":""},"class_list":["post-630","page","type-page","status-publish","hentry"],"acf":[],"aioseo_notices":[],"jetpack_sharing_enabled":true,"_links":{"self":[{"href":"https:\/\/clone.antcube.shop\/es\/wp-json\/wp\/v2\/pages\/630","targetHints":{"allow":["GET"]}}],"collection":[{"href":"https:\/\/clone.antcube.shop\/es\/wp-json\/wp\/v2\/pages"}],"about":[{"href":"https:\/\/clone.antcube.shop\/es\/wp-json\/wp\/v2\/types\/page"}],"author":[{"embeddable":true,"href":"https:\/\/clone.antcube.shop\/es\/wp-json\/wp\/v2\/users\/1"}],"replies":[{"embeddable":true,"href":"https:\/\/clone.antcube.shop\/es\/wp-json\/wp\/v2\/comments?post=630"}],"version-history":[{"count":10,"href":"https:\/\/clone.antcube.shop\/es\/wp-json\/wp\/v2\/pages\/630\/revisions"}],"predecessor-version":[{"id":12006,"href":"https:\/\/clone.antcube.shop\/es\/wp-json\/wp\/v2\/pages\/630\/revisions\/12006"}],"wp:attachment":[{"href":"https:\/\/clone.antcube.shop\/es\/wp-json\/wp\/v2\/media?parent=630"}],"curies":[{"name":"wp","href":"https:\/\/api.w.org\/{rel}","templated":true}]}}