{"id":700,"date":"2021-08-17T10:57:40","date_gmt":"2021-08-17T08:57:40","guid":{"rendered":"https:\/\/antcube.shop\/?page_id=700"},"modified":"2026-02-09T11:09:28","modified_gmt":"2026-02-09T10:09:28","slug":"hormigueros","status":"publish","type":"page","link":"https:\/\/clone.antcube.shop\/es\/hormigueros\/","title":{"rendered":"Sobre el mantenimiento de las hormigas"},"content":{"rendered":"<div id=\"page-header-1396485122\" class=\"page-header-wrapper\">\n  <div class=\"page-title dark featured-title\">\n\n        <div class=\"page-title-bg\">\n      <div class=\"title-bg fill bg-fill\"\n        data-parallax-container=\".page-title\"\n        data-parallax-background\n data-parallax=\"-\">\n      <\/div>\n      <div class=\"title-overlay fill\"><\/div>\n    <\/div>\n    \n    <div class=\"page-title-inner container align-center flex-row medium-flex-wrap\" >\n              <div class=\"title-wrapper flex-col text-left medium-text-center\">\n          <h1 class=\"entry-title mb-0\">\n            Sobre el mantenimiento de las hormigas          <\/h1>\n        <\/div>\n                    <div class=\"title-content flex-col flex-right text-right medium-text-center\">\n        <div class=\"title-share pt-half pb-half\"><div class=\"social-icons share-icons share-row relative icon-style-outline\" ><a href=\"whatsapp:\/\/send?text=About%20ant%20keeping - https:\/\/clone.antcube.shop\/es\/hormigueros\/\" data-action=\"share\/whatsapp\/share\" class=\"icon button circle is-outline tooltip whatsapp show-for-medium\" title=\"Compartir en WhatsApp\" aria-label=\"Compartir en WhatsApp\"><i class=\"icon-whatsapp\" aria-hidden=\"true\"><\/i><\/a><a href=\"https:\/\/www.facebook.com\/sharer.php?u=https:\/\/clone.antcube.shop\/es\/hormigueros\/\" data-label=\"Facebook\" onclick=\"window.open(this.href,this.title,'width=500,height=500,top=300px,left=300px'); return false;\" target=\"_blank\" class=\"icon button circle is-outline tooltip facebook\" title=\"Compartir en Facebook\" aria-label=\"Compartir en Facebook\" rel=\"noopener nofollow\"><i class=\"icon-facebook\" aria-hidden=\"true\"><\/i><\/a><a href=\"https:\/\/twitter.com\/share?url=https:\/\/clone.antcube.shop\/es\/hormigueros\/\" onclick=\"window.open(this.href,this.title,'width=500,height=500,top=300px,left=300px'); return false;\" target=\"_blank\" class=\"icon button circle is-outline tooltip twitter\" title=\"Compartir en Twitter\" aria-label=\"Compartir en Twitter\" rel=\"noopener nofollow\"><i class=\"icon-twitter\" aria-hidden=\"true\"><\/i><\/a><a href=\"mailto:?subject=About%20ant%20keeping&body=Check%20this%20out%3A%20https%3A%2F%2Fclone.antcube.shop%2Fes%2Fhormigueros%2F\" class=\"icon button circle is-outline tooltip email\" title=\"Enviar por email\" aria-label=\"Enviar por email\" rel=\"nofollow\"><i class=\"icon-envelop\" aria-hidden=\"true\"><\/i><\/a><a href=\"https:\/\/pinterest.com\/pin\/create\/button?url=https:\/\/clone.antcube.shop\/es\/hormigueros\/&media&description=About%20ant%20keeping\" onclick=\"window.open(this.href,this.title,'width=500,height=500,top=300px,left=300px'); return false;\" target=\"_blank\" class=\"icon button circle is-outline tooltip pinterest\" title=\"Pinear en Pinterest\" aria-label=\"Pinear en Pinterest\" rel=\"noopener nofollow\"><i class=\"icon-pinterest\" aria-hidden=\"true\"><\/i><\/a><\/div><\/div>      <\/div>\n    <\/div>\n\n     \n<style>\n#page-header-1396485122 .page-title-inner {\n  min-height: 500px;\n}\n#page-header-1396485122 {\n  margin-bottom: 0px;\n}\n#page-header-1396485122 .title-bg {\n  background-image: url(https:\/\/clone.antcube.shop\/wp-content\/uploads\/2021\/08\/ant-5094995_1920.jpg);\n  background-position: 65% 56%;\n}\n#page-header-1396485122 .title-overlay {\n  background-color: rgba(255, 255, 255, 0);\n}\n@media (min-width:550px) {\n  #page-header-1396485122 .page-title-inner {\n    min-height: 500px;\n  }\n}\n<\/style>\n  <\/div>\n    <\/div>\n  \n\n\t<div id=\"gap-2047547787\" class=\"gap-element clearfix\" style=\"display:block; height:auto;\">\n\t\t\n<style>\n#gap-2047547787 {\n  padding-top: 15px;\n}\n<\/style>\n\t<\/div>\n\t\n\n<div class=\"row\"  id=\"row-2051216254\">\n\n\n\t<div id=\"col-897085655\" class=\"col medium-6 small-12 large-6\"  >\n\t\t\t\t<div class=\"col-inner\"  >\n\t\t\t\n\t\t\t\n\n<h3>\u00bfQu\u00e9 es el mantenimiento de las hormigas?<\/h3>\n<p>La cr\u00eda de hormigas es el cuidado y la observaci\u00f3n de las hormigas y las colonias de hormigas. La cr\u00eda de hormigas se ha convertido en una afici\u00f3n muy popular en los \u00faltimos a\u00f1os. Aunque el primer formicario conocido (terrario para hormigas) ya se mostr\u00f3 en la Feria Mundial de Par\u00eds alrededor de 1900, no fue hasta \"La granja de hormigas del t\u00edo Milton\", alrededor de 1956, cuando los primeros formicarios se pudieron comprar libremente.<\/p>\n<p>Desde hace algunos a\u00f1os, existen numerosos proveedores de formicarios, la mayor\u00eda de los cuales son de pl\u00e1stico. Normalmente, un formicario consta de una granja, que sirve de zona de anidaci\u00f3n para los animales, y de una arena, que se utiliza para alimentar a los animales y como zona de ejercicio.<\/p>\n\n\t\t<\/div>\n\t\t\t\t\t<\/div>\n\n\t\n\n\t<div id=\"col-541415858\" class=\"col medium-6 small-12 large-6\"  >\n\t\t\t\t<div class=\"col-inner\"  >\n\t\t\t\n\t\t\t\n\n\t<div class=\"img has-hover x md-x lg-x y md-y lg-y\" id=\"image_767952534\">\n\t\t<a class=\"image-lightbox lightbox-gallery\" title=\"\" href=\"https:\/\/i0.wp.com\/clone.antcube.shop\/wp-content\/uploads\/2021\/07\/Meranoplus-Bicolor-scaled.jpg?fit=900%2C600&#038;ssl=1\">\t\t\t\t\t\t<div class=\"img-inner image-zoom-long dark\" >\n\t\t\t<img data-recalc-dims=\"1\" loading=\"lazy\" decoding=\"async\" width=\"1020\" height=\"680\" src=\"https:\/\/i0.wp.com\/clone.antcube.shop\/wp-content\/uploads\/2021\/07\/Meranoplus-Bicolor-scaled.jpg?resize=1020%2C680&#038;ssl=1\" class=\"attachment-original size-original\" alt=\"Especie de hormiga Meranoplus bicolor sobre una hoja de helecho macro ANTSTORE ANTCUBE\" srcset=\"https:\/\/i0.wp.com\/clone.antcube.shop\/wp-content\/uploads\/2021\/07\/Meranoplus-Bicolor-scaled.jpg?w=2560&amp;ssl=1 2560w, https:\/\/i0.wp.com\/clone.antcube.shop\/wp-content\/uploads\/2021\/07\/Meranoplus-Bicolor-scaled.jpg?resize=510%2C340&amp;ssl=1 510w, https:\/\/i0.wp.com\/clone.antcube.shop\/wp-content\/uploads\/2021\/07\/Meranoplus-Bicolor-scaled.jpg?resize=600%2C400&amp;ssl=1 600w, https:\/\/i0.wp.com\/clone.antcube.shop\/wp-content\/uploads\/2021\/07\/Meranoplus-Bicolor-scaled.jpg?resize=1200%2C800&amp;ssl=1 1200w, https:\/\/i0.wp.com\/clone.antcube.shop\/wp-content\/uploads\/2021\/07\/Meranoplus-Bicolor-scaled.jpg?resize=768%2C512&amp;ssl=1 768w, https:\/\/i0.wp.com\/clone.antcube.shop\/wp-content\/uploads\/2021\/07\/Meranoplus-Bicolor-scaled.jpg?resize=1536%2C1024&amp;ssl=1 1536w, https:\/\/i0.wp.com\/clone.antcube.shop\/wp-content\/uploads\/2021\/07\/Meranoplus-Bicolor-scaled.jpg?resize=2048%2C1365&amp;ssl=1 2048w\" sizes=\"auto, (max-width: 1020px) 100vw, 1020px\" \/>\t\t\t\t\t\t\n\t\t\t\t\t<\/div>\n\t\t\t\t\t\t<\/a>\t\t\n<style>\n#image_767952534 {\n  width: 100%;\n}\n<\/style>\n\t<\/div>\n\t\n\n\t<div id=\"text-3099739956\" class=\"text\">\n\t\t\n\n<p>Meranoplus bicolor<\/p>\n\t\t\n<style>\n#text-3099739956 {\n  text-align: center;\n}\n<\/style>\n\t<\/div>\n\t\n\n\t\t<\/div>\n\t\t\t\t\t<\/div>\n\n\t\n\n<\/div>\n<div class=\"row\"  id=\"row-14279984\">\n\n\n\t<div id=\"col-306105084\" class=\"col medium-6 small-12 large-6\"  >\n\t\t\t\t<div class=\"col-inner\"  >\n\t\t\t\n\t\t\t\n\n<h3>\u00bfCu\u00e1l es la faszinaci\u00f3n que hay detr\u00e1s del mantenimiento de las hormigas?<\/h3>\n<p>Las hormigas son incre\u00edblemente fascinantes. Observar c\u00f3mo una sola reina cr\u00eda a sus primeras obreras a lo largo de varios a\u00f1os y luego ver c\u00f3mo su colonia crece hasta tener miles de miembros a lo largo de los a\u00f1os, gracias a una perfecta cooperaci\u00f3n y uso de los recursos, es una experiencia \u00fanica. Son animales extremadamente sociales y algunas especies forman diferentes castas como obreras, soldados, agricultores o incluso enfermeras. Y adivina qu\u00e9, todas son hembras.<\/p>\n<p>Las hormigas son incre\u00edblemente importantes para nuestro entorno. No s\u00f3lo est\u00e1n presentes en todos los ecosistemas habitables del mundo, sino que est\u00e1n m\u00e1s especializadas y son m\u00e1s vers\u00e1tiles que cualquier otra especie. Las hormigas tambi\u00e9n se parecen a nosotros en su forma de vida. La divisi\u00f3n del trabajo, la convivencia en grandes colonias en un espacio reducido y el uso de los distintos niveles de la cadena alimentaria en todos los ecosistemas hacen que tengan tanto \u00e9xito, como nosotros los humanos. La \u00fanica diferencia es que nosotros no somos ni de lejos tan eficientes y que las hormigas existen desde hace m\u00e1s de 130 millones de a\u00f1os, mientras que los humanos s\u00f3lo existen desde hace unos 300.000.<\/p>\n<p>\u00a0<\/p>\n<p>Para ayudarte a decidir qu\u00e9 especies de hormigas quieres conservar, puedes utilizar nuestro <a href=\"https:\/\/clone.antcube.shop\/ant-finder\/\">&#8220;<strong>Buscador de hormigas<\/strong>&#8220;<\/a><\/p>\n\n\t\t<\/div>\n\t\t\t\t\t<\/div>\n\n\t\n\n\t<div id=\"col-1775303258\" class=\"col medium-6 small-12 large-6\"  >\n\t\t\t\t<div class=\"col-inner\"  >\n\t\t\t\n\t\t\t\n\n\t<div class=\"img has-hover x md-x lg-x y md-y lg-y\" id=\"image_1059328386\">\n\t\t<a class=\"image-lightbox lightbox-gallery\" title=\"\" href=\"https:\/\/i0.wp.com\/clone.antcube.shop\/wp-content\/uploads\/2021\/07\/Camponotus-micans-Startbild.jpg?fit=800%2C600&#038;ssl=1\">\t\t\t\t\t\t<div class=\"img-inner image-zoom-long dark\" >\n\t\t\t<img data-recalc-dims=\"1\" loading=\"lazy\" decoding=\"async\" width=\"1020\" height=\"765\" src=\"https:\/\/i0.wp.com\/clone.antcube.shop\/wp-content\/uploads\/2021\/07\/Camponotus-micans-Startbild.jpg?resize=1020%2C765&#038;ssl=1\" class=\"attachment-original size-original\" alt=\"Camponotus micans hormiga reina con cr\u00eda y obreras macro sobre fondo blanco\" srcset=\"https:\/\/i0.wp.com\/clone.antcube.shop\/wp-content\/uploads\/2021\/07\/Camponotus-micans-Startbild.jpg?w=2048&amp;ssl=1 2048w, https:\/\/i0.wp.com\/clone.antcube.shop\/wp-content\/uploads\/2021\/07\/Camponotus-micans-Startbild.jpg?resize=510%2C383&amp;ssl=1 510w, https:\/\/i0.wp.com\/clone.antcube.shop\/wp-content\/uploads\/2021\/07\/Camponotus-micans-Startbild.jpg?resize=533%2C400&amp;ssl=1 533w, https:\/\/i0.wp.com\/clone.antcube.shop\/wp-content\/uploads\/2021\/07\/Camponotus-micans-Startbild.jpg?resize=1067%2C800&amp;ssl=1 1067w, https:\/\/i0.wp.com\/clone.antcube.shop\/wp-content\/uploads\/2021\/07\/Camponotus-micans-Startbild.jpg?resize=768%2C576&amp;ssl=1 768w, https:\/\/i0.wp.com\/clone.antcube.shop\/wp-content\/uploads\/2021\/07\/Camponotus-micans-Startbild.jpg?resize=1536%2C1152&amp;ssl=1 1536w\" sizes=\"auto, (max-width: 1020px) 100vw, 1020px\" \/>\t\t\t\t\t\t\n\t\t\t\t\t<\/div>\n\t\t\t\t\t\t<\/a>\t\t\n<style>\n#image_1059328386 {\n  width: 100%;\n}\n<\/style>\n\t<\/div>\n\t\n\n\t<div id=\"text-1789719213\" class=\"text\">\n\t\t\n\n<p>Camponotus micans<\/p>\n\t\t\n<style>\n#text-1789719213 {\n  text-align: center;\n}\n<\/style>\n\t<\/div>\n\t\n\n\t\t<\/div>\n\t\t\t\t\t<\/div>\n\n\t\n\n<\/div>\n<div class=\"row\"  id=\"row-936200367\">\n\n\n\t<div id=\"col-1815285507\" class=\"col medium-6 small-12 large-6\"  >\n\t\t\t\t<div class=\"col-inner\"  >\n\t\t\t\n\t\t\t\n\n<h3>\u00bfQu\u00e9 tipo de Formicarium necesito?<\/h3>\n<p>Como las hormigas se encuentran en casi todos los ecosistemas, sus necesidades de mantenimiento tambi\u00e9n son diferentes. Hay hormigas en nuestras ciudades, en los bosques, en los desiertos, en las monta\u00f1as, en las regiones tropicales e incluso en los manglares y en las regiones sub\u00e1rticas.<\/p>\n<p>Al igual que los h\u00e1bitats habitados son diferentes, tambi\u00e9n lo son los tipos de nido. La forma de nido m\u00e1s com\u00fan es la del suelo. Otras especies viven, por ejemplo, en madera muerta, en cavidades de \u00e1rboles y entre piedras, en nidos de mont\u00edculos o en las llamadas plantas de hormigas. Otros tipos de nidos menos comunes son los nidos de vivac de las hormigas buscadoras, los nidos de seda de las hormigas tejedoras o los nidos de cart\u00f3n de Lasisus fuliginosus.<\/p>\n<p>Para mantener a las hormigas con \u00e9xito, se ha demostrado que hay que imitar las condiciones naturales lo m\u00e1s posible. Por lo tanto, hemos estado experimentando con diferentes materiales y combinaciones de \u00e1reas de nido y arena durante mucho tiempo y hemos desarrollado un set de inicio para todas las especies de hormigas disponibles comercialmente.<\/p>\n<p>\u00a0<\/p>\n<p>Para encontrar el set de iniciaci\u00f3n que mejor se adapte a la especie de hormiga que desea mantener, utilice, por ejemplo, nuestro \"<strong><a href=\"https:\/\/clone.antcube.shop\/formicarium-finder\/\">Buscador de juegos de iniciaci\u00f3n<\/a><\/strong>&#8221;\u00a0<\/p>\n\n\t\t<\/div>\n\t\t\t\t\t<\/div>\n\n\t\n\n\t<div id=\"col-1814434601\" class=\"col medium-6 small-12 large-6\"  >\n\t\t\t\t<div class=\"col-inner\"  >\n\t\t\t\n\t\t\t\n\n\t<div class=\"img has-hover x md-x lg-x y md-y lg-y\" id=\"image_1680082804\">\n\t\t\t\t\t\t<div data-animate=\"fadeInUp\">\t\t<div class=\"img-inner image-zoom-long dark\" >\n\t\t\t<img data-recalc-dims=\"1\" loading=\"lazy\" decoding=\"async\" width=\"1020\" height=\"1020\" src=\"https:\/\/i0.wp.com\/clone.antcube.shop\/wp-content\/uploads\/2021\/07\/Starter-Set-Combi.jpg?resize=1020%2C1020&#038;ssl=1\" class=\"attachment-original size-original\" alt=\"ANTCUBE Starter Set Combi un comienzo econ\u00f3mico en la cr\u00eda de hormigas. Este Set incluye una Arena con zona de nido integrada para la colonia de hormigas\" srcset=\"https:\/\/i0.wp.com\/clone.antcube.shop\/wp-content\/uploads\/2021\/07\/Starter-Set-Combi.jpg?w=2000&amp;ssl=1 2000w, https:\/\/i0.wp.com\/clone.antcube.shop\/wp-content\/uploads\/2021\/07\/Starter-Set-Combi.jpg?resize=247%2C247&amp;ssl=1 247w, https:\/\/i0.wp.com\/clone.antcube.shop\/wp-content\/uploads\/2021\/07\/Starter-Set-Combi.jpg?resize=100%2C100&amp;ssl=1 100w, https:\/\/i0.wp.com\/clone.antcube.shop\/wp-content\/uploads\/2021\/07\/Starter-Set-Combi.jpg?resize=510%2C510&amp;ssl=1 510w, https:\/\/i0.wp.com\/clone.antcube.shop\/wp-content\/uploads\/2021\/07\/Starter-Set-Combi.jpg?resize=400%2C400&amp;ssl=1 400w, https:\/\/i0.wp.com\/clone.antcube.shop\/wp-content\/uploads\/2021\/07\/Starter-Set-Combi.jpg?resize=800%2C800&amp;ssl=1 800w, https:\/\/i0.wp.com\/clone.antcube.shop\/wp-content\/uploads\/2021\/07\/Starter-Set-Combi.jpg?resize=280%2C280&amp;ssl=1 280w, https:\/\/i0.wp.com\/clone.antcube.shop\/wp-content\/uploads\/2021\/07\/Starter-Set-Combi.jpg?resize=768%2C768&amp;ssl=1 768w, https:\/\/i0.wp.com\/clone.antcube.shop\/wp-content\/uploads\/2021\/07\/Starter-Set-Combi.jpg?resize=1536%2C1536&amp;ssl=1 1536w\" sizes=\"auto, (max-width: 1020px) 100vw, 1020px\" \/>\t\t\t\t\t\t\n\t\t\t\t\t<\/div>\n\t\t<\/div>\t\t\t\t\t\t\n<style>\n#image_1680082804 {\n  width: 100%;\n}\n<\/style>\n\t<\/div>\n\t\n\n\n\t\t<\/div>\n\t\t\t\t\t<\/div>\n\n\t\n\n<\/div>","protected":false},"excerpt":{"rendered":"","protected":false},"author":1,"featured_media":0,"parent":0,"menu_order":0,"comment_status":"closed","ping_status":"closed","template":"","meta":{"_acf_changed":false,"content-type":"","_monsterinsights_skip_tracking":false,"_monsterinsights_sitenote_active":false,"_monsterinsights_sitenote_note":"","_monsterinsights_sitenote_category":0,"footnotes":""},"class_list":["post-700","page","type-page","status-publish","hentry"],"acf":[],"aioseo_notices":[],"jetpack_sharing_enabled":true,"_links":{"self":[{"href":"https:\/\/clone.antcube.shop\/es\/wp-json\/wp\/v2\/pages\/700","targetHints":{"allow":["GET"]}}],"collection":[{"href":"https:\/\/clone.antcube.shop\/es\/wp-json\/wp\/v2\/pages"}],"about":[{"href":"https:\/\/clone.antcube.shop\/es\/wp-json\/wp\/v2\/types\/page"}],"author":[{"embeddable":true,"href":"https:\/\/clone.antcube.shop\/es\/wp-json\/wp\/v2\/users\/1"}],"replies":[{"embeddable":true,"href":"https:\/\/clone.antcube.shop\/es\/wp-json\/wp\/v2\/comments?post=700"}],"version-history":[{"count":10,"href":"https:\/\/clone.antcube.shop\/es\/wp-json\/wp\/v2\/pages\/700\/revisions"}],"predecessor-version":[{"id":7096,"href":"https:\/\/clone.antcube.shop\/es\/wp-json\/wp\/v2\/pages\/700\/revisions\/7096"}],"wp:attachment":[{"href":"https:\/\/clone.antcube.shop\/es\/wp-json\/wp\/v2\/media?parent=700"}],"curies":[{"name":"wp","href":"https:\/\/api.w.org\/{rel}","templated":true}]}}