{"id":727,"date":"2021-08-17T11:06:10","date_gmt":"2021-08-17T09:06:10","guid":{"rendered":"https:\/\/antcube.shop\/?page_id=727"},"modified":"2023-12-14T13:35:17","modified_gmt":"2023-12-14T12:35:17","slug":"formicarium-finder","status":"publish","type":"page","link":"https:\/\/clone.antcube.shop\/es\/formicarium-finder\/","title":{"rendered":"Encuentre su Formicarium"},"content":{"rendered":"<div id=\"gap-1960642224\" class=\"gap-element clearfix\" style=\"display:block; height:auto;\">\n\t\t\n<style>\n#gap-1960642224 {\n  padding-top: 201px;\n}\n@media (min-width:550px) {\n  #gap-1960642224 {\n    padding-top: 201px;\n  }\n}\n@media (min-width:850px) {\n  #gap-1960642224 {\n    padding-top: 165px;\n  }\n}\n<\/style>\n\t<\/div>\n\t\n\n<div class=\"row\"  id=\"row-1151558931\">\n\n\n\t<div id=\"col-2030626617\" class=\"col small-12 large-12\"  >\n\t\t\t\t<div class=\"col-inner\"  >\n\t\t\t\n\t\t\t\n\n\t<div id=\"text-200095384\" class=\"text\">\n\t\t\n\n<h3>Buscador\/Configurador de Formicarios ANTCUBE<\/h3>\n<h1>Encuentre el formicario perfecto para su colonia de hormigas<\/h1>\n<p>Para ayudarle a decidir qu\u00e9 tipo de formicario debe utilizar para la especie de hormiga que desea mantener, puede utilizar nuestro \"Buscador de formicarios\". Esto le guiar\u00e1 a trav\u00e9s de diferentes pasos y le conducir\u00e1 al set de inicio m\u00e1s adecuado.\u00a0<\/p>\n<p>\u00a0<\/p>\n\t\t\n<style>\n#text-200095384 {\n  text-align: center;\n}\n<\/style>\n\t<\/div>\n\t\n\t<div id=\"text-1134766654\" class=\"text\">\n\t\t\n\n<p><strong>Pregunta: \u00bfPertenece su especie de hormiga deseada a uno de los siguientes g\u00e9neros?<\/strong><\/p>\n\t\t\n<style>\n#text-1134766654 {\n  font-size: 1.45rem;\n  text-align: center;\n}\n@media (min-width:550px) {\n  #text-1134766654 {\n    font-size: 1.95rem;\n  }\n}\n<\/style>\n\t<\/div>\n\t\n\n\t\t<\/div>\n\t\t\t\t\t<\/div>\n\n\t\n\n<\/div>\n<div class=\"row row-box-shadow-3\"  id=\"row-1399298633\">\n\n\n\t<div id=\"col-1929632500\" class=\"col medium-3 small-6 large-3\"  >\n\t\t\t\t<div class=\"col-inner\"  >\n\t\t\t\n\t\t\t\n\n\n  <div class=\"banner has-hover\" id=\"banner-1730126767\">\n          <div class=\"banner-inner fill\">\n        <div class=\"banner-bg fill\" >\n            <img data-recalc-dims=\"1\" loading=\"lazy\" decoding=\"async\" width=\"1020\" height=\"765\" src=\"https:\/\/i0.wp.com\/clone.antcube.shop\/wp-content\/uploads\/2021\/07\/Messor-minor-hesperius-Startbild.jpg?resize=1020%2C765&#038;ssl=1\" class=\"bg attachment-original size-original\" alt=\"Messor minor hesperius hormiga reina con macro obrera ANTSTORE ANTCUBE\" \/>                        <div class=\"overlay\"><\/div>            \n                    <\/div>\n\t\t\n        <div class=\"banner-layers container\">\n            <a class=\"fill\" href=\"https:\/\/clone.antcube.shop\/formicarium-finder\/harvester-ant-formicarium\/\"><div class=\"fill banner-link\"><\/div><\/a>            \n\n   <div id=\"text-box-372983889\" class=\"text-box banner-layer x50 md-x50 lg-x50 y0 md-y0 lg-y0 res-text\">\n                                <div class=\"text-box-content text dark text-shadow-5\">\n              \n              <div class=\"text-inner text-center\">\n                  \n\n\t<div id=\"text-520018497\" class=\"text\">\n\t\t\n\n<h5 class=\"uppercase\" data-line-height=\"xs\"><strong>Hormiga cosechadora<\/strong><\/h5>\n<h5 class=\"uppercase\" data-padding=\"10px\" data-line-height=\"xs\"><strong>Messor<\/strong><\/h5>\n\t\t\n<style>\n#text-520018497 {\n  font-size: 0.75rem;\n  color: rgb(0,0,0);\n}\n#text-520018497 > * {\n  color: rgb(0,0,0);\n}\n@media (min-width:550px) {\n  #text-520018497 {\n    font-size: 0.75rem;\n  }\n}\n@media (min-width:850px) {\n  #text-520018497 {\n    font-size: 1.15rem;\n  }\n}\n<\/style>\n\t<\/div>\n\t\n\n              <\/div>\n           <\/div>\n                            \n<style>\n#text-box-372983889 {\n  width: 100%;\n}\n#text-box-372983889 .text-box-content {\n  font-size: 100%;\n}\n<\/style>\n    <\/div>\n \n\n        <\/div>\n      <\/div>\n\n            \n<style>\n#banner-1730126767 {\n  padding-top: 99.99%;\n}\n#banner-1730126767 .overlay {\n  background-color: rgba(0, 0, 0, 0);\n}\n#banner-1730126767 .banner-bg img {\n  object-position: 40% 35%;\n}\n<\/style>\n  <\/div>\n\n\n\n\t\t<\/div>\n\t\t\t\t\t<\/div>\n\n\t\n\n\t<div id=\"col-1073448434\" class=\"col medium-3 small-6 large-3\"  >\n\t\t\t\t<div class=\"col-inner\"  >\n\t\t\t\n\t\t\t\n\n\n  <div class=\"banner has-hover\" id=\"banner-727794293\">\n          <div class=\"banner-inner fill\">\n        <div class=\"banner-bg fill\" >\n            <img data-recalc-dims=\"1\" loading=\"lazy\" decoding=\"async\" width=\"1000\" height=\"1000\" src=\"https:\/\/i0.wp.com\/clone.antcube.shop\/wp-content\/uploads\/2021\/07\/Atta-mexicana.jpg?resize=1000%2C1000&#038;ssl=1\" class=\"bg attachment-original size-original\" alt=\"Hormiga Atta mexicana con obreras y hormiga reina cortadora de hojas ANTCUBE ANTSTORE\" \/>                        <div class=\"overlay\"><\/div>            \n                    <\/div>\n\t\t\n        <div class=\"banner-layers container\">\n            <a class=\"fill\" href=\"https:\/\/clone.antcube.shop\/formicarium-finder\/leafcutter-formicarium\/\"><div class=\"fill banner-link\"><\/div><\/a>            \n\n   <div id=\"text-box-809706173\" class=\"text-box banner-layer x50 md-x50 lg-x50 y0 md-y0 lg-y0 res-text\">\n                                <div class=\"text-box-content text dark text-shadow-5\">\n              \n              <div class=\"text-inner text-center\">\n                  \n\n\t<div id=\"text-3629276194\" class=\"text\">\n\t\t\n\n<h5 class=\"uppercase\" data-line-height=\"xs\"><strong>Hormiga cortadora de hojas<\/strong><\/h5>\n<h5 data-line-height=\"xs\"><strong>Atta o Acromyrmex<\/strong><\/h5>\n\t\t\n<style>\n#text-3629276194 {\n  font-size: 0.75rem;\n  line-height: 0.75;\n  text-align: center;\n  color: rgb(0,0,0);\n}\n#text-3629276194 > * {\n  color: rgb(0,0,0);\n}\n@media (min-width:550px) {\n  #text-3629276194 {\n    font-size: 0.75rem;\n  }\n}\n@media (min-width:850px) {\n  #text-3629276194 {\n    font-size: 1.15rem;\n  }\n}\n<\/style>\n\t<\/div>\n\t\n\n              <\/div>\n           <\/div>\n                            \n<style>\n#text-box-809706173 {\n  width: 100%;\n}\n#text-box-809706173 .text-box-content {\n  font-size: 100%;\n}\n<\/style>\n    <\/div>\n \n\n        <\/div>\n      <\/div>\n\n              <div class=\"height-fix is-invisible\"><img data-recalc-dims=\"1\" loading=\"lazy\" decoding=\"async\" width=\"1000\" height=\"1000\" src=\"https:\/\/i0.wp.com\/clone.antcube.shop\/wp-content\/uploads\/2021\/07\/Atta-mexicana.jpg?resize=1000%2C1000&#038;ssl=1\" class=\"attachment-original size-original\" alt=\"Hormiga Atta mexicana con obreras y hormiga reina cortadora de hojas ANTCUBE ANTSTORE\" srcset=\"https:\/\/i0.wp.com\/clone.antcube.shop\/wp-content\/uploads\/2021\/07\/Atta-mexicana.jpg?w=1000&amp;ssl=1 1000w, https:\/\/i0.wp.com\/clone.antcube.shop\/wp-content\/uploads\/2021\/07\/Atta-mexicana.jpg?resize=247%2C247&amp;ssl=1 247w, https:\/\/i0.wp.com\/clone.antcube.shop\/wp-content\/uploads\/2021\/07\/Atta-mexicana.jpg?resize=100%2C100&amp;ssl=1 100w, https:\/\/i0.wp.com\/clone.antcube.shop\/wp-content\/uploads\/2021\/07\/Atta-mexicana.jpg?resize=510%2C510&amp;ssl=1 510w, https:\/\/i0.wp.com\/clone.antcube.shop\/wp-content\/uploads\/2021\/07\/Atta-mexicana.jpg?resize=400%2C400&amp;ssl=1 400w, https:\/\/i0.wp.com\/clone.antcube.shop\/wp-content\/uploads\/2021\/07\/Atta-mexicana.jpg?resize=800%2C800&amp;ssl=1 800w, https:\/\/i0.wp.com\/clone.antcube.shop\/wp-content\/uploads\/2021\/07\/Atta-mexicana.jpg?resize=280%2C280&amp;ssl=1 280w, https:\/\/i0.wp.com\/clone.antcube.shop\/wp-content\/uploads\/2021\/07\/Atta-mexicana.jpg?resize=768%2C768&amp;ssl=1 768w\" sizes=\"auto, (max-width: 1000px) 100vw, 1000px\" \/><\/div>\n            \n<style>\n#banner-727794293 .overlay {\n  background-color: rgba(0, 0, 0, 0);\n}\n#banner-727794293 .banner-bg img {\n  object-position: 48% 30%;\n}\n<\/style>\n  <\/div>\n\n\n\n\t\t<\/div>\n\t\t\t\t\t<\/div>\n\n\t\n\n\t<div id=\"col-387202932\" class=\"col medium-3 small-6 large-3\"  >\n\t\t\t\t<div class=\"col-inner\"  >\n\t\t\t\n\t\t\t\n\n\n  <div class=\"banner has-hover\" id=\"banner-978979497\">\n          <div class=\"banner-inner fill\">\n        <div class=\"banner-bg fill\" >\n            <img data-recalc-dims=\"1\" loading=\"lazy\" decoding=\"async\" width=\"1000\" height=\"1000\" src=\"https:\/\/i0.wp.com\/clone.antcube.shop\/wp-content\/uploads\/2021\/07\/Oecophylla-smaragdina-1.jpg?resize=1000%2C1000&#038;ssl=1\" class=\"bg attachment-original size-original\" alt=\"Oecophylla smaragdina hormiga reina con obrera y pupa macro sobre fondo blanco ANTSTORE ANTCUBE\" \/>                        <div class=\"overlay\"><\/div>            \n                    <\/div>\n\t\t\n        <div class=\"banner-layers container\">\n            <a class=\"fill\" href=\"https:\/\/clone.antcube.shop\/formicarium-finder\/weaver-ant-formicarium\/\"><div class=\"fill banner-link\"><\/div><\/a>            \n\n   <div id=\"text-box-1885336305\" class=\"text-box banner-layer x0 md-x0 lg-x0 y0 md-y0 lg-y0 res-text\">\n                                <div class=\"text-box-content text dark text-shadow-5\">\n              \n              <div class=\"text-inner text-center\">\n                  \n\n\t<div id=\"text-1424478744\" class=\"text\">\n\t\t\n\n<h5 class=\"uppercase\" data-line-height=\"xs\"><strong>Hormiga tejedora<\/strong><\/h5>\n<p data-line-height=\"xs\"><strong>Oecophylla o Polyrhachis<\/strong><\/p>\n\t\t\n<style>\n#text-1424478744 {\n  font-size: 0.75rem;\n  color: rgb(0,0,0);\n}\n#text-1424478744 > * {\n  color: rgb(0,0,0);\n}\n@media (min-width:550px) {\n  #text-1424478744 {\n    font-size: 0.75rem;\n  }\n}\n@media (min-width:850px) {\n  #text-1424478744 {\n    font-size: 1.15rem;\n  }\n}\n<\/style>\n\t<\/div>\n\t\n\n              <\/div>\n           <\/div>\n                            \n<style>\n#text-box-1885336305 {\n  width: 96%;\n}\n#text-box-1885336305 .text-box-content {\n  font-size: 100%;\n}\n<\/style>\n    <\/div>\n \n\n        <\/div>\n      <\/div>\n\n              <div class=\"height-fix is-invisible\"><img data-recalc-dims=\"1\" loading=\"lazy\" decoding=\"async\" width=\"1000\" height=\"1000\" src=\"https:\/\/i0.wp.com\/clone.antcube.shop\/wp-content\/uploads\/2021\/07\/Oecophylla-smaragdina-1.jpg?resize=1000%2C1000&#038;ssl=1\" class=\"attachment-original size-original\" alt=\"Oecophylla smaragdina hormiga reina con obrera y pupa macro sobre fondo blanco ANTSTORE ANTCUBE\" srcset=\"https:\/\/i0.wp.com\/clone.antcube.shop\/wp-content\/uploads\/2021\/07\/Oecophylla-smaragdina-1.jpg?w=1000&amp;ssl=1 1000w, https:\/\/i0.wp.com\/clone.antcube.shop\/wp-content\/uploads\/2021\/07\/Oecophylla-smaragdina-1.jpg?resize=247%2C247&amp;ssl=1 247w, https:\/\/i0.wp.com\/clone.antcube.shop\/wp-content\/uploads\/2021\/07\/Oecophylla-smaragdina-1.jpg?resize=100%2C100&amp;ssl=1 100w, https:\/\/i0.wp.com\/clone.antcube.shop\/wp-content\/uploads\/2021\/07\/Oecophylla-smaragdina-1.jpg?resize=510%2C510&amp;ssl=1 510w, https:\/\/i0.wp.com\/clone.antcube.shop\/wp-content\/uploads\/2021\/07\/Oecophylla-smaragdina-1.jpg?resize=400%2C400&amp;ssl=1 400w, https:\/\/i0.wp.com\/clone.antcube.shop\/wp-content\/uploads\/2021\/07\/Oecophylla-smaragdina-1.jpg?resize=800%2C800&amp;ssl=1 800w, https:\/\/i0.wp.com\/clone.antcube.shop\/wp-content\/uploads\/2021\/07\/Oecophylla-smaragdina-1.jpg?resize=280%2C280&amp;ssl=1 280w, https:\/\/i0.wp.com\/clone.antcube.shop\/wp-content\/uploads\/2021\/07\/Oecophylla-smaragdina-1.jpg?resize=768%2C768&amp;ssl=1 768w\" sizes=\"auto, (max-width: 1000px) 100vw, 1000px\" \/><\/div>\n            \n<style>\n#banner-978979497 .overlay {\n  background-color: rgba(0, 0, 0, 0);\n}\n#banner-978979497 .banner-bg img {\n  object-position: 48% 53%;\n}\n<\/style>\n  <\/div>\n\n\n\n\t\t<\/div>\n\t\t\t\t\t<\/div>\n\n\t\n\n\t<div id=\"col-1702560102\" class=\"col medium-3 small-6 large-3\"  >\n\t\t\t\t<div class=\"col-inner\"  >\n\t\t\t\n\t\t\t\n\n\n  <div class=\"banner has-hover\" id=\"banner-711336670\">\n          <div class=\"banner-inner fill\">\n        <div class=\"banner-bg fill\" >\n            <img data-recalc-dims=\"1\" loading=\"lazy\" decoding=\"async\" width=\"1020\" height=\"765\" src=\"https:\/\/i0.wp.com\/clone.antcube.shop\/wp-content\/uploads\/2021\/07\/Lasius-brunneus-Startbild.jpg?resize=1020%2C765&#038;ssl=1\" class=\"bg attachment-original size-original\" alt=\"Lasius brunneus hormiga reina con obreras macro sobre fondo blanco ANTSTORE ANTCUBE\" \/>                        <div class=\"overlay\"><\/div>            \n                    <\/div>\n\t\t\n        <div class=\"banner-layers container\">\n            <a class=\"fill\" href=\"https:\/\/clone.antcube.shop\/formicarium-finder\/nest-type\/\"><div class=\"fill banner-link\"><\/div><\/a>            \n\n   <div id=\"text-box-983142311\" class=\"text-box banner-layer x0 md-x0 lg-x0 y0 md-y0 lg-y0 res-text\">\n                                <div class=\"text-box-content text dark text-shadow-5\">\n              \n              <div class=\"text-inner text-center\">\n                  \n\n\t<div id=\"text-3281477681\" class=\"text\">\n\t\t\n\n<h5 class=\"uppercase\" data-line-height=\"xs\"><strong>Ninguno de estos g\u00e9neros<\/strong><\/h5>\n<p>\u00a0<\/p>\n\t\t\n<style>\n#text-3281477681 {\n  font-size: 0.75rem;\n  color: rgb(0,0,0);\n}\n#text-3281477681 > * {\n  color: rgb(0,0,0);\n}\n@media (min-width:550px) {\n  #text-3281477681 {\n    font-size: 0.9rem;\n  }\n}\n@media (min-width:850px) {\n  #text-3281477681 {\n    font-size: 1.15rem;\n  }\n}\n<\/style>\n\t<\/div>\n\t\n\n              <\/div>\n           <\/div>\n                            \n<style>\n#text-box-983142311 {\n  width: 100%;\n}\n#text-box-983142311 .text-box-content {\n  font-size: 100%;\n}\n<\/style>\n    <\/div>\n \n\n        <\/div>\n      <\/div>\n\n            \n<style>\n#banner-711336670 {\n  padding-top: 99.99%;\n}\n#banner-711336670 .overlay {\n  background-color: rgba(0, 0, 0, 0);\n}\n#banner-711336670 .banner-bg img {\n  object-position: 21% 59%;\n}\n<\/style>\n  <\/div>\n\n\n\n\t\t<\/div>\n\t\t\t\t\t<\/div>\n\n\t\n\n<\/div>","protected":false},"excerpt":{"rendered":"","protected":false},"author":1,"featured_media":0,"parent":0,"menu_order":0,"comment_status":"closed","ping_status":"closed","template":"","meta":{"_acf_changed":false,"content-type":"","_monsterinsights_skip_tracking":false,"_monsterinsights_sitenote_active":false,"_monsterinsights_sitenote_note":"","_monsterinsights_sitenote_category":0,"footnotes":""},"class_list":["post-727","page","type-page","status-publish","hentry"],"acf":[],"aioseo_notices":[],"jetpack_sharing_enabled":true,"_links":{"self":[{"href":"https:\/\/clone.antcube.shop\/es\/wp-json\/wp\/v2\/pages\/727","targetHints":{"allow":["GET"]}}],"collection":[{"href":"https:\/\/clone.antcube.shop\/es\/wp-json\/wp\/v2\/pages"}],"about":[{"href":"https:\/\/clone.antcube.shop\/es\/wp-json\/wp\/v2\/types\/page"}],"author":[{"embeddable":true,"href":"https:\/\/clone.antcube.shop\/es\/wp-json\/wp\/v2\/users\/1"}],"replies":[{"embeddable":true,"href":"https:\/\/clone.antcube.shop\/es\/wp-json\/wp\/v2\/comments?post=727"}],"version-history":[{"count":10,"href":"https:\/\/clone.antcube.shop\/es\/wp-json\/wp\/v2\/pages\/727\/revisions"}],"predecessor-version":[{"id":6799,"href":"https:\/\/clone.antcube.shop\/es\/wp-json\/wp\/v2\/pages\/727\/revisions\/6799"}],"wp:attachment":[{"href":"https:\/\/clone.antcube.shop\/es\/wp-json\/wp\/v2\/media?parent=727"}],"curies":[{"name":"wp","href":"https:\/\/api.w.org\/{rel}","templated":true}]}}