{"id":6737,"date":"2023-12-12T15:03:25","date_gmt":"2023-12-12T14:03:25","guid":{"rendered":"https:\/\/antcube.shop\/product\/antcube-starter-set-fur-weberameisen-gros\/"},"modified":"2026-01-12T12:38:07","modified_gmt":"2026-01-12T11:38:07","slug":"set-de-iniciacion-para-hormigas-tejedoras-grandes","status":"publish","type":"product","link":"https:\/\/clone.antcube.shop\/es\/producto\/set-de-iniciacion-para-hormigas-tejedoras-grandes\/","title":{"rendered":"ANTCUBE - Set de iniciaci\u00f3n para hormigas tejedoras - grande"},"content":{"rendered":"<p><span data-text-color=\"alert\"><strong>Env\u00edo s\u00f3lo posible mediante reenv\u00edo en paleta.<\/strong><\/span><\/p>\n<p><strong>Contenido:<\/strong><br \/>\n1x Honeydew Mix (HT) - Recarga 10ml<br \/>\n1x Grillos enteros escaldados<\/p>\n<p>1x ANTCUBE Arena 30x30x60 con puerta corredera<br \/>\n1x marco hormiguero 30\u00d730 - 5cm<br \/>\n1x cubierta de hormigueros 30\u00d730<br \/>\n1x punto de fijaci\u00f3n para cubierta de arena (4 uds.)<\/p>\n<p>1x marco para puerta corredera<br \/>\nPulverizador de botella de 0,5 litros - boquilla de lat\u00f3n<br \/>\n1x Fotomural - selva tropical - 30\u00d760 - alto<br \/>\n1x Formicarium base 30\u00d730 cm<\/p>\n<p>1x sustrato rainforest 1 kg<br \/>\n2x tap\u00f3n Formicarium para agujero de 50mm<br \/>\n3x insertos de rejilla - 50mm - acero inoxidable<br \/>\nMini termohigr\u00f3metro digital - blanco - autoadhesivo<br \/>\n1x pinzas de acero para muelles anchas - suaves<br \/>\n1x Pinzas de pl\u00e1stico est\u00e1ndar<br \/>\n1x Aceite protector contra brotes de hormigas<br \/>\n1x bebedero transparente 20ml - esponja<br \/>\n1x bebedero 2ml - 360 grados<br \/>\n1x bol transparente 1\u00d720 - esponja<br \/>\n1x lupa de mano - 2x - 30mm<br \/>\n1x limpiador de espuma 150x18x2,5mm<\/p>\n<p><strong>Descripci\u00f3n:<\/strong><br \/>\nEste set de iniciaci\u00f3n ampliable, especial para varias especies de hormigas tejedoras como Polyrhachis spec. u Oecophylla spec. incluye no s\u00f3lo el formicario \u00f3ptimamente adaptado, sino tambi\u00e9n los accesorios apropiados para mantener esta especie de hormiga.<\/p>\n<p>La puerta corredera en la parte delantera (apertura 150x200mm) facilita el trabajo en el formicario, incluso con colonias grandes o la plantaci\u00f3n del formicario con una planta hu\u00e9sped por ejemplo Oecophylla smaragdina. Se pueden conectar formicarios adicionales a trav\u00e9s de los dos orificios laterales de 50 mm. Los insertos de rejilla de acero inoxidable proporcionan una buena ventilaci\u00f3n y son resistentes a los impactos mec\u00e1nicos. El term\u00f3metro e higr\u00f3metro del interior del sistema es absolutamente seguro para ni\u00f1os y mascotas y permite controlar f\u00e1cilmente los valores clim\u00e1ticos. En caso necesario, se puede aumentar la humedad con el pulverizador. El bebedero transparente de 20 ml - esponja est\u00e1 destinado al suministro de agua fresca, el bebedero de 2 ml - 360 grados para miel o soluci\u00f3n azucarada.<\/p>\n<p><strong>Es importante:<\/strong> Por favor, humedezca el sustrato antes de usarlo, para que la mezcla pueda combinarse y desarrollarse firmemente en el hormiguero. Adem\u00e1s, un sustrato demasiado seco y polvoriento puede provocar la obstrucci\u00f3n de las v\u00edas respiratorias de las hormigas y, en el peor de los casos, la asfixia de los animales.<\/p>\n<p><strong>Nota importante sobre el marco de la puerta corredera:<\/strong><br \/>\nEl marco puede fijarse f\u00e1cilmente a los tornillos fijados a los carriles de la puerta corredera. Para ello, afloje con cuidado <strong>s\u00f3lo<\/strong> las tuercas del interior. Se necesita un destornillador Phillips peque\u00f1o (de estrella). Monte el marco y cu\u00e9lguelo por dentro de los tornillos. A continuaci\u00f3n, vuelva a colocar con cuidado las tuercas y <strong>en ning\u00fan caso gire con demasiada fuerza,<\/strong> de lo contrario, el cristal podr\u00eda resultar da\u00f1ado.<\/p>\n<p><strong>Notas sobre la producci\u00f3n<\/strong><br \/>\nEl cristal se corta seg\u00fan la norma DIN 1249 con una tolerancia de +\/- 1 mm. Para especies de hormigas extremadamente peque\u00f1as, es necesaria una protecci\u00f3n adicional contra la rotura.<\/p>\n<p><strong>Nota sobre el melazo:<\/strong><br \/>\nContenido: 10 ml<br \/>\nSe trata de un producto natural, que hemos refinado tras exhaustivas pruebas en nuestro laboratorio y convertido en un alimento muy bien aceptado por las hormigas. La raz\u00f3n es que la miel de mielada sin procesar en su forma original concentrada no es bien aceptada por las hormigas y su metabolismo.<br \/>\nNuestro melazo se recolecta en los impolutos bosques de monta\u00f1a de Bulgaria. El melazo s\u00f3lo se produce en un periodo muy limitado, de unos dos meses en verano. Por lo tanto, es muy escaso. Debido a las caracter\u00edsticas espec\u00edficas del suelo de los bosques y al clima, en las hojas de los \u00e1rboles se almacenaron nutrientes existencialmente importantes, que son absorbidos por los pulgones. Esto es lo que hace que esta mezcla de melaza sea tan deseable para las hormigas.<\/p>\n<p><strong>Aplicaci\u00f3n:<\/strong><br \/>\nLa cantidad de comida debe consumirse en unos 3 d\u00edas.<\/p>\n<p><strong>Descripci\u00f3n:<\/strong><br \/>\nLa melaza, a diferencia de la miel de flores, procede de las secreciones de insectos chupadores de plantas, como los pulgones. El melazo es la fuente de alimento favorita de muchos insectos, como hormigas, abejas e incluso abejorros. Las abejas y los abejorros lo lamen de hojas o ac\u00edculas de distintos \u00e1rboles. Las hormigas, como Lasius niger, se alimentan regularmente de los pulgones. Incluso los defienden de los depredadores y los transportan a los brotes frescos.<\/p>\n<p>El melazo es popular entre las hormigas principalmente por sus componentes algo diferentes. Los principales az\u00facares del melazo son la sacarosa y la fructosa, pero tambi\u00e9n est\u00e1n presentes peque\u00f1as cantidades de maltosa, trehalosa, melezitosa, rafinosa y otros oligosac\u00e1ridos. Adem\u00e1s de az\u00facares y agua, el melazo tambi\u00e9n contiene amino\u00e1cidos de importancia existencial, minerales, oligoelementos, fosfatos de adenosina y otros ingredientes como vitaminas.<\/p>\n<p><strong>Usos:<\/strong><br \/>\nPara las especies de hormigas mel\u00edferas (Meliphagidae).<br \/>\nEs un alimento complementario<br \/>\nPuede ofrecerse a los animales en el estado de entrega. Dado que la humedad reduce la concentraci\u00f3n de az\u00facar e inicia un proceso de fermentaci\u00f3n, el alimento debe cambiarse cada 3 d\u00edas. Limpie a fondo el comedero\/tubo antes de reutilizarlo.<br \/>\nUn envase abierto debe utilizarse bien cerrado hasta la fecha indicada (fecha de consumo preferente).<\/p>\n<p><strong>Valores nutricionales por 100 g:<\/strong><br \/>\naprox. 2,7 % grasas<br \/>\ndel mismo saturado ca. 0,45 %<br \/>\nca 95 % hidratos de carbono<br \/>\nde az\u00facar ca. 71%<br \/>\naprox. 2,85% de prote\u00edna<br \/>\nMinerales (potasio, calcio, cobre, hierro, sodio, magnesio, f\u00f3sforo, zinc y otros oligoelementos) Amino\u00e1cidos (prolina, leucina, fenilalanina, alanina, histidina, isoleucina, \u00e1cido glut\u00e1mico, arginina, \u00e1cido asp\u00e1rtico, etc.) \u00c1cidos org\u00e1nicos Enzimas (fermentos)Aromas Inhibinas (sustancias antibacterianas) Flores Polen<\/p>\n<p><strong>Almacenamiento:<\/strong><br \/>\nPara garantizar la calidad de los piensos, \u00e9stos deben almacenarse en un lugar oscuro y seco.<\/p>\n<p><strong>Aviso:<\/strong><br \/>\nAlimento complementario para hormigas mel\u00edferas.<br \/>\nConsulte el prospecto para conocer la composici\u00f3n, los ingredientes anal\u00edticos, la fecha de consumo preferente y el n\u00famero de lote.<\/p>\n<p>L\u00ednea directa de informaci\u00f3n +49 30 439703870<\/p>\n<p><strong>Autoridad responsable de la supervisi\u00f3n veterinaria y alimentaria:<\/strong><br \/>\nOficina veterinaria de Steglitz<br \/>\nK\u00f6nigin-Luise-Str. 92<br \/>\n14195 Berl\u00edn<\/p>\n<p><strong>Nota sobre los grillos escaldados:<\/strong><br \/>\nNuestros grillos escaldados son una forma f\u00e1cil de proporcionar a sus hormigas un alimento proteico reci\u00e9n conservado sin tener que alimentarlas con insectos vivos. Los grillos incluidos (Acheta domesticus) se han escaldado suavemente para garantizar que se conservan el valor nutricional, el sabor y el aroma. Adem\u00e1s, el caparaz\u00f3n quitinoso de los insectos se ablanda de este modo, para que pueda ser digerido m\u00e1s f\u00e1cilmente. Los compuestos de las prote\u00ednas col\u00e1genas se descomponen para que las hormigas puedan utilizarlos mejor. Los Acheta domesticus en lata tienen el mismo valor nutricional que los grillos vivos, pero son m\u00e1s f\u00e1ciles de digerir.<\/p>\n<p>Los grillos escaldados no son adecuados para cazar especies de hormigas que requieren alimento vivo (por ejemplo, las ponerinas (hormigas primordiales) como Harpegnathos u Odontomachus).<\/p>\n<p><strong>Otras ventajas:<\/strong><br \/>\nGarant\u00eda de ausencia de \u00e1caros<br \/>\nPorcionable<br \/>\nEsterilizado y envasado al vac\u00edo<br \/>\nSin aditivos<br \/>\nGrillos procedentes de cr\u00eda sostenible puramente ecol\u00f3gica, alimentados con residuos org\u00e1nicos<\/p>\n<p><strong>Aviso:<\/strong><br \/>\nUna vez abierto, se conserva unos cuatro d\u00edas en el frigor\u00edfico. Se conserva m\u00e1s tiempo si se congela.<\/p>","protected":false},"excerpt":{"rendered":"<p>El juego consta de 25 piezas.<br \/>\nTalla: XL<\/p>","protected":false},"featured_media":6710,"comment_status":"open","ping_status":"closed","template":"","meta":{"_acf_changed":false,"content-type":"","_monsterinsights_skip_tracking":false,"_monsterinsights_sitenote_active":false,"_monsterinsights_sitenote_note":"","_monsterinsights_sitenote_category":0},"product_brand":[],"product_cat":[354,73],"product_tag":[],"class_list":{"0":"post-6737","1":"product","2":"type-product","3":"status-publish","4":"has-post-thumbnail","6":"product_cat-starter-sets-for-weaver-ants","7":"product_cat-starter-sets","8":"product_shipping_class-forwarding-on-pallet","10":"first","11":"instock","12":"taxable","13":"shipping-taxable","14":"purchasable","15":"product-type-simple"},"acf":[],"aioseo_notices":[],"jetpack_sharing_enabled":true,"_links":{"self":[{"href":"https:\/\/clone.antcube.shop\/es\/wp-json\/wp\/v2\/product\/6737","targetHints":{"allow":["GET"]}}],"collection":[{"href":"https:\/\/clone.antcube.shop\/es\/wp-json\/wp\/v2\/product"}],"about":[{"href":"https:\/\/clone.antcube.shop\/es\/wp-json\/wp\/v2\/types\/product"}],"replies":[{"embeddable":true,"href":"https:\/\/clone.antcube.shop\/es\/wp-json\/wp\/v2\/comments?post=6737"}],"wp:featuredmedia":[{"embeddable":true,"href":"https:\/\/clone.antcube.shop\/es\/wp-json\/wp\/v2\/media\/6710"}],"wp:attachment":[{"href":"https:\/\/clone.antcube.shop\/es\/wp-json\/wp\/v2\/media?parent=6737"}],"wp:term":[{"taxonomy":"product_brand","embeddable":true,"href":"https:\/\/clone.antcube.shop\/es\/wp-json\/wp\/v2\/product_brand?post=6737"},{"taxonomy":"product_cat","embeddable":true,"href":"https:\/\/clone.antcube.shop\/es\/wp-json\/wp\/v2\/product_cat?post=6737"},{"taxonomy":"product_tag","embeddable":true,"href":"https:\/\/clone.antcube.shop\/es\/wp-json\/wp\/v2\/product_tag?post=6737"}],"curies":[{"name":"wp","href":"https:\/\/api.w.org\/{rel}","templated":true}]}}