{"id":10604,"date":"2024-11-29T12:07:49","date_gmt":"2024-11-29T11:07:49","guid":{"rendered":"https:\/\/antcube.shop\/?page_id=10604"},"modified":"2025-10-16T12:04:26","modified_gmt":"2025-10-16T10:04:26","slug":"makseviisid-ja-tingimused","status":"publish","type":"page","link":"https:\/\/clone.antcube.shop\/et\/makseviisid-ja-tingimused\/","title":{"rendered":"Makseviisid ja -tingimused"},"content":{"rendered":"<div id=\"gap-850124838\" class=\"gap-element clearfix\" style=\"display:block; height:auto;\">\n\t\t\n<style>\n#gap-850124838 {\n  padding-top: 190px;\n}\n<\/style>\n\t<\/div>\n\t\n\n<div class=\"row\"  id=\"row-1501579416\">\n\n\n\t<div id=\"col-792048563\" class=\"col small-12 large-12\"  >\n\t\t\t\t<div class=\"col-inner\"  >\n\t\t\t\n\t\t\t\n\n<h1><b>Maksev\u00f5imalused ja tingimused meie poes<\/b><\/h1>\n<div class=\"row\"  id=\"row-57724740\">\n\n\n\t<div id=\"col-919559577\" class=\"col medium-4 small-6 large-4\"  >\n\t\t\t\t<div class=\"col-inner\"  >\n\t\t\t\n\t\t\t\n\n\t<div class=\"img has-hover x md-x lg-x y md-y lg-y\" id=\"image_29508729\">\n\t\t\t\t\t\t\t\t<div class=\"img-inner dark\" >\n\t\t\t<img data-recalc-dims=\"1\" loading=\"lazy\" decoding=\"async\" width=\"620\" height=\"200\" src=\"https:\/\/i0.wp.com\/clone.antcube.shop\/wp-content\/uploads\/2024\/11\/paypal.jpg?resize=620%2C200&#038;ssl=1\" class=\"attachment-original size-original\" alt=\"\" srcset=\"https:\/\/i0.wp.com\/clone.antcube.shop\/wp-content\/uploads\/2024\/11\/paypal.jpg?w=620&amp;ssl=1 620w, https:\/\/i0.wp.com\/clone.antcube.shop\/wp-content\/uploads\/2024\/11\/paypal.jpg?resize=18%2C6&amp;ssl=1 18w, https:\/\/i0.wp.com\/clone.antcube.shop\/wp-content\/uploads\/2024\/11\/paypal.jpg?resize=247%2C80&amp;ssl=1 247w, https:\/\/i0.wp.com\/clone.antcube.shop\/wp-content\/uploads\/2024\/11\/paypal.jpg?resize=510%2C165&amp;ssl=1 510w\" sizes=\"auto, (max-width: 620px) 100vw, 620px\" \/>\t\t\t\t\t\t\n\t\t\t\t\t<\/div>\n\t\t\t\t\t\t\t\t\n<style>\n#image_29508729 {\n  width: 100%;\n}\n<\/style>\n\t<\/div>\n\t\n\n\n\t\t<\/div>\n\t\t\t\t\t<\/div>\n\n\t\n\n\t<div id=\"col-2062326038\" class=\"col medium-4 small-6 large-4\"  >\n\t\t\t\t<div class=\"col-inner\"  >\n\t\t\t\n\t\t\t\n\n\t<div class=\"img has-hover x md-x lg-x y md-y lg-y\" id=\"image_1165753428\">\n\t\t\t\t\t\t\t\t<div class=\"img-inner dark\" >\n\t\t\t<img data-recalc-dims=\"1\" loading=\"lazy\" decoding=\"async\" width=\"620\" height=\"200\" src=\"https:\/\/i0.wp.com\/clone.antcube.shop\/wp-content\/uploads\/2024\/11\/visa-master.jpg?resize=620%2C200&#038;ssl=1\" class=\"attachment-original size-original\" alt=\"\" srcset=\"https:\/\/i0.wp.com\/clone.antcube.shop\/wp-content\/uploads\/2024\/11\/visa-master.jpg?w=620&amp;ssl=1 620w, https:\/\/i0.wp.com\/clone.antcube.shop\/wp-content\/uploads\/2024\/11\/visa-master.jpg?resize=18%2C6&amp;ssl=1 18w, https:\/\/i0.wp.com\/clone.antcube.shop\/wp-content\/uploads\/2024\/11\/visa-master.jpg?resize=247%2C80&amp;ssl=1 247w, https:\/\/i0.wp.com\/clone.antcube.shop\/wp-content\/uploads\/2024\/11\/visa-master.jpg?resize=510%2C165&amp;ssl=1 510w\" sizes=\"auto, (max-width: 620px) 100vw, 620px\" \/>\t\t\t\t\t\t\n\t\t\t\t\t<\/div>\n\t\t\t\t\t\t\t\t\n<style>\n#image_1165753428 {\n  width: 100%;\n}\n<\/style>\n\t<\/div>\n\t\n\n\n\t\t<\/div>\n\t\t\t\t\t<\/div>\n\n\t\n\n\t<div id=\"col-550116234\" class=\"col medium-4 small-6 large-4\"  >\n\t\t\t\t<div class=\"col-inner\"  >\n\t\t\t\n\t\t\t\n\n\t<div class=\"img has-hover x md-x lg-x y md-y lg-y\" id=\"image_1345391733\">\n\t\t\t\t\t\t\t\t<div class=\"img-inner dark\" >\n\t\t\t<img data-recalc-dims=\"1\" loading=\"lazy\" decoding=\"async\" width=\"620\" height=\"200\" src=\"https:\/\/i0.wp.com\/clone.antcube.shop\/wp-content\/uploads\/2024\/11\/vorkasse.jpg?resize=620%2C200&#038;ssl=1\" class=\"attachment-original size-original\" alt=\"\" srcset=\"https:\/\/i0.wp.com\/clone.antcube.shop\/wp-content\/uploads\/2024\/11\/vorkasse.jpg?w=620&amp;ssl=1 620w, https:\/\/i0.wp.com\/clone.antcube.shop\/wp-content\/uploads\/2024\/11\/vorkasse.jpg?resize=18%2C6&amp;ssl=1 18w, https:\/\/i0.wp.com\/clone.antcube.shop\/wp-content\/uploads\/2024\/11\/vorkasse.jpg?resize=247%2C80&amp;ssl=1 247w, https:\/\/i0.wp.com\/clone.antcube.shop\/wp-content\/uploads\/2024\/11\/vorkasse.jpg?resize=510%2C165&amp;ssl=1 510w\" sizes=\"auto, (max-width: 620px) 100vw, 620px\" \/>\t\t\t\t\t\t\n\t\t\t\t\t<\/div>\n\t\t\t\t\t\t\t\t\n<style>\n#image_1345391733 {\n  width: 100%;\n}\n<\/style>\n\t<\/div>\n\t\n\n\n\t\t<\/div>\n\t\t\t\t\t<\/div>\n\n\t\n\n<\/div>\n<ol>\n<li><b>maksevahendid<\/b><\/li>\n<\/ol>\n<p><span style=\"font-weight: 400;\">Pakume j\u00e4rgmisi maksev\u00f5imalusi meie <\/span><b>veebipood<\/b><span style=\"font-weight: 400;\">:<\/span><\/p>\n<ul>\n<li style=\"font-weight: 400;\" aria-level=\"1\"><b>Ettemakse <\/b><span style=\"font-weight: 400;\">(makse panga\u00fclekandega)<\/span><\/li>\n<li style=\"font-weight: 400;\" aria-level=\"1\"><b>PayPal<\/b>\n<ul>\n<li style=\"font-weight: 400;\" aria-level=\"2\"><span style=\"font-weight: 400;\">Vabatahtlik: krediitkaart (Visa v\u00f5i Mastercard) ja otsekorraldus (PayPal+ teenus).<\/span><\/li>\n<\/ul>\n<\/li>\n<\/ul>\n<p><span style=\"font-weight: 400;\">Teavet andmekaitse ja tingimuste kohta leiate meie veebisaidil <\/span><a href=\"https:\/\/clone.antcube.shop\/en\/privacy-policy\/\"><b>privaatsuspoliitika <\/b><\/a><span style=\"font-weight: 400;\">v\u00f5i meie <\/span><a href=\"https:\/\/clone.antcube.shop\/en\/terms-and-conditions\/\"><b>tingimused<\/b><\/a><\/p>\n<p>\u00a0<\/p>\n<div class=\"row\"  id=\"row-1277665313\">\n\n\n\t<div id=\"col-8774536\" class=\"col medium-6 small-12 large-6\"  >\n\t\t\t\t<div class=\"col-inner\"  >\n\t\t\t\n\t\t\t\n\n<p><span style=\"font-weight: 400;\">Pakume j\u00e4rgmisi maksev\u00f5imalusi meie <\/span><b>kauplus:<\/b><\/p>\n<ul>\n<li style=\"font-weight: 400;\" aria-level=\"1\"><b>Kaardimakse PayPaliga Zettle'i kaudu <\/b><span style=\"font-weight: 400;\">(ainult poes)<\/span>\n<ul>\n<li style=\"font-weight: 400;\" aria-level=\"2\"><span style=\"font-weight: 400;\">Krediitkaart (Visa v\u00f5i Mastercard) v\u00f5i deebetkaart<\/span><\/li>\n<\/ul>\n<\/li>\n<li aria-level=\"2\"><b>Sularahas maksmine<\/b><\/li>\n<\/ul>\n\n\t\t<\/div>\n\t\t\t\t\t<\/div>\n\n\t\n\n\t<div id=\"col-829652735\" class=\"col medium-6 small-12 large-6\"  >\n\t\t\t\t<div class=\"col-inner\"  >\n\t\t\t\n\t\t\t\n\n\t<div class=\"img has-hover x md-x lg-x y md-y lg-y\" id=\"image_634377231\">\n\t\t\t\t\t\t\t\t<div class=\"img-inner dark\" >\n\t\t\t<img data-recalc-dims=\"1\" loading=\"lazy\" decoding=\"async\" width=\"946\" height=\"831\" src=\"https:\/\/i0.wp.com\/clone.antcube.shop\/wp-content\/uploads\/2024\/11\/payment-option-local.jpg?resize=946%2C831&#038;ssl=1\" class=\"attachment-original size-original\" alt=\"\" srcset=\"https:\/\/i0.wp.com\/clone.antcube.shop\/wp-content\/uploads\/2024\/11\/payment-option-local.jpg?w=946&amp;ssl=1 946w, https:\/\/i0.wp.com\/clone.antcube.shop\/wp-content\/uploads\/2024\/11\/payment-option-local.jpg?resize=455%2C400&amp;ssl=1 455w, https:\/\/i0.wp.com\/clone.antcube.shop\/wp-content\/uploads\/2024\/11\/payment-option-local.jpg?resize=683%2C600&amp;ssl=1 683w, https:\/\/i0.wp.com\/clone.antcube.shop\/wp-content\/uploads\/2024\/11\/payment-option-local.jpg?resize=768%2C675&amp;ssl=1 768w, https:\/\/i0.wp.com\/clone.antcube.shop\/wp-content\/uploads\/2024\/11\/payment-option-local.jpg?resize=14%2C12&amp;ssl=1 14w, https:\/\/i0.wp.com\/clone.antcube.shop\/wp-content\/uploads\/2024\/11\/payment-option-local.jpg?resize=247%2C217&amp;ssl=1 247w, https:\/\/i0.wp.com\/clone.antcube.shop\/wp-content\/uploads\/2024\/11\/payment-option-local.jpg?resize=510%2C448&amp;ssl=1 510w\" sizes=\"auto, (max-width: 946px) 100vw, 946px\" \/>\t\t\t\t\t\t\n\t\t\t\t\t<\/div>\n\t\t\t\t\t\t\t\t\n<style>\n#image_634377231 {\n  width: 44%;\n}\n<\/style>\n\t<\/div>\n\t\n\n\n\t\t<\/div>\n\t\t\t\t\t<\/div>\n\n\t\n\n<\/div>\n<ol start=\"2\">\n<li><b> tasud <\/b><b><br \/><\/b><span style=\"font-weight: 400;\">ELis ei ole pakutavate makseviiside eest t\u00e4iendavaid maksetasusid.<\/span><\/li>\n<li><b> valuuta<\/b><\/li>\n<\/ol>\n<ul>\n<li style=\"font-weight: 400;\" aria-level=\"1\"><span style=\"font-weight: 400;\">Tellimusi ja makseid saab t\u00f6\u00f6delda ainult eurodes (standardvaluuta).<\/span><\/li>\n<li style=\"font-weight: 400;\" aria-level=\"1\"><span style=\"font-weight: 400;\">Muud valuutad on esitatud ainult \u00fcldiseks suuniseks. Me ei garanteeri, et vahetuskursiandmed on ajakohased.<\/span><\/li>\n<\/ul>\n<ol start=\"4\">\n<li><b> hinnad ja maksud<\/b><\/li>\n<\/ol>\n<ul>\n<li style=\"font-weight: 400;\" aria-level=\"1\"><b>Saksamaa<\/b><span style=\"font-weight: 400;\">:\u00a0<\/span>\n<ul>\n<li style=\"font-weight: 400;\" aria-level=\"2\"><span style=\"font-weight: 400;\">K\u00f5ik hinnad sisaldavad kehtivat k\u00e4ibemaksu.<\/span><\/li>\n<li style=\"font-weight: 400;\" aria-level=\"2\"><span style=\"font-weight: 400;\">Kehtiva k\u00e4ibemaksukohustuslasena registreeritud \u00e4rikliendid: Hinnad on arvutatud netohindadega (k\u00e4ibemaksuta).<\/span>\n<ul>\n<li style=\"font-weight: 400;\" aria-level=\"3\"><span style=\"font-weight: 400;\">Palun saatke e-kiri meie m\u00fc\u00fcgimeeskonnale <\/span><span style=\"font-weight: 400;\">(<\/span><span style=\"font-weight: 400;\">verkauf@antstore.de) v\u00f5i helistage +49 30 4397038 70.<\/span><\/li>\n<\/ul>\n<\/li>\n<\/ul>\n<\/li>\n<li style=\"font-weight: 400;\" aria-level=\"1\"><b>Euroopa Liit (v.a Saksamaa)<\/b><span style=\"font-weight: 400;\">:<\/span>\n<ul>\n<li style=\"font-weight: 400;\" aria-level=\"2\"><span style=\"font-weight: 400;\">Erakliendid: K\u00f5ik hinnad sisaldavad kehtivat k\u00e4ibemaksu.<\/span><\/li>\n<li style=\"font-weight: 400;\" aria-level=\"2\"><span style=\"font-weight: 400;\">Kehtiva k\u00e4ibemaksukohustuslasena registreeritud \u00e4rikliendid: Hinnad on arvutatud netohindadega (k\u00e4ibemaksuta).<\/span>\n<ul>\n<li style=\"font-weight: 400;\" aria-level=\"3\"><span style=\"font-weight: 400;\">Palun saatke e-kiri meie m\u00fc\u00fcgimeeskonnale <\/span><span style=\"font-weight: 400;\">(<\/span><span style=\"font-weight: 400;\">verkauf@antstore.de) v\u00f5i helistage +49 30 4397038 70.<\/span><\/li>\n<\/ul>\n<\/li>\n<\/ul>\n<\/li>\n<\/ul>\n<p><span style=\"font-weight: 400;\">Kui teil on lisak\u00fcsimusi maksev\u00f5imaluste v\u00f5i tingimuste kohta, v\u00f5tke meiega julgelt \u00fchendust!<\/span><\/p>\n\n\t\t<\/div>\n\t\t\t\t\t<\/div>\n\n\t\n\n<\/div>","protected":false},"excerpt":{"rendered":"","protected":false},"author":1,"featured_media":0,"parent":0,"menu_order":0,"comment_status":"closed","ping_status":"closed","template":"","meta":{"_acf_changed":false,"content-type":"","_monsterinsights_skip_tracking":false,"_monsterinsights_sitenote_active":false,"_monsterinsights_sitenote_note":"","_monsterinsights_sitenote_category":0,"footnotes":""},"class_list":["post-10604","page","type-page","status-publish","hentry"],"acf":[],"aioseo_notices":[],"jetpack_sharing_enabled":true,"_links":{"self":[{"href":"https:\/\/clone.antcube.shop\/et\/wp-json\/wp\/v2\/pages\/10604","targetHints":{"allow":["GET"]}}],"collection":[{"href":"https:\/\/clone.antcube.shop\/et\/wp-json\/wp\/v2\/pages"}],"about":[{"href":"https:\/\/clone.antcube.shop\/et\/wp-json\/wp\/v2\/types\/page"}],"author":[{"embeddable":true,"href":"https:\/\/clone.antcube.shop\/et\/wp-json\/wp\/v2\/users\/1"}],"replies":[{"embeddable":true,"href":"https:\/\/clone.antcube.shop\/et\/wp-json\/wp\/v2\/comments?post=10604"}],"version-history":[{"count":10,"href":"https:\/\/clone.antcube.shop\/et\/wp-json\/wp\/v2\/pages\/10604\/revisions"}],"predecessor-version":[{"id":10715,"href":"https:\/\/clone.antcube.shop\/et\/wp-json\/wp\/v2\/pages\/10604\/revisions\/10715"}],"wp:attachment":[{"href":"https:\/\/clone.antcube.shop\/et\/wp-json\/wp\/v2\/media?parent=10604"}],"curies":[{"name":"wp","href":"https:\/\/api.w.org\/{rel}","templated":true}]}}