{"id":500,"date":"2021-07-21T10:22:03","date_gmt":"2021-07-21T08:22:03","guid":{"rendered":"https:\/\/antcube.shop\/?page_id=500"},"modified":"2024-12-03T12:41:56","modified_gmt":"2024-12-03T11:41:56","slug":"tingimused","status":"publish","type":"page","link":"https:\/\/clone.antcube.shop\/et\/tingimused\/","title":{"rendered":"Tingimused"},"content":{"rendered":"<div id=\"gap-1922290563\" class=\"gap-element clearfix\" style=\"display:block; height:auto;\">\n\t\t\n<style>\n#gap-1922290563 {\n  padding-top: 196px;\n}\n@media (min-width:850px) {\n  #gap-1922290563 {\n    padding-top: 190px;\n  }\n}\n<\/style>\n\t<\/div>\n\t\n\n<div class=\"row\"  id=\"row-1329161862\">\n\n\n\t<div id=\"col-1216928416\" class=\"col small-12 large-12\"  >\n\t\t\t\t<div class=\"col-inner\"  >\n\t\t\t\n\t\t\t\n\n<h1><b>\u00dcldtingimused <\/b><\/h1>\n<p><b>. <\/b><a href=\"http:\/\/www.clone.antcube.shop\"><b>www.clone.antcube.shop<\/b><\/a><span style=\"font-weight: 400;\"> ANTSTORE, Martin Sebesta, Selerweg 41, 12169 Berliin, edaspidi \"M\u00fc\u00fcja\".<\/span><\/p>\n<h2><b>\u00a7 1 Kohaldamisala, \u00fcldine teave, m\u00f5isted<\/b><\/h2>\n<p><span style=\"font-weight: 400;\">(1) K\u00e4esolevaid \u00fcldtingimusi (\u00dcTK) kohaldatakse k\u00f5ikide kaupade ja teenuste tellimuste suhtes, mis on tehtud veebilehel asuva veebipoe kaudu. <\/span><b>clone.antcube.shop<\/b><span style=\"font-weight: 400;\">, mida haldab ANTSTORE, Martin Sebesta, Selerweg 41, 12169 Berliin. E-post: <\/span><a href=\"mailto:verkauf@antstore.de\"><span style=\"font-weight: 400;\">verkauf@antstore.de<\/span><\/a><span style=\"font-weight: 400;\"> \/ law@ants.de\u00a0<\/span><\/p>\n<p><span style=\"font-weight: 400;\">(2) M\u00fc\u00fcja pakub oma veebipoe kaudu eelk\u00f5ige sipelgate pidamiseks m\u00f5eldud tooteid ja tarvikuid. M\u00fc\u00fcja ja kliendi vahelistele \u00e4risuhetele kehtivad \u00dcTK-d tellimuse esitamise ajal kehtivas versioonis.<\/span><\/p>\n<p><span style=\"font-weight: 400;\">(3) Tarbija k\u00e4esolevate \u00fcldtingimuste t\u00e4henduses on iga f\u00fc\u00fcsiline isik, kes s\u00f5lmib \u00f5igusliku tehingu eesm\u00e4rgil, mis j\u00e4\u00e4b valdavalt v\u00e4ljapoole tema kaubandus-, \u00e4ri- v\u00f5i kutsetegevust. Ettev\u00f5tjad on f\u00fc\u00fcsilised v\u00f5i juriidilised isikud v\u00f5i isikute\u00fchingud, kes \u00f5igusliku tehingu s\u00f5lmimisel tegutsevad oma \u00e4ritegevuse v\u00f5i f\u00fc\u00fcsilisest isikust ettev\u00f5tjana.<\/span><\/p>\n<p><span style=\"font-weight: 400;\">(4) Individuaalsed lepingulised kokkulepped on k\u00e4esolevate \u00dcTKde suhtes \u00fclimuslikud. Kliendi k\u00f5rvalekalduvaid tingimusi tunnustatakse ainult siis, kui m\u00fc\u00fcja on nendega selges\u00f5naliselt n\u00f5ustunud.<\/span><\/p>\n<h2><b>\u00a7 2 Lepingu s\u00f5lmimine<\/b><\/h2>\n<p><span style=\"font-weight: 400;\">(1) Kui vastava toote lehel ei ole m\u00e4rgitud teisiti, h\u00f5lmab tarnepiirkond Euroopa Liitu.<\/span><\/p>\n<p><span style=\"font-weight: 400;\">(2) Kaupade esitamine m\u00fc\u00fcja veebilehel on siduv pakkumine. Tellitud kaup v\u00f5ib tehniliste esitlusv\u00f5imaluste t\u00f5ttu internetis n\u00e4idatud kaubast m\u00f5nev\u00f5rra erineda, eelk\u00f5ige v\u00f5ib esineda v\u00e4rvilisi k\u00f5rvalekaldeid, kui see on m\u00f5istlik.<\/span><\/p>\n<p><span style=\"font-weight: 400;\">(3) M\u00e4rkides sinise kasti \"<\/span><span style=\"font-weight: 400;\">Oma tellimusega kinnitate, et olete lugenud ja m\u00f5istnud meie pakkumist.<\/span><b>&#8221; <\/b><span style=\"font-weight: 400;\">ja siis <\/span><span style=\"font-weight: 400;\">kl\u00f5psates nupule \"Osta kohe\" v\u00f5i kui klient suunatakse nupu \"Maksa PayPaliga\" kaudu PayPalile ja l\u00f5petab seal makseprotsessi, teeb ta siduva pakkumise ostukorvis oleva kauba ostmiseks ja n\u00f5ustub k\u00e4esolevate \u00fcldtingimuste kehtivusega.<\/span><\/p>\n<p><span style=\"font-weight: 400;\">(4) M\u00fc\u00fcja kinnitab tellimuse k\u00e4ttesaamist e-posti teel (tellimuse kinnitus). See tellimuse kinnitus ei t\u00e4henda siiski pakkumise vastuv\u00f5tmist. Leping s\u00f5lmitakse alles siis, kui saadetakse tellimuse kinnitus v\u00f5i saatekinnitus.<\/span><\/p>\n<p><span style=\"font-weight: 400;\">(5) M\u00fc\u00fcja j\u00e4tab endale \u00f5iguse tellimusi viie t\u00f6\u00f6p\u00e4eva jooksul vastu v\u00f5tta v\u00f5i tagasi l\u00fckata. Kui tellimus j\u00e4etakse vastu v\u00f5tmata, teavitatakse sellest klienti e-posti teel.<\/span><\/p>\n<p><span style=\"font-weight: 400;\">(6) Kui esineb etten\u00e4gematuid tarneprobleeme v\u00f5i kauba k\u00e4ttesaamatust, mille eest m\u00fc\u00fcja ei vastuta, v\u00f5ivad nii m\u00fc\u00fcja kui ka klient lepingust taganeda. Klienti teavitatakse sellest viivitamatult ja tehtud maksed makstakse viivitamatult tagasi.<\/span><\/p>\n<p><span style=\"font-weight: 400;\">(7) Kui klient tellib kauba elektrooniliselt, salvestab m\u00fc\u00fcja lepingu teksti ja saadab selle kliendile koos \u00f5iguslikult kehtivate \u00fcldtingimustega e-posti teel p\u00e4rast lepingu s\u00f5lmimist.<\/span><\/p>\n<h2><b>\u00a7 3 Kliendikonto<\/b><\/h2>\n<p><span style=\"font-weight: 400;\">(1) Ostmine meie veebisaidi kaudu on \u00fcldjuhul v\u00f5imalik ainult registreerimisega. Teatud funktsioonidele juurdep\u00e4\u00e4suks v\u00f5ib siiski olla vaja luua kliendikonto.<\/span><\/p>\n<p><span style=\"font-weight: 400;\">(2) Kliendikontole ei ole \u00f5igust. Registreeruda v\u00f5ivad ainult t\u00e4isealised f\u00fc\u00fcsilised isikud, kes kasutavad kontot isiklikel eesm\u00e4rkidel, v\u00f5i ettev\u00f5tjad ja \u00f5igusv\u00f5imelised juriidilised isikud v\u00f5i t\u00e4is\u00fchingud, kes tegutsevad \u00f5igusliku tehingu s\u00f5lmimisel oma \u00e4ritegevuse v\u00f5i iseseisva kutsetegevuse raames. Juurdep\u00e4\u00e4suandmeid tuleb k\u00e4sitleda konfidentsiaalselt ja neid ei tohi edastada kolmandatele isikutele.<\/span><\/p>\n<p><span style=\"font-weight: 400;\">(3) Mitmekordne registreerimine ei ole lubatud. Kliendid saavad oma konto igal ajal konto haldamise kaudu kustutada.<\/span><\/p>\n<h2><b>\u00a7 4 Omandi\u00f5iguse s\u00e4ilitamine<\/b><\/h2>\n<p><span style=\"font-weight: 400;\">(1) Tarbijate puhul j\u00e4\u00e4b kauba omandi\u00f5igus m\u00fc\u00fcjale kuni ostuhinna t\u00e4ieliku tasumiseni. Ettev\u00f5tjate puhul kehtib see seni, kuni k\u00f5ik k\u00e4esolevast \u00e4risuhtest tulenevad n\u00f5uded on tasutud.<\/span><\/p>\n<p><span style=\"font-weight: 400;\">(2) Kui klient rikub lepingut, eelk\u00f5ige makseviivituse, kliendi poolt oma krediidiv\u00f5imelisuse kohta esitatud valeandmete v\u00f5i maksej\u00f5uetusmenetluse algatamise taotluse korral, on m\u00fc\u00fcjal \u00f5igus - vajaduse korral p\u00e4rast t\u00e4htaja seadmist - lepingust taganeda ja n\u00f5uda kauba tagastamist, tingimusel et klient ei ole veel tasunud tasu v\u00f5i ei ole seda t\u00e4ielikult tasunud.<\/span><\/p>\n<p><span style=\"font-weight: 400;\">(3) Ettev\u00f5tjal on \u00f5igus m\u00fc\u00fca kaupu edasi tavap\u00e4rase \u00e4ritegevuse k\u00e4igus. Ta loovutab k\u00e4esolevaga M\u00fc\u00fcjale k\u00f5ik n\u00f5uded arve summa ulatuses, mis talle edasim\u00fc\u00fcgi tulemusena kolmanda isiku vastu tekivad. M\u00fc\u00fcja v\u00f5tab loovutamise vastu. P\u00e4rast loovutamist on ettev\u00f5tja volitatud n\u00f5ude sisse n\u00f5udma. M\u00fc\u00fcja j\u00e4tab endale \u00f5iguse n\u00f5uda n\u00f5ue ise sisse, kui ettev\u00f5tja ei t\u00e4ida n\u00f5uetekohaselt oma maksekohustusi ja on makseviivituses.<\/span><\/p>\n<p><span style=\"font-weight: 400;\">(4) M\u00fc\u00fcja kohustub Kliendi n\u00f5udmisel vabastama talle kuuluvad tagatised ulatuses, milles tagatiste realiseeritav v\u00e4\u00e4rtus \u00fcletab tagatava n\u00f5ude rohkem kui 10% v\u00f5rra. Vabastatavate tagatiste valik on M\u00fc\u00fcja kohustus.<\/span><\/p>\n<h2><b>\u00a7 5 Hinnad ja maksetingimused<\/b><\/h2>\n<p><span style=\"font-weight: 400;\">(1) Toodud hinnad on brutohinnad, need on siduvad ja sisaldavad seadusega etten\u00e4htud k\u00e4ibemaksu ning ei sisalda mis tahes <a href=\"https:\/\/clone.antcube.shop\/en\/shipping-costs-delivery-restrictions\/\">saatmiskulud<\/a> tekkinud kulud, sealhulgas k\u00e4ibemaks. Kohaldatakse tellimuse esitamise ajal n\u00e4idatud summat. Hind koos k\u00e4ibemaksu ja saatekuludega kuvatakse ka tellimuse vormil enne tellimuse esitamist. Saatmiskulud on samuti leitavad meie <\/span><a href=\"https:\/\/clone.antcube.shop\/en\/shipping-costs-delivery-restrictions\/\"><b>saatmiskulude \u00fclevaade.<\/b><\/a><\/p>\n<p><span style=\"font-weight: 400;\">(2) Klient kohustub tasuma koguhinna 14 p\u00e4eva jooksul alates tellimuse kinnituse saamisest e-posti teel v\u00f5i arve saamisest. P\u00e4rast selle t\u00e4htaja m\u00f6\u00f6dumist on klient makseviivituses. Makseviivituse ajal maksab tarbija v\u00f5lgnevuselt intressi 5 protsendipunkti v\u00f5rra \u00fcle baasintressim\u00e4\u00e4ra. Makseviivituse ajal maksab ettev\u00f5tja v\u00f5lgnevuselt intressi 9 protsendipunkti v\u00f5rra \u00fcle baasintressim\u00e4\u00e4ra. Maksekohustuse t\u00e4itmata j\u00e4tmise korral on ettev\u00f5tja kohustatud tasuma ka \u00fchekordse makse summas 40 eurot koos k\u00e4ibemaksuga. See kehtib ka juhul, kui ettev\u00f5tja on v\u00f5lgnevuses ettemaksu v\u00f5i muu osamakse tasumisega. M\u00fc\u00fcja j\u00e4tab endale \u00f5iguse n\u00f5uda ettev\u00f5tjalt suuremat kahju h\u00fcvitist makseviivituse eest. Lause 5 kohane kindlasummaline makse tasaarvestatakse v\u00f5lgnetava kahjun\u00f5ude vastu, kui kahju p\u00f5hineb kohtumenetluse kuludel.<\/span><\/p>\n<p><span style=\"font-weight: 400;\">(3) Kliendil on \u00f5igus tasaarvestusele ainult siis, kui tema vastun\u00f5uded on seaduslikult kindlaks m\u00e4\u00e4ratud, tunnustatud v\u00f5i m\u00fc\u00fcja poolt vaidlustamata. See ei m\u00f5juta kliendi \u00f5igust tasaarvestusele lepinguliste ja muude n\u00f5uete vastu, mis tulenevad k\u00e4esoleva lepingulise suhte algatamisest v\u00f5i t\u00e4itmisest. Klient v\u00f5ib kasutada kinnipidamis\u00f5igust ainult siis, kui tema vastun\u00f5ue p\u00f5hineb samal lepingulisel suhtel.<\/span><\/p>\n<p><span style=\"font-weight: 400;\">(4) M\u00fc\u00fcja v\u00f5tab v\u00f5imaluste piires arvesse tellimuse muudatusi, laiendusi ja piiranguid p\u00e4rast lepingu s\u00f5lmimist. M\u00fc\u00fcja v\u00f5tab nende eest 10,00 eurot koos k\u00e4ibemaksuga, v\u00e4lja arvatud juhul, kui tegemist on t\u00fchistamise v\u00f5i garantiin\u00f5uetega. K\u00e4sitsi t\u00f6\u00f6deldavate tellimuste eest, mida ei t\u00f6\u00f6delda veebipoe kaudu, v\u00f5tame t\u00f6\u00f6tlemistasu 20,00 \u20ac koos k\u00e4ibemaksuga. Sellest on v\u00e4lja j\u00e4etud tellimused, mis sisaldavad kaupu, mida ei saa tellida veebipoe kaudu, nt kohandatud tooted.<\/span><\/p>\n<p><span style=\"font-weight: 400;\">(5) Tellitud loomade eest, mis tuleb kliendi soovil l\u00e4hetada hiljem kui lepingus kokku lepitud, tuleb maksta 2,00 eurot koos k\u00e4ibemaksuga p\u00e4evas &amp; g\u00fcn (hooldust\u00f6\u00f6) alates tellimuse esitamise p\u00e4evast kuni l\u00e4hetamise p\u00e4evani. Maksimaalselt on v\u00f5imalik 30 p\u00e4eva.<\/span><\/p>\n<h2><b>\u00a7 6 <a href=\"https:\/\/clone.antcube.shop\/en\/payment-methods-and-conditions\/\">Makseviisid<\/a><\/b><\/h2>\n<p><span style=\"font-weight: 400;\">(1) Ostuhinna saab tasuda ette, panga\u00fclekandega, krediitkaardiga v\u00f5i PayPaliga. PayPaliga tasumisel kehtivad nende kasutustingimused. T\u00e4iendavat teavet leiate meie <a href=\"https:\/\/clone.antcube.shop\/en\/privacy-policy\/\">privaatsuspoliitika<\/a>.<\/span><\/p>\n<h2><b>\u00a7 7 Laevandus- ja tarnetingimused<\/b><\/h2>\n<p><span style=\"font-weight: 400;\">(1) Me tarnime ainult Euroopa Liidu liikmesriikidesse, v\u00e4lja arvatud Euroopa \u00fclemereterritooriumid v\u00f5i eksklaavid ja maksualase autonoomiaga piirkonnad (mida Euroopa Liit nimetab \"\u00e4\u00e4repoolseimateks piirkondadeks\"). Hinnanguline tarneaeg Saksamaale ja teistesse riikidesse on m\u00e4rgitud meie <\/span><a href=\"https:\/\/clone.antcube.shop\/en\/shipping-costs-delivery-restrictions\/\"><b>saatmiskulude \u00fclevaade.<\/b><\/a><\/p>\n<p><span style=\"font-weight: 400;\">(2) Ettemaksu\/panga\u00fclekande v\u00f5i PayPali puhul algab tarneperiood \u00fcks p\u00e4ev p\u00e4rast makse kinnitamist. Muude makseviiside puhul algab t\u00e4htaeg \u00fcks p\u00e4ev p\u00e4rast tellimuse esitamist.<\/span><\/p>\n<p><span style=\"font-weight: 400;\">(3) Kui t\u00e4htaja algus v\u00f5i l\u00f5pp langeb laup\u00e4evale, p\u00fchap\u00e4evale v\u00f5i riigip\u00fchale, l\u00fckatakse t\u00e4htaja algus v\u00f5i l\u00f5pp edasi j\u00e4rgmisele t\u00f6\u00f6p\u00e4evale.<\/span><\/p>\n<p><span style=\"font-weight: 400;\">(4) M\u00fc\u00fcjal on \u00f5igus teha osalisi tarneid, kui see on kliendi jaoks m\u00f5istlik. See ei too kliendile kaasa lisakulusid.<\/span><\/p>\n<p><span style=\"font-weight: 400;\">(5) Kui klient otsustab oma tellimuse meie kauplusest k\u00e4tte saada, teavitatakse teda e-posti teel, et tellimus on kogumiseks valmis.<\/span><\/p>\n<h2><b>\u00a7 8 Riski \u00fclekandmine<\/b><\/h2>\n<p><span style=\"font-weight: 400;\">(1) Tarbijate puhul l\u00e4heb kauba juhusliku kaotsimineku ja riknemise riisiko kauba \u00fcleandmisel \u00fcle tarbijale.<\/span><\/p>\n<p><span style=\"font-weight: 400;\">(2) Ettev\u00f5tjate puhul l\u00e4heb riisiko \u00fcle kliendile veoettev\u00f5tjale \u00fcleandmisel.<\/span><\/p>\n<p><span style=\"font-weight: 400;\">(3) Kui klient on vastuv\u00f5tmisega viivitanud, loetakse see samav\u00e4\u00e4rseks \u00fcleandmisega.<\/span><\/p>\n<h2><b>\u00a7 9 Garantii<\/b><\/h2>\n<p><span style=\"font-weight: 400;\">(1) Garantii suhtes kohaldatakse seadusest tulenevaid s\u00e4tteid. Tarbijate garantiiaeg on 2 aastat alates kauba tarnimisest. Erandina sellest on garantiiaeg ettev\u00f5tjatele 1 aasta alates kauba tarnimisest. Kasutatud kauba garantiiaeg on samuti 1 aasta alates kauba \u00fcleandmisest. \u00dcheaastane garantiiaeg ei kehti, kui m\u00fc\u00fcjat saab s\u00fc\u00fcdistada raskes hooletuses, samuti m\u00fc\u00fcjale s\u00fc\u00fcks pandud kehavigastuse ja tervisekahjustuse korral ning kliendi elu kaotamise korral, garantii korral ja tarneregressi korral vastavalt BGB \u00a7-dele 478, 479. M\u00fc\u00fcja vastutust tootevastutuse seaduse alusel ei m\u00f5juta k\u00e4esolev s\u00e4te.<\/span><\/p>\n<p><span style=\"font-weight: 400;\">(2) Olenemata l\u00f5ikest. 1 kohaldatakse tavalist aegumist\u00e4htaega, kui m\u00fc\u00fcja on puudust pettusega varjanud.<\/span><\/p>\n<p><span style=\"font-weight: 400;\">(3) Tellitud kaubad v\u00f5ivad m\u00f5istlikes piirides veidi erineda Internetis n\u00e4idatud kaubast. Viidatakse k\u00e4esolevate \u00dcTK \u00a7 2 l\u00f5ikele 2.<\/span><\/p>\n<p><span style=\"font-weight: 400;\">(4) Tarbijad saavad valida parandamise v\u00f5i asendamise vahel. M\u00fc\u00fcja v\u00f5ib keelduda valitud j\u00e4relt\u00e4itmise viisist, kui see on v\u00f5imalik ainult ebaproportsionaalselt suurte kuludega.<\/span><\/p>\n<p><span style=\"font-weight: 400;\">(5) Ilmsetest puudustest peavad ettev\u00f5tjad teatama kahe n\u00e4dala jooksul p\u00e4rast kauba k\u00e4ttesaamist. Vastasel juhul on garantiin\u00f5ude esitamine v\u00e4listatud. T\u00e4htajast kinnipidamiseks piisab \u00f5igeaegsest saatmisest v\u00f5i teatamisest. Kaupmeeste suhtes kohaldatakse HGB \u00a7 377.<\/span><\/p>\n<p><span style=\"font-weight: 400;\">(6) Garantii ei h\u00f5lma eba\u00f5igest k\u00e4itlemisest p\u00f5hjustatud kahjustusi. Tootja garantiid ei m\u00f5juta.<\/span><\/p>\n<h2><b>\u00a7 10 Vastutuse piiramine<\/b><\/h2>\n<p><span style=\"font-weight: 400;\">(1) Kerge hooletuse korral vastutab M\u00fc\u00fcja ainult lepingule iseloomuliku ja ettearvatava kahju eest. Seda piirangut kohaldatakse ka M\u00fc\u00fcja abiesindajate suhtes.<\/span><\/p>\n<p><span style=\"font-weight: 400;\">(2) Vastutuse piirangud ei kehti pettuse, oluliste lepinguliste kohustuste rikkumise v\u00f5i elu, kehavigastuse v\u00f5i tervisekahjustuse korral.<\/span><\/p>\n<p><span style=\"font-weight: 400;\">(3) Klient on kohustatud v\u00f5tma asjakohaseid meetmeid kahju v\u00e4ltimiseks ja minimeerimiseks.<\/span><\/p>\n<p><span style=\"font-weight: 400;\">(4) M\u00fc\u00fcja vastutab ainult oma e-poe veebisaidi sisu eest. Kui lingid v\u00f5imaldavad juurdep\u00e4\u00e4su teistele veebisaitidele, ei vastuta m\u00fc\u00fcja seal sisalduvate kolmandate isikute sisu eest. Ta ei v\u00f5ta kolmanda osapoole sisu enda omaks. Kui m\u00fc\u00fcja saab teada, et v\u00e4lised veebilehed sisaldavad ebaseaduslikku sisu, blokeerib ta viivitamatult juurdep\u00e4\u00e4su nendele lehek\u00fclgedele.<\/span><\/p>\n<h2><b>\u00a7 11 Andmekaitse<\/b><\/h2>\n<p><span style=\"font-weight: 400;\">Tellimise k\u00e4igus kogutud andmeid t\u00f6\u00f6deldakse lepingu t\u00e4itmiseks. T\u00e4iendavat teavet, eelk\u00f5ige andmete edastamise kohta kolmandatele isikutele, leiate dokumendis <a href=\"https:\/\/clone.antcube.shop\/en\/privacy-policy\/\">privaatsuspoliitika<\/a> meie veebisaidil.<\/span><\/p>\n<h2><b>\u00a7 12 L\u00f5pps\u00e4tted ja vaidluste lahendamine<\/b><\/h2>\n<p><span style=\"font-weight: 400;\">(1) Kohaldatakse Saksamaa Liitvabariigi \u00f5igust. Tarbijate suhtes kohaldatakse seda ainult niiv\u00f5rd, kuiv\u00f5rd antud kaitset ei piira selle riigi kohustuslikud s\u00e4tted, kus on tarbija alaline elukoht. \u00dcRO kaupade rahvusvahelise m\u00fc\u00fcgilepingu konventsiooni s\u00e4tteid ei kohaldata. \u00a7 16 lg. 14 lause 2 nr 6 TDSG ei m\u00f5juta.<\/span><\/p>\n<p><span style=\"font-weight: 400;\">(2) Euroopa Komisjon pakub veebip\u00f5hise vaidluste lahendamise platvormi (OS), mis on k\u00e4ttesaadav aadressil https:\/\/ec.europa.eu\/consumers\/odr. Meie e-posti aadress on: law@ants.de\u00a0<\/span><\/p>\n<p><a href=\"https:\/\/clone.antcube.shop\/en\/shipping-costs-delivery-restrictions\/\"><b>Veokulud\/veotingimused<\/b><\/a><\/p>\n<p><a href=\"https:\/\/clone.antcube.shop\/en\/privacy-policy\/\"><b>Privaatsuspoliitika<\/b><\/a><\/p>\n<p><a href=\"https:\/\/clone.antcube.shop\/en\/payment-methods-and-conditions\/\"><b>Maksev\u00f5imalused<\/b><\/a><\/p>\n<p><a href=\"https:\/\/clone.antcube.shop\/en\/refund-policy\/\"><b>T\u00fchistamis\u00f5igus<\/b><\/a><\/p>\n\n\t\t<\/div>\n\t\t\t\t\t<\/div>\n\n\t\n\n<\/div>","protected":false},"excerpt":{"rendered":"","protected":false},"author":1,"featured_media":0,"parent":0,"menu_order":0,"comment_status":"closed","ping_status":"closed","template":"","meta":{"_acf_changed":false,"content-type":"","_monsterinsights_skip_tracking":false,"_monsterinsights_sitenote_active":false,"_monsterinsights_sitenote_note":"","_monsterinsights_sitenote_category":0,"footnotes":""},"class_list":["post-500","page","type-page","status-publish","hentry"],"acf":[],"aioseo_notices":[],"jetpack_sharing_enabled":true,"_links":{"self":[{"href":"https:\/\/clone.antcube.shop\/et\/wp-json\/wp\/v2\/pages\/500","targetHints":{"allow":["GET"]}}],"collection":[{"href":"https:\/\/clone.antcube.shop\/et\/wp-json\/wp\/v2\/pages"}],"about":[{"href":"https:\/\/clone.antcube.shop\/et\/wp-json\/wp\/v2\/types\/page"}],"author":[{"embeddable":true,"href":"https:\/\/clone.antcube.shop\/et\/wp-json\/wp\/v2\/users\/1"}],"replies":[{"embeddable":true,"href":"https:\/\/clone.antcube.shop\/et\/wp-json\/wp\/v2\/comments?post=500"}],"version-history":[{"count":10,"href":"https:\/\/clone.antcube.shop\/et\/wp-json\/wp\/v2\/pages\/500\/revisions"}],"predecessor-version":[{"id":10710,"href":"https:\/\/clone.antcube.shop\/et\/wp-json\/wp\/v2\/pages\/500\/revisions\/10710"}],"wp:attachment":[{"href":"https:\/\/clone.antcube.shop\/et\/wp-json\/wp\/v2\/media?parent=500"}],"curies":[{"name":"wp","href":"https:\/\/api.w.org\/{rel}","templated":true}]}}