{"id":6737,"date":"2023-12-12T15:03:25","date_gmt":"2023-12-12T14:03:25","guid":{"rendered":"https:\/\/antcube.shop\/product\/antcube-starter-set-fur-weberameisen-gros\/"},"modified":"2026-01-12T12:38:07","modified_gmt":"2026-01-12T11:38:07","slug":"stardikomplekt-kuduja-sipelgate-jaoks-suur","status":"publish","type":"product","link":"https:\/\/clone.antcube.shop\/et\/toode\/stardikomplekt-kuduja-sipelgate-jaoks-suur\/","title":{"rendered":"ANTCUBE - Stardikomplekt kootud sipelgate jaoks - suur"},"content":{"rendered":"<p><span data-text-color=\"alert\"><strong>Kohaletoimetamine v\u00f5imalik ainult paletile saatmise kaudu.<\/strong><\/span><\/p>\n<p><strong>Sisu:<\/strong><br \/>\n1x Honeydew Mix (HT) - T\u00e4iendav 10ml<br \/>\n1x Terved blan\u0161eeritud kriketid<\/p>\n<p>1x ANTCUBE Arena 30x30x60 koos l\u00fckanduksega<br \/>\n1x sipelgaplatsi raam 30\u00d730 - 5cm<br \/>\n1x sipelgaplatsi kate 30\u00d730<br \/>\n1x kinnituspunkt areeni katte jaoks (4 tk)<\/p>\n<p>1x l\u00fckandukseraam<br \/>\n1x pihustuspudel 0,5 liitrine pihusti - messingist otsikuga<br \/>\n1x Fotode tagasein - vihmamets - 30\u00d760 - k\u00f5rge<br \/>\n1x formikaariumi alus 30\u00d730 cm<\/p>\n<p>1x substraat rainforest 1 kg<br \/>\n2x Formicarium pistik 50mm augu jaoks<br \/>\n3x v\u00f5rega sisestus - 50mm - roostevaba teras<br \/>\nMini termo-h\u00fcgromeeter digitaalne - valge - isekleepuv<br \/>\n1x vedrusterasest pintsetid laiad - pehmed<br \/>\n1x plastist pintsetid standard<br \/>\n1x Sipelgap\u00f5letiku kaitse\u00f5li<br \/>\n1x joogiklaas selge 20ml - k\u00e4sn<br \/>\n1x jootja 2ml - 360 kraadi<br \/>\n1x kauss l\u00e4bipaistev 1\u00d720 - k\u00e4sn<br \/>\n1x k\u00e4sil\u00e4\u00e4tse - 2x - 30mm<br \/>\n1x vahtplasti klaasipuhasti 150x18x2,5mm<\/p>\n<p><strong>Kirjeldus:<\/strong><br \/>\nSee laiendatav stardikomplekt, mis on m\u00f5eldud spetsiaalselt erinevate sipelgaliikide, nagu Polyrhachis spec. v\u00f5i Oecophylla spec. jaoks, sisaldab lisaks optimaalselt kohandatud formikaariumile ka sobivaid tarvikuid selle sipelgaliigi pidamiseks.<\/p>\n<p>Eesmine l\u00fckanduks (avaus 150x200mm) h\u00f5lbustab t\u00f6\u00f6d formikaariumis, isegi suurte kolooniate v\u00f5i formikaariumi istutamise puhul koos peremeestaimega, n\u00e4iteks Oecophylla smaragdina. Lisavormikaariumi saab \u00fchendada kahe 50mm augu kaudu k\u00fcljel. Roostevabast terasest v\u00f5rega varustatud sisestused tagavad hea ventilatsiooni ja on vastupidavad mehaaniliste l\u00f6\u00f6kide vastu. S\u00fcsteemi sees olev termo- ja h\u00fcgromeeter on absoluutselt laste ja lemmikloomade jaoks ohutu ning v\u00f5imaldab h\u00f5lpsasti kontrollida kliimav\u00e4\u00e4rtusi. Vajaduse korral saab \u00f5huniiskust suurendada pihustuspudeliga. Joogikaussi selge 20ml - k\u00e4sn on m\u00f5eldud mageda vee, joogikaussi 2ml - 360 kraadi mee v\u00f5i suhkrulahuse jaoks.<\/p>\n<p><strong>Oluline:<\/strong> Palun niisutage substraat enne kasutamist, et segu saaks kokku sulanduda ja sipelgapesas tugevalt kinni pidada. Lisaks v\u00f5ib liiga kuiv ja tolmune substraat p\u00f5hjustada sipelgate hingamisteede ummistumist ja halvimal juhul loomad l\u00e4mbuvad.<\/p>\n<p><strong>Oluline m\u00e4rkus l\u00fckanduste raami kohta:<\/strong><br \/>\nRaami saab h\u00f5lpsasti kinnitada liugukse r\u00f6\u00f6baste k\u00fclge kinnitatud kruvide k\u00fclge. Selleks tuleb ettevaatlikult l\u00f5dvendada <strong>ainult<\/strong> p\u00e4hklid sees. Vajalik on v\u00e4ike ristkruvikeeraja (ristpeakruvikeeraja). Pange raam kokku ja riputage sees kruvide k\u00fclge. Seej\u00e4rel kinnitage ettevaatlikult uuesti mutrid ja <strong>mitte mingil juhul ei tohi keerata liiga tihedalt,<\/strong> muidu v\u00f5ib klaas kahjustada.<\/p>\n<p><strong>M\u00e4rkused tootmise kohta<\/strong><br \/>\nKlaas on l\u00f5igatud vastavalt DIN 1249 standardile, tolerantsiga +\/- 1 mm. V\u00e4ga v\u00e4ikeste sipelgaliikide puhul on vajalik t\u00e4iendav l\u00e4bil\u00f6\u00f6gikaitse.<\/p>\n<p><strong>M\u00e4rkus mesirohu kohta:<\/strong><br \/>\nSisu: 10 ml<br \/>\nSee on looduslik toode, mida oleme p\u00e4rast p\u00f5hjalikke katseid oma laboris t\u00e4iustanud ja arendanud sipelgate poolt v\u00e4ga h\u00e4sti vastuv\u00f5etavaks toiduks. P\u00f5hjus on selles, et t\u00f6\u00f6tlemata mesimett oma kontsentreeritud algsel kujul ei v\u00f5ta sipelgad ja nende ainevahetus h\u00e4sti vastu.<br \/>\nMeie mesi on kogutud Bulgaaria saastamata metsikutest m\u00e4gimetsadest. Mesilasi toodetakse ainult v\u00e4ga piiratud aja jooksul, umbes kahe kuu jooksul suvel. Seet\u00f5ttu on see v\u00e4ga haruldane. Metsade erip\u00e4ra ja kliima t\u00f5ttu on puude lehtedesse talletatud eksistentsiaalselt olulisi toitaineid, mida mesilased imavad endasse. See teebki selle mesilase segu sipelgate jaoks nii ihaldusv\u00e4\u00e4rseks.<\/p>\n<p><strong>Taotlus:<\/strong><br \/>\nToidukogus tuleks tarbida umbes 3 p\u00e4eva jooksul.<\/p>\n<p><strong>Kirjeldus:<\/strong><br \/>\nMesimesi on erinevalt lillemeest saadud taimi imevate putukate, n\u00e4iteks kirvade, eritistest. Mesimesi on paljude putukate, n\u00e4iteks sipelgate, mesilaste ja isegi kimalaste lemmiktoiduks. Mesilased ja kimalased lakuvad seda erinevate puude lehtedelt v\u00f5i n\u00f5eltelt. Sipelgad, nagu Lasius niger, hoiavad seda regulaarselt. Nad kaitsevad neid isegi r\u00f6\u00f6vloomade eest ja kannavad neid v\u00e4rsketele v\u00f5rsetele.<\/p>\n<p>Mesimagus on sipelgate seas populaarne peamiselt oma m\u00f5nev\u00f5rra erinevate komponentide t\u00f5ttu. Peamised suhkrud mesimagus on sahharoos ja fruktoos, kuid v\u00e4iksemas koguses leidub ka maltoosi, trehaloosi, melesitoosi, rafinoosi ja muid oligosahhariide. Lisaks suhkrutele ja veele sisaldab mesimesi ka eksistentsiaalselt olulisi aminohappeid, mineraalaineid, mikroelemente, adenosiinfosfaate ja muid koostisosi, n\u00e4iteks vitamiine.<\/p>\n<p><strong>Kasutamine:<\/strong><br \/>\nMees\u00f6\u00f6jate sipelgaliikide (Meliphagidae) puhul.<br \/>\nSee on lisas\u00f6\u00f6t<br \/>\nSeda v\u00f5ib pakkuda loomadele tarnitud kujul. Kuna niiskus v\u00e4hendab suhkrusisaldust ja k\u00e4ivitab k\u00e4\u00e4rimisprotsessi, tuleks toitu vahetada iga 3 p\u00e4eva tagant. Enne taaskasutamist puhastage s\u00f6\u00f6dakaussi\/toru p\u00f5hjalikult.<br \/>\nAvatud pakendit tuleb kasutada tihedalt suletuna, kuni see on m\u00e4rgitud (s\u00e4ilivusaeg).<\/p>\n<p><strong>Toitev\u00e4\u00e4rtused 100 g kohta:<\/strong><br \/>\numbes 2,7 % rasvad<br \/>\nsellest k\u00fcllastunud ca. 0,45 %<br \/>\nca 95 % s\u00fcsivesikud<br \/>\nsellest suhkur ca. 71%<br \/>\numbes 2,85% valku<br \/>\nMineraalained (kaalium, kaltsium, vask, raud, naatrium, magneesium, fosfor, tsink ja muud mikroelemendid). Aminohapped (proliin, leutsiin, fen\u00fc\u00fclalaniin, alaniin, histidiin, isoleutsiin, glutamiinhape, arginiin, asparagiinhape jne) Orgaanilised happed Ens\u00fc\u00fcmid (fermente)Aroomid Inhibiinid (antibakteriaalsed ained) \u00d5ietolmuleht.<\/p>\n<p><strong>Ladustamine:<\/strong><br \/>\nS\u00f6\u00f6da kvaliteedi tagamiseks tuleb s\u00f6\u00f6ta hoida pimedas ja kuivas kohas.<\/p>\n<p><strong>Teade:<\/strong><br \/>\nT\u00e4iendav s\u00f6\u00f6t mett s\u00f6\u00f6vate sipelgate jaoks.<br \/>\nKoostise, anal\u00fc\u00fctiliste koostisosade, k\u00f5lblikkusaja ja partii numbri leiate pakendi infolehelt.<\/p>\n<p>Infotelefon +49 30 439703870<\/p>\n<p><strong>Vastutav veterinaar- ja toiduj\u00e4relevalveasutus:<\/strong><br \/>\nSteglitzi veterinaarkabinet<br \/>\nK\u00f6nigin-Luise-Str. 92<br \/>\n14195 Berliin<\/p>\n<p><strong>M\u00e4rkus pleegitatud kriketite kohta:<\/strong><br \/>\nMeie pleegitatud sirmikud on lihtne viis pakkuda sipelgatele v\u00e4rskelt konserveeritud valgurikast toitu, ilma et oleks vaja toita elusat putukat. Lisatud s\u00e4rge (Acheta domesticus) on \u00f5rnalt blan\u0161eeritud, et tagada toitev\u00e4\u00e4rtuse, maitse ja aroomi s\u00e4ilimine. Lisaks on putukate kitiinne kest sel viisil pehmendatud, et see oleks kergemini seeditav. Kollageensete valkude \u00fchendid lagundatakse, et sipelgad saaksid neid paremini kasutada. Konserveeritud Acheta domesticus on sama toitev\u00e4\u00e4rtusega kui elusad sirkad, kuid need on kergemini seeditavad.<\/p>\n<p>Blan\u0161eeritud sirkad ei sobi elusat toitu n\u00f5udvate sipelgaliikide (nt poneriinide (\u00fcrgsipelgad), nagu Harpegnathos v\u00f5i Odontomachus) k\u00fcttimiseks.<\/p>\n<p><strong>Muud eelised:<\/strong><br \/>\nGaranteeritult lestavaba<br \/>\nPortreteeritav<br \/>\nSteriliseeritud ja vaakumeeritud<br \/>\nIlma lisaaineteta<br \/>\nPuhtalt mahep\u00f5llumajanduslikust kasvatusest p\u00e4rit ja orgaaniliste j\u00e4\u00e4tmetega toidetud kriketid.<\/p>\n<p><strong>Teade:<\/strong><br \/>\nP\u00e4rast avamist s\u00e4ilib umbes neli p\u00e4eva k\u00fclmkapis. K\u00fclmutatuna s\u00e4ilivusaeg on pikem.<\/p>","protected":false},"excerpt":{"rendered":"<p>Komplektis on 25 t\u00fckki.<br \/>\nSuurus: XL<\/p>","protected":false},"featured_media":6710,"comment_status":"open","ping_status":"closed","template":"","meta":{"_acf_changed":false,"content-type":"","_monsterinsights_skip_tracking":false,"_monsterinsights_sitenote_active":false,"_monsterinsights_sitenote_note":"","_monsterinsights_sitenote_category":0},"product_brand":[],"product_cat":[354,73],"product_tag":[],"class_list":{"0":"post-6737","1":"product","2":"type-product","3":"status-publish","4":"has-post-thumbnail","6":"product_cat-starter-sets-for-weaver-ants","7":"product_cat-starter-sets","8":"product_shipping_class-forwarding-on-pallet","10":"first","11":"instock","12":"taxable","13":"shipping-taxable","14":"purchasable","15":"product-type-simple"},"acf":[],"aioseo_notices":[],"jetpack_sharing_enabled":true,"_links":{"self":[{"href":"https:\/\/clone.antcube.shop\/et\/wp-json\/wp\/v2\/product\/6737","targetHints":{"allow":["GET"]}}],"collection":[{"href":"https:\/\/clone.antcube.shop\/et\/wp-json\/wp\/v2\/product"}],"about":[{"href":"https:\/\/clone.antcube.shop\/et\/wp-json\/wp\/v2\/types\/product"}],"replies":[{"embeddable":true,"href":"https:\/\/clone.antcube.shop\/et\/wp-json\/wp\/v2\/comments?post=6737"}],"wp:featuredmedia":[{"embeddable":true,"href":"https:\/\/clone.antcube.shop\/et\/wp-json\/wp\/v2\/media\/6710"}],"wp:attachment":[{"href":"https:\/\/clone.antcube.shop\/et\/wp-json\/wp\/v2\/media?parent=6737"}],"wp:term":[{"taxonomy":"product_brand","embeddable":true,"href":"https:\/\/clone.antcube.shop\/et\/wp-json\/wp\/v2\/product_brand?post=6737"},{"taxonomy":"product_cat","embeddable":true,"href":"https:\/\/clone.antcube.shop\/et\/wp-json\/wp\/v2\/product_cat?post=6737"},{"taxonomy":"product_tag","embeddable":true,"href":"https:\/\/clone.antcube.shop\/et\/wp-json\/wp\/v2\/product_tag?post=6737"}],"curies":[{"name":"wp","href":"https:\/\/api.w.org\/{rel}","templated":true}]}}