{"id":10607,"date":"2024-11-29T12:11:26","date_gmt":"2024-11-29T11:11:26","guid":{"rendered":"https:\/\/antcube.shop\/?page_id=10607"},"modified":"2024-12-03T12:53:14","modified_gmt":"2024-12-03T11:53:14","slug":"muurahaisten-pitoa-koskevat-ohjeet","status":"publish","type":"page","link":"https:\/\/clone.antcube.shop\/fi\/muurahaisten-pitoa-koskevat-ohjeet\/","title":{"rendered":"Muurahaisten pitoa koskevat ohjeet"},"content":{"rendered":"<div id=\"gap-1295589225\" class=\"gap-element clearfix\" style=\"display:block; height:auto;\">\n\t\t\n<style>\n#gap-1295589225 {\n  padding-top: 190px;\n}\n<\/style>\n\t<\/div>\n\t\n\n<div class=\"row\"  id=\"row-1885774934\">\n\n\n\t<div id=\"col-1323721336\" class=\"col small-12 large-12\"  >\n\t\t\t\t<div class=\"col-inner\"  >\n\t\t\t\n\t\t\t\n\n<h1><b>Muurahaisten pit\u00e4mist\u00e4 koskevat ohjeet<\/b><\/h1>\n<h2><b>T\u00e4rke\u00e4 huomautus lajeista ja luonnonsuojelusta<\/b><\/h2>\n<ul>\n<li style=\"font-weight: 400;\" aria-level=\"1\"><b>Vaurio- ja tautiriski:<\/b><span style=\"font-weight: 400;\"> El\u00e4v\u00e4t el\u00e4imet voivat aiheuttaa vahinkoa tai levitt\u00e4\u00e4 tauteja. Erityisesti allergikkojen on noudatettava varovaisuutta.<\/span><\/li>\n<li style=\"font-weight: 400;\" aria-level=\"1\"><b>Vapauttaminen kielletty:<\/b><span style=\"font-weight: 400;\"> Muurahaisia ei saa miss\u00e4\u00e4n tapauksessa p\u00e4\u00e4st\u00e4\u00e4 luontoon kotoper\u00e4isen ja vieraan kasviston ja el\u00e4imist\u00f6n suojelemiseksi. Muurahaisten vapauttaminen ilman virallista lupaa on luonnonsuojelulains\u00e4\u00e4d\u00e4nn\u00f6n mukaan rangaistava teko. Tarjoudumme ottamaan vanhat pes\u00e4kkeet takaisin maksutta.<\/span><\/li>\n<li style=\"font-weight: 400;\" aria-level=\"1\"><b>Lajin tunnistaminen: <\/b><span style=\"font-weight: 400;\">Muurahaislajit on tunnistettu parhaan tiet\u00e4myksemme mukaan. Jos laji muuttuu my\u00f6hemmin, sinulla on oikeus palauttaa pes\u00e4.<\/span><\/li>\n<\/ul>\n<h2><b>Muurahaisten l\u00e4hett\u00e4minen<\/b><\/h2>\n<ul>\n<li style=\"font-weight: 400;\" aria-level=\"1\"><b>Toimitusalue: <\/b><span style=\"font-weight: 400;\">El\u00e4vi\u00e4 el\u00e4imi\u00e4 kuljetetaan vain EU:n sis\u00e4ll\u00e4. Alueelliset tuontim\u00e4\u00e4r\u00e4ykset on saatava paikalliselta el\u00e4inl\u00e4\u00e4kint\u00e4virastolta.<\/span><\/li>\n<li style=\"font-weight: 400;\" aria-level=\"1\"><b>L\u00e4mp\u00f6tilat l\u00e4hetyksen aikana:<\/b>\n<ul>\n<li style=\"font-weight: 400;\" aria-level=\"2\"><b>Y\u00f6l\u00e4mp\u00f6tilat:<\/b>\n<ul>\n<li style=\"font-weight: 400;\" aria-level=\"3\"><span style=\"font-weight: 400;\">Pohjois- ja Keski-Euroopan lajit: <span data-text-color=\"alert\">&gt;0\u00b0C<\/span> (Express: <span data-text-color=\"alert\">&gt;-5\u00b0C<\/span> eristyksen kanssa)<\/span><\/li>\n<li style=\"font-weight: 400;\" aria-level=\"3\"><span style=\"font-weight: 400;\">Etel\u00e4-Euroopan lajit: <span data-text-color=\"secondary\">&gt;+5\u00b0C<\/span> (Express: <span data-text-color=\"secondary\">&gt;0\u00b0C<\/span> eristyksen kanssa)<\/span><\/li>\n<li style=\"font-weight: 400;\" aria-level=\"3\"><span style=\"font-weight: 400;\">Trooppiset lajit: <span data-text-color=\"secondary\">&gt;+10\u00b0C<\/span> (Express: <span data-text-color=\"secondary\">&gt;+5\u00b0C<\/span> l\u00e4mp\u00f6pakkauksen kanssa)<\/span><\/li>\n<\/ul>\n<\/li>\n<li style=\"font-weight: 400;\" aria-level=\"2\"><b>P\u00e4iv\u00e4n l\u00e4mp\u00f6tilat: <\/b><span style=\"font-weight: 400;\">Maksimi <span data-text-color=\"alert\">+30\u00b0C<\/span> kaikkien lajien osalta.<\/span><\/li>\n<\/ul>\n<\/li>\n<\/ul>\n<p><span style=\"font-weight: 400;\">Tilattuja muurahaisia ei l\u00e4hetet\u00e4 m\u00e4\u00e4riteltyjen l\u00e4mp\u00f6tila-alueiden ulkopuolelle. Ne l\u00e4hetet\u00e4\u00e4n mahdollisimman pian.<\/span><\/p>\n<p><span style=\"font-weight: 400;\">Sinulle ilmoitetaan asiasta erikseen s\u00e4hk\u00f6postitse.\u00a0<\/span><\/p>\n<h2><b>Muurahaisten pito<\/b><\/h2>\n<ul>\n<li style=\"font-weight: 400;\" aria-level=\"1\"><span style=\"font-weight: 400;\">Yksityiskohtaiset hoitotiedot l\u00f6ytyv\u00e4t kunkin lajin tuoteselosteesta.<\/span><\/li>\n<\/ul>\n<h3><b>Ongelmat muurahaisia pidett\u00e4ess\u00e4<\/b><\/h3>\n<ol>\n<li><b> muurahaiskuolleisuus - mahdolliset syyt<\/b><\/li>\n<\/ol>\n<ul>\n<li style=\"font-weight: 400;\" aria-level=\"1\"><b>Veden laatu:<\/b>\n<ul>\n<li style=\"font-weight: 400;\" aria-level=\"2\"><span style=\"font-weight: 400;\">Vesijohtovesi voi olla muurahaisille myrkyllist\u00e4 kloorin tai kuparin vuoksi.<\/span><\/li>\n<li style=\"font-weight: 400;\" aria-level=\"2\"><b>Suositus: <\/b><span style=\"font-weight: 400;\">K\u00e4yt\u00e4 suodatettua tai sadevett\u00e4, \u00e4l\u00e4 tislattua vett\u00e4.<\/span><\/li>\n<\/ul>\n<\/li>\n<li style=\"font-weight: 400;\" aria-level=\"1\"><b>Alusta:<\/b>\n<ul>\n<li style=\"font-weight: 400;\" aria-level=\"2\"><span style=\"font-weight: 400;\">Lintuhiekka sis\u00e4lt\u00e4\u00e4 desinfiointiaineita, jotka voivat vahingoittaa muurahaisia.<\/span><\/li>\n<li style=\"font-weight: 400;\" aria-level=\"2\"><b>Suositus: <\/b><span style=\"font-weight: 400;\">K\u00e4yt\u00e4 k\u00e4ytt\u00f6valmiita <\/span><b>lattiapohjat <\/b><span style=\"font-weight: 400;\">tai k\u00e4sittelem\u00e4t\u00f6nt\u00e4 kvartsihiekkaa ja pese tai paista etuk\u00e4teen.<\/span><\/li>\n<\/ul>\n<\/li>\n<li style=\"font-weight: 400;\" aria-level=\"1\"><b>Kasvit:<\/b>\n<ul>\n<li style=\"font-weight: 400;\" aria-level=\"2\"><span style=\"font-weight: 400;\">Tee-se-itse-kaupoista tai puutarhamyym\u00e4l\u00f6ist\u00e4 saatavat el\u00e4v\u00e4t kasvit on usein k\u00e4sitelty torjunta-aineilla.<\/span><\/li>\n<li style=\"font-weight: 400;\" aria-level=\"2\"><b>Suositus: <\/b><span style=\"font-weight: 400;\">K\u00e4yt\u00e4 luonnonmukaisia kasveja tai terraarioihin erikoistuneista kaupoista saatavia kasveja.<\/span><\/li>\n<li style=\"font-weight: 400;\" aria-level=\"2\"><span style=\"font-weight: 400;\">Vaihtoehtoisesti voit my\u00f6s k\u00e4ytt\u00e4\u00e4 kasveja, joita on pidetty kotonasi v\u00e4hint\u00e4\u00e4n vuoden ajan ilman torjunta-aineita tai lannoitteita.<\/span><\/li>\n<\/ul>\n<\/li>\n<li style=\"font-weight: 400;\" aria-level=\"1\"><b>Puhdistus:<\/b>\n<ul>\n<li style=\"font-weight: 400;\" aria-level=\"2\"><span style=\"font-weight: 400;\">Lasinpuhdistusaineet ja kemialliset aineet ovat haitallisia.<\/span><\/li>\n<li style=\"font-weight: 400;\" aria-level=\"2\"><b>Suositus: <\/b><span style=\"font-weight: 400;\">K\u00e4yt\u00e4 puhdistusainetta kirkkaalla vedell\u00e4 tai orgaanista puhdistusainetta.<\/span><\/li>\n<\/ul>\n<\/li>\n<li style=\"font-weight: 400;\" aria-level=\"1\"><b>Formicariumin rakentaminen:<\/b>\n<ul>\n<li style=\"font-weight: 400;\" aria-level=\"2\"><span style=\"font-weight: 400;\">Materiaalit, joissa on liuottimia tai antibakteerista silikonia, eiv\u00e4t sovellu.<\/span><\/li>\n<li style=\"font-weight: 400;\" aria-level=\"2\"><b>Suositus: <\/b><span style=\"font-weight: 400;\">K\u00e4yt\u00e4 liuotteettomia aineita tai akvaariosilikonia.<\/span><\/li>\n<\/ul>\n<\/li>\n<li style=\"font-weight: 400;\" aria-level=\"1\"><b>Ruokinta:<\/b>\n<ul>\n<li style=\"font-weight: 400;\" aria-level=\"2\"><span style=\"font-weight: 400;\">S\u00e4il\u00f6nt\u00e4aineet ja loiset elintarvike-el\u00e4imiss\u00e4 voivat olla haitallisia. Lis\u00e4ksi massakasvatetuissa elintarvike-el\u00e4imiss\u00e4 on usein punkkeja, jotka voivat vahingoittaa muurahaisia.\u00a0<\/span><\/li>\n<li style=\"font-weight: 400;\" aria-level=\"2\"><b>Suositus: <\/b><span style=\"font-weight: 400;\">K\u00e4yt\u00e4 luonnonmukaista ruokaa tai luonnosta saatavia hy\u00f6nteisi\u00e4, jotka on ker\u00e4tty pois teiden ja peltojen l\u00e4helt\u00e4, jotka voivat olla torjunta-aineiden saastuttamia.<\/span><\/li>\n<\/ul>\n<\/li>\n<li style=\"font-weight: 400;\" aria-level=\"1\"><b>L\u00e4mp\u00f6tila:<\/b>\n<ul>\n<li style=\"font-weight: 400;\" aria-level=\"2\"><span style=\"font-weight: 400;\">Formicaria voi kuumentua huomattavasti suoran auringonvalon vaikutuksesta.<\/span><\/li>\n<li style=\"font-weight: 400;\" aria-level=\"2\"><b>Suositus: <\/b><span style=\"font-weight: 400;\">K\u00e4yt\u00e4 l\u00e4mp\u00f6mittaria, jossa on min\/max-toiminto.<\/span><\/li>\n<\/ul>\n<\/li>\n<li style=\"font-weight: 400;\" aria-level=\"1\"><b>Talvihorros:<\/b>\n<ul>\n<li style=\"font-weight: 400;\" aria-level=\"2\"><span style=\"font-weight: 400;\">Varmista horroksen aikana, ett\u00e4 pes\u00e4 on kostea, jotta se ei kuivu.<\/span><\/li>\n<\/ul>\n<\/li>\n<\/ul>\n<ol start=\"2\">\n<li><b> kuningatar ei muni - mahdolliset syyt<\/b><\/li>\n<\/ol>\n<ul>\n<li style=\"font-weight: 400;\" aria-level=\"1\"><b>Kausi: <\/b><span style=\"font-weight: 400;\">Eurooppalaiset lajit eiv\u00e4t muni syksyll\u00e4\/talvella.<\/span><b>.<\/b><\/li>\n<li style=\"font-weight: 400;\" aria-level=\"1\"><b>Stressi: <\/b><span style=\"font-weight: 400;\">Kuljetus- tai pes\u00e4h\u00e4iri\u00f6t voivat horjuttaa kuningatarta.<\/span><\/li>\n<li style=\"font-weight: 400;\" aria-level=\"1\"><b>Proteiinipuutos: <\/b><span style=\"font-weight: 400;\">Poikasten kehitys edellytt\u00e4\u00e4 proteiinipitoista ruokaa.<\/span><\/li>\n<li style=\"font-weight: 400;\" aria-level=\"1\"><b>Piilotetut munat: <\/b><span style=\"font-weight: 400;\">Munia voi l\u00f6yty\u00e4 kuljetuss\u00e4ili\u00f6st\u00e4 tai vanusta.<\/span><\/li>\n<li style=\"font-weight: 400;\" aria-level=\"1\"><b>Ilmasto: <\/b><span style=\"font-weight: 400;\">Optimaaliset olosuhteet (kasvualusta, pimeys, l\u00e4mp\u00f6tila, kosteus) ovat olennaisen t\u00e4rkeit\u00e4.<\/span><\/li>\n<li style=\"font-weight: 400;\" aria-level=\"1\"><b>Suositus: <\/b><span style=\"font-weight: 400;\">Aloittelijoiden olisi valittava lajit, joista on saatavilla monia kokemusraportteja.<\/span><\/li>\n<\/ul>\n<p><span style=\"font-weight: 400;\">N\u00e4iss\u00e4 ohjeissa annetaan perustietoa siit\u00e4, miten muurahaisia voidaan pit\u00e4\u00e4 onnistuneesti. Jos sinulla on kysytt\u00e4v\u00e4\u00e4 tai ongelmia, on suositeltavaa ottaa yhteytt\u00e4 kokeneisiin pit\u00e4jiin tai erikoisliikkeisiin.<\/span><\/p>\n\n\t\t<\/div>\n\t\t\t\t\t<\/div>\n\n\t\n\n<\/div>","protected":false},"excerpt":{"rendered":"","protected":false},"author":1,"featured_media":0,"parent":0,"menu_order":0,"comment_status":"closed","ping_status":"closed","template":"","meta":{"_acf_changed":false,"content-type":"","_monsterinsights_skip_tracking":false,"_monsterinsights_sitenote_active":false,"_monsterinsights_sitenote_note":"","_monsterinsights_sitenote_category":0,"footnotes":""},"class_list":["post-10607","page","type-page","status-publish","hentry"],"acf":[],"aioseo_notices":[],"jetpack_sharing_enabled":true,"_links":{"self":[{"href":"https:\/\/clone.antcube.shop\/fi\/wp-json\/wp\/v2\/pages\/10607","targetHints":{"allow":["GET"]}}],"collection":[{"href":"https:\/\/clone.antcube.shop\/fi\/wp-json\/wp\/v2\/pages"}],"about":[{"href":"https:\/\/clone.antcube.shop\/fi\/wp-json\/wp\/v2\/types\/page"}],"author":[{"embeddable":true,"href":"https:\/\/clone.antcube.shop\/fi\/wp-json\/wp\/v2\/users\/1"}],"replies":[{"embeddable":true,"href":"https:\/\/clone.antcube.shop\/fi\/wp-json\/wp\/v2\/comments?post=10607"}],"version-history":[{"count":5,"href":"https:\/\/clone.antcube.shop\/fi\/wp-json\/wp\/v2\/pages\/10607\/revisions"}],"predecessor-version":[{"id":10717,"href":"https:\/\/clone.antcube.shop\/fi\/wp-json\/wp\/v2\/pages\/10607\/revisions\/10717"}],"wp:attachment":[{"href":"https:\/\/clone.antcube.shop\/fi\/wp-json\/wp\/v2\/media?parent=10607"}],"curies":[{"name":"wp","href":"https:\/\/api.w.org\/{rel}","templated":true}]}}