{"id":630,"date":"2021-07-30T13:32:17","date_gmt":"2021-07-30T11:32:17","guid":{"rendered":"https:\/\/antcube.shop\/?page_id=630"},"modified":"2025-07-23T17:23:54","modified_gmt":"2025-07-23T15:23:54","slug":"oikeudellinen-ilmoitus","status":"publish","type":"page","link":"https:\/\/clone.antcube.shop\/fi\/oikeudellinen-ilmoitus\/","title":{"rendered":"Oikeudellinen huomautus"},"content":{"rendered":"<div id=\"gap-1934729576\" class=\"gap-element clearfix\" style=\"display:block; height:auto;\">\n\t\t\n<style>\n#gap-1934729576 {\n  padding-top: 199px;\n}\n@media (min-width:850px) {\n  #gap-1934729576 {\n    padding-top: 190px;\n  }\n}\n<\/style>\n\t<\/div>\n\t\n\n<div class=\"row\"  id=\"row-1012404075\">\n\n\n\t<div id=\"col-1494379675\" class=\"col small-12 large-12\"  >\n\t\t\t\t<div class=\"col-inner\"  >\n\t\t\t\n\t\t\t\n\n<h1>Oikeudellinen huomautus<\/h1>\n<p><strong>ANTCUBE by <\/strong><b>ANTSTORE, Martin Sebesta<\/b><b><br \/><\/b><span style=\"font-weight: 400;\">Selerweg 41<\/span><span style=\"font-weight: 400;\"><br \/><\/span><span style=\"font-weight: 400;\">D-12169 Berliini<\/span><\/p>\n<p><b>Ota yhteytt\u00e4<\/b><b><br \/><\/b><span style=\"font-weight: 400;\">Puhelin: +49 30 439703870<\/span><span style=\"font-weight: 400;\"><br \/><\/span><span style=\"font-weight: 400;\">E-mail:law@ants.de\u00a0<\/span><\/p>\n<p><b>Myyntiveron tunnistenumero: <\/b><span style=\"font-weight: 400;\">DE215167549 <\/span><span style=\"font-weight: 400;\"><br \/><\/span><b>WEEE-rekisterinumero: <\/b><span style=\"font-weight: 400;\">DE54590387<\/span><\/p>\n<p><b>Sis\u00e4ll\u00f6st\u00e4 vastaa \u00a7 55 Abs. 2 RStV: <\/b><b><br \/><\/b><span style=\"font-weight: 400;\">Martin Sebesta (osoite kuten edell\u00e4)<\/span><\/p>\n<p><b>Verkkosivuston k\u00e4ytt\u00f6\u00e4 koskevat tiedot<\/b><b><br \/><\/b><span style=\"font-weight: 400;\">Verkkosivustomme yksitt\u00e4isten sivujen tai osioiden lataaminen tai tulostaminen on sallittua yksityisk\u00e4ytt\u00f6\u00f6n.<\/span><span style=\"font-weight: 400;\"><br \/><\/span><span style=\"font-weight: 400;\"> T\u00e4m\u00e4n verkkosivuston t\u00e4ydellinen tai osittainen j\u00e4ljent\u00e4minen, jakelu, siirto (s\u00e4hk\u00f6isesti tai muulla tavoin), muuttaminen tai k\u00e4ytt\u00f6 julkisiin tai kaupallisiin tarkoituksiin on kielletty ilman kirjallista suostumustamme.<\/span><\/p>\n<p><b>Sallittu k\u00e4ytt\u00f6 ei-kaupallisiin tarkoituksiin: <\/b><b><br \/><\/b><span style=\"font-weight: 400;\">Tuotekuviemme k\u00e4ytt\u00f6 mainonnassa paikallisissa kaupoissa on sallittua seuraavin ehdoin:<\/span><\/p>\n<ul>\n<li style=\"font-weight: 400;\" aria-level=\"1\"><span style=\"font-weight: 400;\">Kaikkiin kuviin on merkitt\u00e4v\u00e4 l\u00e4hde ja logomme (ANTSTORE\/ ANTCUBE\/ PLANTCUBE). <\/span><span style=\"font-weight: 400;\"><br \/><\/span><b>Painotuotteet: <\/b><span style=\"font-weight: 400;\">L\u00e4hde: <\/span><a href=\"https:\/\/www.antstore.de\"><span style=\"font-weight: 400;\">www.antstore.de<\/span><span style=\"font-weight: 400;\"><br \/><\/span><\/a><b> Verkkosivut: <\/b><span style=\"font-weight: 400;\">L\u00e4hde: <\/span><a href=\"https:\/\/www.antstore.de\"><span style=\"font-weight: 400;\">www.antstore.de<\/span><\/a><span style=\"font-weight: 400;\"> (linkki osoitteeseen www.antstore.net\/shop\/) tai <\/span><a href=\"https:\/\/www.clone.antcube.shop\"><span style=\"font-weight: 400;\">www.clone.antcube.shop<\/span><\/a><\/li>\n<\/ul>\n<p><span style=\"font-weight: 400;\">Jos sinulla on kysytt\u00e4v\u00e4\u00e4 logon oikeasta sijoittelusta ja jos haluat saada sen digitaalisena tiedostona, ota yhteytt\u00e4 osoitteeseen marketing@antcube.de.<\/span><\/p>\n<p><b>T\u00e4rke\u00e4 huomautus: <\/b><b><br \/><\/b><span style=\"font-weight: 400;\">Kuviemme k\u00e4ytt\u00f6 verkkokaupoissa tai muihin kaupallisiin tarkoituksiin on kielletty ilman kirjallista lupaa.<\/span><\/p>\n<p><b>Verkkosivuston linkkej\u00e4 koskeva huomautus <\/b><b><br \/><\/b><span style=\"font-weight: 400;\">Verkkosivustomme sis\u00e4lt\u00e4\u00e4 linkkej\u00e4 ulkoisille verkkosivustoille. Emme ota vastuuta n\u00e4iden verkkosivustojen sis\u00e4ll\u00f6st\u00e4, koska emme voi vaikuttaa niiden suunnitteluun ja sis\u00e4lt\u00f6\u00f6n.<\/span><\/p>\n<p><span style=\"font-weight: 400;\">Ilmoitamme nimenomaisesti, ett\u00e4 emme hyv\u00e4ksy ulkopuolisten sivustojen sis\u00e4lt\u00f6\u00e4 omaksi sis\u00e4ll\u00f6ksi.<\/span><span style=\"font-weight: 400;\"><br \/><\/span><span style=\"font-weight: 400;\"> Verkkosivustomme linkit on ymm\u00e4rrett\u00e4v\u00e4 \"el\u00e4viksi\" (dynaamisiksi) viittauksiksi.<\/span><span style=\"font-weight: 400;\"><br \/><\/span><span style=\"font-weight: 400;\"> Jos p\u00e4\u00e4t\u00e4mme, ett\u00e4 tietty tarjous, johon olemme antaneet linkin, aiheuttaa siviili- tai rikosoikeudellisen vastuun, poistamme linkin, jos se on teknisesti mahdollista ja kohtuullista.<\/span><\/p>\n<p>Suunnittelu, sis\u00e4lt\u00f6 ja tekninen toteutus: Janik Wiedemann<\/p>\n\n\t\t<\/div>\n\t\t\t\t\t<\/div>\n\n\t\n\n<\/div>","protected":false},"excerpt":{"rendered":"","protected":false},"author":1,"featured_media":0,"parent":0,"menu_order":0,"comment_status":"closed","ping_status":"closed","template":"","meta":{"_acf_changed":false,"content-type":"","_monsterinsights_skip_tracking":false,"_monsterinsights_sitenote_active":false,"_monsterinsights_sitenote_note":"","_monsterinsights_sitenote_category":0,"footnotes":""},"class_list":["post-630","page","type-page","status-publish","hentry"],"acf":[],"aioseo_notices":[],"jetpack_sharing_enabled":true,"_links":{"self":[{"href":"https:\/\/clone.antcube.shop\/fi\/wp-json\/wp\/v2\/pages\/630","targetHints":{"allow":["GET"]}}],"collection":[{"href":"https:\/\/clone.antcube.shop\/fi\/wp-json\/wp\/v2\/pages"}],"about":[{"href":"https:\/\/clone.antcube.shop\/fi\/wp-json\/wp\/v2\/types\/page"}],"author":[{"embeddable":true,"href":"https:\/\/clone.antcube.shop\/fi\/wp-json\/wp\/v2\/users\/1"}],"replies":[{"embeddable":true,"href":"https:\/\/clone.antcube.shop\/fi\/wp-json\/wp\/v2\/comments?post=630"}],"version-history":[{"count":10,"href":"https:\/\/clone.antcube.shop\/fi\/wp-json\/wp\/v2\/pages\/630\/revisions"}],"predecessor-version":[{"id":12006,"href":"https:\/\/clone.antcube.shop\/fi\/wp-json\/wp\/v2\/pages\/630\/revisions\/12006"}],"wp:attachment":[{"href":"https:\/\/clone.antcube.shop\/fi\/wp-json\/wp\/v2\/media?parent=630"}],"curies":[{"name":"wp","href":"https:\/\/api.w.org\/{rel}","templated":true}]}}