{"id":702,"date":"2021-08-17T10:58:14","date_gmt":"2021-08-17T08:58:14","guid":{"rendered":"https:\/\/antcube.shop\/?page_id=702"},"modified":"2024-09-09T17:06:06","modified_gmt":"2024-09-09T15:06:06","slug":"catching-queen-ants","status":"publish","type":"page","link":"https:\/\/clone.antcube.shop\/fi\/catching-queen-ants\/","title":{"rendered":"Muurahaiskuningattaren pyydyst\u00e4minen"},"content":{"rendered":"<div id=\"gap-1372305711\" class=\"gap-element clearfix\" style=\"display:block; height:auto;\">\n\t\t\n<style>\n#gap-1372305711 {\n  padding-top: 177px;\n}\n@media (min-width:550px) {\n  #gap-1372305711 {\n    padding-top: 178px;\n  }\n}\n@media (min-width:850px) {\n  #gap-1372305711 {\n    padding-top: 75px;\n  }\n}\n<\/style>\n\t<\/div>\n\t\n\n\n  <div class=\"banner has-hover\" id=\"banner-371721920\">\n          <div class=\"banner-inner fill\">\n        <div class=\"banner-bg fill\" >\n            <img loading=\"lazy\" decoding=\"async\" width=\"1020\" height=\"571\" src=\"https:\/\/i0.wp.com\/clone.antcube.shop\/wp-content\/uploads\/2021\/09\/Screenshot-2021-09-16-150304.png?fit=1020%2C571&amp;ssl=1\" class=\"bg attachment-large size-large\" alt=\"Kuinka pyydyst\u00e4\u00e4 muurahaiskuningatar koeputkella ja kevytter\u00e4spinseteill\u00e4\" \/>                        <div class=\"overlay\"><\/div>            \n                    <\/div>\n\t\t\n        <div class=\"banner-layers container\">\n            <div class=\"fill banner-link\"><\/div>            \n\n   <div id=\"text-box-551517321\" class=\"text-box banner-layer x50 md-x50 lg-x50 y50 md-y50 lg-y50 res-text\">\n                                <div class=\"text-box-content text dark text-shadow-3\">\n              \n              <div class=\"text-inner text-center\">\n                  \n\n<h3 class=\"uppercase\"><strong>kuinka pyydyst\u00e4\u00e4 oma kuningatar-muurahainen<\/strong><\/h3>\n\n              <\/div>\n           <\/div>\n                            \n<style>\n#text-box-551517321 {\n  width: 60%;\n}\n#text-box-551517321 .text-box-content {\n  font-size: 100%;\n}\n<\/style>\n    <\/div>\n \n\n        <\/div>\n      <\/div>\n\n            \n<style>\n#banner-371721920 {\n  padding-top: 400px;\n}\n#banner-371721920 .overlay {\n  background-color: rgba(0, 0, 0, 0.17);\n}\n#banner-371721920 .banner-bg img {\n  object-position: 56% 82%;\n}\n@media (min-width:550px) {\n  #banner-371721920 {\n    padding-top: 500px;\n  }\n}\n<\/style>\n  <\/div>\n\n\n\t<div id=\"gap-499708653\" class=\"gap-element clearfix\" style=\"display:block; height:auto;\">\n\t\t\n<style>\n#gap-499708653 {\n  padding-top: 30px;\n}\n<\/style>\n\t<\/div>\n\t\n\n<div class=\"row\"  id=\"row-1997265178\">\n\n\n\t<div id=\"col-265654029\" class=\"col medium-6 small-12 large-6\"  >\n\t\t\t\t<div class=\"col-inner\"  >\n\t\t\t\n\t\t\t\n\n<h3>Pyyd\u00e4 oma muurahaiskuningatar<\/h3>\n<p>Jos haluat pyydyst\u00e4\u00e4 oman muurahaiskuningattaresi, tarvitaan joko onnea tai jonkin verran valmistautumista ja tutkimusta.\u00a0<\/p>\n<p>Muurahaiset lent\u00e4v\u00e4t neitsytlentonsa yleens\u00e4 kerran vuodessa. Vain t\u00e4ll\u00e4 kertaa yhdyskunta muodostaa niin sanottuja lis\u00e4\u00e4ntymisel\u00e4imi\u00e4 eli nuoria kuningattaria ja kuhnureita (urosmuurahaisia). Ne ovat ainoat lentokykyiset muurahaiset. Kuningattaret pudottavat siipens\u00e4 sen j\u00e4lkeen, kun ne ovat paritelleet yhden tai useamman uroksen kanssa. Urokset kuolevat lyhyen ajan kuluttua (enint\u00e4\u00e4n muutaman p\u00e4iv\u00e4n) riippumatta siit\u00e4, ovatko ne pariutuneet vai eiv\u00e4t. <br \/>Kun nuoret kuningattaret ovat suorittaneet neitsytlentonsa, ne etsiv\u00e4t sopivan paikan pes\u00e4kkeen perustamiselle. Ne pudottavat siipens\u00e4 ja alkavat kaivautua. T\u00e4m\u00e4 on t\u00e4ydellinen hetki ker\u00e4t\u00e4 ne. Kun niill\u00e4 ei ole en\u00e4\u00e4 siipi\u00e4, voit olla varma, ett\u00e4 ne ovat pariutuneet.<\/p>\n<p>Paras tapa ker\u00e4t\u00e4 ne on k\u00e4ytt\u00e4\u00e4 jousiter\u00e4spinsettej\u00e4. Niill\u00e4 voit tarttua el\u00e4imiin vahingoittamatta niit\u00e4.<\/p>\n<p>Aseta ne koeputkeen tai pieneen laatikkoon, jossa on reiki\u00e4 ilmanvaihtoa varten. Jotkin lajit on kuljetettava yksitt\u00e4in, toisia lajeja voidaan pit\u00e4\u00e4 lyhytaikaisesti yhdess\u00e4 astiassa, sill\u00e4 ne ovat kesken\u00e4\u00e4n v\u00e4hemm\u00e4n aggressiivisia. Eri lajit on aina pidett\u00e4v\u00e4 erill\u00e4\u00e4n.<\/p>\n<p>Kun haluat tiet\u00e4\u00e4, milloin ja mist\u00e4 l\u00f6yd\u00e4t muurahaiskuningattaresi, netiss\u00e4 on nyky\u00e4\u00e4n monia \"nuptiolentokarttoja\". Olemme linkitt\u00e4neet kaksi esimerkki\u00e4 alempana t\u00e4ll\u00e4 sivulla.<\/p>\n<p>Varmista, ettet ker\u00e4\u00e4 suojeltuja tai uhanalaisia lajeja, sill\u00e4 kaikissa maailman maissa on enemm\u00e4n kuin tarpeeksi lajeja, joiden populaatiot ovat hyvin terveit\u00e4.<\/p>\n<p><strong>Nuptial lentokaavio saksan kielell\u00e4:<\/strong><\/p>\n<p><a href=\"https:\/\/www.ameisenforum.de\/schwarmflug.php\">Ameisenforum.de<\/a><\/p>\n<p><strong>Nuptial lentokaavio englannin kielell\u00e4:<\/strong><\/p>\n<p><a href=\"https:\/\/antflights.com\/stats\/flights\">Antflights.com<\/a><\/p>\n\n\t\t<\/div>\n\t\t\t\t\t<\/div>\n\n\t\n\n\t<div id=\"col-543426609\" class=\"col medium-6 small-12 large-6\"  >\n\t\t\t\t<div class=\"col-inner\"  >\n\t\t\t\n\t\t\t\n\n\t<div class=\"img has-hover x md-x lg-x y md-y lg-y\" id=\"image_1793075853\">\n\t\t<a class=\"image-lightbox lightbox-gallery\" title=\"\" href=\"https:\/\/i0.wp.com\/clone.antcube.shop\/wp-content\/uploads\/2021\/07\/Lasius-niger.jpg?ssl=1\">\t\t\t\t\t\t<div class=\"img-inner dark\" >\n\t\t\t<img data-recalc-dims=\"1\" loading=\"lazy\" decoding=\"async\" width=\"1000\" height=\"1000\" src=\"https:\/\/i0.wp.com\/clone.antcube.shop\/wp-content\/uploads\/2021\/07\/Lasius-niger.jpg?resize=1000%2C1000&#038;ssl=1\" class=\"attachment-original size-original\" alt=\"Lasius niger muurahaiskuningatar makro valkoisella taustalla\" srcset=\"https:\/\/i0.wp.com\/clone.antcube.shop\/wp-content\/uploads\/2021\/07\/Lasius-niger.jpg?w=1000&amp;ssl=1 1000w, https:\/\/i0.wp.com\/clone.antcube.shop\/wp-content\/uploads\/2021\/07\/Lasius-niger.jpg?resize=247%2C247&amp;ssl=1 247w, https:\/\/i0.wp.com\/clone.antcube.shop\/wp-content\/uploads\/2021\/07\/Lasius-niger.jpg?resize=100%2C100&amp;ssl=1 100w, https:\/\/i0.wp.com\/clone.antcube.shop\/wp-content\/uploads\/2021\/07\/Lasius-niger.jpg?resize=510%2C510&amp;ssl=1 510w, https:\/\/i0.wp.com\/clone.antcube.shop\/wp-content\/uploads\/2021\/07\/Lasius-niger.jpg?resize=400%2C400&amp;ssl=1 400w, https:\/\/i0.wp.com\/clone.antcube.shop\/wp-content\/uploads\/2021\/07\/Lasius-niger.jpg?resize=800%2C800&amp;ssl=1 800w, https:\/\/i0.wp.com\/clone.antcube.shop\/wp-content\/uploads\/2021\/07\/Lasius-niger.jpg?resize=280%2C280&amp;ssl=1 280w, https:\/\/i0.wp.com\/clone.antcube.shop\/wp-content\/uploads\/2021\/07\/Lasius-niger.jpg?resize=768%2C768&amp;ssl=1 768w\" sizes=\"auto, (max-width: 1000px) 100vw, 1000px\" \/>\t\t\t\t\t\t\n\t\t\t\t\t<\/div>\n\t\t\t\t\t\t<\/a>\t\t\n<style>\n#image_1793075853 {\n  width: 100%;\n}\n<\/style>\n\t<\/div>\n\t\n\n\t<div id=\"text-2789759443\" class=\"text\">\n\t\t\n\n<p>Lasius niger kuningatar<\/p>\n\t\t\n<style>\n#text-2789759443 {\n  text-align: center;\n}\n<\/style>\n\t<\/div>\n\t\n\n\t\t<\/div>\n\t\t\t\t\t<\/div>\n\n\t\n\n<\/div>","protected":false},"excerpt":{"rendered":"","protected":false},"author":1,"featured_media":0,"parent":0,"menu_order":0,"comment_status":"closed","ping_status":"closed","template":"","meta":{"_acf_changed":false,"content-type":"","_monsterinsights_skip_tracking":false,"_monsterinsights_sitenote_active":false,"_monsterinsights_sitenote_note":"","_monsterinsights_sitenote_category":0,"footnotes":""},"class_list":["post-702","page","type-page","status-publish","hentry"],"acf":[],"aioseo_notices":[],"jetpack_sharing_enabled":true,"_links":{"self":[{"href":"https:\/\/clone.antcube.shop\/fi\/wp-json\/wp\/v2\/pages\/702","targetHints":{"allow":["GET"]}}],"collection":[{"href":"https:\/\/clone.antcube.shop\/fi\/wp-json\/wp\/v2\/pages"}],"about":[{"href":"https:\/\/clone.antcube.shop\/fi\/wp-json\/wp\/v2\/types\/page"}],"author":[{"embeddable":true,"href":"https:\/\/clone.antcube.shop\/fi\/wp-json\/wp\/v2\/users\/1"}],"replies":[{"embeddable":true,"href":"https:\/\/clone.antcube.shop\/fi\/wp-json\/wp\/v2\/comments?post=702"}],"version-history":[{"count":10,"href":"https:\/\/clone.antcube.shop\/fi\/wp-json\/wp\/v2\/pages\/702\/revisions"}],"predecessor-version":[{"id":9149,"href":"https:\/\/clone.antcube.shop\/fi\/wp-json\/wp\/v2\/pages\/702\/revisions\/9149"}],"wp:attachment":[{"href":"https:\/\/clone.antcube.shop\/fi\/wp-json\/wp\/v2\/media?parent=702"}],"curies":[{"name":"wp","href":"https:\/\/api.w.org\/{rel}","templated":true}]}}