{"id":899,"date":"2021-08-22T15:12:45","date_gmt":"2021-08-22T13:12:45","guid":{"rendered":"https:\/\/antcube.shop\/?page_id=899"},"modified":"2023-12-14T13:30:00","modified_gmt":"2023-12-14T12:30:00","slug":"faq-shop","status":"publish","type":"page","link":"https:\/\/clone.antcube.shop\/fi\/faq-shop\/","title":{"rendered":"UKK-myym\u00e4l\u00e4"},"content":{"rendered":"<div id=\"gap-785049647\" class=\"gap-element clearfix\" style=\"display:block; height:auto;\">\n\t\t\n<style>\n#gap-785049647 {\n  padding-top: 200px;\n}\n@media (min-width:850px) {\n  #gap-785049647 {\n    padding-top: 175px;\n  }\n}\n<\/style>\n\t<\/div>\n\t\n\n\t<div id=\"text-663949997\" class=\"text\">\n\t\t\n\n<h1>UKK-myym\u00e4l\u00e4 \u00a0<\/h1>\n<h2>Usein kysytyt kysymykset tuotteistamme tai kaupastamme yleens\u00e4<\/h2>\n\t\t\n<style>\n#text-663949997 {\n  text-align: center;\n}\n<\/style>\n\t<\/div>\n\t\n<div class=\"row align-center\"  id=\"row-2114201806\">\n\n\n\t<div id=\"col-2023572987\" class=\"col small-12 large-12\"  >\n\t\t\t\t<div class=\"col-inner\"  >\n\t\t\t\n\t\t\t\n\n<div class=\"accordion\">\n\n\t<div id=\"accordion-518157270\" class=\"accordion-item\">\n\t\t<a id=\"accordion-518157270-label\" class=\"accordion-title plain\" href=\"#accordion-item-you-do-not-know-what-ant-species-to-keep-or-which-formicarium-you-should-use?\" aria-expanded=\"false\" aria-controls=\"accordion-518157270-content\">\n\t\t\t<button class=\"toggle\" aria-label=\"Toggle\"><i class=\"icon-angle-down\" aria-hidden=\"true\"><\/i><\/button>\n\t\t\t<span>Etk\u00f6 tied\u00e4, mit\u00e4 muurahaislajeja pit\u00e4isi pit\u00e4\u00e4 tai mit\u00e4 Formicariumia sinun pit\u00e4isi k\u00e4ytt\u00e4\u00e4?<\/span>\n\t\t<\/a>\n\t\t<div id=\"accordion-518157270-content\" class=\"accordion-inner\" aria-labelledby=\"accordion-518157270-label\">\n\t\t\t\n\n<p>Kokeile \"Ant Finder\" tai \"Formicarium Finder\" - Online-asiakaspalvelumme<\/p>\n<p><a href=\"https:\/\/clone.antcube.shop\/ant-finder\/\">L\u00f6yd\u00e4 muurahaislajisi<\/a><\/p>\n<p><a href=\"https:\/\/clone.antcube.shop\/formicarium-finder\/\">Etsi Formicarium<\/a><\/p>\n\n\t\t<\/div>\n\t<\/div>\n\t\n\t<div id=\"accordion-1701596222\" class=\"accordion-item\">\n\t\t<a id=\"accordion-1701596222-label\" class=\"accordion-title plain\" href=\"#accordion-item-what-are-the-delivery-times-and-charges-for-orders-from-the-online-shop?\" aria-expanded=\"false\" aria-controls=\"accordion-1701596222-content\">\n\t\t\t<button class=\"toggle\" aria-label=\"Toggle\"><i class=\"icon-angle-down\" aria-hidden=\"true\"><\/i><\/button>\n\t\t\t<span>Mitk\u00e4 ovat verkkokaupan tilausten toimitusajat ja -kulut?<\/span>\n\t\t<\/a>\n\t\t<div id=\"accordion-1701596222-content\" class=\"accordion-inner\" aria-labelledby=\"accordion-1701596222-label\">\n\t\t\t\n\n<p>L\u00f6yd\u00e4t tietoa arvioiduista toimitusajoista t\u00e4\u00e4lt\u00e4:<\/p>\n<p><a href=\"https:\/\/clone.antcube.shop\/delivery-times\/\">Toimitusajat<\/a><\/p>\n<p>Jos haluat tiet\u00e4\u00e4 arvioidut toimituskulut ja toimitusrajoitukset, katso t\u00e4st\u00e4:<\/p>\n<p><a href=\"https:\/\/clone.antcube.shop\/shipping-costs-delivery-restrictions\/\">Toimituskulut\/ toimitusrajoitukset<\/a><\/p>\n\n\t\t<\/div>\n\t<\/div>\n\t\n\t<div id=\"accordion-3247139809\" class=\"accordion-item\">\n\t\t<a id=\"accordion-3247139809-label\" class=\"accordion-title plain\" href=\"#accordion-item-you-have-questions-about-returns-or-refunds?\" aria-expanded=\"false\" aria-controls=\"accordion-3247139809-content\">\n\t\t\t<button class=\"toggle\" aria-label=\"Toggle\"><i class=\"icon-angle-down\" aria-hidden=\"true\"><\/i><\/button>\n\t\t\t<span>Onko sinulla kysytt\u00e4v\u00e4\u00e4 palautuksista tai hyvityksist\u00e4?<\/span>\n\t\t<\/a>\n\t\t<div id=\"accordion-3247139809-content\" class=\"accordion-inner\" aria-labelledby=\"accordion-3247139809-label\">\n\t\t\t\n\n<p><a href=\"https:\/\/clone.antcube.shop\/refund-policy\/\">Palautusk\u00e4yt\u00e4nt\u00f6<\/a><\/p>\n<p><a href=\"https:\/\/clone.antcube.shop\/terms-and-conditions\/\">Ehdot ja edellytykset<\/a><\/p>\n\n\t\t<\/div>\n\t<\/div>\n\t\n\t<div id=\"accordion-2230005096\" class=\"accordion-item\">\n\t\t<a id=\"accordion-2230005096-label\" class=\"accordion-title plain\" href=\"#accordion-item-which-payment-methods-are-accepted-in-the-online-shop?\" aria-expanded=\"false\" aria-controls=\"accordion-2230005096-content\">\n\t\t\t<button class=\"toggle\" aria-label=\"Toggle\"><i class=\"icon-angle-down\" aria-hidden=\"true\"><\/i><\/button>\n\t\t\t<span>Mitk\u00e4 maksutavat hyv\u00e4ksyt\u00e4\u00e4n verkkokaupassa?<\/span>\n\t\t<\/a>\n\t\t<div id=\"accordion-2230005096-content\" class=\"accordion-inner\" aria-labelledby=\"accordion-2230005096-label\">\n\t\t\t\n\n<p>L\u00f6yd\u00e4t yleiskatsauksen hyv\u00e4ksytyist\u00e4 maksutavoista t\u00e4\u00e4lt\u00e4:<\/p>\n<p><a href=\"https:\/\/clone.antcube.shop\/payment-methods\/\">Maksutavat<\/a><\/p>\n\n\t\t<\/div>\n\t<\/div>\n\t\n\t<div id=\"accordion-4262305096\" class=\"accordion-item\">\n\t\t<a id=\"accordion-4262305096-label\" class=\"accordion-title plain\" href=\"#accordion-item-you-are-looking-for-user-manuals-for-your-starter-set?\" aria-expanded=\"false\" aria-controls=\"accordion-4262305096-content\">\n\t\t\t<button class=\"toggle\" aria-label=\"Toggle\"><i class=\"icon-angle-down\" aria-hidden=\"true\"><\/i><\/button>\n\t\t\t<span>Etsitk\u00f6 k\u00e4ytt\u00f6ohjeita aloitussarjaa varten?<\/span>\n\t\t<\/a>\n\t\t<div id=\"accordion-4262305096-content\" class=\"accordion-inner\" aria-labelledby=\"accordion-4262305096-label\">\n\t\t\t\n\n<p>T\u00e4\u00e4lt\u00e4 l\u00f6yd\u00e4t PDF-k\u00e4ytt\u00f6oppaat tulostettavaksi tai ladattavaksi:<\/p>\n<p><a href=\"https:\/\/clone.antcube.shop\/download\/\">Lataa<\/a><\/p>\n\n\t\t<\/div>\n\t<\/div>\n\t\n\t<div id=\"accordion-1277930738\" class=\"accordion-item\">\n\t\t<a id=\"accordion-1277930738-label\" class=\"accordion-title plain\" href=\"#accordion-item-you-need-more-information-about-certain-ant-species-or-ant-keeping-in-general?\" aria-expanded=\"false\" aria-controls=\"accordion-1277930738-content\">\n\t\t\t<button class=\"toggle\" aria-label=\"Toggle\"><i class=\"icon-angle-down\" aria-hidden=\"true\"><\/i><\/button>\n\t\t\t<span>Tarvitsetko lis\u00e4tietoja tietyist\u00e4 muurahaislajeista tai muurahaiskasvatuksesta yleens\u00e4?<\/span>\n\t\t<\/a>\n\t\t<div id=\"accordion-1277930738-content\" class=\"accordion-inner\" aria-labelledby=\"accordion-1277930738-label\">\n\t\t\t\n\n<p>T\u00e4\u00e4lt\u00e4 l\u00f6yd\u00e4t usein kysyttyj\u00e4 kysymyksi\u00e4 muurahaisista ja muurahaisten pit\u00e4misest\u00e4:<\/p>\n<p><a href=\"https:\/\/clone.antcube.shop\/faq-ants\/\">FAQ muurahaiset<\/a><\/p>\n<p><a href=\"https:\/\/clone.antcube.shop\/catching-queen-ants\/\">Miten saada kuningatar muurahainen kiinni<\/a><\/p>\n<p><a href=\"https:\/\/clone.antcube.shop\/ant-species\/\">Lis\u00e4tietoja muurahaisista<\/a><\/p>\n<p><a href=\"https:\/\/clone.antcube.shop\/social-media\/\">Katso YouTube-kanavamme, sielt\u00e4 l\u00f6yd\u00e4t hy\u00f6dyllisi\u00e4 vinkkej\u00e4 ja tietoa.<\/a><\/p>\n\n\t\t<\/div>\n\t<\/div>\n\t\n\t<div id=\"accordion-215979385\" class=\"accordion-item\">\n\t\t<a id=\"accordion-215979385-label\" class=\"accordion-title plain\" href=\"#accordion-item-you-have-questions-about-our-products?\" aria-expanded=\"false\" aria-controls=\"accordion-215979385-content\">\n\t\t\t<button class=\"toggle\" aria-label=\"Toggle\"><i class=\"icon-angle-down\" aria-hidden=\"true\"><\/i><\/button>\n\t\t\t<span>Onko sinulla kysytt\u00e4v\u00e4\u00e4 tuotteistamme?<\/span>\n\t\t<\/a>\n\t\t<div id=\"accordion-215979385-content\" class=\"accordion-inner\" aria-labelledby=\"accordion-215979385-label\">\n\t\t\t\n\n<p>Jos sinulla on kysytt\u00e4v\u00e4\u00e4 tuotteistamme, tutustu ensin kunkin tuotteen kuvaukseen kaupassamme.<\/p>\n<p>Muuten l\u00f6yd\u00e4t lis\u00e4tietoja t\u00e4\u00e4lt\u00e4:<\/p>\n<p><a href=\"https:\/\/clone.antcube.shop\/product-information\/\">Tuotetiedot<\/a><\/p>\n\n\t\t<\/div>\n\t<\/div>\n\t\n\n<\/div>\n\n\t\t<\/div>\n\t\t\t\t\t<\/div>\n\n\t\n\n<\/div>","protected":false},"excerpt":{"rendered":"","protected":false},"author":1,"featured_media":0,"parent":0,"menu_order":0,"comment_status":"closed","ping_status":"closed","template":"","meta":{"_acf_changed":false,"content-type":"","_monsterinsights_skip_tracking":false,"_monsterinsights_sitenote_active":false,"_monsterinsights_sitenote_note":"","_monsterinsights_sitenote_category":0,"footnotes":""},"class_list":["post-899","page","type-page","status-publish","hentry"],"acf":[],"aioseo_notices":[],"jetpack_sharing_enabled":true,"_links":{"self":[{"href":"https:\/\/clone.antcube.shop\/fi\/wp-json\/wp\/v2\/pages\/899","targetHints":{"allow":["GET"]}}],"collection":[{"href":"https:\/\/clone.antcube.shop\/fi\/wp-json\/wp\/v2\/pages"}],"about":[{"href":"https:\/\/clone.antcube.shop\/fi\/wp-json\/wp\/v2\/types\/page"}],"author":[{"embeddable":true,"href":"https:\/\/clone.antcube.shop\/fi\/wp-json\/wp\/v2\/users\/1"}],"replies":[{"embeddable":true,"href":"https:\/\/clone.antcube.shop\/fi\/wp-json\/wp\/v2\/comments?post=899"}],"version-history":[{"count":8,"href":"https:\/\/clone.antcube.shop\/fi\/wp-json\/wp\/v2\/pages\/899\/revisions"}],"predecessor-version":[{"id":6791,"href":"https:\/\/clone.antcube.shop\/fi\/wp-json\/wp\/v2\/pages\/899\/revisions\/6791"}],"wp:attachment":[{"href":"https:\/\/clone.antcube.shop\/fi\/wp-json\/wp\/v2\/media?parent=899"}],"curies":[{"name":"wp","href":"https:\/\/api.w.org\/{rel}","templated":true}]}}