{"id":906,"date":"2021-08-22T15:25:28","date_gmt":"2021-08-22T13:25:28","guid":{"rendered":"https:\/\/antcube.shop\/?page_id=906"},"modified":"2024-09-09T17:06:59","modified_gmt":"2024-09-09T15:06:59","slug":"ants-and-education","status":"publish","type":"page","link":"https:\/\/clone.antcube.shop\/fi\/ants-and-education\/","title":{"rendered":"Muurahaiset koulutuksessa"},"content":{"rendered":"<div id=\"gap-554926015\" class=\"gap-element clearfix\" style=\"display:block; height:auto;\">\n\t\t\n<style>\n#gap-554926015 {\n  padding-top: 178px;\n}\n@media (min-width:550px) {\n  #gap-554926015 {\n    padding-top: 187px;\n  }\n}\n@media (min-width:850px) {\n  #gap-554926015 {\n    padding-top: 75px;\n  }\n}\n<\/style>\n\t<\/div>\n\t\n\n\n  <div class=\"banner has-hover\" id=\"banner-1348005315\">\n          <div class=\"banner-inner fill\">\n        <div class=\"banner-bg fill\" >\n            <img data-recalc-dims=\"1\" loading=\"lazy\" decoding=\"async\" width=\"1020\" height=\"574\" src=\"https:\/\/i0.wp.com\/clone.antcube.shop\/wp-content\/uploads\/2021\/09\/20201112-ANTSTORE-Schulerprojekt-im-Glasernen-Labor-Berlin-Buch.00_01_08_21.Still001.jpg?resize=1020%2C574&#038;ssl=1\" class=\"bg attachment-original size-original\" alt=\"ANTSTORE - koulu projekti Gl\u00e4sernes Labor Berlin Buch\" \/>                        <div class=\"overlay\"><\/div>            \n                    <\/div>\n\t\t\n        <div class=\"banner-layers container\">\n            <div class=\"fill banner-link\"><\/div>            \n\n   <div id=\"text-box-350428387\" class=\"text-box banner-layer x50 md-x50 lg-x50 y15 md-y10 lg-y10 res-text\">\n                                <div class=\"text-box-content text dark text-shadow-5\">\n              \n              <div class=\"text-inner text-center\">\n                  \n\n<h1 class=\"uppercase\"><strong>Muurahaiset koulutuksessa<\/strong><\/h1>\n\n              <\/div>\n           <\/div>\n                            \n<style>\n#text-box-350428387 {\n  width: 60%;\n}\n#text-box-350428387 .text-box-content {\n  font-size: 100%;\n}\n<\/style>\n    <\/div>\n \n\n        <\/div>\n      <\/div>\n\n            \n<style>\n#banner-1348005315 {\n  padding-top: 56.25%;\n}\n#banner-1348005315 .overlay {\n  background-color: rgba(0, 0, 0, 0.17);\n}\n#banner-1348005315 .banner-bg img {\n  object-position: 53% 1%;\n}\n@media (min-width:550px) {\n  #banner-1348005315 {\n    padding-top: 50%;\n  }\n}\n@media (min-width:850px) {\n  #banner-1348005315 {\n    padding-top: 625px;\n  }\n}\n<\/style>\n  <\/div>\n\n\n\t<div id=\"gap-889910266\" class=\"gap-element clearfix\" style=\"display:block; height:auto;\">\n\t\t\n<style>\n#gap-889910266 {\n  padding-top: 30px;\n}\n<\/style>\n\t<\/div>\n\t\n\n<div class=\"row\"  id=\"row-237324645\">\n\n\n\t<div id=\"col-1596852898\" class=\"col medium-6 small-12 large-6\"  >\n\t\t\t\t<div class=\"col-inner\"  >\n\t\t\t\n\t\t\t\n\n<h3>Miten oppia muurahaisilta ja muurahaisten kanssa<\/h3>\n<p>Muurahaisia luokkahuoneessa vai p\u00e4iv\u00e4kodissa? Yleens\u00e4 melko \u00e4rsytt\u00e4vi\u00e4. Usein kuitenkin unohdetaan, miten paljon voimme oppia muurahaisilta ja muurahaisten kanssa. Niiden sosiaalista k\u00e4ytt\u00e4ytymist\u00e4 ja tehokasta ty\u00f6njakoa on eritt\u00e4in mielenkiintoista ja opettavaista seurata.<\/p>\n<p>Viime vuosina yh\u00e4 useammat koulut ja p\u00e4iv\u00e4kodit, oppilaitokset yleens\u00e4 tai jopa tutkimuslaitokset ovat hankkineet muurahaispesi\u00e4. Ne tarjoavat monia mahdollisuuksia opettaa biologisia yhteyksi\u00e4, evoluutiota, sosiaalista k\u00e4ytt\u00e4ytymist\u00e4 tai luonnon vastuullista k\u00e4sittely\u00e4 el\u00e4v\u00e4ll\u00e4 ja mielenkiintoisella tavalla.<\/p>\n<p>Monille riitt\u00e4\u00e4 esittelyyn aloitussarja, jota my\u00f6s yksityisasiakkaamme k\u00e4ytt\u00e4v\u00e4t. Jos kuitenkin halutaan hieman erikoisempaa, tarjoamme my\u00f6s mittatilaustuotteita. N\u00e4it\u00e4 on saatavana my\u00f6s lapsiturvallisena, turvalasilla varustettuna ja lukittavana versiona.<\/p>\n<p>\u00a0<\/p>\n\n\t\t<\/div>\n\t\t\t\t\t<\/div>\n\n\t\n\n\t<div id=\"col-1194674155\" class=\"col medium-6 small-12 large-6\"  >\n\t\t\t\t<div class=\"col-inner\"  >\n\t\t\t\n\t\t\t\n\n\t<div class=\"img has-hover x md-x lg-x y md-y lg-y\" id=\"image_1781965262\">\n\t\t<a class=\"image-lightbox lightbox-gallery\" title=\"\" href=\"https:\/\/i0.wp.com\/clone.antcube.shop\/wp-content\/uploads\/2021\/09\/IMG_6373-scaled.jpg?fit=800%2C600&#038;ssl=1\">\t\t\t\t\t\t<div class=\"img-inner dark\" >\n\t\t\t<img data-recalc-dims=\"1\" loading=\"lazy\" decoding=\"async\" width=\"1020\" height=\"765\" src=\"https:\/\/i0.wp.com\/clone.antcube.shop\/wp-content\/uploads\/2021\/09\/IMG_6373-scaled.jpg?resize=1020%2C765&#038;ssl=1\" class=\"attachment-original size-original\" alt=\"Custom rakentaa Leafcutter Formicarium by ANTSTORE p\u00e4iv\u00e4kodille\" srcset=\"https:\/\/i0.wp.com\/clone.antcube.shop\/wp-content\/uploads\/2021\/09\/IMG_6373-scaled.jpg?w=2560&amp;ssl=1 2560w, https:\/\/i0.wp.com\/clone.antcube.shop\/wp-content\/uploads\/2021\/09\/IMG_6373-scaled.jpg?resize=510%2C383&amp;ssl=1 510w, https:\/\/i0.wp.com\/clone.antcube.shop\/wp-content\/uploads\/2021\/09\/IMG_6373-scaled.jpg?resize=533%2C400&amp;ssl=1 533w, https:\/\/i0.wp.com\/clone.antcube.shop\/wp-content\/uploads\/2021\/09\/IMG_6373-scaled.jpg?resize=1067%2C800&amp;ssl=1 1067w, https:\/\/i0.wp.com\/clone.antcube.shop\/wp-content\/uploads\/2021\/09\/IMG_6373-scaled.jpg?resize=768%2C576&amp;ssl=1 768w, https:\/\/i0.wp.com\/clone.antcube.shop\/wp-content\/uploads\/2021\/09\/IMG_6373-scaled.jpg?resize=1536%2C1152&amp;ssl=1 1536w, https:\/\/i0.wp.com\/clone.antcube.shop\/wp-content\/uploads\/2021\/09\/IMG_6373-scaled.jpg?resize=2048%2C1536&amp;ssl=1 2048w\" sizes=\"auto, (max-width: 1020px) 100vw, 1020px\" \/>\t\t\t\t\t\t\n\t\t\t\t\t<\/div>\n\t\t\t\t\t\t<\/a>\t\t\n<style>\n#image_1781965262 {\n  width: 100%;\n}\n<\/style>\n\t<\/div>\n\t\n\n<p>Custom rakentaa Leafcutter Formicarium p\u00e4iv\u00e4kodille<\/p>\n\n\t\t<\/div>\n\t\t\t\t\t<\/div>\n\n\t\n\n<\/div>\n<div class=\"row\"  id=\"row-860639675\">\n\n\n\t<div id=\"col-2109130154\" class=\"col small-12 large-12\"  >\n\t\t\t\t<div class=\"col-inner\"  >\n\t\t\t\n\t\t\t\n\n\t<div id=\"text-1079550220\" class=\"text\">\n\t\t\n\n<h3>Joitakin kouluille ja p\u00e4iv\u00e4kodeille suunnattuja projektejamme<\/h3>\n\t\t\n<style>\n#text-1079550220 {\n  font-size: 1.85rem;\n  text-align: center;\n}\n<\/style>\n\t<\/div>\n\t\n<div class=\"slider-wrapper relative\" id=\"slider-249401524\" >\n    <div class=\"slider slider-nav-circle slider-nav-large slider-nav-light slider-style-normal\"\n        data-flickity-options='{            \"cellAlign\": \"center\",            \"imagesLoaded\": true,            \"lazyLoad\": 1,            \"freeScroll\": false,            \"wrapAround\": true,            \"autoPlay\": false,            \"pauseAutoPlayOnHover\" : true,            \"prevNextButtons\": true,            \"contain\" : true,            \"adaptiveHeight\" : true,            \"dragThreshold\" : 10,            \"percentPosition\": true,            \"pageDots\": true,            \"rightToLeft\": false,            \"draggable\": true,            \"selectedAttraction\": 0.1,            \"parallax\" : 0,            \"friction\": 0.6        }'\n        >\n        \n\n\n  <div class=\"banner has-hover\" id=\"banner-784827626\">\n          <div class=\"banner-inner fill\">\n        <div class=\"banner-bg fill\" >\n                        \t<div class=\"video-overlay no-click fill\"><\/div>\n\t<div id=\"ytplayer-236\" class=\"ux-youtube fill object-fit visible\" data-videoid=\"lBi4yheYoEI\" data-loop=\"1\" data-audio=\"0\"><\/div>\n                        \n                    <\/div>\n\t\t\n        <div class=\"banner-layers container\">\n            <a class=\"fill\" href=\"https:\/\/www.youtube.com\/watch?v=lBi4yheYoEI\" target=\"_blank\" rel=\"noopener\"><div class=\"fill banner-link\"><\/div><\/a>            \n\n   <div id=\"text-box-1414143777\" class=\"text-box banner-layer x50 md-x50 lg-x50 y50 md-y50 lg-y50 res-text\">\n                                <div class=\"text-box-content text dark\">\n              \n              <div class=\"text-inner text-center\">\n                  \n\n\n              <\/div>\n           <\/div>\n                            \n<style>\n#text-box-1414143777 {\n  width: 60%;\n}\n#text-box-1414143777 .text-box-content {\n  font-size: 100%;\n}\n<\/style>\n    <\/div>\n \n\n        <\/div>\n      <\/div>\n\n            \n<style>\n#banner-784827626 {\n  padding-top: 50%;\n}\n<\/style>\n  <\/div>\n\n\n\n  <div class=\"banner has-hover\" id=\"banner-1609932236\">\n          <div class=\"banner-inner fill\">\n        <div class=\"banner-bg fill\" >\n                        \t<div class=\"video-overlay no-click fill\"><\/div>\n\t<div id=\"ytplayer-606\" class=\"ux-youtube fill object-fit visible\" data-videoid=\"XclvRncC6jg\" data-loop=\"1\" data-audio=\"0\"><\/div>\n                        \n                    <\/div>\n\t\t\n        <div class=\"banner-layers container\">\n            <a class=\"fill\" href=\"https:\/\/www.youtube.com\/watch?v=XclvRncC6jg\" target=\"_blank\" rel=\"noopener\"><div class=\"fill banner-link\"><\/div><\/a>            \n\n   <div id=\"text-box-104115398\" class=\"text-box banner-layer x50 md-x50 lg-x50 y50 md-y50 lg-y50 res-text\">\n                                <div class=\"text-box-content text dark\">\n              \n              <div class=\"text-inner text-center\">\n                  \n\n\n              <\/div>\n           <\/div>\n                            \n<style>\n#text-box-104115398 {\n  width: 60%;\n}\n#text-box-104115398 .text-box-content {\n  font-size: 100%;\n}\n<\/style>\n    <\/div>\n \n\n        <\/div>\n      <\/div>\n\n            \n<style>\n#banner-1609932236 {\n  padding-top: 50%;\n}\n<\/style>\n  <\/div>\n\n\n\n  <div class=\"banner has-hover\" id=\"banner-1215269557\">\n          <div class=\"banner-inner fill\">\n        <div class=\"banner-bg fill\" >\n                        \t<div class=\"video-overlay no-click fill\"><\/div>\n\t<div id=\"ytplayer-151\" class=\"ux-youtube fill object-fit visible\" data-videoid=\"jxMCXa8b8GQ\" data-loop=\"1\" data-audio=\"0\"><\/div>\n                        \n                    <\/div>\n\t\t\n        <div class=\"banner-layers container\">\n            <a class=\"fill\" href=\"https:\/\/www.youtube.com\/watch?v=jxMCXa8b8GQ\" target=\"_blank\" rel=\"noopener\"><div class=\"fill banner-link\"><\/div><\/a>            \n\n   <div id=\"text-box-1426394378\" class=\"text-box banner-layer x50 md-x50 lg-x50 y50 md-y50 lg-y50 res-text\">\n                                <div class=\"text-box-content text dark\">\n              \n              <div class=\"text-inner text-center\">\n                  \n\n\n              <\/div>\n           <\/div>\n                            \n<style>\n#text-box-1426394378 {\n  width: 60%;\n}\n#text-box-1426394378 .text-box-content {\n  font-size: 100%;\n}\n<\/style>\n    <\/div>\n \n\n        <\/div>\n      <\/div>\n\n            \n<style>\n#banner-1215269557 {\n  padding-top: 50%;\n}\n<\/style>\n  <\/div>\n\n\n\n     <\/div>\n\n     <div class=\"loading-spin dark large centered\"><\/div>\n\n\t<\/div>\n\n\n\n\t\t<\/div>\n\t\t\t\t\t<\/div>\n\n\t\n\n<\/div>","protected":false},"excerpt":{"rendered":"","protected":false},"author":1,"featured_media":0,"parent":0,"menu_order":0,"comment_status":"closed","ping_status":"closed","template":"","meta":{"_acf_changed":false,"content-type":"","_monsterinsights_skip_tracking":false,"_monsterinsights_sitenote_active":false,"_monsterinsights_sitenote_note":"","_monsterinsights_sitenote_category":0,"footnotes":""},"class_list":["post-906","page","type-page","status-publish","hentry"],"acf":[],"aioseo_notices":[],"jetpack_sharing_enabled":true,"_links":{"self":[{"href":"https:\/\/clone.antcube.shop\/fi\/wp-json\/wp\/v2\/pages\/906","targetHints":{"allow":["GET"]}}],"collection":[{"href":"https:\/\/clone.antcube.shop\/fi\/wp-json\/wp\/v2\/pages"}],"about":[{"href":"https:\/\/clone.antcube.shop\/fi\/wp-json\/wp\/v2\/types\/page"}],"author":[{"embeddable":true,"href":"https:\/\/clone.antcube.shop\/fi\/wp-json\/wp\/v2\/users\/1"}],"replies":[{"embeddable":true,"href":"https:\/\/clone.antcube.shop\/fi\/wp-json\/wp\/v2\/comments?post=906"}],"version-history":[{"count":10,"href":"https:\/\/clone.antcube.shop\/fi\/wp-json\/wp\/v2\/pages\/906\/revisions"}],"predecessor-version":[{"id":9150,"href":"https:\/\/clone.antcube.shop\/fi\/wp-json\/wp\/v2\/pages\/906\/revisions\/9150"}],"wp:attachment":[{"href":"https:\/\/clone.antcube.shop\/fi\/wp-json\/wp\/v2\/media?parent=906"}],"curies":[{"name":"wp","href":"https:\/\/api.w.org\/{rel}","templated":true}]}}