{"id":6737,"date":"2023-12-12T15:03:25","date_gmt":"2023-12-12T14:03:25","guid":{"rendered":"https:\/\/antcube.shop\/product\/antcube-starter-set-fur-weberameisen-gros\/"},"modified":"2026-01-12T12:38:07","modified_gmt":"2026-01-12T11:38:07","slug":"aloitussarja-kutojamuurahaisia-varten-iso","status":"publish","type":"product","link":"https:\/\/clone.antcube.shop\/fi\/tuote\/aloitussarja-kutojamuurahaisia-varten-iso\/","title":{"rendered":"ANTCUBE - Aloitussarja kudontamuurahaisille - suuri"},"content":{"rendered":"<p><span data-text-color=\"alert\"><strong>Toimitus mahdollista vain paletin v\u00e4lityksell\u00e4.<\/strong><\/span><\/p>\n<p><strong>Sis\u00e4lt\u00f6:<\/strong><br \/>\n1x Honeydew Mix (HT) - T\u00e4ydennyslataus 10ml<br \/>\n1x Kokonaiset valkaistut sirkat<\/p>\n<p>1x ANTCUBE Arena 30x30x60, jossa on liukuovi.<br \/>\n1x muurahaisareenan kehys 30\u00d730 - 5cm<br \/>\n1x muurahaisareenan kansi 30\u00d730<br \/>\n1x kiinnityspiste areenan suojukselle (4 kpl).<\/p>\n<p>1x liukuoven kehys<br \/>\n1x suihkepullo Suihkupullo 0,5 litraa - messinkinen suutin<br \/>\n1x Valokuvan taustasein\u00e4 - sademets\u00e4 - 30\u00d760 - korkea<br \/>\n1x Formicariumin pohja 30\u00d730 cm<\/p>\n<p>1x substraatti sademets\u00e4 1 kg<br \/>\n2x Formicarium-tulppa 50mm reik\u00e4\u00e4n<br \/>\n3x ritil\u00e4kokoonpano - 50mm - ruostumaton ter\u00e4s<br \/>\nDigitaalinen minil\u00e4mp\u00f6mittari - valkoinen - itseliimautuva<br \/>\n1x jousiter\u00e4spinsetit leve\u00e4t - pehme\u00e4t<br \/>\n1x Muovipinsetit vakio<br \/>\n1x Muurahaisen taudinpurkauksen suoja\u00f6ljy<br \/>\n1x juoma-astia kirkas 20ml - sieni<br \/>\n1x juomalaite 2ml - 360 astetta<br \/>\n1x kulho kirkas 1\u00d720 - sieni<br \/>\n1x k\u00e4sisuurennuslasi - 2x - 30mm<br \/>\n1x vaahtomuovipyyhin 150x18x2,5mm<\/p>\n<p><strong>Kuvaus:<\/strong><br \/>\nT\u00e4m\u00e4 laajennettava aloitussarja erityisesti erilaisille kudontamuurahaislajeille, kuten Polyrhachis spec. tai Oecophylla spec., sis\u00e4lt\u00e4\u00e4 optimaalisesti sovitetun formikaarion lis\u00e4ksi my\u00f6s n\u00e4iden muurahaislajien pit\u00e4miseen tarvittavat lis\u00e4varusteet.<\/p>\n<p>Etupuolella oleva liukuovi (aukko 150x200mm) helpottaa ty\u00f6skentely\u00e4 formikariumissa, jopa suurten pes\u00e4kkeiden kanssa tai istuttamalla formikariumiin is\u00e4nt\u00e4kasvi, esimerkiksi Oecophylla smaragdina. Muita formikaareja voidaan yhdist\u00e4\u00e4 sivussa olevien kahden 50 mm:n rei\u00e4n kautta. Ruostumattomasta ter\u00e4ksest\u00e4 valmistetut ritil\u00e4pinnat tarjoavat hyv\u00e4n ilmanvaihdon ja ovat kest\u00e4vi\u00e4 mekaanisia iskuja vastaan. J\u00e4rjestelm\u00e4n sis\u00e4ll\u00e4 oleva l\u00e4mp\u00f6- ja kosteusmittari on t\u00e4ysin lapsi- ja lemmikkiturvallinen ja mahdollistaa ilmastoarvojen helpon valvonnan. Tarvittaessa kosteutta voidaan lis\u00e4t\u00e4 suihkepullon avulla. Juoma-astia kirkas 20ml - sieni on tarkoitettu makean veden sy\u00f6tt\u00e4miseen, juoma-astia 2ml - 360 astetta hunajaa tai sokeriliuosta varten.<\/p>\n<p><strong>T\u00e4rke\u00e4\u00e4:<\/strong> Kostuta alustaa ennen k\u00e4ytt\u00f6\u00e4, jotta seos voi yhdisty\u00e4 ja saada lujan pidon muurahaispes\u00e4ss\u00e4. Lis\u00e4ksi liian kuiva ja p\u00f6lyinen alusta voi johtaa muurahaisten hengitysteiden tukkeutumiseen ja pahimmassa tapauksessa el\u00e4imet tukehtuvat.<\/p>\n<p><strong>T\u00e4rke\u00e4 huomautus liukuovikarmista:<\/strong><br \/>\nKehys voidaan helposti kiinnitt\u00e4\u00e4 liukuoven kiskoihin kiinnitettyihin ruuveihin. L\u00f6ys\u00e4\u00e4 t\u00e4t\u00e4 varten varovasti <strong>vain<\/strong> mutterit sis\u00e4ll\u00e4. Tarvitaan pieni Phillips-ruuvimeisseli (ristip\u00e4\u00e4ruuvimeisseli). Kokoa kehys ja ripusta se sis\u00e4lt\u00e4 ruuveilla. Kiinnit\u00e4 sitten varovasti takaisin mutterit ja <strong>\u00e4l\u00e4 miss\u00e4\u00e4n tapauksessa k\u00e4\u00e4nn\u00e4 liian tiukasti,<\/strong> muuten lasi voi vahingoittua.<\/p>\n<p><strong>Tuotantoa koskevat huomautukset<\/strong><br \/>\nLasi on leikattu DIN 1249 -standardin mukaisesti +\/- 1 mm:n toleranssilla. Eritt\u00e4in pienten muurahaislajien kohdalla tarvitaan lis\u00e4suojausta.<\/p>\n<p><strong>Huomautus hunajakastikkeesta:<\/strong><br \/>\nSis\u00e4lt\u00f6: 10 ml<br \/>\nT\u00e4m\u00e4 on luonnontuote, jota olemme jalostaneet laboratoriossamme tehtyjen laajojen testien j\u00e4lkeen ja kehitt\u00e4neet muurahaisten hyvin hyv\u00e4ksym\u00e4ksi ruoaksi. Syyn\u00e4 on se, ett\u00e4 muurahaiset ja niiden aineenvaihdunta eiv\u00e4t hyv\u00e4ksy hyvin k\u00e4sittelem\u00e4t\u00f6nt\u00e4 hunajamehua sen alkuper\u00e4isess\u00e4, tiivistetyss\u00e4 muodossa.<br \/>\nHunajamehumme ker\u00e4ttiin Bulgarian saastuttamattomista luonnonvaraisista vuoristometsist\u00e4. Kuusimehua syntyy vain hyvin rajoitetun ajan, noin kahden kuukauden ajan kes\u00e4ll\u00e4. Siksi se on hyvin harvinaista. Metsien maaper\u00e4n ja ilmaston erityispiirteiden vuoksi puiden lehtiin oli varastoitunut olemassaolon kannalta t\u00e4rkeit\u00e4 ravinteita, jotka kirvat imev\u00e4t itseens\u00e4. T\u00e4m\u00e4 tekee t\u00e4st\u00e4 hunajakasteseoksesta muurahaisten kannalta niin haluttavan.<\/p>\n<p><strong>Sovellus:<\/strong><br \/>\nRuokam\u00e4\u00e4r\u00e4 tulisi kuluttaa noin 3 p\u00e4iv\u00e4n kuluessa.<\/p>\n<p><strong>Kuvaus:<\/strong><br \/>\nToisin kuin kukkahunaja, hunajamehu on per\u00e4isin kasvien imevien hy\u00f6nteisten, kuten kirvojen, eritteist\u00e4. Hunajamehu on monien hy\u00f6nteisten, kuten muurahaisten, mehil\u00e4isten ja jopa kimalasten, suosima ravinnonl\u00e4hde. Mehil\u00e4iset ja kimalaiset nuolevat sit\u00e4 eri puiden lehdist\u00e4 tai neulasista. Muurahaiset, kuten Lasius niger, pit\u00e4v\u00e4t kirvoja s\u00e4\u00e4nn\u00f6llisesti. Ne jopa puolustavat niit\u00e4 saalistajia vastaan ja kuljettavat ne tuoreisiin versoihin.<\/p>\n<p>Hunajamehu on muurahaisten suosiossa l\u00e4hinn\u00e4 sen hieman erilaisten ainesosien vuoksi. Kuusimehun t\u00e4rkeimm\u00e4t sokerit ovat sakkaroosi ja fruktoosi, mutta siin\u00e4 on my\u00f6s pienempi\u00e4 m\u00e4\u00e4ri\u00e4 maltoosia, trehaloosia, melesitoosia, raffinoosia ja muita oligosakkarideja. Sokerien ja veden lis\u00e4ksi hunajamehu sis\u00e4lt\u00e4\u00e4 my\u00f6s olemassaolon kannalta t\u00e4rkeit\u00e4 aminohappoja, kivenn\u00e4isaineita, hivenaineita, adenosiinifosfaatteja ja muita ainesosia, kuten vitamiineja.<\/p>\n<p><strong>K\u00e4ytt\u00e4\u00e4:<\/strong><br \/>\nHunajaa sy\u00f6vien muurahaislajien (Meliphagidae) osalta.<br \/>\nSe on t\u00e4ydennysrehu<br \/>\nSit\u00e4 voidaan tarjota el\u00e4imille toimitetussa tilassa. Koska kosteus v\u00e4hent\u00e4\u00e4 sokeripitoisuutta ja k\u00e4ynnist\u00e4\u00e4 k\u00e4ymisprosessin, ruoka on vaihdettava 3 p\u00e4iv\u00e4n v\u00e4lein. Puhdista ruokintakuppi\/putki huolellisesti ennen uudelleenk\u00e4ytt\u00f6\u00e4.<br \/>\nAvattu pakkaus on k\u00e4ytett\u00e4v\u00e4 tiiviisti suljettuna ilmoitettuun p\u00e4iv\u00e4m\u00e4\u00e4r\u00e4\u00e4n asti (parasta ennen -p\u00e4iv\u00e4ys).<\/p>\n<p><strong>Ravintoarvot 100 grammaa kohti:<\/strong><br \/>\nnoin 2,7 % rasvat<br \/>\nsiit\u00e4 kyll\u00e4stetty n. 0,45 % %<br \/>\nnoin 95 % hiilihydraatit<br \/>\nsiit\u00e4 sokeria n. 71%<br \/>\nnoin 2,85% proteiinia<br \/>\nKivenn\u00e4isaineet (kalium, kalsium, kupari, rauta, natrium, magnesium, fosfori, sinkki ja muut hivenaineet). Aminohapot (proliini, leusiini, fenyylialaniini, alaniini, histidiini, isoleusiini, glutamiinihappo, arginiini, asparagiinihappo jne.) Orgaaniset hapot Entsyymit (fermentit)Aromit Inhibiinit (antibakteeriset aineet) Kukat Siitep\u00f6ly<\/p>\n<p><strong>Varastointi:<\/strong><br \/>\nRehun laadun varmistamiseksi rehut on s\u00e4ilytett\u00e4v\u00e4 pime\u00e4ss\u00e4 ja kuivassa paikassa.<\/p>\n<p><strong>Ilmoitus:<\/strong><br \/>\nHunajaa sy\u00f6vien muurahaisten lis\u00e4rehu.<br \/>\nKatso pakkausselosteesta koostumus, analyyttiset ainesosat, parasta ennen -p\u00e4iv\u00e4ys ja er\u00e4numero.<\/p>\n<p>Tietopuhelin +49 30 439703870<\/p>\n<p><strong>Vastaava el\u00e4inl\u00e4\u00e4kint\u00e4- ja elintarvikevalvontaviranomainen:<\/strong><br \/>\nSteglitzin el\u00e4inl\u00e4\u00e4k\u00e4rintoimisto<br \/>\nK\u00f6nigin-Luise-Str. 92<br \/>\n14195 Berliini<\/p>\n<p><strong>Huomautus valkaistuista sirkoista:<\/strong><br \/>\nBlanchoidut sirkkamme ovat helppo tapa tarjota muurahaisillesi tuoretta s\u00e4il\u00f6tty\u00e4 proteiiniruokaa ilman, ett\u00e4 sinun tarvitsee ruokkia el\u00e4vi\u00e4 hy\u00f6nteisi\u00e4. Mukana olevat sirkat (Acheta domesticus) on blanchoitu hell\u00e4varaisesti, jotta ravintoarvo, maku ja aromi s\u00e4ilyv\u00e4t. Lis\u00e4ksi hy\u00f6nteisten kitiininen kuori pehmenee t\u00e4ll\u00e4 tavoin, jotta se on helpommin sulavaa. Kollageeniproteiinien yhdisteet hajotetaan, jotta muurahaiset voivat hy\u00f6dynt\u00e4\u00e4 ne paremmin. Acheta domesticus -s\u00e4ilykkeill\u00e4 on sama ravintoarvo kuin el\u00e4vill\u00e4 sirkoilla, mutta ne ovat helpommin sulavia.<\/p>\n<p>Sirkat eiv\u00e4t sovellu el\u00e4v\u00e4\u00e4 ravintoa vaativien muurahaislajien mets\u00e4stykseen (esim. poneriinit (alkumuurahaiset), kuten Harpegnathos tai Odontomachus).<\/p>\n<p><strong>Muita etuja:<\/strong><br \/>\ntaattu punkkivapaus<br \/>\nAnnosteltavissa<br \/>\nSteriloitu ja tyhji\u00f6ity<br \/>\nIlman lis\u00e4aineita<br \/>\nSirkat, jotka ovat per\u00e4isin kest\u00e4v\u00e4st\u00e4, puhtaasti luonnonmukaisesta kasvatuksesta ja joita ruokitaan orgaanisella j\u00e4tteell\u00e4.<\/p>\n<p><strong>Ilmoitus:<\/strong><br \/>\nS\u00e4ilyy avattuna noin nelj\u00e4 p\u00e4iv\u00e4\u00e4 j\u00e4\u00e4kaapissa. Pidempi s\u00e4ilyvyys pakastettuna.<\/p>","protected":false},"excerpt":{"rendered":"<p>Sarjaan kuuluu 25 kappaletta.<br \/>\nKoko: XL<\/p>","protected":false},"featured_media":6710,"comment_status":"open","ping_status":"closed","template":"","meta":{"_acf_changed":false,"content-type":"","_monsterinsights_skip_tracking":false,"_monsterinsights_sitenote_active":false,"_monsterinsights_sitenote_note":"","_monsterinsights_sitenote_category":0},"product_brand":[],"product_cat":[354,73],"product_tag":[],"class_list":{"0":"post-6737","1":"product","2":"type-product","3":"status-publish","4":"has-post-thumbnail","6":"product_cat-starter-sets-for-weaver-ants","7":"product_cat-starter-sets","8":"product_shipping_class-forwarding-on-pallet","10":"first","11":"instock","12":"taxable","13":"shipping-taxable","14":"purchasable","15":"product-type-simple"},"acf":[],"aioseo_notices":[],"jetpack_sharing_enabled":true,"_links":{"self":[{"href":"https:\/\/clone.antcube.shop\/fi\/wp-json\/wp\/v2\/product\/6737","targetHints":{"allow":["GET"]}}],"collection":[{"href":"https:\/\/clone.antcube.shop\/fi\/wp-json\/wp\/v2\/product"}],"about":[{"href":"https:\/\/clone.antcube.shop\/fi\/wp-json\/wp\/v2\/types\/product"}],"replies":[{"embeddable":true,"href":"https:\/\/clone.antcube.shop\/fi\/wp-json\/wp\/v2\/comments?post=6737"}],"wp:featuredmedia":[{"embeddable":true,"href":"https:\/\/clone.antcube.shop\/fi\/wp-json\/wp\/v2\/media\/6710"}],"wp:attachment":[{"href":"https:\/\/clone.antcube.shop\/fi\/wp-json\/wp\/v2\/media?parent=6737"}],"wp:term":[{"taxonomy":"product_brand","embeddable":true,"href":"https:\/\/clone.antcube.shop\/fi\/wp-json\/wp\/v2\/product_brand?post=6737"},{"taxonomy":"product_cat","embeddable":true,"href":"https:\/\/clone.antcube.shop\/fi\/wp-json\/wp\/v2\/product_cat?post=6737"},{"taxonomy":"product_tag","embeddable":true,"href":"https:\/\/clone.antcube.shop\/fi\/wp-json\/wp\/v2\/product_tag?post=6737"}],"curies":[{"name":"wp","href":"https:\/\/api.w.org\/{rel}","templated":true}]}}