{"id":6737,"date":"2023-12-12T15:03:25","date_gmt":"2023-12-12T14:03:25","guid":{"rendered":"https:\/\/antcube.shop\/product\/antcube-starter-set-fur-weberameisen-gros\/"},"modified":"2026-01-12T12:38:07","modified_gmt":"2026-01-12T11:38:07","slug":"kit-de-demarrage-pour-fourmis-tisserandes-grand-modele","status":"publish","type":"product","link":"https:\/\/clone.antcube.shop\/fr\/produit\/kit-de-demarrage-pour-fourmis-tisserandes-grand-modele\/","title":{"rendered":"ANTCUBE - Kit de d\u00e9marrage pour fourmis tisserandes - large"},"content":{"rendered":"<p><span data-text-color=\"alert\"><strong>L'exp\u00e9dition n'est possible que par l'interm\u00e9diaire d'un transporteur sur palette.<\/strong><\/span><\/p>\n<p><strong>Contenu :<\/strong><br \/>\n1x Honeydew Mix (HT) - Recharge 10ml<br \/>\n1x Grillons entiers blanchis<\/p>\n<p>1x ANTCUBE Arena 30x30x60 avec porte coulissante<br \/>\n1x cadre de la fourmili\u00e8re 30\u00d730 - 5cm<br \/>\n1x couverture d'ar\u00e8ne de fourmis 30\u00d730<br \/>\n1x point de fixation pour la couverture de l'ar\u00e8ne (4pcs.)<\/p>\n<p>1x cadre pour porte coulissante<br \/>\nVaporisateur 0,5 litre - buse en laiton<br \/>\n1x Photo mur arri\u00e8re - for\u00eat tropicale - 30\u00d760 - haut<br \/>\n1x Formicarium base 30\u00d730 cm<\/p>\n<p>1x substrat rainforest 1 kg<br \/>\n2x bouchon Formicarium pour trou de 50mm<br \/>\n3x grille d'insertion - 50mm - acier inoxydable<br \/>\nMini thermo-hygrom\u00e8tre digital - blanc - autocollant<br \/>\n1x pince \u00e0 \u00e9piler en acier \u00e0 ressort large - souple<br \/>\n1x Pince \u00e0 \u00e9piler en plastique standard<br \/>\n1x Huile de protection contre les fourmis<br \/>\n1x buvant clair 20ml - \u00e9ponge<br \/>\n1x abreuvoir 2ml - 360 degr\u00e9s<br \/>\n1x bol transparent 1\u00d720 - \u00e9ponge<br \/>\n1x loupe \u00e0 main - 2x - 30mm<br \/>\n1x racleur en mousse 150x18x2,5mm<\/p>\n<p><strong>Description :<\/strong><br \/>\nCe kit de d\u00e9marrage extensible, sp\u00e9cialement con\u00e7u pour diverses esp\u00e8ces de fourmis tisserandes telles que Polyrhachis spec. ou Oecophylla spec., comprend non seulement le formicarium adapt\u00e9 de mani\u00e8re optimale, mais aussi les accessoires appropri\u00e9s \u00e0 la d\u00e9tention de ces esp\u00e8ces de fourmis.<\/p>\n<p>La porte coulissante \u00e0 l'avant (ouverture 150x200mm) facilite le travail dans le formicarium, m\u00eame avec de grandes colonies ou la plantation du formicarium avec une plante h\u00f4te, par exemple Oecophylla smaragdina. Des formicariums suppl\u00e9mentaires peuvent \u00eatre connect\u00e9s via les deux trous de 50 mm sur le c\u00f4t\u00e9. Les grilles en acier inoxydable assurent une bonne ventilation et sont r\u00e9sistantes aux chocs m\u00e9caniques. Le thermom\u00e8tre et l'hygrom\u00e8tre \u00e0 l'int\u00e9rieur du syst\u00e8me sont absolument sans danger pour les enfants et les animaux de compagnie et permettent un contr\u00f4le facile des valeurs climatiques. Si n\u00e9cessaire, l'humidit\u00e9 peut \u00eatre augment\u00e9e \u00e0 l'aide d'un flacon pulv\u00e9risateur. L'abreuvoir transparent 20ml - \u00e9ponge est destin\u00e9 \u00e0 l'approvisionnement en eau fra\u00eeche, l'abreuvoir 2ml - 360 degr\u00e9s pour le miel ou la solution sucr\u00e9e.<\/p>\n<p><strong>Important :<\/strong> Veuillez humidifier le substrat avant de l'utiliser, afin que le m\u00e9lange puisse se combiner et s'implanter solidement dans la fourmili\u00e8re. En outre, un substrat trop sec et poussi\u00e9reux peut entra\u00eener l'obstruction des voies respiratoires des fourmis et, dans le pire des cas, la suffocation des animaux.<\/p>\n<p><strong>Remarque importante concernant le cadre de la porte coulissante :<\/strong><br \/>\nLe cadre peut \u00eatre facilement fix\u00e9 aux vis attach\u00e9es aux rails de la porte coulissante. Pour ce faire, desserrez avec pr\u00e9caution <strong>seulement<\/strong> les \u00e9crous \u00e0 l'int\u00e9rieur. Un petit tournevis Phillips (tournevis cruciforme) est n\u00e9cessaire. Assemblez le cadre et accrochez l'int\u00e9rieur sur les vis. Ensuite, remettez soigneusement les \u00e9crous et les vis en place. <strong>ne jamais tourner trop serr\u00e9,<\/strong> sinon le verre risque d'\u00eatre endommag\u00e9.<\/p>\n<p><strong>Notes sur la production<\/strong><br \/>\nLe verre est coup\u00e9 conform\u00e9ment \u00e0 la norme DIN 1249 avec une tol\u00e9rance de +\/- 1 mm. Pour les esp\u00e8ces de fourmis extr\u00eamement petites, une protection suppl\u00e9mentaire est n\u00e9cessaire.<\/p>\n<p><strong>Note sur le miellat :<\/strong><br \/>\nContenu : 10 ml<br \/>\nIl s'agit d'un produit naturel, que nous avons affin\u00e9 apr\u00e8s de nombreux tests dans notre laboratoire et d\u00e9velopp\u00e9 en un aliment tr\u00e8s bien accept\u00e9 par les fourmis. La raison en est que le miel de miellat non transform\u00e9 sous sa forme originale concentr\u00e9e n'est pas bien accept\u00e9 par les fourmis et leur m\u00e9tabolisme.<br \/>\nNotre miellat a \u00e9t\u00e9 r\u00e9colt\u00e9 dans les for\u00eats sauvages de montagne non pollu\u00e9es de Bulgarie. Le miellat n'est produit que pendant une p\u00e9riode tr\u00e8s limit\u00e9e, d'environ deux mois en \u00e9t\u00e9. Il est donc tr\u00e8s rare. En raison des caract\u00e9ristiques sp\u00e9cifiques du sol des for\u00eats et du climat, des nutriments importants pour l'existence ont \u00e9t\u00e9 stock\u00e9s dans les feuilles des arbres, qui sont absorb\u00e9s par les pucerons. C'est ce qui rend ce m\u00e9lange de miellat si d\u00e9sirable pour les fourmis.<\/p>\n<p><strong>Application :<\/strong><br \/>\nLa quantit\u00e9 de nourriture doit \u00eatre consomm\u00e9e dans les 3 jours environ.<\/p>\n<p><strong>Description :<\/strong><br \/>\nLe miellat, contrairement au miel de fleurs, provient des s\u00e9cr\u00e9tions d'insectes suceurs de plantes tels que les pucerons. Le miellat est la source de nourriture pr\u00e9f\u00e9r\u00e9e de nombreux insectes comme les fourmis, les abeilles et m\u00eame les bourdons. Les abeilles et les bourdons le l\u00e8chent sur les feuilles ou les aiguilles de diff\u00e9rents arbres. Les fourmis comme Lasius niger gardent r\u00e9guli\u00e8rement les pucerons. Elles les d\u00e9fendent m\u00eame contre les pr\u00e9dateurs et les transportent vers des pousses fra\u00eeches.<\/p>\n<p>Le miellat est appr\u00e9ci\u00e9 des fourmis principalement en raison de ses composants quelque peu diff\u00e9rents. Les principaux sucres du miellat sont le saccharose et le fructose, mais on y trouve \u00e9galement de petites quantit\u00e9s de maltose, de tr\u00e9halose, de m\u00e9l\u00e9zitose, de raffinose et d'autres oligosaccharides. Outre les sucres et l'eau, le miellat contient \u00e9galement des acides amin\u00e9s, des min\u00e9raux, des oligo-\u00e9l\u00e9ments, des phosphates d'ad\u00e9nosine et d'autres ingr\u00e9dients tels que des vitamines.<\/p>\n<p><strong>Utilisations :<\/strong><br \/>\nPour les esp\u00e8ces de fourmis mellif\u00e8res (Meliphagidae).<br \/>\nIl s'agit d'un aliment compl\u00e9mentaire<br \/>\nIl peut \u00eatre propos\u00e9 aux animaux en l'\u00e9tat. L'humidit\u00e9 r\u00e9duisant la concentration en sucre et d\u00e9clenchant un processus de fermentation, la nourriture doit \u00eatre chang\u00e9e tous les 3 jours. Nettoyer soigneusement le bol\/tube d'alimentation avant de le r\u00e9utiliser.<br \/>\nUn emballage ouvert doit \u00eatre utilis\u00e9 herm\u00e9tiquement ferm\u00e9 jusqu'\u00e0 la date indiqu\u00e9e (date de p\u00e9remption).<\/p>\n<p><strong>Valeurs nutritionnelles pour 100 g :<\/strong><br \/>\nenviron 2,7 graisses %<br \/>\ndont satur\u00e9 ca. 0,45 %<br \/>\nca 95 % hydrates de carbone<br \/>\nson sucre ca. 71%<br \/>\nenviron 2,85% de prot\u00e9ines<br \/>\nMin\u00e9raux (potassium, calcium, cuivre, fer, sodium, magn\u00e9sium, phosphore, zinc et autres oligo-\u00e9l\u00e9ments) Acides amin\u00e9s (proline, leucine, ph\u00e9nylalanine, alanine, histidine, isoleucine, acide glutamique, arginine, acide aspartique, etc.) Acides organiques Enzymes (ferments) Ar\u00f4mes Inhibines (substances antibact\u00e9riennes) Pollen de fleurs<\/p>\n<p><strong>Stockage :<\/strong><br \/>\nPour garantir la qualit\u00e9 des aliments, ceux-ci doivent \u00eatre stock\u00e9s dans un endroit sombre et sec.<\/p>\n<p><strong>Avis :<\/strong><br \/>\nAlimentation compl\u00e9mentaire pour les fourmis mangeuses de miel.<br \/>\nVeuillez consulter la notice pour conna\u00eetre la composition, les ingr\u00e9dients analytiques, la date de p\u00e9remption et le num\u00e9ro de lot.<\/p>\n<p>Num\u00e9ro d'information +49 30 439703870<\/p>\n<p><strong>Autorit\u00e9 comp\u00e9tente en mati\u00e8re de contr\u00f4le v\u00e9t\u00e9rinaire et alimentaire :<\/strong><br \/>\nCabinet v\u00e9t\u00e9rinaire Steglitz<br \/>\nK\u00f6nigin-Luise-Str. 92<br \/>\n14195 Berlin<\/p>\n<p><strong>Note sur les grillons blanchis :<\/strong><br \/>\nNos grillons blanchis sont un moyen facile de fournir \u00e0 vos fourmis une nourriture prot\u00e9in\u00e9e fra\u00eechement conserv\u00e9e sans avoir \u00e0 nourrir des insectes vivants. Les grillons inclus (Acheta domesticus) ont \u00e9t\u00e9 blanchis en douceur pour garantir la pr\u00e9servation de la valeur nutritionnelle, de la saveur et de l'ar\u00f4me. En outre, la carapace chitineuse des insectes est ainsi ramollie, de sorte qu'elle peut \u00eatre dig\u00e9r\u00e9e plus facilement. Les compos\u00e9s des prot\u00e9ines collag\u00e8nes sont d\u00e9compos\u00e9s afin que les fourmis puissent mieux les utiliser. Les bo\u00eetes d'Acheta domesticus ont la m\u00eame valeur nutritive que les grillons vivants, mais sont plus faciles \u00e0 dig\u00e9rer.<\/p>\n<p>Les grillons blanchis ne conviennent pas pour chasser les esp\u00e8ces de fourmis qui ont besoin de nourriture vivante (par exemple les pon\u00e9rines (fourmis primordiales) telles que Harpegnathos ou Odontomachus).<\/p>\n<p><strong>Autres avantages :<\/strong><br \/>\nGarantie d'absence d'acariens<br \/>\nPortionnable<br \/>\nSt\u00e9rilis\u00e9 et mis sous vide<br \/>\nSans additifs<br \/>\nGrillons issus d'un \u00e9levage durable et purement biologique, nourris avec des d\u00e9chets organiques<\/p>\n<p><strong>Avis :<\/strong><br \/>\nUne fois ouvert, il se conserve environ quatre jours au r\u00e9frig\u00e9rateur. La dur\u00e9e de conservation est plus longue si elle est congel\u00e9e.<\/p>","protected":false},"excerpt":{"rendered":"<p>L'ensemble est compos\u00e9 de 25 pi\u00e8ces.<br \/>\nTaille : XL<\/p>","protected":false},"featured_media":6710,"comment_status":"open","ping_status":"closed","template":"","meta":{"_acf_changed":false,"content-type":"","_monsterinsights_skip_tracking":false,"_monsterinsights_sitenote_active":false,"_monsterinsights_sitenote_note":"","_monsterinsights_sitenote_category":0},"product_brand":[],"product_cat":[354,73],"product_tag":[],"class_list":{"0":"post-6737","1":"product","2":"type-product","3":"status-publish","4":"has-post-thumbnail","6":"product_cat-starter-sets-for-weaver-ants","7":"product_cat-starter-sets","8":"product_shipping_class-forwarding-on-pallet","10":"first","11":"instock","12":"taxable","13":"shipping-taxable","14":"purchasable","15":"product-type-simple"},"acf":[],"aioseo_notices":[],"jetpack_sharing_enabled":true,"_links":{"self":[{"href":"https:\/\/clone.antcube.shop\/fr\/wp-json\/wp\/v2\/product\/6737","targetHints":{"allow":["GET"]}}],"collection":[{"href":"https:\/\/clone.antcube.shop\/fr\/wp-json\/wp\/v2\/product"}],"about":[{"href":"https:\/\/clone.antcube.shop\/fr\/wp-json\/wp\/v2\/types\/product"}],"replies":[{"embeddable":true,"href":"https:\/\/clone.antcube.shop\/fr\/wp-json\/wp\/v2\/comments?post=6737"}],"wp:featuredmedia":[{"embeddable":true,"href":"https:\/\/clone.antcube.shop\/fr\/wp-json\/wp\/v2\/media\/6710"}],"wp:attachment":[{"href":"https:\/\/clone.antcube.shop\/fr\/wp-json\/wp\/v2\/media?parent=6737"}],"wp:term":[{"taxonomy":"product_brand","embeddable":true,"href":"https:\/\/clone.antcube.shop\/fr\/wp-json\/wp\/v2\/product_brand?post=6737"},{"taxonomy":"product_cat","embeddable":true,"href":"https:\/\/clone.antcube.shop\/fr\/wp-json\/wp\/v2\/product_cat?post=6737"},{"taxonomy":"product_tag","embeddable":true,"href":"https:\/\/clone.antcube.shop\/fr\/wp-json\/wp\/v2\/product_tag?post=6737"}],"curies":[{"name":"wp","href":"https:\/\/api.w.org\/{rel}","templated":true}]}}