{"id":632,"date":"2021-07-30T13:32:44","date_gmt":"2021-07-30T11:32:44","guid":{"rendered":"https:\/\/antcube.shop\/?page_id=632"},"modified":"2024-11-29T15:27:28","modified_gmt":"2024-11-29T14:27:28","slug":"visszateritesi-politika","status":"publish","type":"page","link":"https:\/\/clone.antcube.shop\/hu\/visszateritesi-politika\/","title":{"rendered":"Panaszok \u00e9s el\u00e1ll\u00e1si jog"},"content":{"rendered":"<div id=\"gap-1903911003\" class=\"gap-element clearfix\" style=\"display:block; height:auto;\">\n\t\t\n<style>\n#gap-1903911003 {\n  padding-top: 200px;\n}\n@media (min-width:550px) {\n  #gap-1903911003 {\n    padding-top: 197px;\n  }\n}\n@media (min-width:850px) {\n  #gap-1903911003 {\n    padding-top: 190px;\n  }\n}\n<\/style>\n\t<\/div>\n\t\n\n<div class=\"row\"  id=\"row-758649306\">\n\n\n\t<div id=\"col-1855026567\" class=\"col small-12 large-12\"  >\n\t\t\t\t<div class=\"col-inner\"  >\n\t\t\t\n\t\t\t\n\n<h3><b>Panaszkezel\u00e9s \u00e9s el\u00e1ll\u00e1si jog<\/b><\/h3>\n<h4><b>1. panaszok feldolgoz\u00e1sa<\/b><\/h4>\n<p><b>\u00c1ltal\u00e1nos inform\u00e1ci\u00f3k:<\/b><\/p>\n<ul>\n<li style=\"font-weight: 400;\" aria-level=\"1\"><span style=\"font-weight: 400;\">Ha nem el\u00e9gedett a sz\u00e1ll\u00edtott \u00e1ruval vagy \u00e9l\u0151 \u00e1llatokkal, k\u00e9rj\u00fck, halad\u00e9ktalanul \u00e9rtes\u00edtsen minket.<\/span><\/li>\n<li style=\"font-weight: 400;\" aria-level=\"1\"><span style=\"font-weight: 400;\">Az \u00d6n t\u00f6rv\u00e9nyes <\/span><b>szavatoss\u00e1gi jogok <\/b><span style=\"font-weight: 400;\">a 434. \u00e9s a k\u00f6vetkez\u0151 \u00a7-ok szerint. BGB (N\u00e9met Polg\u00e1ri T\u00f6rv\u00e9nyk\u00f6nyv) szerinti jogokat nem \u00e9rinti.<\/span><\/li>\n<\/ul>\n<p><b>Panasz bejelent\u00e9se:<\/b><\/p>\n<ul>\n<li style=\"font-weight: 400;\" aria-level=\"1\"><span style=\"font-weight: 400;\">Jelentse a panaszokat az \u00fcgyf\u00e9lfi\u00f3kj\u00e1n kereszt\u00fcl: <\/span><span style=\"font-weight: 400;\"><br \/><\/span><b>Az \u00d6n fi\u00f3kja \u2192 Megrendel\u00e9sei \u2192 \u00c9rtes\u00edt\u00e9sek. <\/b><b><br \/><\/b><span style=\"font-weight: 400;\">A probl\u00e9m\u00e1k gyors tiszt\u00e1z\u00e1sa \u00e9rdek\u00e9ben egy el\u0151k\u00e9sz\u00edtett \u0171rlap \u00e1ll rendelkez\u00e9sre.<\/span><\/li>\n<\/ul>\n<p><b>Fontos l\u00e9p\u00e9sek a panaszok eset\u00e9n:<\/b><\/p>\n<ol>\n<li style=\"font-weight: 400;\" aria-level=\"1\"><b>Az \u00e1ru visszak\u00fcld\u00e9se el\u0151tt l\u00e9pjen kapcsolatba vel\u00fcnk:<\/b>\n<ul>\n<li style=\"font-weight: 400;\" aria-level=\"2\"><span style=\"font-weight: 400;\">K\u00e9rj\u00fck, ne k\u00fcldje vissza az \u00e1rut el\u0151zetes egyeztet\u00e9s n\u00e9lk\u00fcl. A s\u00e9r\u00fcl\u00e9sek gyakran f\u00e9nyk\u00e9pekkel dokument\u00e1lhat\u00f3k \u00e9s e-mailben tiszt\u00e1zhat\u00f3k.<\/span><\/li>\n<li style=\"font-weight: 400;\" aria-level=\"2\"><span style=\"font-weight: 400;\">A visszak\u00fcld\u00e9s csak a mi utas\u00edt\u00e1saink alapj\u00e1n t\u00f6rt\u00e9nik.<\/span><\/li>\n<\/ul>\n<\/li>\n<li style=\"font-weight: 400;\" aria-level=\"1\"><b>\u00c9l\u0151 \u00e1llatok:<\/b>\n<ul>\n<li style=\"font-weight: 400;\" aria-level=\"2\"><span style=\"font-weight: 400;\">\u00c1tv\u00e9telkor ellen\u0151rizze, hogy a kapt\u00e1r teljes-e (kir\u00e1lyn\u0151, k\u00f6lt\u00e9s, dolgoz\u00f3k) \u00e9s j\u00f3 \u00e1llapotban van-e (pl. s\u00e9r\u00fcl\u00e9sek, atkafert\u0151z\u00e9s).<\/span><\/li>\n<li style=\"font-weight: 400;\" aria-level=\"2\"><span style=\"font-weight: 400;\">Minden elt\u00e9r\u00e9st vagy hib\u00e1t azonnal jelentsen e-mailben a verkauf@antstore.de c\u00edmre, f\u00e9nyk\u00e9pes dokument\u00e1ci\u00f3val egy\u00fctt.<\/span><\/li>\n<\/ul>\n<\/li>\n<li style=\"font-weight: 400;\" aria-level=\"1\"><b>Sz\u00e1ll\u00edt\u00e1si k\u00e1rok:<\/b>\n<ul>\n<li style=\"font-weight: 400;\" aria-level=\"2\"><span style=\"font-weight: 400;\">A csomagol\u00e1s k\u00fcls\u0151 s\u00e9r\u00fcl\u00e9seit k\u00f6zvetlen\u00fcl a k\u00e9zbes\u00edt\u0151vel jegyeztesse fel. Dokument\u00e1lja a s\u00e9r\u00fcl\u00e9st f\u00e9nyk\u00e9pen, \u00e9s \u00e9rtes\u00edtsen minket e-mailben a verkauf@antstore.de c\u00edmen.<\/span><\/li>\n<\/ul>\n<\/li>\n<li style=\"font-weight: 400;\" aria-level=\"1\"><b>M\u0171szaki hib\u00e1k:<\/b>\n<ul>\n<li style=\"font-weight: 400;\" aria-level=\"2\"><span style=\"font-weight: 400;\">Jelentse a m\u0171szaki probl\u00e9m\u00e1kat nek\u00fcnk vagy k\u00f6zvetlen\u00fcl a gy\u00e1rt\u00f3nak. Vegye fel a kapcsolatot a gy\u00e1rt\u00f3val a megadott forr\u00f3dr\u00f3ton vagy e-mailben.<\/span><\/li>\n<li style=\"font-weight: 400;\" aria-level=\"2\"><span style=\"font-weight: 400;\">Hiba eset\u00e9n \u00d6n jogosult a k\u00f6vetkez\u0151kre <\/span><b>helyesb\u00edt\u00e9s<\/b><span style=\"font-weight: 400;\">, <\/span><b>csere sz\u00e1ll\u00edt\u00e1s <\/b><span style=\"font-weight: 400;\">vagy, ha a kijav\u00edt\u00e1s sikertelen, a szerz\u0151d\u00e9s felmond\u00e1sa vagy a v\u00e9tel\u00e1r cs\u00f6kkent\u00e9se a BGB 439. \u00a7-\u00e1nak megfelel\u0151en.<\/span><\/li>\n<\/ul>\n<\/li>\n<li style=\"font-weight: 400;\" aria-level=\"1\"><b>Hib\u00e1s vagy hi\u00e1nyz\u00f3 cikkek:<\/b>\n<ul>\n<li style=\"font-weight: 400;\" aria-level=\"2\"><span style=\"font-weight: 400;\">Azonnal ellen\u0151rizze a sz\u00e1ll\u00edtm\u00e1nyt a helyess\u00e9g \u00e9s a teljess\u00e9g szempontj\u00e1b\u00f3l.<\/span><\/li>\n<li style=\"font-weight: 400;\" aria-level=\"2\"><span style=\"font-weight: 400;\">Ha a t\u00e9telek hi\u00e1nyoznak vagy \u00f6sszekeveredtek, k\u00e9rj\u00fck, \u00e9rtes\u00edtsen benn\u00fcnket, hogy a hib\u00e1t azonnal kijav\u00edthassuk.<\/span><\/li>\n<\/ul>\n<\/li>\n<\/ol>\n<p><b>Csere\/lemond\u00e1s:<\/b><\/p>\n<ul>\n<li style=\"font-weight: 400;\" aria-level=\"1\"><span style=\"font-weight: 400;\">Ha egy term\u00e9k nem felel meg az \u00d6n \u00edzl\u00e9s\u00e9nek, a k\u00f6vetkez\u0151 felt\u00e9telek mellett visszak\u00fcldheti. <\/span><b>t\u00f6rv\u00e9nyes el\u00e1ll\u00e1si jog <\/b><span style=\"font-weight: 400;\">(l\u00e1sd al\u00e1bb). Ennek el\u0151felt\u00e9tele a hat\u00e1rid\u0151k \u00e9s felt\u00e9telek betart\u00e1sa.<\/span><\/li>\n<\/ul>\n<h4><b>2. el\u00e1ll\u00e1si jog<\/b><\/h4>\n<ol>\n<li><b> Fogyaszt\u00f3i lemond\u00e1si felt\u00e9telek (a BGB 355. \u00a7-a szerint):<\/b><\/li>\n<li><b> \u00e1ltal\u00e1nos el\u00e1ll\u00e1si jog a t\u00e1vollev\u0151k k\u00f6z\u00f6tt k\u00f6t\u00f6tt szerz\u0151d\u00e9sek eset\u00e9ben:<\/b><\/li>\n<\/ol>\n<ul>\n<li style=\"font-weight: 400;\" aria-level=\"1\"><span style=\"font-weight: 400;\">A fogyaszt\u00f3k (BGB 13. \u00a7), azaz minden olyan term\u00e9szetes szem\u00e9ly, aki olyan jog\u00fcgyletet k\u00f6t, amely t\u00falnyom\u00f3r\u00e9szt sem kereskedelmi, sem \u00f6n\u00e1ll\u00f3 szakmai tev\u00e9kenys\u00e9g\u00e9nek nem tulajdon\u00edthat\u00f3, 14 napon bel\u00fcl indokol\u00e1s n\u00e9lk\u00fcl jogosultak az \u00e1ruv\u00e1s\u00e1rl\u00e1si szerz\u0151d\u00e9st\u0151l el\u00e1llni.<\/span><\/li>\n<\/ul>\n<ol start=\"2\">\n<li><b> a felmond\u00e1si id\u0151 r\u00e9szletei:<\/b><\/li>\n<\/ol>\n<ul>\n<li style=\"font-weight: 400;\" aria-level=\"1\"><b>A lemond\u00e1si id\u0151szak kezdete:<\/b>\n<ul>\n<li style=\"font-weight: 400;\" aria-level=\"2\"><span style=\"font-weight: 400;\">Csomagpost\u00e1val k\u00fcldhet\u0151 \u00e1ruk eset\u00e9ben: Att\u00f3l a napt\u00f3l kezdve, amikor a fogyaszt\u00f3 vagy az \u00e1ltala kijel\u00f6lt harmadik szem\u00e9ly \u00e1tveszi a k\u00fcldem\u00e9ny utols\u00f3 \u00e1ruj\u00e1t.<\/span><\/li>\n<li style=\"font-weight: 400;\" aria-level=\"2\"><span style=\"font-weight: 400;\">\u00c1ruk tov\u00e1bb\u00edt\u00e1s\u00e1ra: Att\u00f3l a napt\u00f3l kezdve, amikor a sz\u00e1ll\u00edtm\u00e1nyoz\u00f3 az utols\u00f3 \u00e1rut \u00e1tadja.<\/span><\/li>\n<\/ul>\n<\/li>\n<\/ul>\n<ol start=\"3\">\n<li><b> t\u00f6rl\u00e9si nyilatkozat: <\/b><b><br \/><\/b><span style=\"font-weight: 400;\">A lemond\u00e1s egy\u00e9rtelm\u0171 \u00edr\u00e1sbeli nyilatkozattal (lev\u00e9l, e-mail) t\u00f6rt\u00e9nik a k\u00f6vetkez\u0151 c\u00edmre:<\/span><\/li>\n<\/ol>\n<p><b>Kapcsolat: <\/b><b><br \/><\/b><span style=\"font-weight: 400;\">ANTSTORE, Martin Sebesta<\/span><span style=\"font-weight: 400;\"><br \/><\/span><span style=\"font-weight: 400;\">Selerweg 41, <\/span><span style=\"font-weight: 400;\">D-12169 Berlin<\/span><span style=\"font-weight: 400;\"><br \/><\/span><span style=\"font-weight: 400;\">Telefon: +49 30 439703870<\/span><span style=\"font-weight: 400;\"><br \/><\/span><span style=\"font-weight: 400;\">E-mail: verkauf (at) antstore.de<\/span><\/p>\n<p><span style=\"font-weight: 400;\">A k\u00f6vetkez\u0151 <\/span><b>minta lemond\u00e1si \u0171rlap<\/b><span style=\"font-weight: 400;\">haszn\u00e1lhat\u00f3 (nem k\u00f6telez\u0151).<\/span><span style=\"font-weight: 400;\"><br \/><\/span><span style=\"font-weight: 400;\"> A hat\u00e1rid\u0151 betart\u00e1s\u00e1hoz elegend\u0151 a lemond\u00f3 nyilatkozatot a hat\u00e1rid\u0151 lej\u00e1rta el\u0151tt elk\u00fcldeni.<\/span><\/p>\n<ol start=\"4\">\n<li><b> a t\u00f6rl\u00e9s k\u00f6vetkezm\u00e9nyei:<\/b><\/li>\n<\/ol>\n<ul>\n<li style=\"font-weight: 400;\" aria-level=\"1\"><span style=\"font-weight: 400;\">Az \u00f6sszes befizetett \u00f6sszeg visszat\u00e9r\u00edt\u00e9se, bele\u00e9rtve a standard sz\u00e1ll\u00edt\u00e1si k\u00f6lts\u00e9geket is (de nem a dr\u00e1g\u00e1bb, k\u00edv\u00e1nt sz\u00e1ll\u00edt\u00e1sok eset\u00e9ben), legk\u00e9s\u0151bb a lemond\u00e1s k\u00e9zhezv\u00e9tel\u00e9t\u0151l sz\u00e1m\u00edtott 14 napon bel\u00fcl t\u00f6rt\u00e9nik.<\/span><\/li>\n<li style=\"font-weight: 400;\" aria-level=\"1\"><span style=\"font-weight: 400;\">A visszat\u00e9r\u00edt\u00e9sre az eredetileg haszn\u00e1lt fizet\u00e9si m\u00f3dot kell haszn\u00e1lni, hacsak m\u00e1sk\u00e9nt nem \u00e1llapodtak meg. A visszat\u00e9r\u00edt\u00e9snek nincs d\u00edja.<\/span><\/li>\n<li style=\"font-weight: 400;\" aria-level=\"1\"><span style=\"font-weight: 400;\">A visszat\u00e9r\u00edt\u00e9s visszautas\u00edthat\u00f3, am\u00edg az \u00e1rut vissza nem k\u00fcldt\u00e9k, vagy a visszak\u00fcld\u00e9st nem igazolt\u00e1k.<\/span><\/li>\n<\/ul>\n<p><b>Az \u00e1ru visszak\u00fcld\u00e9se:<\/b><\/p>\n<ul>\n<li style=\"font-weight: 400;\" aria-level=\"1\"><span style=\"font-weight: 400;\">A visszak\u00fcld\u00e9s k\u00f6lts\u00e9gei a fogyaszt\u00f3t terhelik.<\/span><\/li>\n<li style=\"font-weight: 400;\" aria-level=\"1\"><span style=\"font-weight: 400;\">Az \u00e1rut legk\u00e9s\u0151bb az el\u00e1ll\u00e1si nyilatkozatot k\u00f6vet\u0151 14 napon bel\u00fcl vissza kell k\u00fcldeni.<\/span><\/li>\n<li style=\"font-weight: 400;\" aria-level=\"1\"><span style=\"font-weight: 400;\">A fogyaszt\u00f3 csak akkor felel az \u00e9rt\u00e9kcs\u00f6kken\u00e9s\u00e9rt, ha az az \u00e1llapot \u00e9s a m\u0171k\u00f6d\u00e9s sz\u00fcks\u00e9ges ellen\u0151rz\u00e9s\u00e9n t\u00falmen\u0151 helytelen kezel\u00e9sb\u0151l ered.<\/span><\/li>\n<\/ul>\n<p><b>Megjegyz\u00e9s:<\/b><\/p>\n<p><span style=\"font-weight: 400;\">Az \u00e9rz\u00e9keny \u00e1ruk, p\u00e9ld\u00e1ul \u00fcvegek visszak\u00fcld\u00e9sekor javasoljuk, hogy az eredeti csomagol\u00e1st haszn\u00e1lja. Ez a legegyszer\u0171bb m\u00f3dja annak, hogy a csomagol\u00e1s alkalmas legyen ezen anyagok v\u00e9delm\u00e9re. Az eredeti csomagol\u00e1st gyakran kifejezetten az \u00e9rz\u00e9keny \u00e1ruk sz\u00e1ll\u00edt\u00e1s\u00e1ra tervezik.<\/span><\/p>\n<p><span style=\"font-weight: 400;\">Ha m\u00e1r nincs meg az eredeti csomagol\u00e1s, fontos, hogy a term\u00e9k j\u00f3l csomagolt \u00e9s p\u00e1rn\u00e1zott legyen. Ezenk\u00edv\u00fcl a term\u00e9ket f\u00fcgg\u0151legesen \u00e9s k\u00f6z\u00e9pre \u00e1ll\u00edtva kell elhelyezni a dobozban, az \u00fcres helyeket pedig t\u00f6lt\u0151anyaggal kell kit\u00f6lteni, hogy a term\u00e9k ne mozogjon \u00e9s ne s\u00e9r\u00fclj\u00f6n meg sz\u00e1ll\u00edt\u00e1s k\u00f6zben.<\/span><\/p>\n<p><span style=\"font-weight: 400;\">Ha b\u00e1rmilyen k\u00e9rd\u00e9se van, k\u00e9rj\u00fck, forduljon \u00fcgyf\u00e9lszolg\u00e1latunkhoz, akik sz\u00edvesen seg\u00edtenek \u00d6nnek megtal\u00e1lni a megfelel\u0151 csomagol\u00e1st az \u00e1ru biztons\u00e1gos visszak\u00fcld\u00e9s\u00e9hez.<\/span><\/p>\n<ol>\n<li><b> Az el\u00e1ll\u00e1si jog kiz\u00e1r\u00e1sa \u00e9s korl\u00e1toz\u00e1sa (BGB 312g \u00a7): <\/b><b><br \/><\/b><span style=\"font-weight: 400;\">Az el\u00e1ll\u00e1si jog nem vonatkozik:<\/span><\/li>\n<\/ol>\n<ul>\n<li style=\"font-weight: 400;\" aria-level=\"1\"><span style=\"font-weight: 400;\">A v\u00e1s\u00e1rl\u00f3 ig\u00e9nyei szerint k\u00e9sz\u00fclt vagy egy\u00e9rtelm\u0171en szem\u00e9lyre szabott \u00e1ruk.<\/span><\/li>\n<li style=\"font-weight: 400;\" aria-level=\"1\"><span style=\"font-weight: 400;\">Romland\u00f3 vagy r\u00f6vid lej\u00e1rati idej\u0171 \u00e1ruk.<\/span><\/li>\n<li style=\"font-weight: 400;\" aria-level=\"1\"><span style=\"font-weight: 400;\">Lez\u00e1rt \u00e1ruk, amelyek higi\u00e9niai vagy eg\u00e9szs\u00e9gv\u00e9delmi okokb\u00f3l nem k\u00fcldhet\u0151k vissza, miut\u00e1n a pecs\u00e9tet elt\u00e1vol\u00edtott\u00e1k.<\/span><\/li>\n<li style=\"font-weight: 400;\" aria-level=\"1\"><span style=\"font-weight: 400;\">Olyan \u00e1ruk, amelyek term\u00e9szet\u00fckn\u00e9l fogva elv\u00e1laszthatatlanul keveredtek m\u00e1s \u00e1rukkal.<\/span><\/li>\n<li style=\"font-weight: 400;\" aria-level=\"1\"><span style=\"font-weight: 400;\">\u00dajs\u00e1gok, magazinok vagy foly\u00f3iratok (az el\u0151fizet\u00e9sek kiv\u00e9tel\u00e9vel).<\/span><\/li>\n<\/ul>\n<ol>\n<li><b> Az el\u00e1ll\u00e1si jog id\u0151 el\u0151tti lej\u00e1rta (BGB 356. \u00a7): <\/b><b><br \/><\/b><span style=\"font-weight: 400;\">Az el\u00e1ll\u00e1si jog id\u0151 el\u0151tt megsz\u0171nik, ha:<\/span><\/li>\n<\/ol>\n<ul>\n<li style=\"font-weight: 400;\" aria-level=\"1\"><span style=\"font-weight: 400;\">Lez\u00e1rt audio\/videofelv\u00e9telek vagy szoftverek \u00e1tad\u00e1sa, ha a pecs\u00e9tet elt\u00e1vol\u00edtott\u00e1k.<\/span><\/li>\n<li style=\"font-weight: 400;\" aria-level=\"1\"><span style=\"font-weight: 400;\">A teljes k\u00f6r\u0171en ny\u00fajtott szolg\u00e1ltat\u00e1sok, felt\u00e9ve, hogy a fogyaszt\u00f3 kifejezett el\u0151zetes beleegyez\u00e9s\u00e9t adta.<\/span><\/li>\n<\/ul>\n<h4><b>Minta lemond\u00e1si \u0171rlap<\/b><\/h4>\n<p><span style=\"font-weight: 400;\">Ha fel k\u00edv\u00e1nja mondani a szerz\u0151d\u00e9st, k\u00e9rj\u00fck, haszn\u00e1lja az al\u00e1bbi \u0171rlapot:<\/span><\/p>\n<p><b>Lemond\u00e1si nyilatkozat-minta:<\/b><\/p>\n<p><b>To:<\/b><span style=\"font-weight: 400;\"><br \/><\/span><span style=\"font-weight: 400;\">ANTSTORE, Martin Sebesta<\/span><span style=\"font-weight: 400;\"><br \/><\/span><span style=\"font-weight: 400;\">Selerweg 41, D-12169 Berlin<\/span><span style=\"font-weight: 400;\"><br \/><\/span><span style=\"font-weight: 400;\">Email:verkauf@antstore.de\u00a0<\/span><\/p>\n<p><b>T\u00e9ma: A t\u00e9ma a k\u00f6vetkez\u0151:<\/b><\/p>\n<p><span style=\"font-weight: 400;\">Megrendel\u00e9s t\u00f6rl\u00e9se [rendel\u00e9s sz\u00e1ma]<\/span><\/p>\n<p>\u00a0<\/p>\n<p><b>Tartalom:<\/b><\/p>\n<p><span style=\"font-weight: 400;\">Ezennel felmondom az al\u00e1bbi \u00e1ruk megv\u00e1s\u00e1rl\u00e1s\u00e1ra vonatkoz\u00f3 szerz\u0151d\u00e9st:<\/span><span style=\"font-weight: 400;\"><br \/><\/span><span style=\"font-weight: 400;\"> [az \u00e1ruk le\u00edr\u00e1sa]<\/span><\/p>\n<p><b>Megrendeltem:<\/b><span style=\"font-weight: 400;\"> [d\u00e1tum]<\/span><\/p>\n<p><b>Be\u00e9rkezett: <\/b><span style=\"font-weight: 400;\">[d\u00e1tum]<\/span><\/p>\n<p><b>A fogyaszt\u00f3 neve: <\/b><span style=\"font-weight: 400;\">[N\u00e9v]<\/span><\/p>\n<p><b>A fogyaszt\u00f3 c\u00edme: <\/b><span style=\"font-weight: 400;\">[c\u00edm]<\/span><\/p>\n<p><span style=\"font-weight: 400;\">D\u00e1tum \u00e9s al\u00e1\u00edr\u00e1s (csak postai \u00faton t\u00f6rt\u00e9n\u0151 \u00edr\u00e1sbeli lemond\u00e1s eset\u00e9n)<\/span><\/p>\n<p>\u00a0<\/p>\n<p><strong><span style=\"font-family: Verdana; font-size: small;\">Lemond\u00e1si \u0171rlap let\u00f6lt\u00e9se:<\/span><\/strong><br \/><a href=\"https:\/\/www.antstore.net\/shop\/images\/documents\/Information-Reklamation-de.pdf\" target=\"_blank\" rel=\"noopener\"><span style=\"font-family: verdana,arial,helvetica,sans-serif;\"><img data-recalc-dims=\"1\" decoding=\"async\" src=\"https:\/\/i0.wp.com\/www.antstore.net\/shop\/images\/pdf_logo.gif?w=1020&#038;ssl=1\" alt=\"\" border=\"0\" \/>T\u00e1j\u00e9koztat\u00e1s \u00e9s visszat\u00e9r\u00e9s<\/span><\/a> (n\u00e9met\u00fcl), (PDF 0,4 MB)<br \/><span style=\"color: #666666; font-family: arial,helvetica,sans-serif; font-size: xx-small;\">(Tartalmazza: Info \/ Formanyomtatv\u00e1ny)<\/span>\u00a0<\/p>\n<h2>Az \u00e1rucikkek visszak\u00fcld\u00e9se\/visszavon\u00e1sa Term\u00e9kek<\/h2>\n<p>Az \u00c1ruk kateg\u00f3ri\u00e1ba tartoz\u00f3 term\u00e9kek sz\u00e1ll\u00edt\u00e1s\u00e1t \u00e9s gy\u00e1rt\u00e1s\u00e1t a PRINTFUL partner\u00fcnk v\u00e9gzi. Ezen term\u00e9kek valamelyik\u00e9nek megrendel\u00e9s\u00e9vel \u00d6n elfogadja a PRINTFUL \u00c1ltal\u00e1nos Szerz\u0151d\u00e9si Felt\u00e9teleit, Adatv\u00e9delmi Szab\u00e1lyzat\u00e1t \u00e9s Visszat\u00e9r\u00e9si Szab\u00e1lyzat\u00e1t.\u00a0<\/p>\n<p><a href=\"https:\/\/www.printful.com\/policies\/terms-of-service\">A PRINTFUL \u00c1ltal\u00e1nos Szerz\u0151d\u00e9si Felt\u00e9teleit itt tal\u00e1lja.<\/a><\/p>\n<p><a href=\"https:\/\/www.printful.com\/policies\/returns\">A PRINTFUL visszak\u00fcld\u00e9si szab\u00e1lyzat\u00e1t itt tal\u00e1lja.<\/a><\/p>\n<p><a href=\"https:\/\/www.printful.com\/policies\/privacy\">A PRINTFUL adatv\u00e9delmi szab\u00e1lyzat\u00e1t itt tal\u00e1lja.<\/a><\/p>\n\n\t\t<\/div>\n\t\t\t\t\t<\/div>\n\n\t\n\n<\/div>","protected":false},"excerpt":{"rendered":"","protected":false},"author":1,"featured_media":0,"parent":0,"menu_order":0,"comment_status":"closed","ping_status":"closed","template":"","meta":{"_acf_changed":false,"content-type":"","_monsterinsights_skip_tracking":false,"_monsterinsights_sitenote_active":false,"_monsterinsights_sitenote_note":"","_monsterinsights_sitenote_category":0,"footnotes":""},"class_list":["post-632","page","type-page","status-publish","hentry"],"acf":[],"aioseo_notices":[],"jetpack_sharing_enabled":true,"_links":{"self":[{"href":"https:\/\/clone.antcube.shop\/hu\/wp-json\/wp\/v2\/pages\/632","targetHints":{"allow":["GET"]}}],"collection":[{"href":"https:\/\/clone.antcube.shop\/hu\/wp-json\/wp\/v2\/pages"}],"about":[{"href":"https:\/\/clone.antcube.shop\/hu\/wp-json\/wp\/v2\/types\/page"}],"author":[{"embeddable":true,"href":"https:\/\/clone.antcube.shop\/hu\/wp-json\/wp\/v2\/users\/1"}],"replies":[{"embeddable":true,"href":"https:\/\/clone.antcube.shop\/hu\/wp-json\/wp\/v2\/comments?post=632"}],"version-history":[{"count":10,"href":"https:\/\/clone.antcube.shop\/hu\/wp-json\/wp\/v2\/pages\/632\/revisions"}],"predecessor-version":[{"id":10639,"href":"https:\/\/clone.antcube.shop\/hu\/wp-json\/wp\/v2\/pages\/632\/revisions\/10639"}],"wp:attachment":[{"href":"https:\/\/clone.antcube.shop\/hu\/wp-json\/wp\/v2\/media?parent=632"}],"curies":[{"name":"wp","href":"https:\/\/api.w.org\/{rel}","templated":true}]}}