{"id":6737,"date":"2023-12-12T15:03:25","date_gmt":"2023-12-12T14:03:25","guid":{"rendered":"https:\/\/antcube.shop\/product\/antcube-starter-set-fur-weberameisen-gros\/"},"modified":"2026-01-12T12:38:07","modified_gmt":"2026-01-12T11:38:07","slug":"indulo-keszlet-szovohangyakhoz-nagymeretu","status":"publish","type":"product","link":"https:\/\/clone.antcube.shop\/hu\/termek\/indulo-keszlet-szovohangyakhoz-nagymeretu\/","title":{"rendered":"ANTCUBE - Starter szett sz\u00f6v\u0151hangy\u00e1knak - nagym\u00e9ret\u0171"},"content":{"rendered":"<p><span data-text-color=\"alert\"><strong>Sz\u00e1ll\u00edt\u00e1s csak a palett\u00e1n t\u00f6rt\u00e9n\u0151 tov\u00e1bb\u00edt\u00e1ssal lehets\u00e9ges.<\/strong><\/span><\/p>\n<p><strong>Tartalom:<\/strong><br \/>\n1x Honeydew Mix (HT) - ut\u00e1nt\u00f6lt\u0151 10ml<br \/>\n1x Eg\u00e9sz feh\u00e9r\u00edtett t\u00fccs\u00f6k<\/p>\n<p>1x ANTCUBE Arena 30x30x60 tol\u00f3ajt\u00f3val<br \/>\n1x hangya ar\u00e9na keret 30\u00d730 - 5cm<br \/>\n1x hangya ar\u00e9na 30\u00d730<br \/>\n1x r\u00f6gz\u00edt\u00e9si pont az ar\u00e9na burkolat\u00e1hoz (4db.)<\/p>\n<p>1x keret tol\u00f3ajt\u00f3hoz<br \/>\n0,5 literes permetez\u0151 palack - s\u00e1rgar\u00e9z f\u00fav\u00f3ka<br \/>\n1x Fot\u00f3 h\u00e1tfal - es\u0151erd\u0151 - 30\u00d760 - magas<br \/>\n1x Formicarium alap 30\u00d730 cm<\/p>\n<p>1x aljzat es\u0151erd\u0151 1 kg<br \/>\n2x Formicarium dug\u00f3 50 mm-es lyukhoz<br \/>\n3x r\u00e1csbet\u00e9t - 50mm - rozsdamentes ac\u00e9l<br \/>\nMini h\u0151m\u00e9r\u0151 digit\u00e1lis - feh\u00e9r - \u00f6ntapad\u00f3s - \u00f6ntapad\u00f3s<br \/>\n1x rug\u00f3ac\u00e9l csipesz sz\u00e9les - puha<br \/>\n1x m\u0171anyag csipesz standard<br \/>\n1x Hangya kit\u00f6r\u00e9s elleni v\u00e9d\u0151olaj<br \/>\n1x iv\u00f3ed\u00e9ny tiszta 20ml - szivacs<br \/>\n1x itat\u00f3 2ml - 360 fokos<br \/>\n1x t\u00e1l \u00e1tl\u00e1tsz\u00f3 1\u00d720 - szivacs<br \/>\n1x k\u00e9zi nagy\u00edt\u00f3 - 2x - 30mm<br \/>\n1x habszivacs ablakt\u00f6rl\u0151 150x18x2,5mm<\/p>\n<p><strong>Le\u00edr\u00e1s:<\/strong><br \/>\nEz a b\u0151v\u00edthet\u0151, kifejezetten a k\u00fcl\u00f6nb\u00f6z\u0151 sz\u00f6v\u0151hangyafajok, p\u00e9ld\u00e1ul a Polyrhachis spec. vagy az Oecophylla spec. sz\u00e1m\u00e1ra k\u00e9sz\u00fclt indul\u00f3 k\u00e9szlet nemcsak az optim\u00e1lisan kialak\u00edtott formik\u00e1riumot tartalmazza, hanem a hangyafajok tart\u00e1s\u00e1hoz sz\u00fcks\u00e9ges tartoz\u00e9kokat is.<\/p>\n<p>Az el\u00fcls\u0151 tol\u00f3ajt\u00f3 (ny\u00edl\u00e1s 150x200mm) megk\u00f6nny\u00edti a munk\u00e1t a formik\u00e1riumban, m\u00e9g nagy kol\u00f3ni\u00e1k vagy a formik\u00e1rium gazdan\u00f6v\u00e9nnyel, p\u00e9ld\u00e1ul Oecophylla smaragdina-val val\u00f3 be\u00fcltet\u00e9se eset\u00e9n is. Tov\u00e1bbi formik\u00e1riumok csatlakoztathat\u00f3k az oldal\u00e1n l\u00e9v\u0151 k\u00e9t 50 mm-es lyukon kereszt\u00fcl. A rozsdamentes ac\u00e9l r\u00e1csbet\u00e9tek j\u00f3 szell\u0151z\u00e9st biztos\u00edtanak, \u00e9s ellen\u00e1llnak a mechanikai behat\u00e1soknak. A rendszerben tal\u00e1lhat\u00f3 h\u0151- \u00e9s nedvess\u00e9gm\u00e9r\u0151 teljesen gyermek- \u00e9s \u00e1llatsimogat\u00f3s, \u00e9s lehet\u0151v\u00e9 teszi a kl\u00edma\u00e9rt\u00e9kek egyszer\u0171 ellen\u0151rz\u00e9s\u00e9t. Sz\u00fcks\u00e9g eset\u00e9n a p\u00e1ratartalom a sz\u00f3r\u00f3fejes flakon seg\u00edts\u00e9g\u00e9vel n\u00f6velhet\u0151. Az itat\u00f3 tiszta 20ml - szivacs friss v\u00edz, az itat\u00f3 2ml - 360 fokos m\u00e9z vagy cukoroldat p\u00f3tl\u00e1s\u00e1ra szolg\u00e1l.<\/p>\n<p><strong>Fontos:<\/strong> Haszn\u00e1lat el\u0151tt nedves\u00edtse meg az aljzatot, hogy a kever\u00e9k \u00f6ssze tudjon k\u00f6tni \u00e9s szil\u00e1rdan meg tudjon \u00e1llni a hangyafarmon. Ezenk\u00edv\u00fcl a t\u00fal sz\u00e1raz \u00e9s poros szubsztr\u00e1t a hangy\u00e1k l\u00e9gz\u0151szerveinek elz\u00e1r\u00f3d\u00e1s\u00e1hoz vezethet, \u00e9s legrosszabb esetben az \u00e1llatok megfulladnak.<\/p>\n<p><strong>Fontos megjegyz\u00e9s a tol\u00f3ajt\u00f3kerettel kapcsolatban:<\/strong><br \/>\nA keret k\u00f6nnyen r\u00f6gz\u00edthet\u0151 a tol\u00f3ajt\u00f3 s\u00ednj\u00e9hez r\u00f6gz\u00edtett csavarokhoz. Ehhez \u00f3vatosan laz\u00edtsa meg <strong>csak<\/strong> a belsej\u00e9ben l\u00e9v\u0151 di\u00f3f\u00e9l\u00e9k. Egy kis Phillips csavarh\u00faz\u00f3ra (keresztfejes csavarh\u00faz\u00f3) van sz\u00fcks\u00e9g. Rakja \u00f6ssze a keretet, \u00e9s akassza fel bel\u00fcl a csavarokra. Ezut\u00e1n \u00f3vatosan r\u00f6gz\u00edtse vissza az any\u00e1kat \u00e9s <strong>semmik\u00e9ppen se forduljon t\u00fal szorosan,<\/strong> k\u00fcl\u00f6nben az \u00fcveg megs\u00e9r\u00fclhet.<\/p>\n<p><strong>Megjegyz\u00e9sek a gy\u00e1rt\u00e1shoz<\/strong><br \/>\nAz \u00fcveget a DIN 1249 szabv\u00e1ny szerint v\u00e1gj\u00e1k, +\/- 1 mm-es t\u0171r\u00e9ssel. A rendk\u00edv\u00fcl kis hangyafajok eset\u00e9ben tov\u00e1bbi kit\u00f6r\u00e9sv\u00e9delem sz\u00fcks\u00e9ges.<\/p>\n<p><strong>Megjegyz\u00e9s a m\u00e9zharmattal kapcsolatban:<\/strong><br \/>\nTartalom: 10 ml<br \/>\nEz egy term\u00e9szetes term\u00e9k, amelyet laborat\u00f3riumunkban v\u00e9gzett kiterjedt tesztek ut\u00e1n finom\u00edtottunk, \u00e9s a hangy\u00e1k \u00e1ltal nagyon j\u00f3l elfogadott t\u00e1pl\u00e1l\u00e9kk\u00e1 fejlesztett\u00fcnk. Ennek oka, hogy a feldolgozatlan m\u00e9zharmatm\u00e9zet koncentr\u00e1lt eredeti form\u00e1j\u00e1ban a hangy\u00e1k \u00e9s anyagcser\u00e9j\u00fck nem fogadj\u00e1k el j\u00f3l.<br \/>\nM\u00e9zharmatunkat Bulg\u00e1ria szennyezetlen, vad hegyi erdeiben gy\u0171jt\u00f6tt\u00fck. A m\u00e9zharmat csak nagyon korl\u00e1tozott ideig, ny\u00e1ron k\u00f6r\u00fclbel\u00fcl k\u00e9t h\u00f3napig terem. Ez\u00e9rt nagyon ritka. Az erd\u0151k saj\u00e1tos talajtulajdons\u00e1gai \u00e9s az \u00e9ghajlat miatt a f\u00e1k leveleiben egzisztenci\u00e1lisan fontos t\u00e1panyagok rakt\u00e1roz\u00f3dtak el, amelyeket a lev\u00e9ltetvek vesznek fel. Ez teszi ezt a m\u00e9zharmatkever\u00e9ket olyan k\u00edv\u00e1natoss\u00e1 a hangy\u00e1k sz\u00e1m\u00e1ra.<\/p>\n<p><strong>Alkalmaz\u00e1s:<\/strong><br \/>\nAz \u00e9lelmiszer mennyis\u00e9g\u00e9t k\u00f6r\u00fclbel\u00fcl 3 napon bel\u00fcl kell elfogyasztani.<\/p>\n<p><strong>Le\u00edr\u00e1s:<\/strong><br \/>\nA m\u00e9zharmat a vir\u00e1gm\u00e9zzel ellent\u00e9tben a n\u00f6v\u00e9nyeket sz\u00edv\u00f3 rovarok, p\u00e9ld\u00e1ul a lev\u00e9ltetvek v\u00e1lad\u00e9k\u00e1b\u00f3l sz\u00e1rmazik. A m\u00e9zharmat sz\u00e1mos rovar, p\u00e9ld\u00e1ul a hangy\u00e1k, m\u00e9hek, s\u0151t a dong\u00f3k kedvenc t\u00e1pl\u00e1l\u00e9kforr\u00e1sa. A m\u00e9hek \u00e9s a poszm\u00e9hek a k\u00fcl\u00f6nb\u00f6z\u0151 f\u00e1k leveleir\u0151l vagy t\u0171ir\u0151l nyalj\u00e1k le. A hangy\u00e1k, mint p\u00e9ld\u00e1ul a Lasius niger, rendszeresen tartj\u00e1k a lev\u00e9ltetveket. Meg is v\u00e9dik \u0151ket a ragadoz\u00f3kt\u00f3l, \u00e9s friss hajt\u00e1sokhoz viszik \u0151ket.<\/p>\n<p>A m\u00e9zharmat els\u0151sorban a hangy\u00e1k k\u00f6r\u00e9ben n\u00e9pszer\u0171, els\u0151sorban a kiss\u00e9 elt\u00e9r\u0151 \u00f6sszetev\u0151i miatt. A m\u00e9zharmat f\u0151 cukorfajt\u00e1i a szachar\u00f3z \u00e9s a frukt\u00f3z, de kisebb mennyis\u00e9gben megtal\u00e1lhat\u00f3 benne a malt\u00f3z, a trehal\u00f3z, a melezit\u00f3z, a raffin\u00f3z \u00e9s m\u00e1s oligoszacharidok is. A cukrok \u00e9s a v\u00edz mellett a m\u00e9zharmat egzisztenci\u00e1lisan fontos aminosavakat, \u00e1sv\u00e1nyi anyagokat, nyomelemeket, adenozin-foszf\u00e1tokat \u00e9s egy\u00e9b \u00f6sszetev\u0151ket, p\u00e9ld\u00e1ul vitaminokat is tartalmaz.<\/p>\n<p><strong>Felhaszn\u00e1l\u00e1s:<\/strong><br \/>\nM\u00e9zev\u0151 hangyafajok (Meliphagidae) eset\u00e9ben.<br \/>\nEz egy kieg\u00e9sz\u00edt\u0151 takarm\u00e1ny<br \/>\nAz \u00e1llatoknak \u00e1tadott \u00e1llapotban is fel lehet k\u00edn\u00e1lni. Mivel a nedvess\u00e9g cs\u00f6kkenti a cukorkoncentr\u00e1ci\u00f3t \u00e9s erjed\u00e9si folyamatot ind\u00edt el, a takarm\u00e1nyt 3 naponta cser\u00e9lni kell. \u00dajb\u00f3li felhaszn\u00e1l\u00e1s el\u0151tt alaposan tiszt\u00edtsa meg az etet\u0151t\u00e1lat\/cs\u00f6vet.<br \/>\nA felbontott csomagot szorosan lez\u00e1rva kell felhaszn\u00e1lni a felt\u00fcntetett (min\u0151s\u00e9gmeg\u0151rz\u00e9si) d\u00e1tumig.<\/p>\n<p><strong>T\u00e1p\u00e9rt\u00e9kek 100 grammonk\u00e9nt:<\/strong><br \/>\nkb. 2,7 % zs\u00edrok<br \/>\nebb\u0151l tel\u00edtett kb. 0,45 %<br \/>\nkb. 95 % sz\u00e9nhidr\u00e1tok<br \/>\nebb\u0151l cukor kb. 71%<br \/>\nkb. 2,85% feh\u00e9rje<br \/>\n\u00c1sv\u00e1nyi anyagok (k\u00e1lium, kalcium, r\u00e9z, vas, n\u00e1trium, magn\u00e9zium, foszfor, cink \u00e9s egy\u00e9b nyomelemek). Aminosavak (prolin, leucin, fenilalanin, alanin, hisztidin, izoleucin, glutaminsav, arginin, aszparaginsav stb.) Szerves savak Enzimek (fermentumok)Arom\u00e1k Inhibinek (antibakteri\u00e1lis anyagok) Vir\u00e1gok Vir\u00e1gpor.<\/p>\n<p><strong>T\u00e1rol\u00e1s:<\/strong><br \/>\nA takarm\u00e1ny min\u0151s\u00e9g\u00e9nek biztos\u00edt\u00e1sa \u00e9rdek\u00e9ben a takarm\u00e1nyt s\u00f6t\u00e9t, sz\u00e1raz helyen kell t\u00e1rolni.<\/p>\n<p><strong>\u00c9rtes\u00edt\u00e9s:<\/strong><br \/>\nKieg\u00e9sz\u00edt\u0151 takarm\u00e1ny m\u00e9zev\u0151 hangy\u00e1k sz\u00e1m\u00e1ra.<br \/>\nAz \u00f6sszet\u00e9telt, az analitikai \u00f6sszetev\u0151ket, a min\u0151s\u00e9gmeg\u0151rz\u00e9si id\u0151t \u00e9s a t\u00e9telsz\u00e1mot l\u00e1sd a betegt\u00e1j\u00e9koztat\u00f3ban.<\/p>\n<p>Inform\u00e1ci\u00f3s forr\u00f3dr\u00f3t +49 30 439703870<\/p>\n<p><strong>Felel\u0151s \u00e1llat-eg\u00e9szs\u00e9g\u00fcgyi \u00e9s \u00e9lelmiszer-fel\u00fcgyeleti hat\u00f3s\u00e1g:<\/strong><br \/>\nSteglitz \u00e1llatorvosi rendel\u0151<br \/>\nK\u00f6nigin-Luise-Str. 92<br \/>\n14195 Berlin<\/p>\n<p><strong>Megjegyz\u00e9s a feh\u00e9r\u00edtett t\u00fccsk\u00f6kr\u0151l:<\/strong><br \/>\nBlanch\u00e1lt t\u00fccskefajt\u00e1inkkal k\u00f6nnyen biztos\u00edthatja hangy\u00e1i sz\u00e1m\u00e1ra a frissen tart\u00f3s\u00edtott feh\u00e9rjet\u00e1pl\u00e1l\u00e9kot an\u00e9lk\u00fcl, hogy \u00e9l\u0151 rovarokat kellene etetnie. A mell\u00e9kelt t\u00fccsk\u00f6ket (Acheta domesticus) k\u00edm\u00e9letesen blans\u00edroztuk, hogy a t\u00e1p\u00e9rt\u00e9k, az \u00edz \u00e9s az aroma megmaradjon. Ezen k\u00edv\u00fcl a rovarok kitinh\u00e9ja is megpuhul \u00edgy, hogy k\u00f6nnyebben em\u00e9szthet\u0151 legyen. A kollag\u00e9nes feh\u00e9rj\u00e9k vegy\u00fcleteit lebontj\u00e1k, hogy a hangy\u00e1k jobban hasznos\u00edthass\u00e1k azokat. A konzerv Acheta domesticus ugyanolyan t\u00e1p\u00e9rt\u00e9k\u0171, mint az \u00e9l\u0151 t\u00fccs\u00f6k, de k\u00f6nnyebben em\u00e9szthet\u0151.<\/p>\n<p>A feh\u00e9r\u00edtett t\u00fccsk\u00f6k nem alkalmasak az \u00e9l\u0151 t\u00e1pl\u00e1l\u00e9kot ig\u00e9nyl\u0151 hangyafajok (pl. ponerines (\u0151shangy\u00e1k), mint a Harpegnathos vagy az Odontomachus) vad\u00e1szat\u00e1ra.<\/p>\n<p><strong>Egy\u00e9b el\u0151ny\u00f6k:<\/strong><br \/>\nGarant\u00e1ltan atkamentes<br \/>\nPortion\u00e1lhat\u00f3<br \/>\nSteriliz\u00e1lt \u00e9s v\u00e1kuumozott<br \/>\nAdal\u00e9kanyagok n\u00e9lk\u00fcl<br \/>\nT\u00fccsk\u00f6k fenntarthat\u00f3, tiszt\u00e1n \u00f6kol\u00f3giai teny\u00e9szt\u00e9sb\u0151l sz\u00e1rmaz\u00f3, szerves hullad\u00e9kkal t\u00e1pl\u00e1lt t\u00fccsk\u00f6k.<\/p>\n<p><strong>\u00c9rtes\u00edt\u00e9s:<\/strong><br \/>\nFelbont\u00e1s ut\u00e1n a h\u0171t\u0151szekr\u00e9nyben k\u00f6r\u00fclbel\u00fcl n\u00e9gy napig eltarthat\u00f3. Fagyasztva hosszabb ideig eltarthat\u00f3.<\/p>","protected":false},"excerpt":{"rendered":"<p>A k\u00e9szlet 25 darabb\u00f3l \u00e1ll.<br \/>\nM\u00e9ret: XL<\/p>","protected":false},"featured_media":6710,"comment_status":"open","ping_status":"closed","template":"","meta":{"_acf_changed":false,"content-type":"","_monsterinsights_skip_tracking":false,"_monsterinsights_sitenote_active":false,"_monsterinsights_sitenote_note":"","_monsterinsights_sitenote_category":0},"product_brand":[],"product_cat":[354,73],"product_tag":[],"class_list":{"0":"post-6737","1":"product","2":"type-product","3":"status-publish","4":"has-post-thumbnail","6":"product_cat-starter-sets-for-weaver-ants","7":"product_cat-starter-sets","8":"product_shipping_class-forwarding-on-pallet","10":"first","11":"instock","12":"taxable","13":"shipping-taxable","14":"purchasable","15":"product-type-simple"},"acf":[],"aioseo_notices":[],"jetpack_sharing_enabled":true,"_links":{"self":[{"href":"https:\/\/clone.antcube.shop\/hu\/wp-json\/wp\/v2\/product\/6737","targetHints":{"allow":["GET"]}}],"collection":[{"href":"https:\/\/clone.antcube.shop\/hu\/wp-json\/wp\/v2\/product"}],"about":[{"href":"https:\/\/clone.antcube.shop\/hu\/wp-json\/wp\/v2\/types\/product"}],"replies":[{"embeddable":true,"href":"https:\/\/clone.antcube.shop\/hu\/wp-json\/wp\/v2\/comments?post=6737"}],"wp:featuredmedia":[{"embeddable":true,"href":"https:\/\/clone.antcube.shop\/hu\/wp-json\/wp\/v2\/media\/6710"}],"wp:attachment":[{"href":"https:\/\/clone.antcube.shop\/hu\/wp-json\/wp\/v2\/media?parent=6737"}],"wp:term":[{"taxonomy":"product_brand","embeddable":true,"href":"https:\/\/clone.antcube.shop\/hu\/wp-json\/wp\/v2\/product_brand?post=6737"},{"taxonomy":"product_cat","embeddable":true,"href":"https:\/\/clone.antcube.shop\/hu\/wp-json\/wp\/v2\/product_cat?post=6737"},{"taxonomy":"product_tag","embeddable":true,"href":"https:\/\/clone.antcube.shop\/hu\/wp-json\/wp\/v2\/product_tag?post=6737"}],"curies":[{"name":"wp","href":"https:\/\/api.w.org\/{rel}","templated":true}]}}