{"id":630,"date":"2021-07-30T13:32:17","date_gmt":"2021-07-30T11:32:17","guid":{"rendered":"https:\/\/antcube.shop\/?page_id=630"},"modified":"2025-07-23T17:23:54","modified_gmt":"2025-07-23T15:23:54","slug":"avviso-legale","status":"publish","type":"page","link":"https:\/\/clone.antcube.shop\/it\/avviso-legale\/","title":{"rendered":"Avviso legale"},"content":{"rendered":"<div id=\"gap-407640196\" class=\"gap-element clearfix\" style=\"display:block; height:auto;\">\n\t\t\n<style>\n#gap-407640196 {\n  padding-top: 199px;\n}\n@media (min-width:850px) {\n  #gap-407640196 {\n    padding-top: 190px;\n  }\n}\n<\/style>\n\t<\/div>\n\t\n\n<div class=\"row\"  id=\"row-1788658715\">\n\n\n\t<div id=\"col-47012749\" class=\"col small-12 large-12\"  >\n\t\t\t\t<div class=\"col-inner\"  >\n\t\t\t\n\t\t\t\n\n<h1>Avviso legale<\/h1>\n<p><strong>ANTCUBE di <\/strong><b>ANTSTORE, Martin Sebesta<\/b><b><br \/><\/b><span style=\"font-weight: 400;\">Selerweg 41<\/span><span style=\"font-weight: 400;\"><br \/><\/span><span style=\"font-weight: 400;\">D-12169 Berlino<\/span><\/p>\n<p><b>Contatta<\/b><b><br \/><\/b><span style=\"font-weight: 400;\">Telefono: +49 30 439703870<\/span><span style=\"font-weight: 400;\"><br \/><\/span><span style=\"font-weight: 400;\">E-mail:law@ants.de\u00a0<\/span><\/p>\n<p><b>Numero di identificazione dell'imposta sulle vendite: <\/b><span style=\"font-weight: 400;\">DE215167549 <\/span><span style=\"font-weight: 400;\"><br \/><\/span><b>N. reg. RAEE: <\/b><span style=\"font-weight: 400;\">DE54590387<\/span><\/p>\n<p><b>Responsabile del contenuto ai sensi del \u00a7 55 Abs. 2 RStV: <\/b><b><br \/><\/b><span style=\"font-weight: 400;\">Martin Sebesta (indirizzo come sopra)<\/span><\/p>\n<p><b>Informazioni sull'utilizzo del sito web<\/b><b><br \/><\/b><span style=\"font-weight: 400;\">\u00c8 consentito scaricare o stampare singole pagine o sezioni del nostro sito web per uso privato.<\/span><span style=\"font-weight: 400;\"><br \/><\/span><span style=\"font-weight: 400;\"> \u00c8 vietata la riproduzione completa o parziale, la distribuzione, la trasmissione (elettronica o di altro tipo), la modifica o l'utilizzo di questo sito web per scopi pubblici o commerciali senza il nostro previo consenso scritto.<\/span><\/p>\n<p><b>Uso autorizzato per scopi non commerciali: <\/b><b><br \/><\/b><span style=\"font-weight: 400;\">L'utilizzo delle immagini dei nostri prodotti per la pubblicit\u00e0 nei negozi locali \u00e8 consentito alle seguenti condizioni:<\/span><\/p>\n<ul>\n<li style=\"font-weight: 400;\" aria-level=\"1\"><span style=\"font-weight: 400;\">Tutte le immagini devono essere contrassegnate con la fonte e il nostro logo (ANTSTORE\/ ANTCUBE\/ PLANTCUBE). <\/span><span style=\"font-weight: 400;\"><br \/><\/span><b>Materiale stampato: <\/b><span style=\"font-weight: 400;\">Fonte: <\/span><a href=\"https:\/\/www.antstore.de\"><span style=\"font-weight: 400;\">www.antstore.de<\/span><span style=\"font-weight: 400;\"><br \/><\/span><\/a><b> Siti web: <\/b><span style=\"font-weight: 400;\">Fonte: <\/span><a href=\"https:\/\/www.antstore.de\"><span style=\"font-weight: 400;\">www.antstore.de<\/span><\/a><span style=\"font-weight: 400;\"> (con link a www.antstore.net\/shop\/) o <\/span><a href=\"https:\/\/www.clone.antcube.shop\"><span style=\"font-weight: 400;\">www.clone.antcube.shop<\/span><\/a><\/li>\n<\/ul>\n<p><span style=\"font-weight: 400;\">Per qualsiasi domanda sul corretto posizionamento del logo e per riceverlo come file digitale, contattateci all'indirizzo marketing@antcube.de.<\/span><\/p>\n<p><b>Nota importante: <\/b><b><br \/><\/b><span style=\"font-weight: 400;\">L'uso delle nostre immagini nei negozi online o per altri scopi commerciali \u00e8 vietato senza autorizzazione scritta.<\/span><\/p>\n<p><b>Nota sui link del sito web <\/b><b><br \/><\/b><span style=\"font-weight: 400;\">Il nostro sito web contiene link a siti esterni. Non ci assumiamo alcuna responsabilit\u00e0 per il contenuto di questi siti web, poich\u00e9 non abbiamo alcuna influenza sul loro design e sui loro contenuti.<\/span><\/p>\n<p><span style=\"font-weight: 400;\">Dichiariamo espressamente di non adottare i contenuti dei siti esterni come propri.<\/span><span style=\"font-weight: 400;\"><br \/><\/span><span style=\"font-weight: 400;\"> I link presenti sul nostro sito web devono essere intesi come riferimenti \"vivi\" (dinamici).<\/span><span style=\"font-weight: 400;\"><br \/><\/span><span style=\"font-weight: 400;\"> Nel caso in cui dovessimo stabilire che un'offerta specifica a cui abbiamo fornito un link comporta una responsabilit\u00e0 civile o penale, rimuoveremo tale link se ci\u00f2 \u00e8 tecnicamente possibile e ragionevole.<\/span><\/p>\n<p>Design, contenuti e realizzazione tecnica a cura di: Janik Wiedemann<\/p>\n\n\t\t<\/div>\n\t\t\t\t\t<\/div>\n\n\t\n\n<\/div>","protected":false},"excerpt":{"rendered":"","protected":false},"author":1,"featured_media":0,"parent":0,"menu_order":0,"comment_status":"closed","ping_status":"closed","template":"","meta":{"_acf_changed":false,"content-type":"","_monsterinsights_skip_tracking":false,"_monsterinsights_sitenote_active":false,"_monsterinsights_sitenote_note":"","_monsterinsights_sitenote_category":0,"footnotes":""},"class_list":["post-630","page","type-page","status-publish","hentry"],"acf":[],"aioseo_notices":[],"jetpack_sharing_enabled":true,"_links":{"self":[{"href":"https:\/\/clone.antcube.shop\/it\/wp-json\/wp\/v2\/pages\/630","targetHints":{"allow":["GET"]}}],"collection":[{"href":"https:\/\/clone.antcube.shop\/it\/wp-json\/wp\/v2\/pages"}],"about":[{"href":"https:\/\/clone.antcube.shop\/it\/wp-json\/wp\/v2\/types\/page"}],"author":[{"embeddable":true,"href":"https:\/\/clone.antcube.shop\/it\/wp-json\/wp\/v2\/users\/1"}],"replies":[{"embeddable":true,"href":"https:\/\/clone.antcube.shop\/it\/wp-json\/wp\/v2\/comments?post=630"}],"version-history":[{"count":10,"href":"https:\/\/clone.antcube.shop\/it\/wp-json\/wp\/v2\/pages\/630\/revisions"}],"predecessor-version":[{"id":12006,"href":"https:\/\/clone.antcube.shop\/it\/wp-json\/wp\/v2\/pages\/630\/revisions\/12006"}],"wp:attachment":[{"href":"https:\/\/clone.antcube.shop\/it\/wp-json\/wp\/v2\/media?parent=630"}],"curies":[{"name":"wp","href":"https:\/\/api.w.org\/{rel}","templated":true}]}}