{"id":702,"date":"2021-08-17T10:58:14","date_gmt":"2021-08-17T08:58:14","guid":{"rendered":"https:\/\/antcube.shop\/?page_id=702"},"modified":"2024-09-09T17:06:06","modified_gmt":"2024-09-09T15:06:06","slug":"catching-queen-ants","status":"publish","type":"page","link":"https:\/\/clone.antcube.shop\/it\/catching-queen-ants\/","title":{"rendered":"Catturare le formiche regina"},"content":{"rendered":"<div id=\"gap-954754703\" class=\"gap-element clearfix\" style=\"display:block; height:auto;\">\n\t\t\n<style>\n#gap-954754703 {\n  padding-top: 177px;\n}\n@media (min-width:550px) {\n  #gap-954754703 {\n    padding-top: 178px;\n  }\n}\n@media (min-width:850px) {\n  #gap-954754703 {\n    padding-top: 75px;\n  }\n}\n<\/style>\n\t<\/div>\n\t\n\n\n  <div class=\"banner has-hover\" id=\"banner-863795194\">\n          <div class=\"banner-inner fill\">\n        <div class=\"banner-bg fill\" >\n            <img loading=\"lazy\" decoding=\"async\" width=\"1020\" height=\"571\" src=\"https:\/\/i0.wp.com\/clone.antcube.shop\/wp-content\/uploads\/2021\/09\/Screenshot-2021-09-16-150304.png?fit=1020%2C571&amp;ssl=1\" class=\"bg attachment-large size-large\" alt=\"Come catturare una formica regina con una provetta e una pinzetta di acciaio per molle\" \/>                        <div class=\"overlay\"><\/div>            \n                    <\/div>\n\t\t\n        <div class=\"banner-layers container\">\n            <div class=\"fill banner-link\"><\/div>            \n\n   <div id=\"text-box-1000565561\" class=\"text-box banner-layer x50 md-x50 lg-x50 y50 md-y50 lg-y50 res-text\">\n                                <div class=\"text-box-content text dark text-shadow-3\">\n              \n              <div class=\"text-inner text-center\">\n                  \n\n<h3 class=\"uppercase\"><strong>come catturare la propria formica regina<\/strong><\/h3>\n\n              <\/div>\n           <\/div>\n                            \n<style>\n#text-box-1000565561 {\n  width: 60%;\n}\n#text-box-1000565561 .text-box-content {\n  font-size: 100%;\n}\n<\/style>\n    <\/div>\n \n\n        <\/div>\n      <\/div>\n\n            \n<style>\n#banner-863795194 {\n  padding-top: 400px;\n}\n#banner-863795194 .overlay {\n  background-color: rgba(0, 0, 0, 0.17);\n}\n#banner-863795194 .banner-bg img {\n  object-position: 56% 82%;\n}\n@media (min-width:550px) {\n  #banner-863795194 {\n    padding-top: 500px;\n  }\n}\n<\/style>\n  <\/div>\n\n\n\t<div id=\"gap-735148600\" class=\"gap-element clearfix\" style=\"display:block; height:auto;\">\n\t\t\n<style>\n#gap-735148600 {\n  padding-top: 30px;\n}\n<\/style>\n\t<\/div>\n\t\n\n<div class=\"row\"  id=\"row-1314206745\">\n\n\n\t<div id=\"col-1824684498\" class=\"col medium-6 small-12 large-6\"  >\n\t\t\t\t<div class=\"col-inner\"  >\n\t\t\t\n\t\t\t\n\n<h3>Cattura la tua formica regina<\/h3>\n<p>Se vuoi catturare la tua formica regina, o la fortuna o una certa preparazione e ricerca sono necessarie.\u00a0<\/p>\n<p>Le formiche di solito hanno il loro volo nuziale una volta all'anno. Solo in questo periodo la colonia forma i cosiddetti animali riproduttivi, cio\u00e8 giovani regine e fuchi (formiche maschio). Queste sono le uniche formiche capaci di volare. Le regine perdono le loro ali dopo essersi accoppiate con uno o pi\u00f9 maschi. I maschi muoiono dopo poco tempo (al massimo qualche giorno) indipendentemente dal fatto che si siano accoppiati o meno. <br \/>Dopo che le giovani regine hanno completato il loro volo nuziale, cercano un posto adatto per stabilire la loro colonia. Si liberano delle ali e iniziano a scavare. Questo \u00e8 il momento perfetto per raccoglierle. Quando non hanno pi\u00f9 ali si pu\u00f2 essere sicuri che si sono accoppiate.<\/p>\n<p>Il modo migliore per raccoglierli \u00e8 usare delle pinzette d'acciaio a molla. Con queste si possono afferrare gli animali senza ferirli.<\/p>\n<p>Metteteli in una provetta o in una piccola scatola con fori per la ventilazione. Alcune specie dovrebbero essere trasportate individualmente, altre possono essere tenute insieme per un breve periodo in un contenitore, poich\u00e9 sono meno aggressive tra loro. Specie diverse dovrebbero sempre essere tenute separate.<\/p>\n<p>Per sapere quando e dove potete trovare le vostre formiche regine, ci sono ora molte \"tabelle di volo nuziale\" online. Abbiamo collegato due esempi pi\u00f9 in basso in questa pagina.<\/p>\n<p>Per favore, assicuratevi che non state raccogliendo una specie protetta o in pericolo, ci sono pi\u00f9 che sufficienti specie in tutti i paesi del mondo che hanno popolazioni molto sane.<\/p>\n<p><strong>Grafico di volo nuziale in lingua tedesca:<\/strong><\/p>\n<p><a href=\"https:\/\/www.ameisenforum.de\/schwarmflug.php\">Ameisenforum.de<\/a><\/p>\n<p><strong>Grafico di volo nuziale in lingua inglese:<\/strong><\/p>\n<p><a href=\"https:\/\/antflights.com\/stats\/flights\">Antflights.com<\/a><\/p>\n\n\t\t<\/div>\n\t\t\t\t\t<\/div>\n\n\t\n\n\t<div id=\"col-48539151\" class=\"col medium-6 small-12 large-6\"  >\n\t\t\t\t<div class=\"col-inner\"  >\n\t\t\t\n\t\t\t\n\n\t<div class=\"img has-hover x md-x lg-x y md-y lg-y\" id=\"image_1748176010\">\n\t\t<a class=\"image-lightbox lightbox-gallery\" title=\"\" href=\"https:\/\/i0.wp.com\/clone.antcube.shop\/wp-content\/uploads\/2021\/07\/Lasius-niger.jpg?ssl=1\">\t\t\t\t\t\t<div class=\"img-inner dark\" >\n\t\t\t<img data-recalc-dims=\"1\" loading=\"lazy\" decoding=\"async\" width=\"1000\" height=\"1000\" src=\"https:\/\/i0.wp.com\/clone.antcube.shop\/wp-content\/uploads\/2021\/07\/Lasius-niger.jpg?resize=1000%2C1000&#038;ssl=1\" class=\"attachment-original size-original\" alt=\"Lasius niger regina formica macro su sfondo bianco\" srcset=\"https:\/\/i0.wp.com\/clone.antcube.shop\/wp-content\/uploads\/2021\/07\/Lasius-niger.jpg?w=1000&amp;ssl=1 1000w, https:\/\/i0.wp.com\/clone.antcube.shop\/wp-content\/uploads\/2021\/07\/Lasius-niger.jpg?resize=247%2C247&amp;ssl=1 247w, https:\/\/i0.wp.com\/clone.antcube.shop\/wp-content\/uploads\/2021\/07\/Lasius-niger.jpg?resize=100%2C100&amp;ssl=1 100w, https:\/\/i0.wp.com\/clone.antcube.shop\/wp-content\/uploads\/2021\/07\/Lasius-niger.jpg?resize=510%2C510&amp;ssl=1 510w, https:\/\/i0.wp.com\/clone.antcube.shop\/wp-content\/uploads\/2021\/07\/Lasius-niger.jpg?resize=400%2C400&amp;ssl=1 400w, https:\/\/i0.wp.com\/clone.antcube.shop\/wp-content\/uploads\/2021\/07\/Lasius-niger.jpg?resize=800%2C800&amp;ssl=1 800w, https:\/\/i0.wp.com\/clone.antcube.shop\/wp-content\/uploads\/2021\/07\/Lasius-niger.jpg?resize=280%2C280&amp;ssl=1 280w, https:\/\/i0.wp.com\/clone.antcube.shop\/wp-content\/uploads\/2021\/07\/Lasius-niger.jpg?resize=768%2C768&amp;ssl=1 768w\" sizes=\"auto, (max-width: 1000px) 100vw, 1000px\" \/>\t\t\t\t\t\t\n\t\t\t\t\t<\/div>\n\t\t\t\t\t\t<\/a>\t\t\n<style>\n#image_1748176010 {\n  width: 100%;\n}\n<\/style>\n\t<\/div>\n\t\n\n\t<div id=\"text-4124227078\" class=\"text\">\n\t\t\n\n<p>Lasius niger regina<\/p>\n\t\t\n<style>\n#text-4124227078 {\n  text-align: center;\n}\n<\/style>\n\t<\/div>\n\t\n\n\t\t<\/div>\n\t\t\t\t\t<\/div>\n\n\t\n\n<\/div>","protected":false},"excerpt":{"rendered":"","protected":false},"author":1,"featured_media":0,"parent":0,"menu_order":0,"comment_status":"closed","ping_status":"closed","template":"","meta":{"_acf_changed":false,"content-type":"","_monsterinsights_skip_tracking":false,"_monsterinsights_sitenote_active":false,"_monsterinsights_sitenote_note":"","_monsterinsights_sitenote_category":0,"footnotes":""},"class_list":["post-702","page","type-page","status-publish","hentry"],"acf":[],"aioseo_notices":[],"jetpack_sharing_enabled":true,"_links":{"self":[{"href":"https:\/\/clone.antcube.shop\/it\/wp-json\/wp\/v2\/pages\/702","targetHints":{"allow":["GET"]}}],"collection":[{"href":"https:\/\/clone.antcube.shop\/it\/wp-json\/wp\/v2\/pages"}],"about":[{"href":"https:\/\/clone.antcube.shop\/it\/wp-json\/wp\/v2\/types\/page"}],"author":[{"embeddable":true,"href":"https:\/\/clone.antcube.shop\/it\/wp-json\/wp\/v2\/users\/1"}],"replies":[{"embeddable":true,"href":"https:\/\/clone.antcube.shop\/it\/wp-json\/wp\/v2\/comments?post=702"}],"version-history":[{"count":10,"href":"https:\/\/clone.antcube.shop\/it\/wp-json\/wp\/v2\/pages\/702\/revisions"}],"predecessor-version":[{"id":9149,"href":"https:\/\/clone.antcube.shop\/it\/wp-json\/wp\/v2\/pages\/702\/revisions\/9149"}],"wp:attachment":[{"href":"https:\/\/clone.antcube.shop\/it\/wp-json\/wp\/v2\/media?parent=702"}],"curies":[{"name":"wp","href":"https:\/\/api.w.org\/{rel}","templated":true}]}}