{"id":6737,"date":"2023-12-12T15:03:25","date_gmt":"2023-12-12T14:03:25","guid":{"rendered":"https:\/\/antcube.shop\/product\/antcube-starter-set-fur-weberameisen-gros\/"},"modified":"2026-01-12T12:38:07","modified_gmt":"2026-01-12T11:38:07","slug":"set-iniziale-per-formiche-tessitrici-grande","status":"publish","type":"product","link":"https:\/\/clone.antcube.shop\/it\/prodotto\/set-iniziale-per-formiche-tessitrici-grande\/","title":{"rendered":"ANTCUBE - Set iniziale per formiche tessitrici - grande"},"content":{"rendered":"<p><span data-text-color=\"alert\"><strong>Spedizione possibile solo tramite spedizione su paletta.<\/strong><\/span><\/p>\n<p><strong>Contenuti:<\/strong><br \/>\n1x Miscela di meloni (HT) - Ricarica 10ml<br \/>\n1x Grilli interi sbollentati<\/p>\n<p>1x ANTCUBE Arena 30x30x60 con porta scorrevole<br \/>\n1x cornice per formica 30\u00d730 - 5cm<br \/>\n1x copertura dell'arena per formiche 30\u00d730<br \/>\n1x punto di fissaggio per la copertura dell'arena (4 pz.)<\/p>\n<p>1x telaio per porta scorrevole<br \/>\n1x Bottiglia spray spruzzatore 0,5 litri - ugello in ottone<br \/>\n1x Parete posteriore fotografica - foresta pluviale - 30\u00d760 - alta<br \/>\n1x Formicarium base 30\u00d730 cm<\/p>\n<p>1x substrato foresta pluviale 1 kg<br \/>\n2x tappo Formicarium per foro da 50mm<br \/>\n3x inserto a griglia - 50 mm - acciaio inox<br \/>\nMini termoigrometro digitale - bianco - autoadesivo<br \/>\n1x pinzetta in acciaio a molla larga - morbida<br \/>\n1x pinzetta di plastica standard<br \/>\n1x Olio protettivo contro i focolai di formiche<br \/>\n1x bevitore chiaro 20ml - spugna<br \/>\n1x bevitore 2ml - 360 gradi<br \/>\n1x ciotola chiara 1\u00d720 - spugna<br \/>\n1x lente d'ingrandimento manuale - 2x - 30mm<br \/>\n1x tergicristallo in schiuma 150x18x2,5mm<\/p>\n<p><strong>Descrizione:<\/strong><br \/>\nQuesto starter set espandibile, specifico per varie specie di formiche tessitrici come Polyrhachis spec. o Oecophylla spec. comprende non solo il formicario adattato in modo ottimale, ma anche gli accessori appropriati per l'allevamento di queste specie di formiche.<\/p>\n<p>La porta scorrevole nella parte anteriore (apertura 150x200 mm) facilita il lavoro nel formicario, anche con colonie di grandi dimensioni o la messa a dimora del formicario con una pianta ospite, ad esempio Oecophylla smaragdina. \u00c8 possibile collegare altri formicai tramite i due fori laterali da 50 mm. Gli inserti a griglia in acciaio inox garantiscono una buona ventilazione e sono robusti contro gli urti meccanici. Il termometro e l'igrometro all'interno del sistema sono assolutamente sicuri per bambini e animali domestici e consentono un facile controllo dei valori climatici. Se necessario, l'umidit\u00e0 pu\u00f2 essere aumentata con il flacone spray. L'abbeveratoio chiaro 20ml - spugna \u00e8 destinato all'erogazione di acqua fresca, l'abbeveratoio 2ml - 360 gradi al miele o alla soluzione zuccherina.<\/p>\n<p><strong>Importante:<\/strong> Si prega di inumidire il substrato prima dell'uso, in modo che la miscela possa combinarsi e sviluppare una presa salda nel formicaio. Inoltre, un substrato troppo secco e polveroso pu\u00f2 portare al blocco delle vie respiratorie delle formiche e nel peggiore dei casi gli animali soffocano.<\/p>\n<p><strong>Nota importante sul telaio della porta scorrevole:<\/strong><br \/>\nIl telaio pu\u00f2 essere facilmente fissato alle viti fissate ai binari della porta scorrevole. A tal fine, allentare con cautela <strong>solo<\/strong> i dadi all'interno. \u00c8 necessario un piccolo cacciavite Phillips (a croce). Assemblare il telaio e appenderlo all'interno con le viti. Quindi rimontare con cura i dadi e <strong>in nessun caso girare in modo troppo stretto,<\/strong> altrimenti il vetro potrebbe danneggiarsi.<\/p>\n<p><strong>Note sulla produzione<\/strong><br \/>\nIl vetro \u00e8 tagliato secondo la norma DIN 1249 con una tolleranza di +\/- 1 mm. Per le specie di formiche estremamente piccole, \u00e8 necessaria un'ulteriore protezione antisfondamento.<\/p>\n<p><strong>Nota sulla melata:<\/strong><br \/>\nContenuto: 10 ml<br \/>\nSi tratta di un prodotto naturale, che abbiamo perfezionato dopo approfonditi test nel nostro laboratorio e sviluppato in un alimento molto ben accettato dalle formiche. Il motivo \u00e8 che il miele di melata non trasformato nella sua forma originale concentrata non \u00e8 ben accettato dalle formiche e dal loro metabolismo.<br \/>\nLa nostra melata \u00e8 stata raccolta nelle incontaminate foreste selvatiche di montagna della Bulgaria. La melata viene prodotta solo in un periodo molto limitato, di circa due mesi in estate. Pertanto, \u00e8 molto rara. A causa delle caratteristiche specifiche del suolo delle foreste e del clima, nelle foglie degli alberi sono stati immagazzinati nutrienti importanti dal punto di vista esistenziale, che vengono assorbiti dagli afidi. \u00c8 questo che rende la miscela di melata cos\u00ec appetibile per le formiche.<\/p>\n<p><strong>Applicazione:<\/strong><br \/>\nLa quantit\u00e0 di cibo deve essere consumata entro circa 3 giorni.<\/p>\n<p><strong>Descrizione:<\/strong><br \/>\nLa melata, a differenza del miele di fiori, deriva dalle secrezioni di insetti che succhiano le piante, come gli afidi. La melata \u00e8 la fonte di cibo preferita di molti insetti come formiche, api e persino bombi. Api e bombi la leccano dalle foglie o dagli aghi di diversi alberi. Le formiche, come il Lasius niger, si nutrono regolarmente di afidi. Li difendono anche dai predatori e li trasportano sui germogli freschi.<\/p>\n<p>La melata \u00e8 apprezzata dalle formiche soprattutto per i suoi componenti un po' diversi. Gli zuccheri principali della melata sono il saccarosio e il fruttosio, ma sono presenti anche quantit\u00e0 minori di maltosio, trealosio, melezitosio, raffinosio e altri oligosaccaridi. Oltre agli zuccheri e all'acqua, la melata contiene anche aminoacidi di importanza esistenziale, minerali, oligoelementi, adenosina fosfati e altri ingredienti come le vitamine.<\/p>\n<p><strong>Utilizzi:<\/strong><br \/>\nPer le specie di formiche mangiatrici di miele (Meliphagidae).<br \/>\n\u00c8 un mangime complementare<br \/>\nPu\u00f2 essere offerto agli animali allo stato di consegna. Poich\u00e9 l'umidit\u00e0 riduce la concentrazione di zucchero e avvia un processo di fermentazione, il mangime deve essere cambiato ogni 3 giorni. Pulire accuratamente la ciotola o la provetta prima di riutilizzarla.<br \/>\nUna confezione aperta deve essere usata ben chiusa fino alla data indicata (da consumarsi entro).<\/p>\n<p><strong>Valori nutrizionali per 100 g:<\/strong><br \/>\ncirca 2,7 grassi %<br \/>\ndi cui saturo ca. 0,45 %<br \/>\nca 95 % carboidrati<br \/>\nzucchero ca. 71%<br \/>\ncirca 2,85% di proteine<br \/>\nMinerali (potassio, calcio, rame, ferro, sodio, magnesio, fosforo, zinco e altri oligoelementi) Aminoacidi (prolina, leucina, fenilalanina, alanina, istidina, isoleucina, acido glutammico, arginina, acido aspartico, ecc.) Acidi organici Enzimi (fermenti) Aromi Inibitori (sostanze antibatteriche) Fiori Polline<\/p>\n<p><strong>Stoccaggio:<\/strong><br \/>\nPer garantire la qualit\u00e0 dei mangimi, questi devono essere conservati in un luogo buio e asciutto.<\/p>\n<p><strong>Avviso:<\/strong><br \/>\nMangime complementare per formiche mangiatrici di miele.<br \/>\nSi prega di fare riferimento al foglietto illustrativo per la composizione, gli ingredienti analitici, la data di scadenza e il numero di lotto.<\/p>\n<p>Numero verde per informazioni +49 30 439703870<\/p>\n<p><strong>Autorit\u00e0 veterinaria e di vigilanza alimentare responsabile:<\/strong><br \/>\nUfficio veterinario Steglitz<br \/>\nVia K\u00f6nigin-Luise 92<br \/>\n14195 Berlino<\/p>\n<p><strong>Nota sui grilli sbollentati:<\/strong><br \/>\nI nostri grilli sbollentati sono un modo semplice per fornire alle formiche cibo proteico appena conservato senza dover somministrare insetti vivi. I grilli inclusi (Acheta domesticus) sono stati delicatamente sbollentati per garantire la conservazione del valore nutrizionale, del sapore e dell'aroma. Inoltre, l'involucro chitinoso degli insetti viene ammorbidito in questo modo, in modo che possa essere digerito pi\u00f9 facilmente. I composti delle proteine collagene vengono scomposti in modo che le formiche possano utilizzarli meglio. Le Acheta domesticus in scatola hanno lo stesso valore nutrizionale dei grilli vivi, ma sono pi\u00f9 facili da digerire.<\/p>\n<p>I grilli sbollentati non sono adatti alla caccia di specie di formiche che richiedono cibo vivo (ad es. ponerini (formiche primordiali) come Harpegnathos o Odontomachus).<\/p>\n<p><strong>Altri vantaggi:<\/strong><br \/>\nGaranzia di assenza di acari<br \/>\nPorzionabile<br \/>\nSterilizzato e sottovuoto<br \/>\nSenza additivi<br \/>\nGrilli provenienti da allevamenti sostenibili puramente biologici, alimentati con rifiuti organici<\/p>\n<p><strong>Avviso:<\/strong><br \/>\nUna volta aperto, si conserva per circa quattro giorni in frigorifero. Si conserva pi\u00f9 a lungo se congelato.<\/p>","protected":false},"excerpt":{"rendered":"<p>Il set \u00e8 composto da 25 pezzi.<br \/>\nDimensioni: XL<\/p>","protected":false},"featured_media":6710,"comment_status":"open","ping_status":"closed","template":"","meta":{"_acf_changed":false,"content-type":"","_monsterinsights_skip_tracking":false,"_monsterinsights_sitenote_active":false,"_monsterinsights_sitenote_note":"","_monsterinsights_sitenote_category":0},"product_brand":[],"product_cat":[354,73],"product_tag":[],"class_list":{"0":"post-6737","1":"product","2":"type-product","3":"status-publish","4":"has-post-thumbnail","6":"product_cat-starter-sets-for-weaver-ants","7":"product_cat-starter-sets","8":"product_shipping_class-forwarding-on-pallet","10":"first","11":"instock","12":"taxable","13":"shipping-taxable","14":"purchasable","15":"product-type-simple"},"acf":[],"aioseo_notices":[],"jetpack_sharing_enabled":true,"_links":{"self":[{"href":"https:\/\/clone.antcube.shop\/it\/wp-json\/wp\/v2\/product\/6737","targetHints":{"allow":["GET"]}}],"collection":[{"href":"https:\/\/clone.antcube.shop\/it\/wp-json\/wp\/v2\/product"}],"about":[{"href":"https:\/\/clone.antcube.shop\/it\/wp-json\/wp\/v2\/types\/product"}],"replies":[{"embeddable":true,"href":"https:\/\/clone.antcube.shop\/it\/wp-json\/wp\/v2\/comments?post=6737"}],"wp:featuredmedia":[{"embeddable":true,"href":"https:\/\/clone.antcube.shop\/it\/wp-json\/wp\/v2\/media\/6710"}],"wp:attachment":[{"href":"https:\/\/clone.antcube.shop\/it\/wp-json\/wp\/v2\/media?parent=6737"}],"wp:term":[{"taxonomy":"product_brand","embeddable":true,"href":"https:\/\/clone.antcube.shop\/it\/wp-json\/wp\/v2\/product_brand?post=6737"},{"taxonomy":"product_cat","embeddable":true,"href":"https:\/\/clone.antcube.shop\/it\/wp-json\/wp\/v2\/product_cat?post=6737"},{"taxonomy":"product_tag","embeddable":true,"href":"https:\/\/clone.antcube.shop\/it\/wp-json\/wp\/v2\/product_tag?post=6737"}],"curies":[{"name":"wp","href":"https:\/\/api.w.org\/{rel}","templated":true}]}}