{"id":702,"date":"2021-08-17T10:58:14","date_gmt":"2021-08-17T08:58:14","guid":{"rendered":"https:\/\/antcube.shop\/?page_id=702"},"modified":"2024-09-09T17:06:06","modified_gmt":"2024-09-09T15:06:06","slug":"catching-queen-ants","status":"publish","type":"page","link":"https:\/\/clone.antcube.shop\/lt\/catching-queen-ants\/","title":{"rendered":"Skruzd\u0117li\u0173 karalien\u0117s gaudymas"},"content":{"rendered":"<div id=\"gap-1003697031\" class=\"gap-element clearfix\" style=\"display:block; height:auto;\">\n\t\t\n<style>\n#gap-1003697031 {\n  padding-top: 177px;\n}\n@media (min-width:550px) {\n  #gap-1003697031 {\n    padding-top: 178px;\n  }\n}\n@media (min-width:850px) {\n  #gap-1003697031 {\n    padding-top: 75px;\n  }\n}\n<\/style>\n\t<\/div>\n\t\n\n\n  <div class=\"banner has-hover\" id=\"banner-280225434\">\n          <div class=\"banner-inner fill\">\n        <div class=\"banner-bg fill\" >\n            <img loading=\"lazy\" decoding=\"async\" width=\"1020\" height=\"571\" src=\"https:\/\/i0.wp.com\/clone.antcube.shop\/wp-content\/uploads\/2021\/09\/Screenshot-2021-09-16-150304.png?fit=1020%2C571&amp;ssl=1\" class=\"bg attachment-large size-large\" alt=\"Kaip sugauti skruzd\u017ei\u0173 motin\u0117l\u0119 naudojant m\u0117gintuv\u0117l\u012f ir spyruoklin\u012f pincet\u0105\" \/>                        <div class=\"overlay\"><\/div>            \n                    <\/div>\n\t\t\n        <div class=\"banner-layers container\">\n            <div class=\"fill banner-link\"><\/div>            \n\n   <div id=\"text-box-154564487\" class=\"text-box banner-layer x50 md-x50 lg-x50 y50 md-y50 lg-y50 res-text\">\n                                <div class=\"text-box-content text dark text-shadow-3\">\n              \n              <div class=\"text-inner text-center\">\n                  \n\n<h3 class=\"uppercase\"><strong>KAIP SUSIPA\u017dINTI SAVO VAIKIN\u0104 skruzd\u0117lyn\u0105<\/strong><\/h3>\n\n              <\/div>\n           <\/div>\n                            \n<style>\n#text-box-154564487 {\n  width: 60%;\n}\n#text-box-154564487 .text-box-content {\n  font-size: 100%;\n}\n<\/style>\n    <\/div>\n \n\n        <\/div>\n      <\/div>\n\n            \n<style>\n#banner-280225434 {\n  padding-top: 400px;\n}\n#banner-280225434 .overlay {\n  background-color: rgba(0, 0, 0, 0.17);\n}\n#banner-280225434 .banner-bg img {\n  object-position: 56% 82%;\n}\n@media (min-width:550px) {\n  #banner-280225434 {\n    padding-top: 500px;\n  }\n}\n<\/style>\n  <\/div>\n\n\n\t<div id=\"gap-1301698274\" class=\"gap-element clearfix\" style=\"display:block; height:auto;\">\n\t\t\n<style>\n#gap-1301698274 {\n  padding-top: 30px;\n}\n<\/style>\n\t<\/div>\n\t\n\n<div class=\"row\"  id=\"row-436305940\">\n\n\n\t<div id=\"col-2065987403\" class=\"col medium-6 small-12 large-6\"  >\n\t\t\t\t<div class=\"col-inner\"  >\n\t\t\t\n\t\t\t\n\n<h3>Sugaukite savo skruzd\u017ei\u0173 motin\u0117l\u0119<\/h3>\n<p>Jei norite sugauti savo skruzd\u017ei\u0173 motin\u0117l\u0119, reikia arba s\u0117km\u0117s, arba tam tikro pasiruo\u0161imo ir tyrim\u0173.\u00a0<\/p>\n<p>Skruzd\u0117l\u0117s paprastai \u012f tuoktuvin\u012f skryd\u012f leid\u017eiasi kart\u0105 per metus. Tik tuo metu kolonijoje susiformuoja vadinamieji reprodukciniai gyv\u016bnai, t. y. jaunos motin\u0117l\u0117s ir tranai (skruzd\u017ei\u0173 patinai). Tai vienintel\u0117s skruzd\u0117l\u0117s, geban\u010dios skraidyti. Motin\u0117l\u0117s nusimeta sparnus po to, kai susiporuoja su vienu ar keliais patinais. Patinai mir\u0161ta po trumpo laiko (daugiausia po keli\u0173 dien\u0173), nepriklausomai nuo to, ar jie poravosi, ar ne. <br \/>Po to, kai jaunos motin\u0117l\u0117s baigia tuoktuvin\u012f skryd\u012f, jos ie\u0161ko tinkamos vietos kolonijai \u012fkurti. Jos nusimeta sparnus ir pradeda kapstytis. Tai puikus metas jas surinkti. Kai jos nebeturi sparn\u0173, galite b\u016bti tikri, kad jos susiporavo.<\/p>\n<p>Geriausias b\u016bdas jas rinkti - naudoti spyruoklin\u012f pincet\u0105. Jais galima paimti gyv\u016bnus j\u0173 nesu\u017eeid\u017eiant.<\/p>\n<p>\u012ed\u0117kite juos \u012f m\u0117gintuv\u0117l\u012f arba nedidel\u0119 d\u0117\u017eut\u0119 su ventiliacijos angomis. Kai kurias r\u016b\u0161is reik\u0117t\u0173 ve\u017eti atskirai, kitas galima trumpai laikyti kartu konteineryje, nes jos tarpusavyje yra ma\u017eiau agresyvios. Skirtingos r\u016b\u0161ys visada tur\u0117t\u0173 b\u016bti laikomos atskirai.<\/p>\n<p>Nor\u0117dami su\u017einoti, kada ir kur galite rasti skruzd\u017ei\u0173 motin\u0117l\u0119, internete rasite daugyb\u0119 \"santuokinio skryd\u017eio \u017eem\u0117lapi\u0173\". Toliau \u0161iame puslapyje pateikiame du pavyzd\u017eius.<\/p>\n<p>\u012esitikinkite, kad nerenkate saugom\u0173 ar nykstan\u010di\u0173 r\u016b\u0161i\u0173, nes visose pasaulio \u0161alyse yra daugiau nei pakankamai r\u016b\u0161i\u0173, kuri\u0173 populiacijos yra labai sveikos.<\/p>\n<p><strong>Nakties skryd\u017eio schema vokie\u010di\u0173 kalba:<\/strong><\/p>\n<p><a href=\"https:\/\/www.ameisenforum.de\/schwarmflug.php\">Ameisenforum.de<\/a><\/p>\n<p><strong>Santuokinio skryd\u017eio diagrama angl\u0173 kalba:<\/strong><\/p>\n<p><a href=\"https:\/\/antflights.com\/stats\/flights\">Antflights.com<\/a><\/p>\n\n\t\t<\/div>\n\t\t\t\t\t<\/div>\n\n\t\n\n\t<div id=\"col-1551987936\" class=\"col medium-6 small-12 large-6\"  >\n\t\t\t\t<div class=\"col-inner\"  >\n\t\t\t\n\t\t\t\n\n\t<div class=\"img has-hover x md-x lg-x y md-y lg-y\" id=\"image_1576606543\">\n\t\t<a class=\"image-lightbox lightbox-gallery\" title=\"\" href=\"https:\/\/i0.wp.com\/clone.antcube.shop\/wp-content\/uploads\/2021\/07\/Lasius-niger.jpg?ssl=1\">\t\t\t\t\t\t<div class=\"img-inner dark\" >\n\t\t\t<img data-recalc-dims=\"1\" loading=\"lazy\" decoding=\"async\" width=\"1000\" height=\"1000\" src=\"https:\/\/i0.wp.com\/clone.antcube.shop\/wp-content\/uploads\/2021\/07\/Lasius-niger.jpg?resize=1000%2C1000&#038;ssl=1\" class=\"attachment-original size-original\" alt=\"Lasius niger skruzd\u0117li\u0173 motin\u0117l\u0117 makro baltame fone\" srcset=\"https:\/\/i0.wp.com\/clone.antcube.shop\/wp-content\/uploads\/2021\/07\/Lasius-niger.jpg?w=1000&amp;ssl=1 1000w, https:\/\/i0.wp.com\/clone.antcube.shop\/wp-content\/uploads\/2021\/07\/Lasius-niger.jpg?resize=247%2C247&amp;ssl=1 247w, https:\/\/i0.wp.com\/clone.antcube.shop\/wp-content\/uploads\/2021\/07\/Lasius-niger.jpg?resize=100%2C100&amp;ssl=1 100w, https:\/\/i0.wp.com\/clone.antcube.shop\/wp-content\/uploads\/2021\/07\/Lasius-niger.jpg?resize=510%2C510&amp;ssl=1 510w, https:\/\/i0.wp.com\/clone.antcube.shop\/wp-content\/uploads\/2021\/07\/Lasius-niger.jpg?resize=400%2C400&amp;ssl=1 400w, https:\/\/i0.wp.com\/clone.antcube.shop\/wp-content\/uploads\/2021\/07\/Lasius-niger.jpg?resize=800%2C800&amp;ssl=1 800w, https:\/\/i0.wp.com\/clone.antcube.shop\/wp-content\/uploads\/2021\/07\/Lasius-niger.jpg?resize=280%2C280&amp;ssl=1 280w, https:\/\/i0.wp.com\/clone.antcube.shop\/wp-content\/uploads\/2021\/07\/Lasius-niger.jpg?resize=768%2C768&amp;ssl=1 768w\" sizes=\"auto, (max-width: 1000px) 100vw, 1000px\" \/>\t\t\t\t\t\t\n\t\t\t\t\t<\/div>\n\t\t\t\t\t\t<\/a>\t\t\n<style>\n#image_1576606543 {\n  width: 100%;\n}\n<\/style>\n\t<\/div>\n\t\n\n\t<div id=\"text-3834997967\" class=\"text\">\n\t\t\n\n<p>Lasius niger karalien\u0117<\/p>\n\t\t\n<style>\n#text-3834997967 {\n  text-align: center;\n}\n<\/style>\n\t<\/div>\n\t\n\n\t\t<\/div>\n\t\t\t\t\t<\/div>\n\n\t\n\n<\/div>","protected":false},"excerpt":{"rendered":"","protected":false},"author":1,"featured_media":0,"parent":0,"menu_order":0,"comment_status":"closed","ping_status":"closed","template":"","meta":{"_acf_changed":false,"content-type":"","_monsterinsights_skip_tracking":false,"_monsterinsights_sitenote_active":false,"_monsterinsights_sitenote_note":"","_monsterinsights_sitenote_category":0,"footnotes":""},"class_list":["post-702","page","type-page","status-publish","hentry"],"acf":[],"aioseo_notices":[],"jetpack_sharing_enabled":true,"_links":{"self":[{"href":"https:\/\/clone.antcube.shop\/lt\/wp-json\/wp\/v2\/pages\/702","targetHints":{"allow":["GET"]}}],"collection":[{"href":"https:\/\/clone.antcube.shop\/lt\/wp-json\/wp\/v2\/pages"}],"about":[{"href":"https:\/\/clone.antcube.shop\/lt\/wp-json\/wp\/v2\/types\/page"}],"author":[{"embeddable":true,"href":"https:\/\/clone.antcube.shop\/lt\/wp-json\/wp\/v2\/users\/1"}],"replies":[{"embeddable":true,"href":"https:\/\/clone.antcube.shop\/lt\/wp-json\/wp\/v2\/comments?post=702"}],"version-history":[{"count":10,"href":"https:\/\/clone.antcube.shop\/lt\/wp-json\/wp\/v2\/pages\/702\/revisions"}],"predecessor-version":[{"id":9149,"href":"https:\/\/clone.antcube.shop\/lt\/wp-json\/wp\/v2\/pages\/702\/revisions\/9149"}],"wp:attachment":[{"href":"https:\/\/clone.antcube.shop\/lt\/wp-json\/wp\/v2\/media?parent=702"}],"curies":[{"name":"wp","href":"https:\/\/api.w.org\/{rel}","templated":true}]}}