{"id":721,"date":"2021-08-17T11:04:38","date_gmt":"2021-08-17T09:04:38","guid":{"rendered":"https:\/\/antcube.shop\/?page_id=721"},"modified":"2023-12-15T12:45:13","modified_gmt":"2023-12-15T11:45:13","slug":"skruzdeliu-ieskiklis","status":"publish","type":"page","link":"https:\/\/clone.antcube.shop\/lt\/skruzdeliu-ieskiklis\/","title":{"rendered":"Raskite savo skruzd\u017ei\u0173 r\u016b\u0161\u012f"},"content":{"rendered":"<div id=\"gap-743375646\" class=\"gap-element clearfix\" style=\"display:block; height:auto;\">\n\t\t\n<style>\n#gap-743375646 {\n  padding-top: 195px;\n}\n@media (min-width:550px) {\n  #gap-743375646 {\n    padding-top: 201px;\n  }\n}\n@media (min-width:850px) {\n  #gap-743375646 {\n    padding-top: 175px;\n  }\n}\n<\/style>\n\t<\/div>\n\t\n\n\t<div id=\"text-211144120\" class=\"text\">\n\t\t\n\n<h1>ANTCUBE skruzd\u017ei\u0173 ie\u0161kiklis<\/h1>\n<h1>Raskite puiki\u0105 skruzd\u017ei\u0173 karalien\u0119 arba kolonij\u0105, kuri\u0105 gal\u0117site laikyti<\/h1>\n<p>Nor\u0117dami pad\u0117ti jums rasti tinkamiausi\u0105 skruzd\u017ei\u0173 r\u016b\u0161\u012f, nesvarbu, ar esate pradedantysis, ar jau turite patirties, ar jau esate skruzd\u017ei\u0173 auginimo ekspertas, suk\u016br\u0117me \"Skruzd\u017ei\u0173 ie\u0161kikl\u012f\".<\/p>\n\t\t\n<style>\n#text-211144120 {\n  text-align: center;\n}\n<\/style>\n\t<\/div>\n\t\n\t<div id=\"gap-1990938169\" class=\"gap-element clearfix\" style=\"display:block; height:auto;\">\n\t\t\n<style>\n#gap-1990938169 {\n  padding-top: 30px;\n}\n<\/style>\n\t<\/div>\n\t\n\n\t<div id=\"text-491194910\" class=\"text\">\n\t\t\n\n<p><strong>Klausimas: Kiek patirties turite laikant skruzd\u0117les?<\/strong><\/p>\n\t\t\n<style>\n#text-491194910 {\n  font-size: 1.8rem;\n  text-align: center;\n}\n<\/style>\n\t<\/div>\n\t\n\t<div id=\"gap-674612428\" class=\"gap-element clearfix\" style=\"display:block; height:auto;\">\n\t\t\n<style>\n#gap-674612428 {\n  padding-top: 15px;\n}\n@media (min-width:550px) {\n  #gap-674612428 {\n    padding-top: 50px;\n  }\n}\n<\/style>\n\t<\/div>\n\t\n\n<div class=\"row row-solid\"  id=\"row-2023581669\">\n\n\n\t<div id=\"col-2032474356\" class=\"col medium-4 small-12 large-4\"  >\n\t\t\t\t<div class=\"col-inner\"  >\n\t\t\t\n\t\t\t\n\n\n  <div class=\"banner has-hover\" id=\"banner-1988160054\">\n          <div class=\"banner-inner fill\">\n        <div class=\"banner-bg fill\" >\n            <img loading=\"lazy\" decoding=\"async\" width=\"350\" height=\"350\" src=\"https:\/\/i0.wp.com\/clone.antcube.shop\/wp-content\/uploads\/2021\/09\/green.jpg?fit=350%2C350&amp;ssl=1\" class=\"bg attachment-large size-large\" alt=\"\" \/>                                    \n                    <\/div>\n\t\t\n        <div class=\"banner-layers container\">\n            <a class=\"fill\" href=\"https:\/\/clone.antcube.shop\/ant-finder\/beginner\/\"><div class=\"fill banner-link\"><\/div><\/a>            \n\n   <div id=\"text-box-1983450832\" class=\"text-box banner-layer x50 md-x50 lg-x50 y10 md-y10 lg-y10 res-text\">\n                                <div class=\"text-box-content text dark\">\n              \n              <div class=\"text-inner text-center\">\n                  \n\n\t<div id=\"text-2686247069\" class=\"text\">\n\t\t\n\n<h3 class=\"uppercase\"><strong>Pradedantysis<\/strong><\/h3>\n\t\t\n<style>\n#text-2686247069 {\n  font-size: 1.05rem;\n  color: rgb(0,0,0);\n}\n#text-2686247069 > * {\n  color: rgb(0,0,0);\n}\n<\/style>\n\t<\/div>\n\t\n\n              <\/div>\n           <\/div>\n                            \n<style>\n#text-box-1983450832 {\n  width: 76%;\n}\n#text-box-1983450832 .text-box-content {\n  font-size: 100%;\n}\n<\/style>\n    <\/div>\n \n\n        <\/div>\n      <\/div>\n\n            \n<style>\n#banner-1988160054 {\n  padding-top: 75%;\n}\n#banner-1988160054 .banner-bg img {\n  object-position: 50% 100%;\n}\n<\/style>\n  <\/div>\n\n\n\n\t\t<\/div>\n\t\t\t\t\t<\/div>\n\n\t\n\n\t<div id=\"col-826556460\" class=\"col medium-4 small-12 large-4\"  >\n\t\t\t\t<div class=\"col-inner\"  >\n\t\t\t\n\t\t\t\n\n\n  <div class=\"banner has-hover\" id=\"banner-354239243\">\n          <div class=\"banner-inner fill\">\n        <div class=\"banner-bg fill\" >\n            <img loading=\"lazy\" decoding=\"async\" width=\"350\" height=\"350\" src=\"https:\/\/i0.wp.com\/clone.antcube.shop\/wp-content\/uploads\/2021\/09\/yellow.jpg?fit=350%2C350&amp;ssl=1\" class=\"bg attachment-large size-large\" alt=\"\" \/>                        <div class=\"overlay\"><\/div>            \n                    <\/div>\n\t\t\n        <div class=\"banner-layers container\">\n            <a class=\"fill\" href=\"https:\/\/clone.antcube.shop\/ant-finder\/intermediate\/\"><div class=\"fill banner-link\"><\/div><\/a>            \n\n   <div id=\"text-box-1193947928\" class=\"text-box banner-layer x50 md-x50 lg-x50 y10 md-y10 lg-y10 res-text\">\n                                <div class=\"text-box-content text dark\">\n              \n              <div class=\"text-inner text-center\">\n                  \n\n\t<div id=\"text-3760051488\" class=\"text\">\n\t\t\n\n<h3 class=\"uppercase\"><strong>Tarpinis<\/strong><\/h3>\n\t\t\n<style>\n#text-3760051488 {\n  font-size: 1.05rem;\n  color: rgb(0, 0, 0);\n}\n#text-3760051488 > * {\n  color: rgb(0, 0, 0);\n}\n<\/style>\n\t<\/div>\n\t\n\n              <\/div>\n           <\/div>\n                            \n<style>\n#text-box-1193947928 {\n  width: 100%;\n}\n#text-box-1193947928 .text-box-content {\n  font-size: 100%;\n}\n<\/style>\n    <\/div>\n \n\n        <\/div>\n      <\/div>\n\n            \n<style>\n#banner-354239243 {\n  padding-top: 75%;\n}\n#banner-354239243 .overlay {\n  background-color: rgba(0, 0, 0, 0);\n}\n#banner-354239243 .banner-bg img {\n  object-position: 50% 100%;\n}\n<\/style>\n  <\/div>\n\n\n\n\t\t<\/div>\n\t\t\t\t\t<\/div>\n\n\t\n\n\t<div id=\"col-1651187595\" class=\"col medium-4 small-12 large-4\"  >\n\t\t\t\t<div class=\"col-inner\"  >\n\t\t\t\n\t\t\t\n\n\n  <div class=\"banner has-hover\" id=\"banner-1399920315\">\n          <div class=\"banner-inner fill\">\n        <div class=\"banner-bg fill\" >\n            <img loading=\"lazy\" decoding=\"async\" width=\"350\" height=\"350\" src=\"https:\/\/i0.wp.com\/clone.antcube.shop\/wp-content\/uploads\/2021\/09\/red.jpg?fit=350%2C350&amp;ssl=1\" class=\"bg attachment-large size-large\" alt=\"\" \/>                                    \n                    <\/div>\n\t\t\n        <div class=\"banner-layers container\">\n            <a class=\"fill\" href=\"https:\/\/clone.antcube.shop\/ant-finder\/expert\/\"><div class=\"fill banner-link\"><\/div><\/a>            \n\n   <div id=\"text-box-1408595832\" class=\"text-box banner-layer x50 md-x50 lg-x50 y10 md-y10 lg-y10 res-text\">\n                                <div class=\"text-box-content text dark\">\n              \n              <div class=\"text-inner text-center\">\n                  \n\n\t<div id=\"text-3779654549\" class=\"text\">\n\t\t\n\n<h3 class=\"uppercase\"><strong>Ekspertas<\/strong><\/h3>\n\t\t\n<style>\n#text-3779654549 {\n  font-size: 1.05rem;\n  color: rgb(0,0,0);\n}\n#text-3779654549 > * {\n  color: rgb(0,0,0);\n}\n<\/style>\n\t<\/div>\n\t\n\n              <\/div>\n           <\/div>\n                            \n<style>\n#text-box-1408595832 {\n  width: 72%;\n}\n#text-box-1408595832 .text-box-content {\n  font-size: 100%;\n}\n<\/style>\n    <\/div>\n \n\n        <\/div>\n      <\/div>\n\n            \n<style>\n#banner-1399920315 {\n  padding-top: 75%;\n}\n#banner-1399920315 .banner-bg img {\n  object-position: 50% 100%;\n}\n<\/style>\n  <\/div>\n\n\n\n\t\t<\/div>\n\t\t\t\t\t<\/div>\n\n\t\n\n<\/div>","protected":false},"excerpt":{"rendered":"","protected":false},"author":1,"featured_media":0,"parent":0,"menu_order":0,"comment_status":"closed","ping_status":"closed","template":"","meta":{"_acf_changed":false,"content-type":"","_monsterinsights_skip_tracking":false,"_monsterinsights_sitenote_active":false,"_monsterinsights_sitenote_note":"","_monsterinsights_sitenote_category":0,"footnotes":""},"class_list":["post-721","page","type-page","status-publish","hentry"],"acf":[],"aioseo_notices":[],"jetpack_sharing_enabled":true,"_links":{"self":[{"href":"https:\/\/clone.antcube.shop\/lt\/wp-json\/wp\/v2\/pages\/721","targetHints":{"allow":["GET"]}}],"collection":[{"href":"https:\/\/clone.antcube.shop\/lt\/wp-json\/wp\/v2\/pages"}],"about":[{"href":"https:\/\/clone.antcube.shop\/lt\/wp-json\/wp\/v2\/types\/page"}],"author":[{"embeddable":true,"href":"https:\/\/clone.antcube.shop\/lt\/wp-json\/wp\/v2\/users\/1"}],"replies":[{"embeddable":true,"href":"https:\/\/clone.antcube.shop\/lt\/wp-json\/wp\/v2\/comments?post=721"}],"version-history":[{"count":10,"href":"https:\/\/clone.antcube.shop\/lt\/wp-json\/wp\/v2\/pages\/721\/revisions"}],"predecessor-version":[{"id":6865,"href":"https:\/\/clone.antcube.shop\/lt\/wp-json\/wp\/v2\/pages\/721\/revisions\/6865"}],"wp:attachment":[{"href":"https:\/\/clone.antcube.shop\/lt\/wp-json\/wp\/v2\/media?parent=721"}],"curies":[{"name":"wp","href":"https:\/\/api.w.org\/{rel}","templated":true}]}}