{"id":899,"date":"2021-08-22T15:12:45","date_gmt":"2021-08-22T13:12:45","guid":{"rendered":"https:\/\/antcube.shop\/?page_id=899"},"modified":"2023-12-14T13:30:00","modified_gmt":"2023-12-14T12:30:00","slug":"faq-shop","status":"publish","type":"page","link":"https:\/\/clone.antcube.shop\/lt\/faq-shop\/","title":{"rendered":"DUK Parduotuv\u0117"},"content":{"rendered":"<div id=\"gap-1310066908\" class=\"gap-element clearfix\" style=\"display:block; height:auto;\">\n\t\t\n<style>\n#gap-1310066908 {\n  padding-top: 200px;\n}\n@media (min-width:850px) {\n  #gap-1310066908 {\n    padding-top: 175px;\n  }\n}\n<\/style>\n\t<\/div>\n\t\n\n\t<div id=\"text-2891804913\" class=\"text\">\n\t\t\n\n<h1>DUK Parduotuv\u0117 \u00a0<\/h1>\n<h2>Da\u017eniausiai u\u017eduodami klausimai apie m\u016bs\u0173 gaminius arba m\u016bs\u0173 parduotuv\u0119 apskritai<\/h2>\n\t\t\n<style>\n#text-2891804913 {\n  text-align: center;\n}\n<\/style>\n\t<\/div>\n\t\n<div class=\"row align-center\"  id=\"row-1674302965\">\n\n\n\t<div id=\"col-1197816740\" class=\"col small-12 large-12\"  >\n\t\t\t\t<div class=\"col-inner\"  >\n\t\t\t\n\t\t\t\n\n<div class=\"accordion\">\n\n\t<div id=\"accordion-1945007629\" class=\"accordion-item\">\n\t\t<a id=\"accordion-1945007629-label\" class=\"accordion-title plain\" href=\"#accordion-item-you-do-not-know-what-ant-species-to-keep-or-which-formicarium-you-should-use?\" aria-expanded=\"false\" aria-controls=\"accordion-1945007629-content\">\n\t\t\t<button class=\"toggle\" aria-label=\"Perjungti\"><i class=\"icon-angle-down\" aria-hidden=\"true\"><\/i><\/button>\n\t\t\t<span>Ne\u017einote, koki\u0105 skruzd\u0117li\u0173 r\u016b\u0161\u012f laikyti arba kok\u012f formikarium\u0105 naudoti?<\/span>\n\t\t<\/a>\n\t\t<div id=\"accordion-1945007629-content\" class=\"accordion-inner\" aria-labelledby=\"accordion-1945007629-label\">\n\t\t\t\n\n<p>I\u0161bandykite \"Skruzd\u0117li\u0173 ie\u0161kikl\u012f\" arba \"Formikariumo ie\u0161kikl\u012f\" - M\u016bs\u0173 internetin\u0117 klient\u0173 aptarnavimo tarnyba<\/p>\n<p><a href=\"https:\/\/clone.antcube.shop\/ant-finder\/\">Raskite savo skruzd\u017ei\u0173 r\u016b\u0161\u012f<\/a><\/p>\n<p><a href=\"https:\/\/clone.antcube.shop\/formicarium-finder\/\">Suraskite savo formikarium\u0105<\/a><\/p>\n\n\t\t<\/div>\n\t<\/div>\n\t\n\t<div id=\"accordion-2687897049\" class=\"accordion-item\">\n\t\t<a id=\"accordion-2687897049-label\" class=\"accordion-title plain\" href=\"#accordion-item-what-are-the-delivery-times-and-charges-for-orders-from-the-online-shop?\" aria-expanded=\"false\" aria-controls=\"accordion-2687897049-content\">\n\t\t\t<button class=\"toggle\" aria-label=\"Perjungti\"><i class=\"icon-angle-down\" aria-hidden=\"true\"><\/i><\/button>\n\t\t\t<span>Kokie u\u017esakym\u0173 i\u0161 internetin\u0117s parduotuv\u0117s pristatymo terminai ir mokes\u010diai?<\/span>\n\t\t<\/a>\n\t\t<div id=\"accordion-2687897049-content\" class=\"accordion-inner\" aria-labelledby=\"accordion-2687897049-label\">\n\t\t\t\n\n<p>Informacij\u0105 apie numatom\u0105 pristatymo laik\u0105 galite rasti \u010dia:<\/p>\n<p><a href=\"https:\/\/clone.antcube.shop\/delivery-times\/\">Pristatymo laikas<\/a><\/p>\n<p>Jei norite su\u017einoti apie numatomas pristatymo i\u0161laidas ir pristatymo apribojimus, \u017ei\u016br\u0117kite \u010dia:<\/p>\n<p><a href=\"https:\/\/clone.antcube.shop\/shipping-costs-delivery-restrictions\/\">Pristatymo i\u0161laidos \/ pristatymo apribojimai<\/a><\/p>\n\n\t\t<\/div>\n\t<\/div>\n\t\n\t<div id=\"accordion-2225806329\" class=\"accordion-item\">\n\t\t<a id=\"accordion-2225806329-label\" class=\"accordion-title plain\" href=\"#accordion-item-you-have-questions-about-returns-or-refunds?\" aria-expanded=\"false\" aria-controls=\"accordion-2225806329-content\">\n\t\t\t<button class=\"toggle\" aria-label=\"Perjungti\"><i class=\"icon-angle-down\" aria-hidden=\"true\"><\/i><\/button>\n\t\t\t<span>Turite klausim\u0173 apie gr\u0105\u017einim\u0105 ar pinig\u0173 gr\u0105\u017einim\u0105?<\/span>\n\t\t<\/a>\n\t\t<div id=\"accordion-2225806329-content\" class=\"accordion-inner\" aria-labelledby=\"accordion-2225806329-label\">\n\t\t\t\n\n<p><a href=\"https:\/\/clone.antcube.shop\/refund-policy\/\">Gr\u0105\u017einimo politika<\/a><\/p>\n<p><a href=\"https:\/\/clone.antcube.shop\/terms-and-conditions\/\">Terminai ir s\u0105lygos<\/a><\/p>\n\n\t\t<\/div>\n\t<\/div>\n\t\n\t<div id=\"accordion-1144121631\" class=\"accordion-item\">\n\t\t<a id=\"accordion-1144121631-label\" class=\"accordion-title plain\" href=\"#accordion-item-which-payment-methods-are-accepted-in-the-online-shop?\" aria-expanded=\"false\" aria-controls=\"accordion-1144121631-content\">\n\t\t\t<button class=\"toggle\" aria-label=\"Perjungti\"><i class=\"icon-angle-down\" aria-hidden=\"true\"><\/i><\/button>\n\t\t\t<span>Kokie mok\u0117jimo b\u016bdai priimami internetin\u0117je parduotuv\u0117je?<\/span>\n\t\t<\/a>\n\t\t<div id=\"accordion-1144121631-content\" class=\"accordion-inner\" aria-labelledby=\"accordion-1144121631-label\">\n\t\t\t\n\n<p>\u010cia galite rasti m\u016bs\u0173 priimtin\u0173 mok\u0117jimo b\u016bd\u0173 ap\u017evalg\u0105:<\/p>\n<p><a href=\"https:\/\/clone.antcube.shop\/payment-methods\/\">Mok\u0117jimo b\u016bdai<\/a><\/p>\n\n\t\t<\/div>\n\t<\/div>\n\t\n\t<div id=\"accordion-1312997318\" class=\"accordion-item\">\n\t\t<a id=\"accordion-1312997318-label\" class=\"accordion-title plain\" href=\"#accordion-item-you-are-looking-for-user-manuals-for-your-starter-set?\" aria-expanded=\"false\" aria-controls=\"accordion-1312997318-content\">\n\t\t\t<button class=\"toggle\" aria-label=\"Perjungti\"><i class=\"icon-angle-down\" aria-hidden=\"true\"><\/i><\/button>\n\t\t\t<span>Ie\u0161kote pradinio rinkinio naudotojo vadov\u0173?<\/span>\n\t\t<\/a>\n\t\t<div id=\"accordion-1312997318-content\" class=\"accordion-inner\" aria-labelledby=\"accordion-1312997318-label\">\n\t\t\t\n\n<p>\u010cia rasite PDF naudotojo vadovus, kuriuos galite atsispausdinti arba atsisi\u0173sti:<\/p>\n<p><a href=\"https:\/\/clone.antcube.shop\/download\/\">Atsisi\u0173sti<\/a><\/p>\n\n\t\t<\/div>\n\t<\/div>\n\t\n\t<div id=\"accordion-2634097814\" class=\"accordion-item\">\n\t\t<a id=\"accordion-2634097814-label\" class=\"accordion-title plain\" href=\"#accordion-item-you-need-more-information-about-certain-ant-species-or-ant-keeping-in-general?\" aria-expanded=\"false\" aria-controls=\"accordion-2634097814-content\">\n\t\t\t<button class=\"toggle\" aria-label=\"Perjungti\"><i class=\"icon-angle-down\" aria-hidden=\"true\"><\/i><\/button>\n\t\t\t<span>Jums reikia daugiau informacijos apie tam tikras skruzd\u017ei\u0173 r\u016b\u0161is arba apskritai apie skruzd\u017ei\u0173 auginim\u0105?<\/span>\n\t\t<\/a>\n\t\t<div id=\"accordion-2634097814-content\" class=\"accordion-inner\" aria-labelledby=\"accordion-2634097814-label\">\n\t\t\t\n\n<p>\u010cia rasite da\u017eniausiai u\u017eduodam\u0173 klausim\u0173 apie skruzdes ir skruzd\u0117lyn\u0105:<\/p>\n<p><a href=\"https:\/\/clone.antcube.shop\/faq-ants\/\">DUK skruzd\u0117s<\/a><\/p>\n<p><a href=\"https:\/\/clone.antcube.shop\/catching-queen-ants\/\">Kaip sugauti skruzd\u0119 motin\u0117l\u0119<\/a><\/p>\n<p><a href=\"https:\/\/clone.antcube.shop\/ant-species\/\">Su\u017einokite daugiau apie skruzdes<\/a><\/p>\n<p><a href=\"https:\/\/clone.antcube.shop\/social-media\/\">Per\u017ei\u016br\u0117kite m\u016bs\u0173 \"YouTube\" kanalus, juose rasite nauding\u0173 patarim\u0173 ir informacijos.<\/a><\/p>\n\n\t\t<\/div>\n\t<\/div>\n\t\n\t<div id=\"accordion-144227995\" class=\"accordion-item\">\n\t\t<a id=\"accordion-144227995-label\" class=\"accordion-title plain\" href=\"#accordion-item-you-have-questions-about-our-products?\" aria-expanded=\"false\" aria-controls=\"accordion-144227995-content\">\n\t\t\t<button class=\"toggle\" aria-label=\"Perjungti\"><i class=\"icon-angle-down\" aria-hidden=\"true\"><\/i><\/button>\n\t\t\t<span>Turite klausim\u0173 apie m\u016bs\u0173 gaminius?<\/span>\n\t\t<\/a>\n\t\t<div id=\"accordion-144227995-content\" class=\"accordion-inner\" aria-labelledby=\"accordion-144227995-label\">\n\t\t\t\n\n<p>Jei turite klausim\u0173 apie m\u016bs\u0173 gaminius, pirmiausia per\u017ei\u016br\u0117kite atitinkam\u0105 gaminio apra\u0161ym\u0105 m\u016bs\u0173 parduotuv\u0117je.<\/p>\n<p>Kitaip daugiau informacijos rasite \u010dia:<\/p>\n<p><a href=\"https:\/\/clone.antcube.shop\/product-information\/\">Informacija apie gamin\u012f<\/a><\/p>\n\n\t\t<\/div>\n\t<\/div>\n\t\n\n<\/div>\n\n\t\t<\/div>\n\t\t\t\t\t<\/div>\n\n\t\n\n<\/div>","protected":false},"excerpt":{"rendered":"","protected":false},"author":1,"featured_media":0,"parent":0,"menu_order":0,"comment_status":"closed","ping_status":"closed","template":"","meta":{"_acf_changed":false,"content-type":"","_monsterinsights_skip_tracking":false,"_monsterinsights_sitenote_active":false,"_monsterinsights_sitenote_note":"","_monsterinsights_sitenote_category":0,"footnotes":""},"class_list":["post-899","page","type-page","status-publish","hentry"],"acf":[],"aioseo_notices":[],"jetpack_sharing_enabled":true,"_links":{"self":[{"href":"https:\/\/clone.antcube.shop\/lt\/wp-json\/wp\/v2\/pages\/899","targetHints":{"allow":["GET"]}}],"collection":[{"href":"https:\/\/clone.antcube.shop\/lt\/wp-json\/wp\/v2\/pages"}],"about":[{"href":"https:\/\/clone.antcube.shop\/lt\/wp-json\/wp\/v2\/types\/page"}],"author":[{"embeddable":true,"href":"https:\/\/clone.antcube.shop\/lt\/wp-json\/wp\/v2\/users\/1"}],"replies":[{"embeddable":true,"href":"https:\/\/clone.antcube.shop\/lt\/wp-json\/wp\/v2\/comments?post=899"}],"version-history":[{"count":8,"href":"https:\/\/clone.antcube.shop\/lt\/wp-json\/wp\/v2\/pages\/899\/revisions"}],"predecessor-version":[{"id":6791,"href":"https:\/\/clone.antcube.shop\/lt\/wp-json\/wp\/v2\/pages\/899\/revisions\/6791"}],"wp:attachment":[{"href":"https:\/\/clone.antcube.shop\/lt\/wp-json\/wp\/v2\/media?parent=899"}],"curies":[{"name":"wp","href":"https:\/\/api.w.org\/{rel}","templated":true}]}}