{"id":6737,"date":"2023-12-12T15:03:25","date_gmt":"2023-12-12T14:03:25","guid":{"rendered":"https:\/\/antcube.shop\/product\/antcube-starter-set-fur-weberameisen-gros\/"},"modified":"2026-01-12T12:38:07","modified_gmt":"2026-01-12T11:38:07","slug":"pradinis-rinkinys-audeju-skruzdelems-didelis","status":"publish","type":"product","link":"https:\/\/clone.antcube.shop\/lt\/produktas\/pradinis-rinkinys-audeju-skruzdelems-didelis\/","title":{"rendered":"ANTCUBE - Pradinis rinkinys skruzd\u0117l\u0117ms - didelis"},"content":{"rendered":"<p><span data-text-color=\"alert\"><strong>Siuntimas galimas tik persiun\u010diant ant palet\u0117s.<\/strong><\/span><\/p>\n<p><strong>Turinys:<\/strong><br \/>\n1x \"Honeydew Mix\" (HT) - papildymas 10ml<br \/>\n1x Sveiki blan\u0161iruoti vik\u0161rai<\/p>\n<p>1x ANTCUBE Arena 30x30x60 su stumdomomis durimis<br \/>\n1x skruzd\u0117lyno r\u0117melis 30\u00d730 - 5 cm<br \/>\n1x skruzd\u0117lyno dangtis 30\u00d730<br \/>\n1x arenos dang\u010dio tvirtinimo ta\u0161kas (4 vnt.)<\/p>\n<p>1x stumdom\u0173j\u0173 dur\u0173 r\u0117mas<br \/>\n0,5 litro talpos purk\u0161tuvas - \u017ealvarinis antgalis<br \/>\n1x Nuotrauk\u0173 nugar\u0117l\u0117 - atogr\u0105\u017e\u0173 mi\u0161kas - 30\u00d760 - auk\u0161ta<br \/>\n1x 30\u00d730 cm formikariumo pagrindas<\/p>\n<p>1x substratas Rainforest 1 kg<br \/>\n2x Formicarium kam\u0161tis 50 mm skylei<br \/>\n3x tinklelio \u012fd\u0117klas - 50 mm - ner\u016bdijantis plienas<br \/>\nSkaitmeninis mini termohiprometras - baltos spalvos - lipnus<br \/>\n1x spyruoklinio plieno pincetas platus - mink\u0161tas<br \/>\n1x Plastikinis pincetas standartinis<br \/>\n1x apsauginis aliejus nuo skruzd\u017ei\u0173 protr\u016bki\u0173<br \/>\n1x gertuv\u0117 skaidri 20ml - kempin\u0117l\u0117<br \/>\n1x gertuv\u0117 2ml - 360 laipsni\u0173<br \/>\n1x dubuo skaidrus 1\u00d720 - kempin\u0117<br \/>\n1x rankinis didinamasis stiklas - 2x - 30 mm<br \/>\n1x put\u0173 valytuvas 150x18x2,5 mm<\/p>\n<p><strong>Apra\u0161ymas:<\/strong><br \/>\n\u0160iame i\u0161ple\u010diamame pradiniame rinkinyje, skirtame \u012fvairioms audimo skruzd\u0117li\u0173 r\u016b\u0161ims, pavyzd\u017eiui, Polyrhachis spec. arba Oecophylla spec., yra ne tik optimaliai pritaikytas formikariumas, bet ir tinkami priedai \u0161ioms skruzd\u0117li\u0173 r\u016b\u0161ims laikyti.<\/p>\n<p>Priekyje esan\u010dios stumdomos durys (atidarymas 150x200 mm) palengvina darb\u0105 formikariume, net ir su didel\u0117mis kolonijomis ar formikariumo apsodinimu augalais \u0161eimininkais, pavyzd\u017eiui, Oecophylla smaragdina. Papildomus formikariumus galima prijungti per dvi 50 mm skyles \u0161one. Ner\u016bdijan\u010diojo plieno tinkleli\u0173 \u012fd\u0117klai u\u017etikrina ger\u0105 ventiliacij\u0105 ir yra atspar\u016bs mechaniniam poveikiui. Sistemos viduje esantis termometras ir higrometras yra visi\u0161kai saugus vaikams ir naminiams gyv\u016bnams ir leid\u017eia lengvai kontroliuoti klimato vertes. Jei reikia, dr\u0117gm\u0119 galima padidinti naudojant purk\u0161tuv\u0105. Gertuv\u0117 skaidri 20 ml - kempin\u0117 skirta tiekti \u0161vie\u017ei\u0105 vanden\u012f, gertuv\u0117 2 ml - 360 laipsni\u0173 - med\u0173 arba cukraus tirpal\u0105.<\/p>\n<p><strong>Svarbu:<\/strong> Prie\u0161 naudodami sudr\u0117kinkite substrat\u0105, kad mi\u0161inys susijungt\u0173 ir tvirtai \u012fsitvirtint\u0173 skruzd\u0117lyne. Be to, per sausas ir dulk\u0117tas substratas gali u\u017ekim\u0161ti skruzd\u0117li\u0173 kv\u0117pavimo takus, o blogiausiu atveju gyv\u016bnai gali u\u017edusti.<\/p>\n<p><strong>Svarbi pastaba apie stumdom\u0173 dur\u0173 r\u0117m\u0105:<\/strong><br \/>\nR\u0117m\u0105 galima lengvai pritvirtinti prie var\u017et\u0173, pritvirtint\u0173 prie stumdom\u0173j\u0173 dur\u0173 b\u0117gi\u0173. Nor\u0117dami tai padaryti, atsargiai atlaisvinkite <strong>tik<\/strong> viduje esan\u010dias ver\u017eles. Reikalingas ma\u017eas kry\u017eminis atsuktuvas (kry\u017eminis atsuktuvas). Sud\u0117kite r\u0117m\u0105 ir pakabinkite viduje ant var\u017et\u0173. Tada atsargiai v\u0117l pritvirtinkite ver\u017eles ir <strong>jokiu b\u016bdu nesukite per stipriai,<\/strong> kitaip stiklas gali b\u016bti pa\u017eeistas.<\/p>\n<p><strong>Pastabos apie gamyb\u0105<\/strong><br \/>\nStiklas pjaustomas pagal DIN 1249, leistina paklaida +\/- 1 mm. Ypa\u010d ma\u017eoms skruzd\u0117li\u0173 r\u016b\u0161ims b\u016btina papildoma apsauga nuo i\u0161lau\u017eimo.<\/p>\n<p><strong>Pastaba apie medaus rie\u0161utus:<\/strong><br \/>\nTurinys: 10 ml<br \/>\nTai nat\u016bralus produktas, kur\u012f po ilg\u0173 bandym\u0173 laboratorijoje patobulinome ir suk\u016br\u0117me skruzd\u0117l\u0117ms puikiai priimtin\u0105 maist\u0105. Prie\u017eastis ta, kad neapdorotas medune\u0161io medus savo koncentruota pradine forma n\u0117ra gerai priimamas skruzd\u017ei\u0173 ir j\u0173 med\u017eiag\u0173 apykaitos.<br \/>\nM\u016bs\u0173 medune\u0161is surinktas neu\u017eter\u0161tuose laukiniuose Bulgarijos kaln\u0173 mi\u0161kuose. Medune\u0161is u\u017eauga tik labai ribot\u0105 laik\u0105, ma\u017edaug du m\u0117nesius vasar\u0105. Tod\u0117l jis yra labai retas. D\u0117l specifini\u0173 mi\u0161k\u0173 dirvo\u017eemio savybi\u0173 ir klimato med\u017ei\u0173 lapuose susikaup\u0117 egzistenci\u0161kai svarbi\u0173 maistini\u0173 med\u017eiag\u0173, kurias pasisavina amarai. B\u016btent d\u0117l to \u0161is medune\u0161io mi\u0161inys toks geid\u017eiamas skruzd\u0117l\u0117ms.<\/p>\n<p><strong>Taikymas:<\/strong><br \/>\nMaisto kiek\u012f reikia suvartoti ma\u017edaug per 3 dienas.<\/p>\n<p><strong>Apra\u0161ymas:<\/strong><br \/>\nMedune\u0161is, kitaip nei g\u0117li\u0173 medus, gaunamas i\u0161 augalus \u010diulpian\u010di\u0173 vabzd\u017ei\u0173, pavyzd\u017eiui, amar\u0173, i\u0161skyr\u0173. Medune\u0161is yra m\u0117gstamas daugelio vabzd\u017ei\u0173, pavyzd\u017eiui, skruzd\u0117li\u0173, bi\u010di\u0173 ir net kamani\u0173, maisto \u0161altinis. Bit\u0117s ir kaman\u0117s j\u012f lai\u017eo nuo \u012fvairi\u0173 med\u017ei\u0173 lap\u0173 ar spygli\u0173. Skruzd\u0117l\u0117s, pavyzd\u017eiui, Lasius niger, reguliariai laiko amarus. Jos net gina juos nuo pl\u0117\u0161r\u016bn\u0173 ir perne\u0161a \u012f \u0161vie\u017eius \u016bglius.<\/p>\n<p>Medaus ras\u0105 skruzd\u0117s m\u0117gsta daugiausia d\u0117l \u0161iek tiek kitoki\u0173 sudedam\u0173j\u0173 dali\u0173. Pagrindiniai medune\u0161io cukr\u016bs yra sacharoz\u0117 ir fruktoz\u0117, ta\u010diau ma\u017eesniais kiekiais yra ir maltoz\u0117s, trehaloz\u0117s, melezitoz\u0117s, rafinoz\u0117s bei kit\u0173 oligosacharid\u0173. Be cukr\u0173 ir vandens, meduje taip pat yra egzistenci\u0161kai svarbi\u0173 aminor\u016bg\u0161\u010di\u0173, mineral\u0173, mikroelement\u0173, adenozino fosfat\u0173 ir kit\u0173 sudedam\u0173j\u0173 dali\u0173, pavyzd\u017eiui, vitamin\u0173.<\/p>\n<p><strong>Naudojimo b\u016bdai:<\/strong><br \/>\nMedumi mintan\u010di\u0173 skruzd\u0117li\u0173 (Meliphagidae) r\u016b\u0161ims.<br \/>\nTai papildomas pa\u0161aras<br \/>\nJ\u012f galima pasi\u016blyti pristatytiems gyv\u016bnams. Kadangi d\u0117l dr\u0117gm\u0117s suma\u017e\u0117ja cukraus koncentracija ir prasideda fermentacijos procesas, pa\u0161ar\u0105 reikia keisti kas 3 dienas. Prie\u0161 pakartotinai naudodami kruop\u0161\u010diai i\u0161valykite \u0161\u0117rimo duben\u0117l\u012f ir (arba) m\u0117gintuv\u0117l\u012f.<br \/>\nAtidaryt\u0105 pakuot\u0119 reikia naudoti sandariai u\u017edaryt\u0105, kol bus nurodyta (tinkamumo vartoti data).<\/p>\n<p><strong>Maistin\u0117 vert\u0117 100 g:<\/strong><br \/>\napie 2,7 % riebal\u0173<br \/>\ni\u0161 j\u0173 so\u010di\u0173j\u0173 apie 0,45 %<br \/>\napie 95 % angliavandeni\u0173<br \/>\ni\u0161 j\u0173 cukraus apie. 71%<br \/>\napie 2,85% baltym\u0173<br \/>\nMineralin\u0117s med\u017eiagos (kalis, kalcis, varis, gele\u017eis, natris, magnis, fosforas, cinkas ir kiti mikroelementai) Aminor\u016bg\u0161tys (prolinas, leucinas, fenilalaninas, alaninas, histidinas, izoleucinas, glutamo r\u016bg\u0161tis, argininas, asparagino r\u016bg\u0161tis ir kt.) Organin\u0117s r\u016bg\u0161tys Fermentai (fermentai) Aromatai Inhibitoriai (antibakterin\u0117s med\u017eiagos) G\u0117l\u0117s \u017diedadulk\u0117s<\/p>\n<p><strong>Saugojimas:<\/strong><br \/>\nKad pa\u0161arai b\u016bt\u0173 kokybi\u0161ki, juos reikia laikyti tamsioje ir sausoje vietoje.<\/p>\n<p><strong>Prane\u0161imas:<\/strong><br \/>\nPapildomas medumi mintan\u010di\u0173 skruzd\u0117li\u0173 pa\u0161aras.<br \/>\nSud\u0117t\u012f, analitines sudedam\u0105sias dalis, tinkamumo vartoti termin\u0105 ir partijos numer\u012f rasite pakuot\u0117s lapelyje.<\/p>\n<p>Informacijos telefono linija +49 30 439703870<\/p>\n<p><strong>Atsakinga veterinarijos ir maisto prie\u017ei\u016bros institucija:<\/strong><br \/>\nSteglitzo veterinarijos biuras<br \/>\nK\u00f6nigin-Luise-Str. 92<br \/>\n14195 Berlynas<\/p>\n<p><strong>Pastaba apie blan\u0161iruotus vik\u0161rus:<\/strong><br \/>\nM\u016bs\u0173 blan\u0161iruoti vik\u0161rai - tai paprastas b\u016bdas apr\u016bpinti skruzd\u0117les \u0161vie\u017eiai konservuotu baltyminiu maistu, nemaitinant j\u0173 gyvais vabzd\u017eiais. Pridedami vik\u0161rai (Acheta domesticus) buvo \u0161velniai blan\u0161iruoti, kad i\u0161likt\u0173 maistin\u0117 vert\u0117, skonis ir aromatas. Be to, taip sumink\u0161tinamas chitininis vabzd\u017ei\u0173 apvalkalas, kad jis b\u016bt\u0173 lengviau vir\u0161kinamas. Kolageno baltym\u0173 junginiai suskaidomi, kad skruzd\u0117s gal\u0117t\u0173 juos geriau panaudoti. Konservuoti Acheta domesticus turi toki\u0105 pa\u010di\u0105 maistin\u0119 vert\u0119 kaip ir gyvi vik\u0161rai, ta\u010diau yra lengviau vir\u0161kinami.<\/p>\n<p>Blan\u0161iruoti vik\u0161rai netinka med\u017eioti skruzd\u017ei\u0173 r\u016b\u0161ims, kurioms reikia gyvo maisto (pvz., pirmaprad\u0117ms skruzd\u0117l\u0117ms, tokioms kaip Harpegnathos ar Odontomachus).<\/p>\n<p><strong>Kiti privalumai:<\/strong><br \/>\nGarantuotai be erku\u010di\u0173<br \/>\nPorcijinis<br \/>\nSterilizuota ir vakuumuota<br \/>\nBe pried\u0173<br \/>\nVik\u0161rai i\u0161 tvaraus ekologinio veisimo, maitinami organin\u0117mis atliekomis<\/p>\n<p><strong>Prane\u0161imas:<\/strong><br \/>\nAtidarytas \u0161aldytuve laikosi apie keturias dienas. Ilgiau galioja u\u017e\u0161ald\u017eius.<\/p>","protected":false},"excerpt":{"rendered":"<p>Rinkin\u012f sudaro 25 dalys.<br \/>\nDydis: XL<\/p>","protected":false},"featured_media":6710,"comment_status":"open","ping_status":"closed","template":"","meta":{"_acf_changed":false,"content-type":"","_monsterinsights_skip_tracking":false,"_monsterinsights_sitenote_active":false,"_monsterinsights_sitenote_note":"","_monsterinsights_sitenote_category":0},"product_brand":[],"product_cat":[354,73],"product_tag":[],"class_list":{"0":"post-6737","1":"product","2":"type-product","3":"status-publish","4":"has-post-thumbnail","6":"product_cat-starter-sets-for-weaver-ants","7":"product_cat-starter-sets","8":"product_shipping_class-forwarding-on-pallet","10":"first","11":"instock","12":"taxable","13":"shipping-taxable","14":"purchasable","15":"product-type-simple"},"acf":[],"aioseo_notices":[],"jetpack_sharing_enabled":true,"_links":{"self":[{"href":"https:\/\/clone.antcube.shop\/lt\/wp-json\/wp\/v2\/product\/6737","targetHints":{"allow":["GET"]}}],"collection":[{"href":"https:\/\/clone.antcube.shop\/lt\/wp-json\/wp\/v2\/product"}],"about":[{"href":"https:\/\/clone.antcube.shop\/lt\/wp-json\/wp\/v2\/types\/product"}],"replies":[{"embeddable":true,"href":"https:\/\/clone.antcube.shop\/lt\/wp-json\/wp\/v2\/comments?post=6737"}],"wp:featuredmedia":[{"embeddable":true,"href":"https:\/\/clone.antcube.shop\/lt\/wp-json\/wp\/v2\/media\/6710"}],"wp:attachment":[{"href":"https:\/\/clone.antcube.shop\/lt\/wp-json\/wp\/v2\/media?parent=6737"}],"wp:term":[{"taxonomy":"product_brand","embeddable":true,"href":"https:\/\/clone.antcube.shop\/lt\/wp-json\/wp\/v2\/product_brand?post=6737"},{"taxonomy":"product_cat","embeddable":true,"href":"https:\/\/clone.antcube.shop\/lt\/wp-json\/wp\/v2\/product_cat?post=6737"},{"taxonomy":"product_tag","embeddable":true,"href":"https:\/\/clone.antcube.shop\/lt\/wp-json\/wp\/v2\/product_tag?post=6737"}],"curies":[{"name":"wp","href":"https:\/\/api.w.org\/{rel}","templated":true}]}}