{"id":10604,"date":"2024-11-29T12:07:49","date_gmt":"2024-11-29T11:07:49","guid":{"rendered":"https:\/\/antcube.shop\/?page_id=10604"},"modified":"2025-10-16T12:04:26","modified_gmt":"2025-10-16T10:04:26","slug":"maksasanas-metodes-un-nosacijumi","status":"publish","type":"page","link":"https:\/\/clone.antcube.shop\/lv\/maksasanas-metodes-un-nosacijumi\/","title":{"rendered":"Maks\u0101juma metodes un nosac\u012bjumi"},"content":{"rendered":"<div id=\"gap-1413154249\" class=\"gap-element clearfix\" style=\"display:block; height:auto;\">\n\t\t\n<style>\n#gap-1413154249 {\n  padding-top: 190px;\n}\n<\/style>\n\t<\/div>\n\t\n\n<div class=\"row\"  id=\"row-2018063212\">\n\n\n\t<div id=\"col-970908890\" class=\"col small-12 large-12\"  >\n\t\t\t\t<div class=\"col-inner\"  >\n\t\t\t\n\t\t\t\n\n<h1><b>Maks\u0101jumu iesp\u0113jas un nosac\u012bjumi m\u016bsu veikal\u0101<\/b><\/h1>\n<div class=\"row\"  id=\"row-585968730\">\n\n\n\t<div id=\"col-637475011\" class=\"col medium-4 small-6 large-4\"  >\n\t\t\t\t<div class=\"col-inner\"  >\n\t\t\t\n\t\t\t\n\n\t<div class=\"img has-hover x md-x lg-x y md-y lg-y\" id=\"image_388597919\">\n\t\t\t\t\t\t\t\t<div class=\"img-inner dark\" >\n\t\t\t<img data-recalc-dims=\"1\" loading=\"lazy\" decoding=\"async\" width=\"620\" height=\"200\" src=\"https:\/\/i0.wp.com\/clone.antcube.shop\/wp-content\/uploads\/2024\/11\/paypal.jpg?resize=620%2C200&#038;ssl=1\" class=\"attachment-original size-original\" alt=\"\" srcset=\"https:\/\/i0.wp.com\/clone.antcube.shop\/wp-content\/uploads\/2024\/11\/paypal.jpg?w=620&amp;ssl=1 620w, https:\/\/i0.wp.com\/clone.antcube.shop\/wp-content\/uploads\/2024\/11\/paypal.jpg?resize=18%2C6&amp;ssl=1 18w, https:\/\/i0.wp.com\/clone.antcube.shop\/wp-content\/uploads\/2024\/11\/paypal.jpg?resize=247%2C80&amp;ssl=1 247w, https:\/\/i0.wp.com\/clone.antcube.shop\/wp-content\/uploads\/2024\/11\/paypal.jpg?resize=510%2C165&amp;ssl=1 510w\" sizes=\"auto, (max-width: 620px) 100vw, 620px\" \/>\t\t\t\t\t\t\n\t\t\t\t\t<\/div>\n\t\t\t\t\t\t\t\t\n<style>\n#image_388597919 {\n  width: 100%;\n}\n<\/style>\n\t<\/div>\n\t\n\n\n\t\t<\/div>\n\t\t\t\t\t<\/div>\n\n\t\n\n\t<div id=\"col-1764469483\" class=\"col medium-4 small-6 large-4\"  >\n\t\t\t\t<div class=\"col-inner\"  >\n\t\t\t\n\t\t\t\n\n\t<div class=\"img has-hover x md-x lg-x y md-y lg-y\" id=\"image_1746156131\">\n\t\t\t\t\t\t\t\t<div class=\"img-inner dark\" >\n\t\t\t<img data-recalc-dims=\"1\" loading=\"lazy\" decoding=\"async\" width=\"620\" height=\"200\" src=\"https:\/\/i0.wp.com\/clone.antcube.shop\/wp-content\/uploads\/2024\/11\/visa-master.jpg?resize=620%2C200&#038;ssl=1\" class=\"attachment-original size-original\" alt=\"\" srcset=\"https:\/\/i0.wp.com\/clone.antcube.shop\/wp-content\/uploads\/2024\/11\/visa-master.jpg?w=620&amp;ssl=1 620w, https:\/\/i0.wp.com\/clone.antcube.shop\/wp-content\/uploads\/2024\/11\/visa-master.jpg?resize=18%2C6&amp;ssl=1 18w, https:\/\/i0.wp.com\/clone.antcube.shop\/wp-content\/uploads\/2024\/11\/visa-master.jpg?resize=247%2C80&amp;ssl=1 247w, https:\/\/i0.wp.com\/clone.antcube.shop\/wp-content\/uploads\/2024\/11\/visa-master.jpg?resize=510%2C165&amp;ssl=1 510w\" sizes=\"auto, (max-width: 620px) 100vw, 620px\" \/>\t\t\t\t\t\t\n\t\t\t\t\t<\/div>\n\t\t\t\t\t\t\t\t\n<style>\n#image_1746156131 {\n  width: 100%;\n}\n<\/style>\n\t<\/div>\n\t\n\n\n\t\t<\/div>\n\t\t\t\t\t<\/div>\n\n\t\n\n\t<div id=\"col-152850679\" class=\"col medium-4 small-6 large-4\"  >\n\t\t\t\t<div class=\"col-inner\"  >\n\t\t\t\n\t\t\t\n\n\t<div class=\"img has-hover x md-x lg-x y md-y lg-y\" id=\"image_447728228\">\n\t\t\t\t\t\t\t\t<div class=\"img-inner dark\" >\n\t\t\t<img data-recalc-dims=\"1\" loading=\"lazy\" decoding=\"async\" width=\"620\" height=\"200\" src=\"https:\/\/i0.wp.com\/clone.antcube.shop\/wp-content\/uploads\/2024\/11\/vorkasse.jpg?resize=620%2C200&#038;ssl=1\" class=\"attachment-original size-original\" alt=\"\" srcset=\"https:\/\/i0.wp.com\/clone.antcube.shop\/wp-content\/uploads\/2024\/11\/vorkasse.jpg?w=620&amp;ssl=1 620w, https:\/\/i0.wp.com\/clone.antcube.shop\/wp-content\/uploads\/2024\/11\/vorkasse.jpg?resize=18%2C6&amp;ssl=1 18w, https:\/\/i0.wp.com\/clone.antcube.shop\/wp-content\/uploads\/2024\/11\/vorkasse.jpg?resize=247%2C80&amp;ssl=1 247w, https:\/\/i0.wp.com\/clone.antcube.shop\/wp-content\/uploads\/2024\/11\/vorkasse.jpg?resize=510%2C165&amp;ssl=1 510w\" sizes=\"auto, (max-width: 620px) 100vw, 620px\" \/>\t\t\t\t\t\t\n\t\t\t\t\t<\/div>\n\t\t\t\t\t\t\t\t\n<style>\n#image_447728228 {\n  width: 100%;\n}\n<\/style>\n\t<\/div>\n\t\n\n\n\t\t<\/div>\n\t\t\t\t\t<\/div>\n\n\t\n\n<\/div>\n<ol>\n<li><b>maks\u0101\u0161anas l\u012bdzek\u013ci<\/b><\/li>\n<\/ol>\n<p><span style=\"font-weight: 400;\">M\u0113s pied\u0101v\u0101jam \u0161\u0101das maks\u0101jumu iesp\u0113jas m\u016bsu <\/span><b>tie\u0161saistes veikals<\/b><span style=\"font-weight: 400;\">:<\/span><\/p>\n<ul>\n<li style=\"font-weight: 400;\" aria-level=\"1\"><b>Priek\u0161apmaksa <\/b><span style=\"font-weight: 400;\">(maks\u0101jums ar bankas p\u0101rskait\u012bjumu)<\/span><\/li>\n<li style=\"font-weight: 400;\" aria-level=\"1\"><b>PayPal<\/b>\n<ul>\n<li style=\"font-weight: 400;\" aria-level=\"2\"><span style=\"font-weight: 400;\">P\u0113c izv\u0113les: kred\u012btkarte (Visa vai Mastercard) un tie\u0161ais debets (PayPal+ pakalpojums).<\/span><\/li>\n<\/ul>\n<\/li>\n<\/ul>\n<p><span style=\"font-weight: 400;\">Inform\u0101cija par datu aizsardz\u012bbu un nosac\u012bjumiem ir atrodama m\u016bsu <\/span><a href=\"https:\/\/clone.antcube.shop\/en\/privacy-policy\/\"><b>priv\u0101tuma politika <\/b><\/a><span style=\"font-weight: 400;\">vai m\u016bsu <\/span><a href=\"https:\/\/clone.antcube.shop\/en\/terms-and-conditions\/\"><b>noteikumi un nosac\u012bjumi<\/b><\/a><\/p>\n<p>\u00a0<\/p>\n<div class=\"row\"  id=\"row-1026900514\">\n\n\n\t<div id=\"col-1450809096\" class=\"col medium-6 small-12 large-6\"  >\n\t\t\t\t<div class=\"col-inner\"  >\n\t\t\t\n\t\t\t\n\n<p><span style=\"font-weight: 400;\">M\u0113s pied\u0101v\u0101jam \u0161\u0101das maks\u0101jumu iesp\u0113jas m\u016bsu <\/span><b>veikals:<\/b><\/p>\n<ul>\n<li style=\"font-weight: 400;\" aria-level=\"1\"><b>Maks\u0101jums ar karti, izmantojot PayPal, izmantojot Zettle <\/b><span style=\"font-weight: 400;\">(tikai veikal\u0101)<\/span>\n<ul>\n<li style=\"font-weight: 400;\" aria-level=\"2\"><span style=\"font-weight: 400;\">Kred\u012btkarte (Visa vai Mastercard) vai debetkarte<\/span><\/li>\n<\/ul>\n<\/li>\n<li aria-level=\"2\"><b>Skaidras naudas maks\u0101jums<\/b><\/li>\n<\/ul>\n\n\t\t<\/div>\n\t\t\t\t\t<\/div>\n\n\t\n\n\t<div id=\"col-1993665279\" class=\"col medium-6 small-12 large-6\"  >\n\t\t\t\t<div class=\"col-inner\"  >\n\t\t\t\n\t\t\t\n\n\t<div class=\"img has-hover x md-x lg-x y md-y lg-y\" id=\"image_976670180\">\n\t\t\t\t\t\t\t\t<div class=\"img-inner dark\" >\n\t\t\t<img data-recalc-dims=\"1\" loading=\"lazy\" decoding=\"async\" width=\"946\" height=\"831\" src=\"https:\/\/i0.wp.com\/clone.antcube.shop\/wp-content\/uploads\/2024\/11\/payment-option-local.jpg?resize=946%2C831&#038;ssl=1\" class=\"attachment-original size-original\" alt=\"\" srcset=\"https:\/\/i0.wp.com\/clone.antcube.shop\/wp-content\/uploads\/2024\/11\/payment-option-local.jpg?w=946&amp;ssl=1 946w, https:\/\/i0.wp.com\/clone.antcube.shop\/wp-content\/uploads\/2024\/11\/payment-option-local.jpg?resize=455%2C400&amp;ssl=1 455w, https:\/\/i0.wp.com\/clone.antcube.shop\/wp-content\/uploads\/2024\/11\/payment-option-local.jpg?resize=683%2C600&amp;ssl=1 683w, https:\/\/i0.wp.com\/clone.antcube.shop\/wp-content\/uploads\/2024\/11\/payment-option-local.jpg?resize=768%2C675&amp;ssl=1 768w, https:\/\/i0.wp.com\/clone.antcube.shop\/wp-content\/uploads\/2024\/11\/payment-option-local.jpg?resize=14%2C12&amp;ssl=1 14w, https:\/\/i0.wp.com\/clone.antcube.shop\/wp-content\/uploads\/2024\/11\/payment-option-local.jpg?resize=247%2C217&amp;ssl=1 247w, https:\/\/i0.wp.com\/clone.antcube.shop\/wp-content\/uploads\/2024\/11\/payment-option-local.jpg?resize=510%2C448&amp;ssl=1 510w\" sizes=\"auto, (max-width: 946px) 100vw, 946px\" \/>\t\t\t\t\t\t\n\t\t\t\t\t<\/div>\n\t\t\t\t\t\t\t\t\n<style>\n#image_976670180 {\n  width: 44%;\n}\n<\/style>\n\t<\/div>\n\t\n\n\n\t\t<\/div>\n\t\t\t\t\t<\/div>\n\n\t\n\n<\/div>\n<ol start=\"2\">\n<li><b> maksa <\/b><b><br \/><\/b><span style=\"font-weight: 400;\">Eiropas Savien\u012bb\u0101 par pied\u0101v\u0101tajiem maks\u0101\u0161anas veidiem netiek piem\u0113rotas papildu maksas.<\/span><\/li>\n<li><b> val\u016bta<\/b><\/li>\n<\/ol>\n<ul>\n<li style=\"font-weight: 400;\" aria-level=\"1\"><span style=\"font-weight: 400;\">Pas\u016bt\u012bjumus un maks\u0101jumus var apstr\u0101d\u0101t tikai eiro (standarta val\u016bt\u0101).<\/span><\/li>\n<li style=\"font-weight: 400;\" aria-level=\"1\"><span style=\"font-weight: 400;\">Citas nor\u0101d\u012bt\u0101s val\u016btas ir tikai visp\u0101r\u012bgas nor\u0101des. M\u0113s negarant\u0113jam, ka val\u016btas kursa dati ir aktu\u0101li.<\/span><\/li>\n<\/ul>\n<ol start=\"4\">\n<li><b> cenas un nodok\u013ci<\/b><\/li>\n<\/ol>\n<ul>\n<li style=\"font-weight: 400;\" aria-level=\"1\"><b>V\u0101cija<\/b><span style=\"font-weight: 400;\">:\u00a0<\/span>\n<ul>\n<li style=\"font-weight: 400;\" aria-level=\"2\"><span style=\"font-weight: 400;\">Vis\u0101s cen\u0101s iek\u013cauts piem\u0113rojamais pievienot\u0101s v\u0113rt\u012bbas nodoklis (PVN).<\/span><\/li>\n<li style=\"font-weight: 400;\" aria-level=\"2\"><span style=\"font-weight: 400;\">Komerci\u0101lajiem klientiem ar der\u012bgu PVN maks\u0101t\u0101ja apliec\u012bbu: Cenas tiek apr\u0113\u0137in\u0101tas neto (bez PVN).<\/span>\n<ul>\n<li style=\"font-weight: 400;\" aria-level=\"3\"><span style=\"font-weight: 400;\">L\u016bdzu, nos\u016btiet e-pastu m\u016bsu p\u0101rdo\u0161anas komandai <\/span><span style=\"font-weight: 400;\">(<\/span><span style=\"font-weight: 400;\">verkauf@antstore.de) vai zvaniet +49 30 4397038 70<\/span><\/li>\n<\/ul>\n<\/li>\n<\/ul>\n<\/li>\n<li style=\"font-weight: 400;\" aria-level=\"1\"><b>Eiropas Savien\u012bba (iz\u0146emot V\u0101ciju)<\/b><span style=\"font-weight: 400;\">:<\/span>\n<ul>\n<li style=\"font-weight: 400;\" aria-level=\"2\"><span style=\"font-weight: 400;\">Priv\u0101tie klienti: Vis\u0101s cen\u0101s iek\u013cauts piem\u0113rojamais pievienot\u0101s v\u0113rt\u012bbas nodoklis (PVN).<\/span><\/li>\n<li style=\"font-weight: 400;\" aria-level=\"2\"><span style=\"font-weight: 400;\">Komerci\u0101lajiem klientiem ar der\u012bgu PVN maks\u0101t\u0101ja apliec\u012bbu: Cenas tiek apr\u0113\u0137in\u0101tas neto (bez PVN).<\/span>\n<ul>\n<li style=\"font-weight: 400;\" aria-level=\"3\"><span style=\"font-weight: 400;\">L\u016bdzu, nos\u016btiet e-pastu m\u016bsu p\u0101rdo\u0161anas komandai <\/span><span style=\"font-weight: 400;\">(<\/span><span style=\"font-weight: 400;\">verkauf@antstore.de) vai zvaniet +49 30 4397038 70<\/span><\/li>\n<\/ul>\n<\/li>\n<\/ul>\n<\/li>\n<\/ul>\n<p><span style=\"font-weight: 400;\">Ja jums ir v\u0113l k\u0101di jaut\u0101jumi par maks\u0101juma iesp\u0113j\u0101m vai nosac\u012bjumiem, l\u016bdzu, sazinieties ar mums!<\/span><\/p>\n\n\t\t<\/div>\n\t\t\t\t\t<\/div>\n\n\t\n\n<\/div>","protected":false},"excerpt":{"rendered":"","protected":false},"author":1,"featured_media":0,"parent":0,"menu_order":0,"comment_status":"closed","ping_status":"closed","template":"","meta":{"_acf_changed":false,"content-type":"","_monsterinsights_skip_tracking":false,"_monsterinsights_sitenote_active":false,"_monsterinsights_sitenote_note":"","_monsterinsights_sitenote_category":0,"footnotes":""},"class_list":["post-10604","page","type-page","status-publish","hentry"],"acf":[],"aioseo_notices":[],"jetpack_sharing_enabled":true,"_links":{"self":[{"href":"https:\/\/clone.antcube.shop\/lv\/wp-json\/wp\/v2\/pages\/10604","targetHints":{"allow":["GET"]}}],"collection":[{"href":"https:\/\/clone.antcube.shop\/lv\/wp-json\/wp\/v2\/pages"}],"about":[{"href":"https:\/\/clone.antcube.shop\/lv\/wp-json\/wp\/v2\/types\/page"}],"author":[{"embeddable":true,"href":"https:\/\/clone.antcube.shop\/lv\/wp-json\/wp\/v2\/users\/1"}],"replies":[{"embeddable":true,"href":"https:\/\/clone.antcube.shop\/lv\/wp-json\/wp\/v2\/comments?post=10604"}],"version-history":[{"count":10,"href":"https:\/\/clone.antcube.shop\/lv\/wp-json\/wp\/v2\/pages\/10604\/revisions"}],"predecessor-version":[{"id":10715,"href":"https:\/\/clone.antcube.shop\/lv\/wp-json\/wp\/v2\/pages\/10604\/revisions\/10715"}],"wp:attachment":[{"href":"https:\/\/clone.antcube.shop\/lv\/wp-json\/wp\/v2\/media?parent=10604"}],"curies":[{"name":"wp","href":"https:\/\/api.w.org\/{rel}","templated":true}]}}