{"id":632,"date":"2021-07-30T13:32:44","date_gmt":"2021-07-30T11:32:44","guid":{"rendered":"https:\/\/antcube.shop\/?page_id=632"},"modified":"2024-11-29T15:27:28","modified_gmt":"2024-11-29T14:27:28","slug":"atmaksas-politika","status":"publish","type":"page","link":"https:\/\/clone.antcube.shop\/lv\/atmaksas-politika\/","title":{"rendered":"S\u016bdz\u012bbas un atteikuma ties\u012bbas"},"content":{"rendered":"<div id=\"gap-292142124\" class=\"gap-element clearfix\" style=\"display:block; height:auto;\">\n\t\t\n<style>\n#gap-292142124 {\n  padding-top: 200px;\n}\n@media (min-width:550px) {\n  #gap-292142124 {\n    padding-top: 197px;\n  }\n}\n@media (min-width:850px) {\n  #gap-292142124 {\n    padding-top: 190px;\n  }\n}\n<\/style>\n\t<\/div>\n\t\n\n<div class=\"row\"  id=\"row-1364131324\">\n\n\n\t<div id=\"col-1998369809\" class=\"col small-12 large-12\"  >\n\t\t\t\t<div class=\"col-inner\"  >\n\t\t\t\n\t\t\t\n\n<h3><b>S\u016bdz\u012bbu izskat\u012b\u0161ana un atteikuma ties\u012bbas<\/b><\/h3>\n<h4><b>1. s\u016bdz\u012bbu apstr\u0101de<\/b><\/h4>\n<p><b>Visp\u0101r\u012bga inform\u0101cija:<\/b><\/p>\n<ul>\n<li style=\"font-weight: 400;\" aria-level=\"1\"><span style=\"font-weight: 400;\">Ja neesat apmierin\u0101ts ar pieg\u0101d\u0101taj\u0101m prec\u0113m vai dz\u012bviem dz\u012bvniekiem, l\u016bdzu, nekav\u0113joties inform\u0113jiet m\u016bs par to.<\/span><\/li>\n<li style=\"font-weight: 400;\" aria-level=\"1\"><span style=\"font-weight: 400;\">J\u016bsu ar likumu noteiktie <\/span><b>garantijas ties\u012bbas <\/b><span style=\"font-weight: 400;\">saska\u0146\u0101 ar 434. un turpm\u0101kajiem punktiem. BGB (V\u0101cijas Civilkodekss) paliek neskarti.<\/span><\/li>\n<\/ul>\n<p><b>Zi\u0146ot par s\u016bdz\u012bbu:<\/b><\/p>\n<ul>\n<li style=\"font-weight: 400;\" aria-level=\"1\"><span style=\"font-weight: 400;\">Zi\u0146ojiet par s\u016bdz\u012bb\u0101m, izmantojot savu klienta kontu: <\/span><span style=\"font-weight: 400;\"><br \/><\/span><b>J\u016bsu konts \u2192 J\u016bsu pas\u016bt\u012bjumi \u2192 Pazi\u0146ojumi. <\/b><b><br \/><\/b><span style=\"font-weight: 400;\">Tur ir pieejama sagatavota veidlapa, lai \u0101tri noskaidrotu probl\u0113mas.<\/span><\/li>\n<\/ul>\n<p><b>Svar\u012bgi so\u013ci s\u016bdz\u012bbu gad\u012bjum\u0101:<\/b><\/p>\n<ol>\n<li style=\"font-weight: 400;\" aria-level=\"1\"><b>Pirms pre\u010du atgrie\u0161anas sazinieties ar mums:<\/b>\n<ul>\n<li style=\"font-weight: 400;\" aria-level=\"2\"><span style=\"font-weight: 400;\">L\u016bdzu, neatgrieziet preces bez iepriek\u0161\u0113jas vieno\u0161an\u0101s. Boj\u0101jumus bie\u017ei vien var dokument\u0113t ar fotogr\u0101fij\u0101m un preciz\u0113t pa e-pastu.<\/span><\/li>\n<li style=\"font-weight: 400;\" aria-level=\"2\"><span style=\"font-weight: 400;\">Atgrie\u0161ana tiks veikta tikai p\u0113c m\u016bsu nor\u0101d\u012bjumiem.<\/span><\/li>\n<\/ul>\n<\/li>\n<li style=\"font-weight: 400;\" aria-level=\"1\"><b>Dz\u012bvi dz\u012bvnieki:<\/b>\n<ul>\n<li style=\"font-weight: 400;\" aria-level=\"2\"><span style=\"font-weight: 400;\">Sa\u0146emot stropu, p\u0101rbaudiet, vai strops ir piln\u012bgs (m\u0101te, perus, str\u0101dnieki) un lab\u0101 st\u0101vokl\u012b (piem\u0113ram, vai nav ievainojumu, \u0113r\u010du inv\u0101zijas).<\/span><\/li>\n<li style=\"font-weight: 400;\" aria-level=\"2\"><span style=\"font-weight: 400;\">Par jebk\u0101d\u0101m neatbilst\u012bb\u0101m vai k\u013c\u016bm\u0113m nekav\u0113joties zi\u0146ojiet pa e-pastu uz verkauf@antstore.de, pievienojot foto dokument\u0101ciju.<\/span><\/li>\n<\/ul>\n<\/li>\n<li style=\"font-weight: 400;\" aria-level=\"1\"><b>Transporta boj\u0101jumi:<\/b>\n<ul>\n<li style=\"font-weight: 400;\" aria-level=\"2\"><span style=\"font-weight: 400;\">lai iepakojuma \u0101r\u0113jos boj\u0101jumus atz\u012bm\u0113tu tie\u0161i pieg\u0101d\u0101t\u0101js. Fotodokument\u0113jiet boj\u0101jumu un inform\u0113jiet m\u016bs par to pa e-pastu verkauf@antstore.de.<\/span><\/li>\n<\/ul>\n<\/li>\n<li style=\"font-weight: 400;\" aria-level=\"1\"><b>Tehniskie defekti:<\/b>\n<ul>\n<li style=\"font-weight: 400;\" aria-level=\"2\"><span style=\"font-weight: 400;\">Zi\u0146ojiet par tehnisk\u0101m probl\u0113m\u0101m mums vai tie\u0161i ra\u017eot\u0101jam. Sazinieties ar ra\u017eot\u0101ju, izmantojot nor\u0101d\u012bto uztic\u012bbas t\u0101lruni vai e-pastu.<\/span><\/li>\n<li style=\"font-weight: 400;\" aria-level=\"2\"><span style=\"font-weight: 400;\">Defektu gad\u012bjum\u0101 jums ir ties\u012bbas uz. <\/span><b>labo\u0161ana<\/b><span style=\"font-weight: 400;\">, <\/span><b>aizvieto\u0161anas pieg\u0101de <\/b><span style=\"font-weight: 400;\">vai, ja labo\u0161ana nav veiksm\u012bga, l\u012bguma atcel\u0161ana vai pirkuma cenas samazin\u0101\u0161ana saska\u0146\u0101 ar BGB 439. pantu.<\/span><\/li>\n<\/ul>\n<\/li>\n<li style=\"font-weight: 400;\" aria-level=\"1\"><b>Nepareizi vai tr\u016bksto\u0161i raksti:<\/b>\n<ul>\n<li style=\"font-weight: 400;\" aria-level=\"2\"><span style=\"font-weight: 400;\">Nekav\u0113joties p\u0101rbaudiet, vai pieg\u0101de ir pareiza un piln\u012bga.<\/span><\/li>\n<li style=\"font-weight: 400;\" aria-level=\"2\"><span style=\"font-weight: 400;\">Ja tr\u016bkst pre\u010du vai t\u0101s ir sajauktas, l\u016bdzu, inform\u0113jiet m\u016bs, lai m\u0113s nekav\u0113joties var\u0113tu nov\u0113rst k\u013c\u016bdu.<\/span><\/li>\n<\/ul>\n<\/li>\n<\/ol>\n<p><b>Apmai\u0146a\/anul\u0113\u0161ana:<\/b><\/p>\n<ul>\n<li style=\"font-weight: 400;\" aria-level=\"1\"><span style=\"font-weight: 400;\">Ja prece neatbilst j\u016bsu v\u0113lm\u0113m, to var atdot atpaka\u013c, iev\u0113rojot \u0161\u0101dus nosac\u012bjumus. <\/span><b>ar likumu noteikt\u0101s atcel\u0161anas ties\u012bbas <\/b><span style=\"font-weight: 400;\">(sk. t\u0101l\u0101k). Priek\u0161noteikums ir termi\u0146u un nosac\u012bjumu iev\u0113ro\u0161ana.<\/span><\/li>\n<\/ul>\n<h4><b>2. atcel\u0161anas ties\u012bbas<\/b><\/h4>\n<ol>\n<li><b> Atteikuma politika pat\u0113r\u0113t\u0101jiem (saska\u0146\u0101 ar VCK 355. pantu):<\/b><\/li>\n<li><b> visp\u0101r\u0113j\u0101s atteikuma ties\u012bbas distances l\u012bgumiem:<\/b><\/li>\n<\/ol>\n<ul>\n<li style=\"font-weight: 400;\" aria-level=\"1\"><span style=\"font-weight: 400;\">Pat\u0113r\u0113t\u0101jiem (BGB 13. pants), t. i., jebkurai fiziskai personai, kas nosl\u0113dz juridisku dar\u012bjumu, kura m\u0113r\u0137is galvenok\u0101rt nav saist\u012bts ne ar t\u0101s komercdarb\u012bbu, ne ar neatkar\u012bgu profesion\u0101lo darb\u012bbu, ir ties\u012bbas 14 dienu laik\u0101, nenor\u0101dot iemeslus, atteikties no pre\u010du pirkuma l\u012bguma.<\/span><\/li>\n<\/ul>\n<ol start=\"2\">\n<li><b> inform\u0101ciju par atcel\u0161anas termi\u0146u:<\/b><\/li>\n<\/ol>\n<ul>\n<li style=\"font-weight: 400;\" aria-level=\"1\"><b>Atcel\u0161anas perioda s\u0101kums:<\/b>\n<ul>\n<li style=\"font-weight: 400;\" aria-level=\"2\"><span style=\"font-weight: 400;\">prec\u0113m, kuras var nos\u016bt\u012bt ar paku pastu: No dienas, kad pat\u0113r\u0113t\u0101js vai vi\u0146a nor\u0101d\u012bta tre\u0161\u0101 persona sa\u0146em p\u0113d\u0113jo pieg\u0101des preci.<\/span><\/li>\n<li style=\"font-weight: 400;\" aria-level=\"2\"><span style=\"font-weight: 400;\">Pre\u010du nos\u016bt\u012b\u0161anai: No dienas, kad ekspeditors ir nodevis p\u0113d\u0113j\u0101s preces.<\/span><\/li>\n<\/ul>\n<\/li>\n<\/ul>\n<ol start=\"3\">\n<li><b> anul\u0113\u0161anas deklar\u0101cija: <\/b><b><br \/><\/b><span style=\"font-weight: 400;\">Atcel\u0161ana tiek veikta ar skaidru rakstisku pazi\u0146ojumu (v\u0113stule, e-pasts), nos\u016btot to uz \u0161\u0101du adresi:<\/span><\/li>\n<\/ol>\n<p><b>Kontaktpersona: <\/b><b><br \/><\/b><span style=\"font-weight: 400;\">ANTSTORE, Martin Sebesta<\/span><span style=\"font-weight: 400;\"><br \/><\/span><span style=\"font-weight: 400;\">Selerweg 41, <\/span><span style=\"font-weight: 400;\">D-12169 Berl\u012bne<\/span><span style=\"font-weight: 400;\"><br \/><\/span><span style=\"font-weight: 400;\">T\u0101lrunis: +49 30 439703870<\/span><span style=\"font-weight: 400;\"><br \/><\/span><span style=\"font-weight: 400;\">E-pasts: verkauf (at) antstore.de<\/span><\/p>\n<p><span style=\"font-weight: 400;\">\u0160\u0101di <\/span><b>anul\u0113\u0161anas veidlapas paraugs<\/b><span style=\"font-weight: 400;\">var izmantot (nav oblig\u0101ti).<\/span><span style=\"font-weight: 400;\"><br \/><\/span><span style=\"font-weight: 400;\"> Lai iev\u0113rotu termi\u0146u, pietiek nos\u016bt\u012bt pazi\u0146ojumu par atcel\u0161anu pirms termi\u0146a beig\u0101m.<\/span><\/p>\n<ol start=\"4\">\n<li><b> atcel\u0161anas sekas:<\/b><\/li>\n<\/ol>\n<ul>\n<li style=\"font-weight: 400;\" aria-level=\"1\"><span style=\"font-weight: 400;\">Visu veikto maks\u0101jumu atmaksa, ieskaitot standarta pieg\u0101des izmaksas (bet ne par d\u0101rg\u0101k\u0101m v\u0113lamaj\u0101m pieg\u0101d\u0113m), tiks veikta ne v\u0113l\u0101k k\u0101 14 dienu laik\u0101 p\u0113c atcel\u0161anas sa\u0146em\u0161anas.<\/span><\/li>\n<li style=\"font-weight: 400;\" aria-level=\"1\"><span style=\"font-weight: 400;\">Atmaksai tiks izmantots s\u0101kotn\u0113jais izmantotais maks\u0101\u0161anas l\u012bdzeklis, ja vien nav pan\u0101kta cita vieno\u0161an\u0101s. Par atmaksu netiek iekas\u0113ta nek\u0101da maksa.<\/span><\/li>\n<li style=\"font-weight: 400;\" aria-level=\"1\"><span style=\"font-weight: 400;\">Atmaksa var tikt atteikta, kam\u0113r preces nav atgrieztas vai nav iesniegts atgrie\u0161anas apliecin\u0101jums.<\/span><\/li>\n<\/ul>\n<p><b>Pre\u010du atgrie\u0161ana:<\/b><\/p>\n<ul>\n<li style=\"font-weight: 400;\" aria-level=\"1\"><span style=\"font-weight: 400;\">Ar atgrie\u0161anu saist\u012bt\u0101s izmaksas sedz pat\u0113r\u0113t\u0101js.<\/span><\/li>\n<li style=\"font-weight: 400;\" aria-level=\"1\"><span style=\"font-weight: 400;\">Preces ir j\u0101nos\u016bta atpaka\u013c ne v\u0113l\u0101k k\u0101 14 dienu laik\u0101 p\u0113c pazi\u0146ojuma par atcel\u0161anu.<\/span><\/li>\n<li style=\"font-weight: 400;\" aria-level=\"1\"><span style=\"font-weight: 400;\">Pat\u0113r\u0113t\u0101js ir atbild\u012bgs par v\u0113rt\u012bbas zaud\u0113jumiem tikai tad, ja tie radu\u0161ies nepareizas lieto\u0161anas d\u0113\u013c, kas p\u0101rsniedz nepiecie\u0161amo st\u0101vok\u013ca un darb\u012bbas p\u0101rbaudi.<\/span><\/li>\n<\/ul>\n<p><b>Piez\u012bme:<\/b><\/p>\n<p><span style=\"font-weight: 400;\">Ja atgrie\u017eat jut\u012bgas preces, piem\u0113ram, stiklu, iesak\u0101m izmantot ori\u0123in\u0101lo iepakojumu. Tas ir vienk\u0101r\u0161\u0101kais veids, k\u0101 p\u0101rliecin\u0101ties, ka iepakojums ir piem\u0113rots \u0161o materi\u0101lu aizsardz\u012bbai. Ori\u0123in\u0101lais iepakojums bie\u017ei vien ir \u012bpa\u0161i paredz\u0113ts jut\u012bgu pre\u010du transport\u0113\u0161anai.<\/span><\/p>\n<p><span style=\"font-weight: 400;\">Ja jums vairs nav ori\u0123in\u0101l\u0101 iepakojuma, ir svar\u012bgi, lai produkts b\u016btu labi iepakots un polster\u0113ts. Turkl\u0101t izstr\u0101d\u0101jumam j\u0101b\u016bt novietotam kast\u0113 vertik\u0101li un centr\u0113ti, un tuk\u0161\u0101s vietas j\u0101aizpilda ar pild\u012bjumu, lai nov\u0113rstu izstr\u0101d\u0101juma p\u0101rvieto\u0161anos un boj\u0101jumus transport\u0113\u0161anas laik\u0101.<\/span><\/p>\n<p><span style=\"font-weight: 400;\">Ja jums ir k\u0101di jaut\u0101jumi, l\u016bdzu, sazinieties ar m\u016bsu klientu apkalpo\u0161anas komandu, kas ar prieku pal\u012bdz\u0113s jums atrast pareizo iepakojumu dro\u0161ai pre\u010du nos\u016bt\u012b\u0161anai atpaka\u013c.<\/span><\/p>\n<ol>\n<li><b> Atteikuma ties\u012bbu izsl\u0113g\u0161ana un ierobe\u017eo\u0161ana (BGB 312.g pants): <\/b><b><br \/><\/b><span style=\"font-weight: 400;\">Atcel\u0161anas ties\u012bbas neattiecas uz:<\/span><\/li>\n<\/ol>\n<ul>\n<li style=\"font-weight: 400;\" aria-level=\"1\"><span style=\"font-weight: 400;\">Preces, kas ir izgatavotas atbilsto\u0161i klienta specifik\u0101cij\u0101m vai ir skaidri personaliz\u0113tas.<\/span><\/li>\n<li style=\"font-weight: 400;\" aria-level=\"1\"><span style=\"font-weight: 400;\">\u0101tri boj\u0101jo\u0161\u0101s preces vai preces ar \u012bsu der\u012bguma termi\u0146u.<\/span><\/li>\n<li style=\"font-weight: 400;\" aria-level=\"1\"><span style=\"font-weight: 400;\">aizz\u012bmogotas preces, kuras higi\u0113nas vai vesel\u012bbas aizsardz\u012bbas apsv\u0113rumu d\u0113\u013c nevar atdot atpaka\u013c, kad plomba ir no\u0146emta.<\/span><\/li>\n<li style=\"font-weight: 400;\" aria-level=\"1\"><span style=\"font-weight: 400;\">Preces, kuras to \u012bpa\u0161\u012bbu d\u0113\u013c ir neatdal\u0101mi sajauktas ar cit\u0101m prec\u0113m.<\/span><\/li>\n<li style=\"font-weight: 400;\" aria-level=\"1\"><span style=\"font-weight: 400;\">Laikraksti, \u017eurn\u0101li vai periodiskie izdevumi (iz\u0146emot abonementus).<\/span><\/li>\n<\/ul>\n<ol>\n<li><b> Atteikuma ties\u012bbu pirmstermi\u0146a izbeig\u0161an\u0101s (BGB 356. pants): <\/b><b><br \/><\/b><span style=\"font-weight: 400;\">Atcel\u0161anas ties\u012bbas izbeidzas priek\u0161laic\u012bgi, ja:<\/span><\/li>\n<\/ol>\n<ul>\n<li style=\"font-weight: 400;\" aria-level=\"1\"><span style=\"font-weight: 400;\">Aizz\u012bmogotu audio\/video ierakstu vai programmat\u016bras pieg\u0101de, ja z\u012bmogs ir no\u0146emts.<\/span><\/li>\n<li style=\"font-weight: 400;\" aria-level=\"1\"><span style=\"font-weight: 400;\">pakalpojumi, kas ir sniegti piln\u0101 apm\u0113r\u0101, ja pat\u0113r\u0113t\u0101js ir devis skaidru iepriek\u0161\u0113ju piekri\u0161anu.<\/span><\/li>\n<\/ul>\n<h4><b>Atcel\u0161anas veidlapas paraugs<\/b><\/h4>\n<p><span style=\"font-weight: 400;\">Ja v\u0113laties atcelt l\u012bgumu, l\u016bdzu, izmantojiet \u0161o veidlapu:<\/span><\/p>\n<p><b>Atcel\u0161anas veidlapas paraugs:<\/b><\/p>\n<p><b>Uz:<\/b><span style=\"font-weight: 400;\"><br \/><\/span><span style=\"font-weight: 400;\">ANTSTORE, Martin Sebesta<\/span><span style=\"font-weight: 400;\"><br \/><\/span><span style=\"font-weight: 400;\">Selerweg 41, D-12169 Berl\u012bne<\/span><span style=\"font-weight: 400;\"><br \/><\/span><span style=\"font-weight: 400;\">Email:verkauf@antstore.de\u00a0<\/span><\/p>\n<p><b>Temats:<\/b><\/p>\n<p><span style=\"font-weight: 400;\">Pas\u016bt\u012bjuma atcel\u0161ana [pas\u016bt\u012bjuma numurs]<\/span><\/p>\n<p>\u00a0<\/p>\n<p><b>Saturs:<\/b><\/p>\n<p><span style=\"font-weight: 400;\">Ar \u0161o es atce\u013cu l\u012bgumu par \u0161\u0101du pre\u010du ieg\u0101di:<\/span><span style=\"font-weight: 400;\"><br \/><\/span><span style=\"font-weight: 400;\"> [ievietot pre\u010du aprakstu]<\/span><\/p>\n<p><b>Pas\u016bt\u012bts:<\/b><span style=\"font-weight: 400;\"> [datums]<\/span><\/p>\n<p><b>Sa\u0146emts: <\/b><span style=\"font-weight: 400;\">[datums]<\/span><\/p>\n<p><b>Pat\u0113r\u0113t\u0101ja nosaukums: <\/b><span style=\"font-weight: 400;\">[V\u0101rds]<\/span><\/p>\n<p><b>Pat\u0113r\u0113t\u0101ja adrese: <\/b><span style=\"font-weight: 400;\">[adrese]<\/span><\/p>\n<p><span style=\"font-weight: 400;\">Datums un paraksts (tikai rakstiskai atcel\u0161anai pa pastu)<\/span><\/p>\n<p>\u00a0<\/p>\n<p><strong><span style=\"font-family: Verdana; font-size: small;\">Lejupiel\u0101d\u0113t atcel\u0161anas veidlapu:<\/span><\/strong><br \/><a href=\"https:\/\/www.antstore.net\/shop\/images\/documents\/Information-Reklamation-de.pdf\" target=\"_blank\" rel=\"noopener\"><span style=\"font-family: verdana,arial,helvetica,sans-serif;\"><img data-recalc-dims=\"1\" decoding=\"async\" src=\"https:\/\/i0.wp.com\/www.antstore.net\/shop\/images\/pdf_logo.gif?w=1020&#038;ssl=1\" alt=\"\" border=\"0\" \/>Inform\u0101cija un atgrie\u0161an\u0101s<\/span><\/a> (v\u0101cu valod\u0101), (PDF 0,4 MB)<br \/><span style=\"color: #666666; font-family: arial,helvetica,sans-serif; font-size: xx-small;\">(Sast\u0101v no: inform\u0101cija \/ veidlapa)<\/span>\u00a0<\/p>\n<h2>Pre\u010du atgrie\u0161ana\/atsauk\u0161ana Preces Produkti<\/h2>\n<p>Kategorij\u0101 Preces iek\u013cauto produktu pieg\u0101di un ra\u017eo\u0161anu nodro\u0161ina m\u016bsu partneris PRINTFUL. Pas\u016btot k\u0101du no \u0161iem produktiem, j\u016bs piekr\u012btat PRINTFUL noteikumiem un nosac\u012bjumiem, priv\u0101tuma politikai un atgrie\u0161anas politikai.\u00a0<\/p>\n<p><a href=\"https:\/\/www.printful.com\/policies\/terms-of-service\">PRINTFUL Noteikumi un nosac\u012bjumi atrodami \u0161eit.<\/a><\/p>\n<p><a href=\"https:\/\/www.printful.com\/policies\/returns\">\u0160eit atrodiet PRINTFUL atgrie\u0161anas noteikumus.<\/a><\/p>\n<p><a href=\"https:\/\/www.printful.com\/policies\/privacy\">\u0160eit atrodiet PRINTFUL konfidencialit\u0101tes politiku.<\/a><\/p>\n\n\t\t<\/div>\n\t\t\t\t\t<\/div>\n\n\t\n\n<\/div>","protected":false},"excerpt":{"rendered":"","protected":false},"author":1,"featured_media":0,"parent":0,"menu_order":0,"comment_status":"closed","ping_status":"closed","template":"","meta":{"_acf_changed":false,"content-type":"","_monsterinsights_skip_tracking":false,"_monsterinsights_sitenote_active":false,"_monsterinsights_sitenote_note":"","_monsterinsights_sitenote_category":0,"footnotes":""},"class_list":["post-632","page","type-page","status-publish","hentry"],"acf":[],"aioseo_notices":[],"jetpack_sharing_enabled":true,"_links":{"self":[{"href":"https:\/\/clone.antcube.shop\/lv\/wp-json\/wp\/v2\/pages\/632","targetHints":{"allow":["GET"]}}],"collection":[{"href":"https:\/\/clone.antcube.shop\/lv\/wp-json\/wp\/v2\/pages"}],"about":[{"href":"https:\/\/clone.antcube.shop\/lv\/wp-json\/wp\/v2\/types\/page"}],"author":[{"embeddable":true,"href":"https:\/\/clone.antcube.shop\/lv\/wp-json\/wp\/v2\/users\/1"}],"replies":[{"embeddable":true,"href":"https:\/\/clone.antcube.shop\/lv\/wp-json\/wp\/v2\/comments?post=632"}],"version-history":[{"count":10,"href":"https:\/\/clone.antcube.shop\/lv\/wp-json\/wp\/v2\/pages\/632\/revisions"}],"predecessor-version":[{"id":10639,"href":"https:\/\/clone.antcube.shop\/lv\/wp-json\/wp\/v2\/pages\/632\/revisions\/10639"}],"wp:attachment":[{"href":"https:\/\/clone.antcube.shop\/lv\/wp-json\/wp\/v2\/media?parent=632"}],"curies":[{"name":"wp","href":"https:\/\/api.w.org\/{rel}","templated":true}]}}