{"id":721,"date":"2021-08-17T11:04:38","date_gmt":"2021-08-17T09:04:38","guid":{"rendered":"https:\/\/antcube.shop\/?page_id=721"},"modified":"2023-12-15T12:45:13","modified_gmt":"2023-12-15T11:45:13","slug":"skudru-mekletajs","status":"publish","type":"page","link":"https:\/\/clone.antcube.shop\/lv\/skudru-mekletajs\/","title":{"rendered":"Atrodiet savu skudru sugu"},"content":{"rendered":"<div id=\"gap-1650932029\" class=\"gap-element clearfix\" style=\"display:block; height:auto;\">\n\t\t\n<style>\n#gap-1650932029 {\n  padding-top: 195px;\n}\n@media (min-width:550px) {\n  #gap-1650932029 {\n    padding-top: 201px;\n  }\n}\n@media (min-width:850px) {\n  #gap-1650932029 {\n    padding-top: 175px;\n  }\n}\n<\/style>\n\t<\/div>\n\t\n\n\t<div id=\"text-2465497500\" class=\"text\">\n\t\t\n\n<h1>ANTCUBE skudru mekl\u0113t\u0101js<\/h1>\n<h1>Atrodiet piem\u0113rotu skudru m\u0101t\u012bti vai koloniju, ko patur\u0113t.<\/h1>\n<p>Lai pal\u012bdz\u0113tu jums atrast piem\u0113rotu skudru sugu, neatkar\u012bgi no t\u0101, vai esat ies\u0101c\u0113js, vai jums jau ir zin\u0101ma pieredze, vai ar\u012b jau esat skudru audz\u0113\u0161anas eksperts, m\u0113s esam izstr\u0101d\u0101ju\u0161i m\u016bsu \"Skudru mekl\u0113t\u0101ju\".<\/p>\n\t\t\n<style>\n#text-2465497500 {\n  text-align: center;\n}\n<\/style>\n\t<\/div>\n\t\n\t<div id=\"gap-1792616465\" class=\"gap-element clearfix\" style=\"display:block; height:auto;\">\n\t\t\n<style>\n#gap-1792616465 {\n  padding-top: 30px;\n}\n<\/style>\n\t<\/div>\n\t\n\n\t<div id=\"text-2396617383\" class=\"text\">\n\t\t\n\n<p><strong>Jaut\u0101jums: K\u0101da ir j\u016bsu pieredze skudru tur\u0113\u0161an\u0101?<\/strong><\/p>\n\t\t\n<style>\n#text-2396617383 {\n  font-size: 1.8rem;\n  text-align: center;\n}\n<\/style>\n\t<\/div>\n\t\n\t<div id=\"gap-1383177415\" class=\"gap-element clearfix\" style=\"display:block; height:auto;\">\n\t\t\n<style>\n#gap-1383177415 {\n  padding-top: 15px;\n}\n@media (min-width:550px) {\n  #gap-1383177415 {\n    padding-top: 50px;\n  }\n}\n<\/style>\n\t<\/div>\n\t\n\n<div class=\"row row-solid\"  id=\"row-2014345111\">\n\n\n\t<div id=\"col-832613094\" class=\"col medium-4 small-12 large-4\"  >\n\t\t\t\t<div class=\"col-inner\"  >\n\t\t\t\n\t\t\t\n\n\n  <div class=\"banner has-hover\" id=\"banner-538361921\">\n          <div class=\"banner-inner fill\">\n        <div class=\"banner-bg fill\" >\n            <img loading=\"lazy\" decoding=\"async\" width=\"350\" height=\"350\" src=\"https:\/\/i0.wp.com\/clone.antcube.shop\/wp-content\/uploads\/2021\/09\/green.jpg?fit=350%2C350&amp;ssl=1\" class=\"bg attachment-large size-large\" alt=\"\" \/>                                    \n                    <\/div>\n\t\t\n        <div class=\"banner-layers container\">\n            <a class=\"fill\" href=\"https:\/\/clone.antcube.shop\/ant-finder\/beginner\/\"><div class=\"fill banner-link\"><\/div><\/a>            \n\n   <div id=\"text-box-604683820\" class=\"text-box banner-layer x50 md-x50 lg-x50 y10 md-y10 lg-y10 res-text\">\n                                <div class=\"text-box-content text dark\">\n              \n              <div class=\"text-inner text-center\">\n                  \n\n\t<div id=\"text-4026044185\" class=\"text\">\n\t\t\n\n<h3 class=\"uppercase\"><strong>Ies\u0101c\u0113js<\/strong><\/h3>\n\t\t\n<style>\n#text-4026044185 {\n  font-size: 1.05rem;\n  color: rgb(0,0,0);\n}\n#text-4026044185 > * {\n  color: rgb(0,0,0);\n}\n<\/style>\n\t<\/div>\n\t\n\n              <\/div>\n           <\/div>\n                            \n<style>\n#text-box-604683820 {\n  width: 76%;\n}\n#text-box-604683820 .text-box-content {\n  font-size: 100%;\n}\n<\/style>\n    <\/div>\n \n\n        <\/div>\n      <\/div>\n\n            \n<style>\n#banner-538361921 {\n  padding-top: 75%;\n}\n#banner-538361921 .banner-bg img {\n  object-position: 50% 100%;\n}\n<\/style>\n  <\/div>\n\n\n\n\t\t<\/div>\n\t\t\t\t\t<\/div>\n\n\t\n\n\t<div id=\"col-1772222881\" class=\"col medium-4 small-12 large-4\"  >\n\t\t\t\t<div class=\"col-inner\"  >\n\t\t\t\n\t\t\t\n\n\n  <div class=\"banner has-hover\" id=\"banner-1355434832\">\n          <div class=\"banner-inner fill\">\n        <div class=\"banner-bg fill\" >\n            <img loading=\"lazy\" decoding=\"async\" width=\"350\" height=\"350\" src=\"https:\/\/i0.wp.com\/clone.antcube.shop\/wp-content\/uploads\/2021\/09\/yellow.jpg?fit=350%2C350&amp;ssl=1\" class=\"bg attachment-large size-large\" alt=\"\" \/>                        <div class=\"overlay\"><\/div>            \n                    <\/div>\n\t\t\n        <div class=\"banner-layers container\">\n            <a class=\"fill\" href=\"https:\/\/clone.antcube.shop\/ant-finder\/intermediate\/\"><div class=\"fill banner-link\"><\/div><\/a>            \n\n   <div id=\"text-box-1601605368\" class=\"text-box banner-layer x50 md-x50 lg-x50 y10 md-y10 lg-y10 res-text\">\n                                <div class=\"text-box-content text dark\">\n              \n              <div class=\"text-inner text-center\">\n                  \n\n\t<div id=\"text-4254653662\" class=\"text\">\n\t\t\n\n<h3 class=\"uppercase\"><strong>Intermediate<\/strong><\/h3>\n\t\t\n<style>\n#text-4254653662 {\n  font-size: 1.05rem;\n  color: rgb(0, 0, 0);\n}\n#text-4254653662 > * {\n  color: rgb(0, 0, 0);\n}\n<\/style>\n\t<\/div>\n\t\n\n              <\/div>\n           <\/div>\n                            \n<style>\n#text-box-1601605368 {\n  width: 100%;\n}\n#text-box-1601605368 .text-box-content {\n  font-size: 100%;\n}\n<\/style>\n    <\/div>\n \n\n        <\/div>\n      <\/div>\n\n            \n<style>\n#banner-1355434832 {\n  padding-top: 75%;\n}\n#banner-1355434832 .overlay {\n  background-color: rgba(0, 0, 0, 0);\n}\n#banner-1355434832 .banner-bg img {\n  object-position: 50% 100%;\n}\n<\/style>\n  <\/div>\n\n\n\n\t\t<\/div>\n\t\t\t\t\t<\/div>\n\n\t\n\n\t<div id=\"col-956165736\" class=\"col medium-4 small-12 large-4\"  >\n\t\t\t\t<div class=\"col-inner\"  >\n\t\t\t\n\t\t\t\n\n\n  <div class=\"banner has-hover\" id=\"banner-655164192\">\n          <div class=\"banner-inner fill\">\n        <div class=\"banner-bg fill\" >\n            <img loading=\"lazy\" decoding=\"async\" width=\"350\" height=\"350\" src=\"https:\/\/i0.wp.com\/clone.antcube.shop\/wp-content\/uploads\/2021\/09\/red.jpg?fit=350%2C350&amp;ssl=1\" class=\"bg attachment-large size-large\" alt=\"\" \/>                                    \n                    <\/div>\n\t\t\n        <div class=\"banner-layers container\">\n            <a class=\"fill\" href=\"https:\/\/clone.antcube.shop\/ant-finder\/expert\/\"><div class=\"fill banner-link\"><\/div><\/a>            \n\n   <div id=\"text-box-272408097\" class=\"text-box banner-layer x50 md-x50 lg-x50 y10 md-y10 lg-y10 res-text\">\n                                <div class=\"text-box-content text dark\">\n              \n              <div class=\"text-inner text-center\">\n                  \n\n\t<div id=\"text-305394597\" class=\"text\">\n\t\t\n\n<h3 class=\"uppercase\"><strong>Eksperts<\/strong><\/h3>\n\t\t\n<style>\n#text-305394597 {\n  font-size: 1.05rem;\n  color: rgb(0,0,0);\n}\n#text-305394597 > * {\n  color: rgb(0,0,0);\n}\n<\/style>\n\t<\/div>\n\t\n\n              <\/div>\n           <\/div>\n                            \n<style>\n#text-box-272408097 {\n  width: 72%;\n}\n#text-box-272408097 .text-box-content {\n  font-size: 100%;\n}\n<\/style>\n    <\/div>\n \n\n        <\/div>\n      <\/div>\n\n            \n<style>\n#banner-655164192 {\n  padding-top: 75%;\n}\n#banner-655164192 .banner-bg img {\n  object-position: 50% 100%;\n}\n<\/style>\n  <\/div>\n\n\n\n\t\t<\/div>\n\t\t\t\t\t<\/div>\n\n\t\n\n<\/div>","protected":false},"excerpt":{"rendered":"","protected":false},"author":1,"featured_media":0,"parent":0,"menu_order":0,"comment_status":"closed","ping_status":"closed","template":"","meta":{"_acf_changed":false,"content-type":"","_monsterinsights_skip_tracking":false,"_monsterinsights_sitenote_active":false,"_monsterinsights_sitenote_note":"","_monsterinsights_sitenote_category":0,"footnotes":""},"class_list":["post-721","page","type-page","status-publish","hentry"],"acf":[],"aioseo_notices":[],"jetpack_sharing_enabled":true,"_links":{"self":[{"href":"https:\/\/clone.antcube.shop\/lv\/wp-json\/wp\/v2\/pages\/721","targetHints":{"allow":["GET"]}}],"collection":[{"href":"https:\/\/clone.antcube.shop\/lv\/wp-json\/wp\/v2\/pages"}],"about":[{"href":"https:\/\/clone.antcube.shop\/lv\/wp-json\/wp\/v2\/types\/page"}],"author":[{"embeddable":true,"href":"https:\/\/clone.antcube.shop\/lv\/wp-json\/wp\/v2\/users\/1"}],"replies":[{"embeddable":true,"href":"https:\/\/clone.antcube.shop\/lv\/wp-json\/wp\/v2\/comments?post=721"}],"version-history":[{"count":10,"href":"https:\/\/clone.antcube.shop\/lv\/wp-json\/wp\/v2\/pages\/721\/revisions"}],"predecessor-version":[{"id":6865,"href":"https:\/\/clone.antcube.shop\/lv\/wp-json\/wp\/v2\/pages\/721\/revisions\/6865"}],"wp:attachment":[{"href":"https:\/\/clone.antcube.shop\/lv\/wp-json\/wp\/v2\/media?parent=721"}],"curies":[{"name":"wp","href":"https:\/\/api.w.org\/{rel}","templated":true}]}}