{"id":6737,"date":"2023-12-12T15:03:25","date_gmt":"2023-12-12T14:03:25","guid":{"rendered":"https:\/\/antcube.shop\/product\/antcube-starter-set-fur-weberameisen-gros\/"},"modified":"2026-01-12T12:38:07","modified_gmt":"2026-01-12T11:38:07","slug":"sakumkomplekts-skudrulisu-skudram-lielajam","status":"publish","type":"product","link":"https:\/\/clone.antcube.shop\/lv\/products\/sakumkomplekts-skudrulisu-skudram-lielajam\/","title":{"rendered":"ANTCUBE - S\u0101kuma komplekts skudrul\u012bt\u0113m - liels"},"content":{"rendered":"<p><span data-text-color=\"alert\"><strong>Pieg\u0101de iesp\u0113jama tikai ar p\u0101rs\u016bt\u012b\u0161anu uz paletes.<\/strong><\/span><\/p>\n<p><strong>Saturs:<\/strong><br \/>\n1x Medus rasas mais\u012bjums (HT) - uzpilde 10ml<br \/>\n1x Veseli blan\u0161\u0113ti c\u012brusi<\/p>\n<p>1x ANTCUBE Arena 30x30x60 ar b\u012bd\u0101m\u0101m durv\u012bm<br \/>\n1x skudru ar\u0113nas r\u0101mis 30\u00d730 - 5cm<br \/>\n1x skudru ar\u0113nas p\u0101rsegs 30\u00d730<br \/>\n1x fiks\u0101cijas punkts ar\u0113nas v\u0101kam (4 gab.)<\/p>\n<p>1x b\u012bd\u0101mo durvju r\u0101mis<br \/>\n0,5 litru smidzin\u0101t\u0101ja pudele - misi\u0146a uzgalis<br \/>\n1x Foto aizmugures siena - lietus me\u017es - 30\u00d760 - augsta<br \/>\n1x Formik\u0101rija pamatne 30\u00d730 cm<\/p>\n<p>1x substr\u0101ts lietus me\u017es 1 kg<br \/>\n2x Formicarium aizb\u0101zni 50 mm caurumam<br \/>\n3x re\u017e\u0123a ieliktnis - 50 mm - ner\u016bs\u0113jo\u0161ais t\u0113rauds<br \/>\nMini termohigrometrs digit\u0101lais - balts - pa\u0161l\u012bm\u0113jo\u0161s<br \/>\n1x atsperu t\u0113rauda pincete plata - m\u012bksta<br \/>\n1x Plastmasas pincete standarta<br \/>\n1x e\u013c\u013ca aizsardz\u012bbai pret skudru uzliesmojumiem<br \/>\n1x dzert\u0101js caursp\u012bd\u012bgs 20ml - s\u016bklis<br \/>\n1x dzirdin\u0101t\u0101js 2ml - 360 gr\u0101di<br \/>\n1x b\u013coda caursp\u012bd\u012bga 1\u00d720 - s\u016bklis<br \/>\n1x rokas lupa - 2x - 30 mm<br \/>\n1x putu t\u012br\u012bt\u0101js 150x18x2,5mm<\/p>\n<p><strong>Apraksts:<\/strong><br \/>\n\u0160aj\u0101 papla\u0161in\u0101maj\u0101 starta komplekt\u0101, kas \u012bpa\u0161i paredz\u0113ts da\u017e\u0101d\u0101m skudru sug\u0101m, piem\u0113ram, Polyrhachis spec. vai Oecophylla spec., ir ne tikai optim\u0101li piel\u0101gots formik\u0101rijs, bet ar\u012b piem\u0113roti piederumi \u0161o skudru sugu audz\u0113\u0161anai.<\/p>\n<p>B\u012bd\u0101m\u0101s durvis priek\u0161pus\u0113 (atv\u0113rums 150x200 mm) atvieglo darbu formik\u0101rij\u0101, pat ar liel\u0101m kolonij\u0101m vai formik\u0101rija apst\u0101d\u012b\u0161anu ar saimniekaugu, piem\u0113ram, Oecophylla smaragdina. Papildu formik\u0101rijus var savienot, izmantojot divus 50 mm caurumus s\u0101nos. Ner\u016bs\u0113jo\u0161\u0101 t\u0113rauda re\u017e\u0123u ielikt\u0146i nodro\u0161ina labu ventil\u0101ciju un ir iztur\u012bgi pret meh\u0101nisku iedarb\u012bbu. Sist\u0113mas iek\u0161pus\u0113 eso\u0161ais termometrs un higrometrs ir piln\u012bgi dro\u0161s b\u0113rniem un m\u0101jdz\u012bvniekiem un \u013cauj viegli kontrol\u0113t klimata v\u0113rt\u012bbas. Vajadz\u012bbas gad\u012bjum\u0101 mitrumu var palielin\u0101t ar izsmidzin\u0101t\u0101ja pudeli. Dzirdin\u0101t\u0101js caursp\u012bd\u012bgs 20 ml - s\u016bklis ir paredz\u0113ts svaiga \u016bdens padevei, bet dzirdin\u0101t\u0101js 2 ml - 360 gr\u0101du medus vai cukura \u0161\u0137\u012bduma padevei.<\/p>\n<p><strong>Svar\u012bgi:<\/strong> Pirms lieto\u0161anas substr\u0101tu samitriniet, lai mais\u012bjums var\u0113tu savienoties un nostiprin\u0101ties skudru ferm\u0101. Turkl\u0101t p\u0101r\u0101k sauss un putek\u013cains substr\u0101ts var izrais\u012bt skudru elpo\u0161anas ce\u013cu nosprostojumu, un slikt\u0101kaj\u0101 gad\u012bjum\u0101 dz\u012bvnieki var aizdusa.<\/p>\n<p><strong>Svar\u012bga piez\u012bme par b\u012bd\u0101mo durvju r\u0101mi:<\/strong><br \/>\nR\u0101mi var viegli piestiprin\u0101t pie b\u012bd\u0101mo durvju slied\u0113m piestiprin\u0101taj\u0101m skr\u016bv\u0113m. Lai to izdar\u012btu, uzman\u012bgi atskr\u016bv\u0113jiet <strong>tikai<\/strong> iek\u0161pus\u0113 eso\u0161os uzgrie\u017e\u0146us. Nepiecie\u0161ams neliels Phillips skr\u016bvgriezis (krusteniskais skr\u016bvgriezis). Salieciet r\u0101mi kop\u0101 un uzskr\u016bv\u0113jiet to iek\u0161pus\u0113. P\u0113c tam uzman\u012bgi piestipriniet uzgrie\u017e\u0146us un <strong>nek\u0101d\u0101 gad\u012bjum\u0101 ne griezties p\u0101r\u0101k cie\u0161i,<\/strong> cit\u0101di stikls var tikt boj\u0101ts.<\/p>\n<p><strong>Piez\u012bmes par ra\u017eo\u0161anu<\/strong><br \/>\nStikls ir griezts saska\u0146\u0101 ar DIN 1249 ar +\/- 1 mm pielaidi. \u012apa\u0161i maz\u0101m skudru sug\u0101m ir nepiecie\u0161ama papildu aizsardz\u012bba pret izlau\u0161anos.<\/p>\n<p><strong>Piez\u012bme par medusrasu:<\/strong><br \/>\nSaturs: 10 ml<br \/>\nTas ir dab\u012bgs produkts, ko p\u0113c pla\u0161iem testiem laboratorij\u0101 esam pilnveidoju\u0161i un izveidoju\u0161i par bar\u012bbu, ko skudras \u013coti labi pie\u0146em. Iemesls ir t\u0101ds, ka neapstr\u0101d\u0101tu medus rasas medu t\u0101 koncentr\u0113taj\u0101 s\u0101kotn\u0113j\u0101 form\u0101 skudras un to vielmai\u0146a slikti pie\u0146em.<br \/>\nM\u016bsu medus rasa tika iev\u0101kta Bulg\u0101rijas nepies\u0101r\u0146otajos savva\u013cas kalnu me\u017eos. Medus rasas veido\u0161an\u0101s laiks ir \u013coti ierobe\u017eots - aptuveni divi m\u0113ne\u0161i vasar\u0101. T\u0101p\u0113c tas ir \u013coti reti sastopams. Pateicoties me\u017eu augsnes un klimata \u012bpatn\u012bb\u0101m, koku lap\u0101s ir uzkr\u0101ju\u0161\u0101s eksistenci\u0101li svar\u012bgas bar\u012bbas vielas, ko absorb\u0113 odi. T\u0101p\u0113c \u0161is medusrasas mais\u012bjums ir tik \u013coti v\u0113lams skudr\u0101m.<\/p>\n<p><strong>Pieteikums:<\/strong><br \/>\nP\u0101rtikas daudzums j\u0101pat\u0113r\u0113 apm\u0113ram 3 dienu laik\u0101.<\/p>\n<p><strong>Apraksts:<\/strong><br \/>\nMedusrasu at\u0161\u0137ir\u012bb\u0101 no ziedu medus ieg\u016bst no augu s\u016bc\u0113ju kukai\u0146u, piem\u0113ram, laputu, izdal\u012bjumiem. Medusrasa ir iecien\u012bts daudzu kukai\u0146u, piem\u0113ram, skudru, bi\u0161u un pat kamie\u013cu, bar\u012bbas avots. Bites un kamenes to laiza no da\u017e\u0101du koku lap\u0101m vai skujas. Skudras, piem\u0113ram, Lasius niger, regul\u0101ri uztur laputis. T\u0101s pat aizst\u0101v t\u0101s pret pl\u0113s\u0113jiem un p\u0101rnes uz svaigiem dzinumiem.<\/p>\n<p>Medusrasu iecien\u012bju\u0161as skudras galvenok\u0101rt t\u0101s nedaudz at\u0161\u0137ir\u012bgo sast\u0101vda\u013cu d\u0113\u013c. Galvenie medusrasas cukuri ir saharoze un fruktoze, bet maz\u0101k\u0101 daudzum\u0101 ir ar\u012b maltoze, trehalozi, melezitoze, rafinozi un citi oligosahar\u012bdi. Papildus cukuriem un \u016bdenim medus rasas sast\u0101v\u0101 ir ar\u012b eksistenci\u0101li svar\u012bgas aminosk\u0101bes, miner\u0101lvielas, mikroelementi, adenoz\u012bnfosf\u0101ti un citas sast\u0101vda\u013cas, piem\u0113ram, vitam\u012bni.<\/p>\n<p><strong>Izmanto\u0161ana:<\/strong><br \/>\nMedus\u0113d\u0101ju skudru sug\u0101m (Meliphagidae).<br \/>\nT\u0101 ir papildbar\u012bba<br \/>\nTo var pied\u0101v\u0101t dz\u012bvniekiem pieg\u0101d\u0101t\u0101 st\u0101vokl\u012b. T\u0101 k\u0101 mitrums samazina cukura koncentr\u0101ciju un s\u0101k ferment\u0101cijas procesu, bar\u012bba j\u0101maina ik p\u0113c 3 dien\u0101m. Pirms atk\u0101rtotas lieto\u0161anas r\u016bp\u012bgi izt\u012briet bar\u012bbas b\u013codu\/caurul\u012bti.<br \/>\nAtv\u0113rtu iepakojumu j\u0101lieto cie\u0161i nosl\u0113gtu l\u012bdz nor\u0101d\u012btajam (der\u012bguma termi\u0146am).<\/p>\n<p><strong>Uzturv\u0113rt\u012bbas uz 100 g:<\/strong><br \/>\naptuveni 2,7 % tauku<br \/>\nno t\u0101 pies\u0101tin\u0101ts aptuveni 0,45 %<br \/>\naptuveni 95 % og\u013chidr\u0101ti<br \/>\nno t\u0101 cukura apm. 71%<br \/>\naptuveni 2,85% olbaltumvielu<br \/>\nminer\u0101lvielas (k\u0101lijs, kalcijs, var\u0161, dzelzs, n\u0101trijs, magnijs, fosfors, cinks un citi mikroelementi). Aminosk\u0101bes (prol\u012bns, leic\u012bns, fenilalan\u012bns, alan\u012bns, histid\u012bns, izoleic\u012bns, glutam\u012bnsk\u0101be, argin\u012bns, asparag\u012bnsk\u0101be u. c.) Organisk\u0101s sk\u0101bes Fermenti (fermenti) Aromatiz\u0113t\u0101ji Inhib\u012bni (antibakteri\u0101las vielas) Ziedi Putek\u0161\u0146i<\/p>\n<p><strong>Uzglab\u0101\u0161ana:<\/strong><br \/>\nLai nodro\u0161in\u0101tu bar\u012bbas kvalit\u0101ti, bar\u012bba j\u0101uzglab\u0101 tum\u0161\u0101 un saus\u0101 viet\u0101.<\/p>\n<p><strong>Pazi\u0146ojums:<\/strong><br \/>\nPapildu bar\u012bba medus\u0113d\u012bgaj\u0101m skudr\u0101m.<br \/>\nSast\u0101vs, anal\u012btisk\u0101s sast\u0101vda\u013cas, der\u012bguma termi\u0146\u0161 un partijas numurs ir nor\u0101d\u012bts iepakojuma pam\u0101c\u012bb\u0101.<\/p>\n<p>Inform\u0101cijas t\u0101lrunis +49 30 439703870<\/p>\n<p><strong>Atbild\u012bg\u0101 veterin\u0101r\u0101 un p\u0101rtikas uzraudz\u012bbas iest\u0101de:<\/strong><br \/>\nSteglitz veterin\u0101rais birojs<br \/>\nK\u00f6nigin-Luise-Str. 92<br \/>\n14195 Berl\u012bne<\/p>\n<p><strong>Piez\u012bme par blan\u0161\u0113tiem c\u012br\u010diem:<\/strong><br \/>\nM\u016bsu blan\u0161\u0113tie cvingri ir vienk\u0101r\u0161s veids, k\u0101 nodro\u0161in\u0101t skudras ar svaigi konserv\u0113tu prote\u012bnu bar\u012bbu, nebarojot dz\u012bvus kukai\u0146us. Komplekt\u0101 iek\u013cautie cvingri (Acheta domesticus) ir saudz\u012bgi blan\u0161\u0113ti, lai nodro\u0161in\u0101tu uzturv\u0113rt\u012bbas, gar\u0161as un arom\u0101ta saglab\u0101\u0161anu. Turkl\u0101t \u0161\u0101d\u0101 veid\u0101 tiek m\u012bkstin\u0101ts kukai\u0146u hit\u012bna apvalks, lai tos var\u0113tu viegl\u0101k sagremot. Kolag\u0113no olbaltumvielu savienojumi tiek sa\u0161\u0137elti, lai skudras tos var\u0113tu lab\u0101k izmantot. Konserv\u0113tu Acheta domesticus konservu uzturv\u0113rt\u012bba ir t\u0101da pati k\u0101 dz\u012bviem c\u012brul\u012b\u0161iem, bet tie ir viegl\u0101k sagremojami.<\/p>\n<p>Blan\u0161\u0113tie c\u012brul\u012b\u0161i nav piem\u0113roti skudru sugu med\u012bb\u0101m, kur\u0101m nepiecie\u0161ama dz\u012bva bar\u012bba (piem\u0113ram, poner\u012bni (pirmatn\u0113j\u0101s skudras), piem\u0113ram, Harpegnathos vai Odontomachus).<\/p>\n<p><strong>Citas priek\u0161roc\u012bbas:<\/strong><br \/>\nGarant\u0113ta \u0113r\u010du neesam\u012bba<br \/>\nPorcion\u0113jams<br \/>\nSteriliz\u0113ts un vakuumiz\u0113ts<br \/>\nBez piedev\u0101m<br \/>\nVitikul\u012b\u0161i, kas ieg\u016bti ilgtsp\u0113j\u012bg\u0101, t\u012bri biolo\u0123isk\u0101 audz\u0113\u0161an\u0101 un baroti ar biolo\u0123iskiem atkritumiem.<\/p>\n<p><strong>Pazi\u0146ojums:<\/strong><br \/>\nP\u0113c atv\u0113r\u0161anas ledusskap\u012b uzglab\u0101jas apm\u0113ram \u010detras dienas. Ilg\u0101ks glab\u0101\u0161anas laiks, ja sasald\u0113.<\/p>","protected":false},"excerpt":{"rendered":"<p>Komplekt\u0101 ir 25 gabali.<br \/>\nIzm\u0113rs: XL<\/p>","protected":false},"featured_media":6710,"comment_status":"open","ping_status":"closed","template":"","meta":{"_acf_changed":false,"content-type":"","_monsterinsights_skip_tracking":false,"_monsterinsights_sitenote_active":false,"_monsterinsights_sitenote_note":"","_monsterinsights_sitenote_category":0},"product_brand":[],"product_cat":[354,73],"product_tag":[],"class_list":{"0":"post-6737","1":"product","2":"type-product","3":"status-publish","4":"has-post-thumbnail","6":"product_cat-starter-sets-for-weaver-ants","7":"product_cat-starter-sets","8":"product_shipping_class-forwarding-on-pallet","10":"first","11":"instock","12":"taxable","13":"shipping-taxable","14":"purchasable","15":"product-type-simple"},"acf":[],"aioseo_notices":[],"jetpack_sharing_enabled":true,"_links":{"self":[{"href":"https:\/\/clone.antcube.shop\/lv\/wp-json\/wp\/v2\/product\/6737","targetHints":{"allow":["GET"]}}],"collection":[{"href":"https:\/\/clone.antcube.shop\/lv\/wp-json\/wp\/v2\/product"}],"about":[{"href":"https:\/\/clone.antcube.shop\/lv\/wp-json\/wp\/v2\/types\/product"}],"replies":[{"embeddable":true,"href":"https:\/\/clone.antcube.shop\/lv\/wp-json\/wp\/v2\/comments?post=6737"}],"wp:featuredmedia":[{"embeddable":true,"href":"https:\/\/clone.antcube.shop\/lv\/wp-json\/wp\/v2\/media\/6710"}],"wp:attachment":[{"href":"https:\/\/clone.antcube.shop\/lv\/wp-json\/wp\/v2\/media?parent=6737"}],"wp:term":[{"taxonomy":"product_brand","embeddable":true,"href":"https:\/\/clone.antcube.shop\/lv\/wp-json\/wp\/v2\/product_brand?post=6737"},{"taxonomy":"product_cat","embeddable":true,"href":"https:\/\/clone.antcube.shop\/lv\/wp-json\/wp\/v2\/product_cat?post=6737"},{"taxonomy":"product_tag","embeddable":true,"href":"https:\/\/clone.antcube.shop\/lv\/wp-json\/wp\/v2\/product_tag?post=6737"}],"curies":[{"name":"wp","href":"https:\/\/api.w.org\/{rel}","templated":true}]}}