{"id":10604,"date":"2024-11-29T12:07:49","date_gmt":"2024-11-29T11:07:49","guid":{"rendered":"https:\/\/antcube.shop\/?page_id=10604"},"modified":"2025-10-16T12:04:26","modified_gmt":"2025-10-16T10:04:26","slug":"betalingsmater-og-betingelser","status":"publish","type":"page","link":"https:\/\/clone.antcube.shop\/nb\/betalingsmater-og-betingelser\/","title":{"rendered":"Betalingsm\u00e5ter og betingelser"},"content":{"rendered":"<div id=\"gap-1780454636\" class=\"gap-element clearfix\" style=\"display:block; height:auto;\">\n\t\t\n<style>\n#gap-1780454636 {\n  padding-top: 190px;\n}\n<\/style>\n\t<\/div>\n\t\n\n<div class=\"row\"  id=\"row-1060466085\">\n\n\n\t<div id=\"col-834259868\" class=\"col small-12 large-12\"  >\n\t\t\t\t<div class=\"col-inner\"  >\n\t\t\t\n\t\t\t\n\n<h1><b>Betalingsalternativer og betingelser i v\u00e5r butikk<\/b><\/h1>\n<div class=\"row\"  id=\"row-1087425473\">\n\n\n\t<div id=\"col-1219706488\" class=\"col medium-4 small-6 large-4\"  >\n\t\t\t\t<div class=\"col-inner\"  >\n\t\t\t\n\t\t\t\n\n\t<div class=\"img has-hover x md-x lg-x y md-y lg-y\" id=\"image_1708004269\">\n\t\t\t\t\t\t\t\t<div class=\"img-inner dark\" >\n\t\t\t<img data-recalc-dims=\"1\" loading=\"lazy\" decoding=\"async\" width=\"620\" height=\"200\" src=\"https:\/\/i0.wp.com\/clone.antcube.shop\/wp-content\/uploads\/2024\/11\/paypal.jpg?resize=620%2C200&#038;ssl=1\" class=\"attachment-original size-original\" alt=\"\" srcset=\"https:\/\/i0.wp.com\/clone.antcube.shop\/wp-content\/uploads\/2024\/11\/paypal.jpg?w=620&amp;ssl=1 620w, https:\/\/i0.wp.com\/clone.antcube.shop\/wp-content\/uploads\/2024\/11\/paypal.jpg?resize=18%2C6&amp;ssl=1 18w, https:\/\/i0.wp.com\/clone.antcube.shop\/wp-content\/uploads\/2024\/11\/paypal.jpg?resize=247%2C80&amp;ssl=1 247w, https:\/\/i0.wp.com\/clone.antcube.shop\/wp-content\/uploads\/2024\/11\/paypal.jpg?resize=510%2C165&amp;ssl=1 510w\" sizes=\"auto, (max-width: 620px) 100vw, 620px\" \/>\t\t\t\t\t\t\n\t\t\t\t\t<\/div>\n\t\t\t\t\t\t\t\t\n<style>\n#image_1708004269 {\n  width: 100%;\n}\n<\/style>\n\t<\/div>\n\t\n\n\n\t\t<\/div>\n\t\t\t\t\t<\/div>\n\n\t\n\n\t<div id=\"col-648511913\" class=\"col medium-4 small-6 large-4\"  >\n\t\t\t\t<div class=\"col-inner\"  >\n\t\t\t\n\t\t\t\n\n\t<div class=\"img has-hover x md-x lg-x y md-y lg-y\" id=\"image_34593616\">\n\t\t\t\t\t\t\t\t<div class=\"img-inner dark\" >\n\t\t\t<img data-recalc-dims=\"1\" loading=\"lazy\" decoding=\"async\" width=\"620\" height=\"200\" src=\"https:\/\/i0.wp.com\/clone.antcube.shop\/wp-content\/uploads\/2024\/11\/visa-master.jpg?resize=620%2C200&#038;ssl=1\" class=\"attachment-original size-original\" alt=\"\" srcset=\"https:\/\/i0.wp.com\/clone.antcube.shop\/wp-content\/uploads\/2024\/11\/visa-master.jpg?w=620&amp;ssl=1 620w, https:\/\/i0.wp.com\/clone.antcube.shop\/wp-content\/uploads\/2024\/11\/visa-master.jpg?resize=18%2C6&amp;ssl=1 18w, https:\/\/i0.wp.com\/clone.antcube.shop\/wp-content\/uploads\/2024\/11\/visa-master.jpg?resize=247%2C80&amp;ssl=1 247w, https:\/\/i0.wp.com\/clone.antcube.shop\/wp-content\/uploads\/2024\/11\/visa-master.jpg?resize=510%2C165&amp;ssl=1 510w\" sizes=\"auto, (max-width: 620px) 100vw, 620px\" \/>\t\t\t\t\t\t\n\t\t\t\t\t<\/div>\n\t\t\t\t\t\t\t\t\n<style>\n#image_34593616 {\n  width: 100%;\n}\n<\/style>\n\t<\/div>\n\t\n\n\n\t\t<\/div>\n\t\t\t\t\t<\/div>\n\n\t\n\n\t<div id=\"col-323302097\" class=\"col medium-4 small-6 large-4\"  >\n\t\t\t\t<div class=\"col-inner\"  >\n\t\t\t\n\t\t\t\n\n\t<div class=\"img has-hover x md-x lg-x y md-y lg-y\" id=\"image_410501321\">\n\t\t\t\t\t\t\t\t<div class=\"img-inner dark\" >\n\t\t\t<img data-recalc-dims=\"1\" loading=\"lazy\" decoding=\"async\" width=\"620\" height=\"200\" src=\"https:\/\/i0.wp.com\/clone.antcube.shop\/wp-content\/uploads\/2024\/11\/vorkasse.jpg?resize=620%2C200&#038;ssl=1\" class=\"attachment-original size-original\" alt=\"\" srcset=\"https:\/\/i0.wp.com\/clone.antcube.shop\/wp-content\/uploads\/2024\/11\/vorkasse.jpg?w=620&amp;ssl=1 620w, https:\/\/i0.wp.com\/clone.antcube.shop\/wp-content\/uploads\/2024\/11\/vorkasse.jpg?resize=18%2C6&amp;ssl=1 18w, https:\/\/i0.wp.com\/clone.antcube.shop\/wp-content\/uploads\/2024\/11\/vorkasse.jpg?resize=247%2C80&amp;ssl=1 247w, https:\/\/i0.wp.com\/clone.antcube.shop\/wp-content\/uploads\/2024\/11\/vorkasse.jpg?resize=510%2C165&amp;ssl=1 510w\" sizes=\"auto, (max-width: 620px) 100vw, 620px\" \/>\t\t\t\t\t\t\n\t\t\t\t\t<\/div>\n\t\t\t\t\t\t\t\t\n<style>\n#image_410501321 {\n  width: 100%;\n}\n<\/style>\n\t<\/div>\n\t\n\n\n\t\t<\/div>\n\t\t\t\t\t<\/div>\n\n\t\n\n<\/div>\n<ol>\n<li><b>betalingsmiddel<\/b><\/li>\n<\/ol>\n<p><span style=\"font-weight: 400;\">Vi tilbyr f\u00f8lgende betalingsalternativer i v\u00e5r <\/span><b>nettbutikk<\/b><span style=\"font-weight: 400;\">:<\/span><\/p>\n<ul>\n<li style=\"font-weight: 400;\" aria-level=\"1\"><b>Forskuddsbetaling <\/b><span style=\"font-weight: 400;\">(betaling via bankoverf\u00f8ring)<\/span><\/li>\n<li style=\"font-weight: 400;\" aria-level=\"1\"><b>PayPal<\/b>\n<ul>\n<li style=\"font-weight: 400;\" aria-level=\"2\"><span style=\"font-weight: 400;\">Valgfritt: kredittkort (Visa eller Mastercard) og avtalegiro (en PayPal+-tjeneste)<\/span><\/li>\n<\/ul>\n<\/li>\n<\/ul>\n<p><span style=\"font-weight: 400;\">Informasjon om databeskyttelse og vilk\u00e5r finner du i v\u00e5r <\/span><a href=\"https:\/\/clone.antcube.shop\/en\/privacy-policy\/\"><b>personvernerkl\u00e6ring <\/b><\/a><span style=\"font-weight: 400;\">eller v\u00e5r <\/span><a href=\"https:\/\/clone.antcube.shop\/en\/terms-and-conditions\/\"><b>vilk\u00e5r og betingelser<\/b><\/a><\/p>\n<p>\u00a0<\/p>\n<div class=\"row\"  id=\"row-1042659838\">\n\n\n\t<div id=\"col-199096971\" class=\"col medium-6 small-12 large-6\"  >\n\t\t\t\t<div class=\"col-inner\"  >\n\t\t\t\n\t\t\t\n\n<p><span style=\"font-weight: 400;\">Vi tilbyr f\u00f8lgende betalingsalternativer i v\u00e5r <\/span><b>butikk:<\/b><\/p>\n<ul>\n<li style=\"font-weight: 400;\" aria-level=\"1\"><b>Kortbetaling med PayPal via Zettle <\/b><span style=\"font-weight: 400;\">(kun i butikken)<\/span>\n<ul>\n<li style=\"font-weight: 400;\" aria-level=\"2\"><span style=\"font-weight: 400;\">Kredittkort (Visa eller Mastercard) eller debetkort<\/span><\/li>\n<\/ul>\n<\/li>\n<li aria-level=\"2\"><b>Kontant betaling<\/b><\/li>\n<\/ul>\n\n\t\t<\/div>\n\t\t\t\t\t<\/div>\n\n\t\n\n\t<div id=\"col-217188120\" class=\"col medium-6 small-12 large-6\"  >\n\t\t\t\t<div class=\"col-inner\"  >\n\t\t\t\n\t\t\t\n\n\t<div class=\"img has-hover x md-x lg-x y md-y lg-y\" id=\"image_1879525641\">\n\t\t\t\t\t\t\t\t<div class=\"img-inner dark\" >\n\t\t\t<img data-recalc-dims=\"1\" loading=\"lazy\" decoding=\"async\" width=\"946\" height=\"831\" src=\"https:\/\/i0.wp.com\/clone.antcube.shop\/wp-content\/uploads\/2024\/11\/payment-option-local.jpg?resize=946%2C831&#038;ssl=1\" class=\"attachment-original size-original\" alt=\"\" srcset=\"https:\/\/i0.wp.com\/clone.antcube.shop\/wp-content\/uploads\/2024\/11\/payment-option-local.jpg?w=946&amp;ssl=1 946w, https:\/\/i0.wp.com\/clone.antcube.shop\/wp-content\/uploads\/2024\/11\/payment-option-local.jpg?resize=455%2C400&amp;ssl=1 455w, https:\/\/i0.wp.com\/clone.antcube.shop\/wp-content\/uploads\/2024\/11\/payment-option-local.jpg?resize=683%2C600&amp;ssl=1 683w, https:\/\/i0.wp.com\/clone.antcube.shop\/wp-content\/uploads\/2024\/11\/payment-option-local.jpg?resize=768%2C675&amp;ssl=1 768w, https:\/\/i0.wp.com\/clone.antcube.shop\/wp-content\/uploads\/2024\/11\/payment-option-local.jpg?resize=14%2C12&amp;ssl=1 14w, https:\/\/i0.wp.com\/clone.antcube.shop\/wp-content\/uploads\/2024\/11\/payment-option-local.jpg?resize=247%2C217&amp;ssl=1 247w, https:\/\/i0.wp.com\/clone.antcube.shop\/wp-content\/uploads\/2024\/11\/payment-option-local.jpg?resize=510%2C448&amp;ssl=1 510w\" sizes=\"auto, (max-width: 946px) 100vw, 946px\" \/>\t\t\t\t\t\t\n\t\t\t\t\t<\/div>\n\t\t\t\t\t\t\t\t\n<style>\n#image_1879525641 {\n  width: 44%;\n}\n<\/style>\n\t<\/div>\n\t\n\n\n\t\t<\/div>\n\t\t\t\t\t<\/div>\n\n\t\n\n<\/div>\n<ol start=\"2\">\n<li><b> avgifter <\/b><b><br \/><\/b><span style=\"font-weight: 400;\">Innenfor EU er det ingen ekstra betalingsgebyrer for de betalingsmetodene som tilbys.<\/span><\/li>\n<li><b> valuta<\/b><\/li>\n<\/ol>\n<ul>\n<li style=\"font-weight: 400;\" aria-level=\"1\"><span style=\"font-weight: 400;\">Bestillinger og betalinger kan bare behandles i euro (standardvaluta).<\/span><\/li>\n<li style=\"font-weight: 400;\" aria-level=\"1\"><span style=\"font-weight: 400;\">Andre valutaer som vises, er kun ment som en generell veiledning. Vi garanterer ikke at valutakursdataene er oppdaterte.<\/span><\/li>\n<\/ul>\n<ol start=\"4\">\n<li><b> priser og avgifter<\/b><\/li>\n<\/ol>\n<ul>\n<li style=\"font-weight: 400;\" aria-level=\"1\"><b>Tyskland<\/b><span style=\"font-weight: 400;\">:\u00a0<\/span>\n<ul>\n<li style=\"font-weight: 400;\" aria-level=\"2\"><span style=\"font-weight: 400;\">Alle priser inkluderer gjeldende merverdiavgift (MVA).<\/span><\/li>\n<li style=\"font-weight: 400;\" aria-level=\"2\"><span style=\"font-weight: 400;\">Kommersielle kunder med gyldig MVA-ID: Prisene beregnes netto (uten merverdiavgift).<\/span>\n<ul>\n<li style=\"font-weight: 400;\" aria-level=\"3\"><span style=\"font-weight: 400;\">Vennligst send en e-post til v\u00e5rt salgsteam <\/span><span style=\"font-weight: 400;\">(<\/span><span style=\"font-weight: 400;\">verkauf@antstore.de) eller ring +49 30 4397038 70<\/span><\/li>\n<\/ul>\n<\/li>\n<\/ul>\n<\/li>\n<li style=\"font-weight: 400;\" aria-level=\"1\"><b>Den europeiske union (unntatt Tyskland)<\/b><span style=\"font-weight: 400;\">:<\/span>\n<ul>\n<li style=\"font-weight: 400;\" aria-level=\"2\"><span style=\"font-weight: 400;\">Privatkunder: Alle priser inkluderer gjeldende merverdiavgift (MVA).<\/span><\/li>\n<li style=\"font-weight: 400;\" aria-level=\"2\"><span style=\"font-weight: 400;\">Kommersielle kunder med gyldig MVA-ID: Prisene beregnes netto (uten merverdiavgift).<\/span>\n<ul>\n<li style=\"font-weight: 400;\" aria-level=\"3\"><span style=\"font-weight: 400;\">Vennligst send en e-post til v\u00e5rt salgsteam <\/span><span style=\"font-weight: 400;\">(<\/span><span style=\"font-weight: 400;\">verkauf@antstore.de) eller ring +49 30 4397038 70<\/span><\/li>\n<\/ul>\n<\/li>\n<\/ul>\n<\/li>\n<\/ul>\n<p><span style=\"font-weight: 400;\">Hvis du har ytterligere sp\u00f8rsm\u00e5l om betalingsalternativer eller betingelser, ikke n\u00f8l med \u00e5 kontakte oss!<\/span><\/p>\n\n\t\t<\/div>\n\t\t\t\t\t<\/div>\n\n\t\n\n<\/div>","protected":false},"excerpt":{"rendered":"","protected":false},"author":1,"featured_media":0,"parent":0,"menu_order":0,"comment_status":"closed","ping_status":"closed","template":"","meta":{"_acf_changed":false,"content-type":"","_monsterinsights_skip_tracking":false,"_monsterinsights_sitenote_active":false,"_monsterinsights_sitenote_note":"","_monsterinsights_sitenote_category":0,"footnotes":""},"class_list":["post-10604","page","type-page","status-publish","hentry"],"acf":[],"aioseo_notices":[],"jetpack_sharing_enabled":true,"_links":{"self":[{"href":"https:\/\/clone.antcube.shop\/nb\/wp-json\/wp\/v2\/pages\/10604","targetHints":{"allow":["GET"]}}],"collection":[{"href":"https:\/\/clone.antcube.shop\/nb\/wp-json\/wp\/v2\/pages"}],"about":[{"href":"https:\/\/clone.antcube.shop\/nb\/wp-json\/wp\/v2\/types\/page"}],"author":[{"embeddable":true,"href":"https:\/\/clone.antcube.shop\/nb\/wp-json\/wp\/v2\/users\/1"}],"replies":[{"embeddable":true,"href":"https:\/\/clone.antcube.shop\/nb\/wp-json\/wp\/v2\/comments?post=10604"}],"version-history":[{"count":10,"href":"https:\/\/clone.antcube.shop\/nb\/wp-json\/wp\/v2\/pages\/10604\/revisions"}],"predecessor-version":[{"id":10715,"href":"https:\/\/clone.antcube.shop\/nb\/wp-json\/wp\/v2\/pages\/10604\/revisions\/10715"}],"wp:attachment":[{"href":"https:\/\/clone.antcube.shop\/nb\/wp-json\/wp\/v2\/media?parent=10604"}],"curies":[{"name":"wp","href":"https:\/\/api.w.org\/{rel}","templated":true}]}}