{"id":10607,"date":"2024-11-29T12:11:26","date_gmt":"2024-11-29T11:11:26","guid":{"rendered":"https:\/\/antcube.shop\/?page_id=10607"},"modified":"2024-12-03T12:53:14","modified_gmt":"2024-12-03T11:53:14","slug":"retningslinjer-for-hold-av-maur","status":"publish","type":"page","link":"https:\/\/clone.antcube.shop\/nb\/retningslinjer-for-hold-av-maur\/","title":{"rendered":"Retningslinjer for hold av maur"},"content":{"rendered":"<div id=\"gap-792342534\" class=\"gap-element clearfix\" style=\"display:block; height:auto;\">\n\t\t\n<style>\n#gap-792342534 {\n  padding-top: 190px;\n}\n<\/style>\n\t<\/div>\n\t\n\n<div class=\"row\"  id=\"row-1678364305\">\n\n\n\t<div id=\"col-708260495\" class=\"col small-12 large-12\"  >\n\t\t\t\t<div class=\"col-inner\"  >\n\t\t\t\n\t\t\t\n\n<h1><b>Retningslinjer for \u00e5 holde maur<\/b><\/h1>\n<h2><b>Viktig merknad om arter og naturvern<\/b><\/h2>\n<ul>\n<li style=\"font-weight: 400;\" aria-level=\"1\"><b>Risiko for skade og sykdom:<\/b><span style=\"font-weight: 400;\"> Levende dyr kan for\u00e5rsake skade eller overf\u00f8re sykdommer. Spesielt allergikere b\u00f8r utvise forsiktighet.<\/span><\/li>\n<li style=\"font-weight: 400;\" aria-level=\"1\"><b>Utgivelse forbudt:<\/b><span style=\"font-weight: 400;\"> For \u00e5 beskytte stedegen og fremmed flora og fauna m\u00e5 maur under ingen omstendigheter settes ut i naturen. Utsetting av maur uten offentlig tillatelse er straffbart i henhold til naturvernloven. Vi tilbyr oss \u00e5 ta tilbake gamle kolonier kostnadsfritt.<\/span><\/li>\n<li style=\"font-weight: 400;\" aria-level=\"1\"><b>Identifisering av arten: <\/b><span style=\"font-weight: 400;\">Maurartene er identifisert etter beste evne. Ved senere endringer har du rett til \u00e5 returnere kolonien.<\/span><\/li>\n<\/ul>\n<h2><b>Utsendelse av maur<\/b><\/h2>\n<ul>\n<li style=\"font-weight: 400;\" aria-level=\"1\"><b>Leveringsomr\u00e5de: <\/b><span style=\"font-weight: 400;\">Levende dyr sendes kun innenfor EU. Regionale importbestemmelser b\u00f8r innhentes fra det lokale veterin\u00e6rkontoret.<\/span><\/li>\n<li style=\"font-weight: 400;\" aria-level=\"1\"><b>Temperaturer under utsendelse:<\/b>\n<ul>\n<li style=\"font-weight: 400;\" aria-level=\"2\"><b>Nattemperaturer:<\/b>\n<ul>\n<li style=\"font-weight: 400;\" aria-level=\"3\"><span style=\"font-weight: 400;\">Nord- og mellomeuropeiske arter: <span data-text-color=\"alert\">&gt;0\u00b0C<\/span> (Express: <span data-text-color=\"alert\">&gt;-5\u00b0C<\/span> med isolasjon)<\/span><\/li>\n<li style=\"font-weight: 400;\" aria-level=\"3\"><span style=\"font-weight: 400;\">S\u00f8r-europeiske arter: <span data-text-color=\"secondary\">&gt;+5\u00b0C<\/span> (Express: <span data-text-color=\"secondary\">&gt;0\u00b0C<\/span> med isolasjon)<\/span><\/li>\n<li style=\"font-weight: 400;\" aria-level=\"3\"><span style=\"font-weight: 400;\">Tropiske arter: <span data-text-color=\"secondary\">&gt;+10\u00b0C<\/span> (Express: <span data-text-color=\"secondary\">&gt;+5\u00b0C<\/span> med varmepakke)<\/span><\/li>\n<\/ul>\n<\/li>\n<li style=\"font-weight: 400;\" aria-level=\"2\"><b>Temperaturer p\u00e5 dagtid: <\/b><span style=\"font-weight: 400;\">Maksimum <span data-text-color=\"alert\">+30\u00b0C<\/span> for alle arter.<\/span><\/li>\n<\/ul>\n<\/li>\n<\/ul>\n<p><span style=\"font-weight: 400;\">De bestilte maurene vil ikke bli sendt utenfor de angitte temperaturomr\u00e5dene. De vil bli sendt s\u00e5 snart som mulig.<\/span><\/p>\n<p><span style=\"font-weight: 400;\">Du vil bli informert separat via e-post.\u00a0<\/span><\/p>\n<h2><b>Oppbevaring av maur<\/b><\/h2>\n<ul>\n<li style=\"font-weight: 400;\" aria-level=\"1\"><span style=\"font-weight: 400;\">Detaljert informasjon om oppdrett finner du i produktbeskrivelsene for de respektive artene.<\/span><\/li>\n<\/ul>\n<h3><b>Problemer med \u00e5 holde maur<\/b><\/h3>\n<ol>\n<li><b> maurd\u00f8delighet - mulige \u00e5rsaker<\/b><\/li>\n<\/ol>\n<ul>\n<li style=\"font-weight: 400;\" aria-level=\"1\"><b>Vannkvalitet:<\/b>\n<ul>\n<li style=\"font-weight: 400;\" aria-level=\"2\"><span style=\"font-weight: 400;\">Vann fra springen kan v\u00e6re giftig for maur p\u00e5 grunn av klor eller kobber.<\/span><\/li>\n<li style=\"font-weight: 400;\" aria-level=\"2\"><b>Anbefaling: <\/b><span style=\"font-weight: 400;\">Bruk filtrert vann eller regnvann, ikke destillert vann.<\/span><\/li>\n<\/ul>\n<\/li>\n<li style=\"font-weight: 400;\" aria-level=\"1\"><b>Underlag:<\/b>\n<ul>\n<li style=\"font-weight: 400;\" aria-level=\"2\"><span style=\"font-weight: 400;\">Fuglesand inneholder desinfeksjonsmidler som kan skade maur.<\/span><\/li>\n<li style=\"font-weight: 400;\" aria-level=\"2\"><b>Anbefaling: <\/b><span style=\"font-weight: 400;\">Bruk v\u00e5r brukervennlige <\/span><b>gulvsokler <\/b><span style=\"font-weight: 400;\">eller ubehandlet kvartssand og vask eller bak p\u00e5 forh\u00e5nd.<\/span><\/li>\n<\/ul>\n<\/li>\n<li style=\"font-weight: 400;\" aria-level=\"1\"><b>Planter:<\/b>\n<ul>\n<li style=\"font-weight: 400;\" aria-level=\"2\"><span style=\"font-weight: 400;\">Levende planter fra byggevarehus eller hagesentre er ofte behandlet med plantevernmidler.<\/span><\/li>\n<li style=\"font-weight: 400;\" aria-level=\"2\"><b>Anbefaling: <\/b><span style=\"font-weight: 400;\">Bruk \u00f8kologiske planter eller planter fra spesialiserte terrariebutikker.<\/span><\/li>\n<li style=\"font-weight: 400;\" aria-level=\"2\"><span style=\"font-weight: 400;\">Alternativt kan du ogs\u00e5 bruke planter som har st\u00e5tt hjemme hos deg i minst ett \u00e5r uten tilsetning av spr\u00f8ytemidler eller gj\u00f8dsel.<\/span><\/li>\n<\/ul>\n<\/li>\n<li style=\"font-weight: 400;\" aria-level=\"1\"><b>Rengj\u00f8ring:<\/b>\n<ul>\n<li style=\"font-weight: 400;\" aria-level=\"2\"><span style=\"font-weight: 400;\">Glassrengj\u00f8ringsmidler og kjemiske midler er skadelige.<\/span><\/li>\n<li style=\"font-weight: 400;\" aria-level=\"2\"><b>Anbefaling: <\/b><span style=\"font-weight: 400;\">Bruk rent vann eller organisk rengj\u00f8ringsmiddel.<\/span><\/li>\n<\/ul>\n<\/li>\n<li style=\"font-weight: 400;\" aria-level=\"1\"><b>Formicarium-konstruksjon:<\/b>\n<ul>\n<li style=\"font-weight: 400;\" aria-level=\"2\"><span style=\"font-weight: 400;\">Materialer med l\u00f8semidler eller antibakteriell silikon er uegnet.<\/span><\/li>\n<li style=\"font-weight: 400;\" aria-level=\"2\"><b>Anbefaling: <\/b><span style=\"font-weight: 400;\">Bruk l\u00f8semiddelfrie stoffer eller akvariesilikon.<\/span><\/li>\n<\/ul>\n<\/li>\n<li style=\"font-weight: 400;\" aria-level=\"1\"><b>Mating:<\/b>\n<ul>\n<li style=\"font-weight: 400;\" aria-level=\"2\"><span style=\"font-weight: 400;\">Konserveringsmidler og parasitter i matdyr kan v\u00e6re skadelige. I tillegg er masseoppdrettede matdyr ofte infisert med midd, noe som kan skade maurene.\u00a0<\/span><\/li>\n<li style=\"font-weight: 400;\" aria-level=\"2\"><b>Anbefaling: <\/b><span style=\"font-weight: 400;\">Bruk \u00f8kologisk mat eller insekter fra naturen, som er samlet inn borte fra veier og \u00e5krer som kan v\u00e6re forurenset med spr\u00f8ytemidler.<\/span><\/li>\n<\/ul>\n<\/li>\n<li style=\"font-weight: 400;\" aria-level=\"1\"><b>Temperatur:<\/b>\n<ul>\n<li style=\"font-weight: 400;\" aria-level=\"2\"><span style=\"font-weight: 400;\">Formicaria kan varmes opp betraktelig p\u00e5 grunn av direkte sollys.<\/span><\/li>\n<li style=\"font-weight: 400;\" aria-level=\"2\"><b>Anbefaling: <\/b><span style=\"font-weight: 400;\">Bruk et termometer med min\/maks-funksjon.<\/span><\/li>\n<\/ul>\n<\/li>\n<li style=\"font-weight: 400;\" aria-level=\"1\"><b>Dvalemodus:<\/b>\n<ul>\n<li style=\"font-weight: 400;\" aria-level=\"2\"><span style=\"font-weight: 400;\">S\u00f8rg for at reiret er fuktig under dvalen for \u00e5 unng\u00e5 utt\u00f8rking.<\/span><\/li>\n<\/ul>\n<\/li>\n<\/ul>\n<ol start=\"2\">\n<li><b> dronningen legger ikke egg - mulige \u00e5rsaker<\/b><\/li>\n<\/ol>\n<ul>\n<li style=\"font-weight: 400;\" aria-level=\"1\"><b>Sesong: <\/b><span style=\"font-weight: 400;\">Europeiske arter legger ikke egg om h\u00f8sten\/vinteren<\/span><b>.<\/b><\/li>\n<li style=\"font-weight: 400;\" aria-level=\"1\"><b>Stress: <\/b><span style=\"font-weight: 400;\">Transport eller forstyrrelser i reiret kan gj\u00f8re dronningen urolig.<\/span><\/li>\n<li style=\"font-weight: 400;\" aria-level=\"1\"><b>Proteinmangel: <\/b><span style=\"font-weight: 400;\">Yngleutvikling krever proteinrik mat.<\/span><\/li>\n<li style=\"font-weight: 400;\" aria-level=\"1\"><b>Skjulte egg: <\/b><span style=\"font-weight: 400;\">Egg kan finnes i transportbeholderen eller i bomullsullen.<\/span><\/li>\n<li style=\"font-weight: 400;\" aria-level=\"1\"><b>Klima: <\/b><span style=\"font-weight: 400;\">Optimale forhold (substrat, m\u00f8rke, temperatur, luftfuktighet) er avgj\u00f8rende.<\/span><\/li>\n<li style=\"font-weight: 400;\" aria-level=\"1\"><b>Anbefaling: <\/b><span style=\"font-weight: 400;\">Nybegynnere b\u00f8r velge arter som det finnes mange erfaringsrapporter om.<\/span><\/li>\n<\/ul>\n<p><span style=\"font-weight: 400;\">Disse retningslinjene gir grunnleggende informasjon om hvordan du kan holde maur p\u00e5 en vellykket m\u00e5te. Hvis du har sp\u00f8rsm\u00e5l eller problemer, anbefaler vi at du tar kontakt med erfarne dyreholdere eller spesialforretninger.<\/span><\/p>\n\n\t\t<\/div>\n\t\t\t\t\t<\/div>\n\n\t\n\n<\/div>","protected":false},"excerpt":{"rendered":"","protected":false},"author":1,"featured_media":0,"parent":0,"menu_order":0,"comment_status":"closed","ping_status":"closed","template":"","meta":{"_acf_changed":false,"content-type":"","_monsterinsights_skip_tracking":false,"_monsterinsights_sitenote_active":false,"_monsterinsights_sitenote_note":"","_monsterinsights_sitenote_category":0,"footnotes":""},"class_list":["post-10607","page","type-page","status-publish","hentry"],"acf":[],"aioseo_notices":[],"jetpack_sharing_enabled":true,"_links":{"self":[{"href":"https:\/\/clone.antcube.shop\/nb\/wp-json\/wp\/v2\/pages\/10607","targetHints":{"allow":["GET"]}}],"collection":[{"href":"https:\/\/clone.antcube.shop\/nb\/wp-json\/wp\/v2\/pages"}],"about":[{"href":"https:\/\/clone.antcube.shop\/nb\/wp-json\/wp\/v2\/types\/page"}],"author":[{"embeddable":true,"href":"https:\/\/clone.antcube.shop\/nb\/wp-json\/wp\/v2\/users\/1"}],"replies":[{"embeddable":true,"href":"https:\/\/clone.antcube.shop\/nb\/wp-json\/wp\/v2\/comments?post=10607"}],"version-history":[{"count":5,"href":"https:\/\/clone.antcube.shop\/nb\/wp-json\/wp\/v2\/pages\/10607\/revisions"}],"predecessor-version":[{"id":10717,"href":"https:\/\/clone.antcube.shop\/nb\/wp-json\/wp\/v2\/pages\/10607\/revisions\/10717"}],"wp:attachment":[{"href":"https:\/\/clone.antcube.shop\/nb\/wp-json\/wp\/v2\/media?parent=10607"}],"curies":[{"name":"wp","href":"https:\/\/api.w.org\/{rel}","templated":true}]}}