{"id":500,"date":"2021-07-21T10:22:03","date_gmt":"2021-07-21T08:22:03","guid":{"rendered":"https:\/\/antcube.shop\/?page_id=500"},"modified":"2024-12-03T12:41:56","modified_gmt":"2024-12-03T11:41:56","slug":"vilkar-og-betingelser","status":"publish","type":"page","link":"https:\/\/clone.antcube.shop\/nb\/vilkar-og-betingelser\/","title":{"rendered":"Vilk\u00e5r og betingelser"},"content":{"rendered":"<div id=\"gap-1809982663\" class=\"gap-element clearfix\" style=\"display:block; height:auto;\">\n\t\t\n<style>\n#gap-1809982663 {\n  padding-top: 196px;\n}\n@media (min-width:850px) {\n  #gap-1809982663 {\n    padding-top: 190px;\n  }\n}\n<\/style>\n\t<\/div>\n\t\n\n<div class=\"row\"  id=\"row-536060668\">\n\n\n\t<div id=\"col-470940784\" class=\"col small-12 large-12\"  >\n\t\t\t\t<div class=\"col-inner\"  >\n\t\t\t\n\t\t\t\n\n<h1><b>Generelle vilk\u00e5r og betingelser <\/b><\/h1>\n<p><b>for <\/b><a href=\"http:\/\/www.clone.antcube.shop\"><b>www.clone.antcube.shop<\/b><\/a><span style=\"font-weight: 400;\"> ANTSTORE, Martin Sebesta, Selerweg 41, 12169 Berlin, heretter kalt \"Selger\".<\/span><\/p>\n<h2><b>\u00a7 1 Virkeomr\u00e5de, generell informasjon, definisjoner<\/b><\/h2>\n<p><span style=\"font-weight: 400;\">(1) Disse generelle vilk\u00e5rene gjelder for alle bestillinger av varer og tjenester via nettbutikken p\u00e5 nettstedet <\/span><b>clone.antcube.shop<\/b><span style=\"font-weight: 400;\">, drevet av ANTSTORE, Martin Sebesta, Selerweg 41, 12169 Berlin. Send e-post til <\/span><a href=\"mailto:verkauf@antstore.de\"><span style=\"font-weight: 400;\">verkauf@antstore.de<\/span><\/a><span style=\"font-weight: 400;\"> \/ law@ants.de\u00a0<\/span><\/p>\n<p><span style=\"font-weight: 400;\">(2) Selgeren tilbyr produkter for myrhold og tilbeh\u00f8r spesielt via sin nettbutikk. De generelle forretningsvilk\u00e5rene gjelder for forretningsforholdet mellom selgeren og kunden i den versjonen som gjelder p\u00e5 bestillingstidspunktet.<\/span><\/p>\n<p><span style=\"font-weight: 400;\">(3) En forbruker i henhold til disse vilk\u00e5rene er enhver fysisk person som inng\u00e5r en rettshandel for form\u00e5l som hovedsakelig ligger utenfor vedkommendes n\u00e6ringsvirksomhet eller yrke. Entrepren\u00f8rer er fysiske eller juridiske personer eller partnerskap som, n\u00e5r de inng\u00e5r en juridisk transaksjon, handler i ut\u00f8velsen av sin kommersielle eller selvstendig n\u00e6ringsdrivende virksomhet.<\/span><\/p>\n<p><span style=\"font-weight: 400;\">(4) Individuelle kontraktsavtaler har forrang foran disse generelle forretningsbetingelsene. Avvikende vilk\u00e5r fra kundens side anerkjennes kun dersom selgeren uttrykkelig har godtatt dem.<\/span><\/p>\n<h2><b>\u00a7 2 Inng\u00e5else av kontrakt<\/b><\/h2>\n<p><span style=\"font-weight: 400;\">(1) Med mindre annet er oppgitt p\u00e5 den respektive produktsiden, omfatter leveringsomr\u00e5det EU.<\/span><\/p>\n<p><span style=\"font-weight: 400;\">(2) Presentasjonen av varene p\u00e5 selgerens nettside utgj\u00f8r et bindende tilbud. De bestilte varene kan avvike noe fra varene som vises p\u00e5 Internett innenfor rimelige grenser p\u00e5 grunn av de tekniske presentasjonsmulighetene, spesielt kan det forekomme fargeavvik, i den grad dette er rimelig.<\/span><\/p>\n<p><span style=\"font-weight: 400;\">(3) Ved \u00e5 krysse av i den bl\u00e5 boksen \"<\/span><span style=\"font-weight: 400;\">Med bestillingen erkl\u00e6rer du at du har lest og forst\u00e5tt tilbudet v\u00e5rt<\/span><b>&#8221; <\/b><span style=\"font-weight: 400;\">og deretter <\/span><span style=\"font-weight: 400;\">Ved \u00e5 klikke p\u00e5 \"Kj\u00f8p n\u00e5\"-knappen eller bli videresendt til PayPal via \"Betal med PayPal\"-knappen og fullf\u00f8re betalingsprosessen der, gir kunden et bindende tilbud om \u00e5 kj\u00f8pe varene i handlekurven og aksepterer gyldigheten av disse generelle forretningsvilk\u00e5rene.<\/span><\/p>\n<p><span style=\"font-weight: 400;\">(4) Selgeren bekrefter mottak av bestillingen per e-post (ordrebekreftelse). Denne ordrebekreftelsen utgj\u00f8r imidlertid ikke en aksept av tilbudet. Avtalen inng\u00e5s f\u00f8rst n\u00e5r det sendes en ordrebekreftelse eller en forsendelsesbekreftelse.<\/span><\/p>\n<p><span style=\"font-weight: 400;\">(5) Selgeren forbeholder seg retten til \u00e5 akseptere eller avvise bestillinger innen fem virkedager. Hvis bestillingen ikke aksepteres, vil kunden bli informert om dette via e-post.<\/span><\/p>\n<p><span style=\"font-weight: 400;\">(6) Ved uforutsette leveringsproblemer eller manglende tilgjengelighet av varen som selger ikke er ansvarlig for, kan b\u00e5de selger og kunde trekke seg fra avtalen. Kunden vil bli informert umiddelbart, og innbetalte bel\u00f8p vil bli refundert uten forsinkelse.<\/span><\/p>\n<p><span style=\"font-weight: 400;\">(7) Hvis kunden bestiller varene elektronisk, lagres avtaleteksten av selgeren og sendes til kunden sammen med de rettsgyldige GTC per e-post etter avtaleinng\u00e5elsen.<\/span><\/p>\n<h2><b>3 \u00a7 3 Kundekonto<\/b><\/h2>\n<p><span style=\"font-weight: 400;\">(1) Kj\u00f8p via nettstedet v\u00e5rt er generelt bare mulig med registrering. Det kan imidlertid v\u00e6re n\u00f8dvendig \u00e5 opprette en kundekonto for \u00e5 f\u00e5 tilgang til visse funksjoner.<\/span><\/p>\n<p><span style=\"font-weight: 400;\">(2) Det er ingen rett til en kundekonto. Kun myndige fysiske personer som bruker kontoen til private form\u00e5l, eller n\u00e6ringsdrivende og juridiske personer eller partnerskap med rettslig handleevne som handler som ledd i ut\u00f8velsen av sin n\u00e6ringsvirksomhet eller selvstendige yrkesut\u00f8velse ved inng\u00e5else av rettshandelen, kan registrere seg. Tilgangsdataene m\u00e5 behandles konfidensielt og m\u00e5 ikke gis videre til tredjeparter.<\/span><\/p>\n<p><span style=\"font-weight: 400;\">(3) Det er ikke tillatt med flere registreringer. Kunder kan n\u00e5r som helst slette kontoen sin via kontoadministrasjonen.<\/span><\/p>\n<h2><b>\u00a7 4 Eiendomsforbehold<\/b><\/h2>\n<p><span style=\"font-weight: 400;\">(1) For forbrukere beholder selgeren eiendomsretten til varen inntil kj\u00f8pesummen er betalt i sin helhet. For n\u00e6ringsdrivende gjelder dette inntil alle krav som oppst\u00e5r i forbindelse med det l\u00f8pende forretningsforholdet, er betalt.<\/span><\/p>\n<p><span style=\"font-weight: 400;\">(2) Ved kontraktsbrudd fra kundens side, s\u00e6rlig ved betalingsmislighold, uriktige opplysninger fra kunden om hans kredittverdighet eller ved begj\u00e6ring om \u00e5pning av insolvensbehandling, har selgeren rett til - om n\u00f8dvendig etter \u00e5 ha satt en frist - \u00e5 trekke seg fra kontrakten og kreve varen tilbakelevert, forutsatt at kunden enn\u00e5 ikke har betalt vederlaget eller ikke har betalt det i sin helhet.<\/span><\/p>\n<p><span style=\"font-weight: 400;\">(3) Entrepren\u00f8ren er autorisert til \u00e5 videreselge varene i det ordin\u00e6re forretningsforl\u00f8pet. Han overdrar herved til selgeren alle krav p\u00e5 fakturabel\u00f8pet som tilfaller ham mot en tredjepart som f\u00f8lge av videresalget. Selgeren aksepterer overdragelsen. Etter overdragelsen er entrepren\u00f8ren autorisert til \u00e5 inndrive kravet. Selgeren forbeholder seg retten til selv \u00e5 inndrive kravet s\u00e5 snart entrepren\u00f8ren ikke oppfyller sine betalingsforpliktelser p\u00e5 riktig m\u00e5te og er i betalingsmislighold.<\/span><\/p>\n<p><span style=\"font-weight: 400;\">(4) Selgeren forplikter seg til \u00e5 frigi de sikkerheter som han har krav p\u00e5 etter anmodning fra kunden i den utstrekning realisasjonsverdien av sikkerhetene overstiger det krav som skal sikres med mer enn 10%. Valget av hvilke sikkerheter som skal frigis, p\u00e5hviler selgeren.<\/span><\/p>\n<h2><b>\u00a7 5 Priser og betalingsbetingelser<\/b><\/h2>\n<p><span style=\"font-weight: 400;\">(1) De oppgitte prisene er bruttopriser, de er bindende og inkluderer lovbestemt merverdiavgift og er eksklusive eventuell <a href=\"https:\/\/clone.antcube.shop\/en\/shipping-costs-delivery-restrictions\/\">fraktkostnader<\/a> p\u00e5l\u00f8pt, inkludert merverdiavgift. Bel\u00f8pet som vises p\u00e5 bestillingstidspunktet skal gjelde. Prisen inkludert merverdiavgift og fraktkostnader vil ogs\u00e5 vises i bestillingsskjemaet f\u00f8r kunden sender inn bestillingen. Fraktkostnadene finner du ogs\u00e5 i v\u00e5r <\/span><a href=\"https:\/\/clone.antcube.shop\/en\/shipping-costs-delivery-restrictions\/\"><b>oversikt over fraktkostnader.<\/b><\/a><\/p>\n<p><span style=\"font-weight: 400;\">(2) Kunden forplikter seg til \u00e5 betale den totale prisen innen 14 dager etter mottak av ordrebekreftelsen per e-post eller fakturaen. Etter utl\u00f8pet av denne fristen er kunden i betalingsmislighold. I misligholdsperioden skal forbrukeren betale renter p\u00e5 gjelden med et bel\u00f8p p\u00e5 5 prosentpoeng over basisrenten. I misligholdsperioden skal entrepren\u00f8ren betale renter p\u00e5 gjelden med 9 prosentpoeng over basisrenten. Ved mislighold av et betalingskrav skal entrepren\u00f8ren ogs\u00e5 betale et engangsbel\u00f8p p\u00e5 40 euro. Dette gjelder ogs\u00e5 hvis entrepren\u00f8ren er p\u00e5 etterskudd med en forskuddsbetaling eller annen avdragsbetaling. Selgeren forbeholder seg retten til \u00e5 kreve h\u00f8yere erstatning for mislighold fra entrepren\u00f8ren. Engangsbel\u00f8pet i henhold til setning 5 skal motregnes mot et krav om skyldig erstatning, i den grad skaden er basert p\u00e5 kostnadene ved rettslige skritt.<\/span><\/p>\n<p><span style=\"font-weight: 400;\">(3) Kunden har kun rett til \u00e5 motregne dersom hans motkrav er rettskraftig fastsl\u00e5tt, anerkjent eller ikke bestridt av selgeren. Kundens rett til \u00e5 motregne med kontraktsmessige og andre krav som oppst\u00e5r i forbindelse med innledningen eller gjennomf\u00f8ringen av dette kontraktsforholdet, forblir up\u00e5virket av dette. Kunden kan bare ut\u00f8ve tilbakeholdsrett dersom hans motkrav er basert p\u00e5 det samme kontraktsforholdet.<\/span><\/p>\n<p><span style=\"font-weight: 400;\">(4) Endringer, utvidelser og begrensninger av bestillingen etter kontraktsinng\u00e5else vil bli tatt hensyn til av selgeren s\u00e5 langt det er mulig. Selgeren vil kreve et behandlingsgebyr p\u00e5 \u20ac 10,00 inkl. mva. for disse, med mindre det er snakk om avbestilling eller garantikrav. For bestillinger som skal behandles manuelt, og som ikke behandles via nettbutikken, belaster vi et behandlingsgebyr p\u00e5 20,00 \u20ac. Unntatt fra dette er bestillinger med varer som ikke kan bestilles via nettbutikken, f.eks. spesialtilpassede produkter.<\/span><\/p>\n<p><span style=\"font-weight: 400;\">(5) Bestilte dyr som skal sendes p\u00e5 et senere tidspunkt enn det som er avtalt i kontrakten p\u00e5 kundens foresp\u00f8rsel, vil bli belastet med \u20ac 2,00 inkl. mva. per dag og gyne (pleieinnsats) fra bestillingsdagen til avsendelsesdagen. Maksimalt 30 dager er mulig.<\/span><\/p>\n<h2><b>\u00a7 6 <a href=\"https:\/\/clone.antcube.shop\/en\/payment-methods-and-conditions\/\">Betalingsm\u00e5ter<\/a><\/b><\/h2>\n<p><span style=\"font-weight: 400;\">(1) Kj\u00f8pesummen kan betales p\u00e5 forskudd, via bankoverf\u00f8ring, kredittkort eller PayPal. Ved betaling med PayPal gjelder deres vilk\u00e5r for bruk. Ytterligere informasjon finner du i v\u00e5r personvernerkl\u00e6ring. <a href=\"https:\/\/clone.antcube.shop\/en\/privacy-policy\/\">personvernerkl\u00e6ring<\/a>.<\/span><\/p>\n<h2><b>\u00a7 7 Frakt- og leveringsbetingelser<\/b><\/h2>\n<p><span style=\"font-weight: 400;\">(1) Vi sender kun til medlemsland i EU, med unntak av europeiske oversj\u00f8iske territorier eller eksklaver og regioner med skattemessig selvstyre (av EU omtalt som \"regioner i de ytterste randomr\u00e5der\"). Den estimerte leveringstiden for Tyskland og andre land er angitt i v\u00e5r <\/span><a href=\"https:\/\/clone.antcube.shop\/en\/shipping-costs-delivery-restrictions\/\"><b>oversikt over fraktkostnader.<\/b><\/a><\/p>\n<p><span style=\"font-weight: 400;\">(2) Leveringsfristen begynner \u00e5 l\u00f8pe \u00e9n dag etter at betalingen er godkjent ved forskuddsbetaling\/bankoverf\u00f8ring eller PayPal. Ved andre betalingsm\u00e5ter begynner fristen \u00e5 l\u00f8pe \u00e9n dag etter at bestillingen er lagt inn.<\/span><\/p>\n<p><span style=\"font-weight: 400;\">(3) Dersom fristens begynnelse eller slutt faller p\u00e5 en l\u00f8rdag, s\u00f8ndag eller helligdag, skal fristens begynnelse eller slutt utsettes til p\u00e5f\u00f8lgende virkedag.<\/span><\/p>\n<p><span style=\"font-weight: 400;\">(4) Selgeren har rett til \u00e5 foreta delleveranser dersom dette er rimelig for kunden. Dette skal ikke medf\u00f8re ekstra kostnader for kunden.<\/span><\/p>\n<p><span style=\"font-weight: 400;\">(5) Hvis kunden velger \u00e5 hente bestillingen i v\u00e5r butikk, vil kunden bli informert via e-post om at bestillingen er klar for henting.<\/span><\/p>\n<h2><b>\u00a7 8 Overf\u00f8ring av risiko<\/b><\/h2>\n<p><span style=\"font-weight: 400;\">(1) For forbrukere skal risikoen for utilsiktet tap og forringelse av varen g\u00e5 over p\u00e5 kunden ved overlevering.<\/span><\/p>\n<p><span style=\"font-weight: 400;\">(2) For entrepren\u00f8rer g\u00e5r risikoen over p\u00e5 kunden ved overlevering til transportselskapet.<\/span><\/p>\n<p><span style=\"font-weight: 400;\">(3) Dersom kunden er i mislighold med overtakelsen, skal dette likestilles med overlevering.<\/span><\/p>\n<h2><b>\u00a7 9 Garanti<\/b><\/h2>\n<p><span style=\"font-weight: 400;\">(1) Garantien skal reguleres av de lovbestemte bestemmelsene. Garantiperioden for forbrukere er 2 \u00e5r fra levering av varen. Avvikende fra dette er garantiperioden for entrepren\u00f8rer 1 \u00e5r fra levering. Garantiperioden for brukte varer er ogs\u00e5 1 \u00e5r fra levering av varen. Den ett\u00e5rige garantiperioden gjelder ikke hvis selgeren kan beskyldes for grov uaktsomhet, og heller ikke i tilfelle fysisk skade og helseskade som kan tilskrives selgeren og i tilfelle tap av kundens liv, i tilfelle en garanti og i tilfelle leveringsregress i samsvar med \u00a7\u00a7 478, 479 BGB. Selgerens ansvar i henhold til produktansvarsloven forblir up\u00e5virket av dette<\/span><\/p>\n<p><span style=\"font-weight: 400;\">(2) Uten hensyn til nr. 1, gjelder den alminnelige foreldelsesfristen dersom selgeren svikaktig har fortiet en mangel<\/span><\/p>\n<p><span style=\"font-weight: 400;\">(3) Bestilte varer kan avvike noe fra varene som vises p\u00e5 Internett innenfor rimelige grenser. Det vises til \u00a7 2 nr. 2 i disse vilk\u00e5rene.<\/span><\/p>\n<p><span style=\"font-weight: 400;\">(4) Forbrukeren kan velge mellom reparasjon eller omlevering. Selgeren kan nekte den valgte typen etterf\u00f8lgende oppfyllelse hvis det bare er mulig til uforholdsmessige kostnader.<\/span><\/p>\n<p><span style=\"font-weight: 400;\">(5) \u00c5penbare mangler m\u00e5 rapporteres av entrepren\u00f8rer innen to uker etter mottak av varene. I motsatt fall er det utelukket \u00e5 gj\u00f8re garantikravet gjeldende. For \u00e5 overholde fristen er det tilstrekkelig med rettidig forsendelse eller melding. For kj\u00f8pmenn gjelder \u00a7 377 HGB.<\/span><\/p>\n<p><span style=\"font-weight: 400;\">(6) Garantien dekker ikke skader som skyldes feilaktig h\u00e5ndtering. Produsentens garantier forblir up\u00e5virket.<\/span><\/p>\n<h2><b>\u00a7 10 Ansvarsbegrensninger<\/b><\/h2>\n<p><span style=\"font-weight: 400;\">(1) Ved lettere uaktsomhet er selgeren kun ansvarlig for p\u00e5regnelige og kontraktstypiske skader. Denne begrensningen gjelder ogs\u00e5 for selgerens medhjelpere.<\/span><\/p>\n<p><span style=\"font-weight: 400;\">(2) Ansvarsbegrensningene gjelder ikke ved svik, brudd p\u00e5 vesentlige kontraktsforpliktelser eller ved skade p\u00e5 liv, legeme eller helse.<\/span><\/p>\n<p><span style=\"font-weight: 400;\">(3) Kunden er forpliktet til \u00e5 treffe egnede tiltak for \u00e5 forebygge og begrense skade.<\/span><\/p>\n<p><span style=\"font-weight: 400;\">(4) Selgeren er kun ansvarlig for sitt eget innhold p\u00e5 nettsiden til sin nettbutikk. I den grad lenker gir tilgang til andre nettsteder, er selgeren ikke ansvarlig for tredjepartsinnholdet som finnes der. Han gj\u00f8r seg ikke tredjeparts innhold til sitt eget. Hvis selgeren blir oppmerksom p\u00e5 ulovlig innhold p\u00e5 eksterne nettsteder, vil han umiddelbart sperre tilgangen til disse sidene.<\/span><\/p>\n<h2><b>\u00a7 11 Beskyttelse av personopplysninger<\/b><\/h2>\n<p><span style=\"font-weight: 400;\">Opplysningene som samles inn under bestillingsprosessen, behandles for \u00e5 oppfylle kontrakten. Ytterligere informasjon, spesielt om overf\u00f8ring av data til tredjeparter, finner du i <a href=\"https:\/\/clone.antcube.shop\/en\/privacy-policy\/\">personvernerkl\u00e6ring<\/a> p\u00e5 nettstedet v\u00e5rt.<\/span><\/p>\n<h2><b>\u00a7 12 Sluttbestemmelser og tvistel\u00f8sning<\/b><\/h2>\n<p><span style=\"font-weight: 400;\">(1) Loven i Forbundsrepublikken Tyskland skal gjelde. For forbrukere gjelder dette bare i den grad beskyttelsen som gis ikke er begrenset av ufravikelige bestemmelser i det landet der forbrukeren har sitt vanlige bosted. Bestemmelsene i FN-konvensjonen om kontrakter for internasjonale varekj\u00f8p gjelder ikke. \u00a7 16 para. 14 setning 2 nr. 6 TDSG forblir up\u00e5virket.<\/span><\/p>\n<p><span style=\"font-weight: 400;\">(2) Europakommisjonen tilbyr en plattform for nettbasert tvistel\u00f8sning (OS), som er tilgjengelig p\u00e5 https:\/\/ec.europa.eu\/consumers\/odr. V\u00e5r e-postadresse er: law@ants.de\u00a0<\/span><\/p>\n<p><a href=\"https:\/\/clone.antcube.shop\/en\/shipping-costs-delivery-restrictions\/\"><b>Fraktkostnader\/fraktbetingelser<\/b><\/a><\/p>\n<p><a href=\"https:\/\/clone.antcube.shop\/en\/privacy-policy\/\"><b>Retningslinjer for personvern<\/b><\/a><\/p>\n<p><a href=\"https:\/\/clone.antcube.shop\/en\/payment-methods-and-conditions\/\"><b>Betalingsmuligheter<\/b><\/a><\/p>\n<p><a href=\"https:\/\/clone.antcube.shop\/en\/refund-policy\/\"><b>Rett til oppsigelse<\/b><\/a><\/p>\n\n\t\t<\/div>\n\t\t\t\t\t<\/div>\n\n\t\n\n<\/div>","protected":false},"excerpt":{"rendered":"","protected":false},"author":1,"featured_media":0,"parent":0,"menu_order":0,"comment_status":"closed","ping_status":"closed","template":"","meta":{"_acf_changed":false,"content-type":"","_monsterinsights_skip_tracking":false,"_monsterinsights_sitenote_active":false,"_monsterinsights_sitenote_note":"","_monsterinsights_sitenote_category":0,"footnotes":""},"class_list":["post-500","page","type-page","status-publish","hentry"],"acf":[],"aioseo_notices":[],"jetpack_sharing_enabled":true,"_links":{"self":[{"href":"https:\/\/clone.antcube.shop\/nb\/wp-json\/wp\/v2\/pages\/500","targetHints":{"allow":["GET"]}}],"collection":[{"href":"https:\/\/clone.antcube.shop\/nb\/wp-json\/wp\/v2\/pages"}],"about":[{"href":"https:\/\/clone.antcube.shop\/nb\/wp-json\/wp\/v2\/types\/page"}],"author":[{"embeddable":true,"href":"https:\/\/clone.antcube.shop\/nb\/wp-json\/wp\/v2\/users\/1"}],"replies":[{"embeddable":true,"href":"https:\/\/clone.antcube.shop\/nb\/wp-json\/wp\/v2\/comments?post=500"}],"version-history":[{"count":10,"href":"https:\/\/clone.antcube.shop\/nb\/wp-json\/wp\/v2\/pages\/500\/revisions"}],"predecessor-version":[{"id":10710,"href":"https:\/\/clone.antcube.shop\/nb\/wp-json\/wp\/v2\/pages\/500\/revisions\/10710"}],"wp:attachment":[{"href":"https:\/\/clone.antcube.shop\/nb\/wp-json\/wp\/v2\/media?parent=500"}],"curies":[{"name":"wp","href":"https:\/\/api.w.org\/{rel}","templated":true}]}}