{"id":630,"date":"2021-07-30T13:32:17","date_gmt":"2021-07-30T11:32:17","guid":{"rendered":"https:\/\/antcube.shop\/?page_id=630"},"modified":"2025-07-23T17:23:54","modified_gmt":"2025-07-23T15:23:54","slug":"juridisk-merknad","status":"publish","type":"page","link":"https:\/\/clone.antcube.shop\/nb\/juridisk-merknad\/","title":{"rendered":"Juridisk merknad"},"content":{"rendered":"<div id=\"gap-382373136\" class=\"gap-element clearfix\" style=\"display:block; height:auto;\">\n\t\t\n<style>\n#gap-382373136 {\n  padding-top: 199px;\n}\n@media (min-width:850px) {\n  #gap-382373136 {\n    padding-top: 190px;\n  }\n}\n<\/style>\n\t<\/div>\n\t\n\n<div class=\"row\"  id=\"row-2138244168\">\n\n\n\t<div id=\"col-866445453\" class=\"col small-12 large-12\"  >\n\t\t\t\t<div class=\"col-inner\"  >\n\t\t\t\n\t\t\t\n\n<h1>Juridisk merknad<\/h1>\n<p><strong>ANTCUBE av <\/strong><b>ANTSTORE, Martin Sebesta<\/b><b><br \/><\/b><span style=\"font-weight: 400;\">Selerweg 41<\/span><span style=\"font-weight: 400;\"><br \/><\/span><span style=\"font-weight: 400;\">D-12169 Berlin<\/span><\/p>\n<p><b>Kontakt<\/b><b><br \/><\/b><span style=\"font-weight: 400;\">Telefon +49 30 439703870<\/span><span style=\"font-weight: 400;\"><br \/><\/span><span style=\"font-weight: 400;\">E-mail:law@ants.de\u00a0<\/span><\/p>\n<p><b>Identifikasjonsnummer for merverdiavgift: <\/b><span style=\"font-weight: 400;\">DE215167549 <\/span><span style=\"font-weight: 400;\"><br \/><\/span><b>WEEE reg. nr: <\/b><span style=\"font-weight: 400;\">DE54590387<\/span><\/p>\n<p><b>Ansvarlig for innhold i henhold til \u00a7 55 Abs. 2 RStV: <\/b><b><br \/><\/b><span style=\"font-weight: 400;\">Martin Sebesta (adresse som ovenfor)<\/span><\/p>\n<p><b>Informasjon om bruk av nettstedet<\/b><b><br \/><\/b><span style=\"font-weight: 400;\">Det er tillatt \u00e5 laste ned eller skrive ut enkelte sider eller deler av nettstedet v\u00e5rt til privat bruk.<\/span><span style=\"font-weight: 400;\"><br \/><\/span><span style=\"font-weight: 400;\"> Hel eller delvis reproduksjon, distribusjon, overf\u00f8ring (elektronisk eller p\u00e5 annen m\u00e5te), modifisering eller bruk av dette nettstedet til offentlige eller kommersielle form\u00e5l er forbudt uten v\u00e5rt skriftlige forh\u00e5ndssamtykke.<\/span><\/p>\n<p><b>Tillatt bruk for ikke-kommersielle form\u00e5l: <\/b><b><br \/><\/b><span style=\"font-weight: 400;\">Bruk av v\u00e5re produktbilder til reklame i lokale butikker er tillatt p\u00e5 f\u00f8lgende vilk\u00e5r:<\/span><\/p>\n<ul>\n<li style=\"font-weight: 400;\" aria-level=\"1\"><span style=\"font-weight: 400;\">Alle bilder m\u00e5 merkes med kilde og v\u00e5r logo (ANTSTORE\/ ANTCUBE\/ PLANTCUBE). <\/span><span style=\"font-weight: 400;\"><br \/><\/span><b>Trykksaker: <\/b><span style=\"font-weight: 400;\">Kilde: <\/span><a href=\"https:\/\/www.antstore.de\"><span style=\"font-weight: 400;\">www.antstore.de<\/span><span style=\"font-weight: 400;\"><br \/><\/span><\/a><b> Nettsteder: <\/b><span style=\"font-weight: 400;\">Kilde: <\/span><a href=\"https:\/\/www.antstore.de\"><span style=\"font-weight: 400;\">www.antstore.de<\/span><\/a><span style=\"font-weight: 400;\"> (med lenke til www.antstore.net\/shop\/) eller <\/span><a href=\"https:\/\/www.clone.antcube.shop\"><span style=\"font-weight: 400;\">www.clone.antcube.shop<\/span><\/a><\/li>\n<\/ul>\n<p><span style=\"font-weight: 400;\">Hvis du har sp\u00f8rsm\u00e5l om riktig plassering av logoen og \u00f8nsker \u00e5 motta den som en digital fil, kan du kontakte oss p\u00e5 marketing@antcube.de.<\/span><\/p>\n<p><b>Viktig merknad: <\/b><b><br \/><\/b><span style=\"font-weight: 400;\">Bruk av v\u00e5re bilder i nettbutikker eller til andre kommersielle form\u00e5l er forbudt uten skriftlig tillatelse.<\/span><\/p>\n<p><b>Merknad om lenker p\u00e5 nettstedet <\/b><b><br \/><\/b><span style=\"font-weight: 400;\">Nettstedet v\u00e5rt inneholder lenker til eksterne nettsteder. Vi p\u00e5tar oss intet ansvar for innholdet p\u00e5 disse nettstedene, da vi ikke har noen innflytelse p\u00e5 deres utforming og innhold.<\/span><\/p>\n<p><span style=\"font-weight: 400;\">Vi erkl\u00e6rer uttrykkelig at vi ikke overtar innholdet p\u00e5 eksterne nettsteder som v\u00e5rt eget.<\/span><span style=\"font-weight: 400;\"><br \/><\/span><span style=\"font-weight: 400;\"> Lenker p\u00e5 nettstedet v\u00e5rt er \u00e5 forst\u00e5 som \"levende\" (dynamiske) referanser.<\/span><span style=\"font-weight: 400;\"><br \/><\/span><span style=\"font-weight: 400;\"> Hvis vi finner ut at et bestemt tilbud som vi har lenket til, utl\u00f8ser sivilrettslig eller strafferettslig ansvar, vil vi fjerne denne lenken hvis dette er teknisk mulig og rimelig.<\/span><\/p>\n<p>Design, innhold og teknisk implementering av: Janik Wiedemann<\/p>\n\n\t\t<\/div>\n\t\t\t\t\t<\/div>\n\n\t\n\n<\/div>","protected":false},"excerpt":{"rendered":"","protected":false},"author":1,"featured_media":0,"parent":0,"menu_order":0,"comment_status":"closed","ping_status":"closed","template":"","meta":{"_acf_changed":false,"content-type":"","_monsterinsights_skip_tracking":false,"_monsterinsights_sitenote_active":false,"_monsterinsights_sitenote_note":"","_monsterinsights_sitenote_category":0,"footnotes":""},"class_list":["post-630","page","type-page","status-publish","hentry"],"acf":[],"aioseo_notices":[],"jetpack_sharing_enabled":true,"_links":{"self":[{"href":"https:\/\/clone.antcube.shop\/nb\/wp-json\/wp\/v2\/pages\/630","targetHints":{"allow":["GET"]}}],"collection":[{"href":"https:\/\/clone.antcube.shop\/nb\/wp-json\/wp\/v2\/pages"}],"about":[{"href":"https:\/\/clone.antcube.shop\/nb\/wp-json\/wp\/v2\/types\/page"}],"author":[{"embeddable":true,"href":"https:\/\/clone.antcube.shop\/nb\/wp-json\/wp\/v2\/users\/1"}],"replies":[{"embeddable":true,"href":"https:\/\/clone.antcube.shop\/nb\/wp-json\/wp\/v2\/comments?post=630"}],"version-history":[{"count":10,"href":"https:\/\/clone.antcube.shop\/nb\/wp-json\/wp\/v2\/pages\/630\/revisions"}],"predecessor-version":[{"id":12006,"href":"https:\/\/clone.antcube.shop\/nb\/wp-json\/wp\/v2\/pages\/630\/revisions\/12006"}],"wp:attachment":[{"href":"https:\/\/clone.antcube.shop\/nb\/wp-json\/wp\/v2\/media?parent=630"}],"curies":[{"name":"wp","href":"https:\/\/api.w.org\/{rel}","templated":true}]}}