{"id":6737,"date":"2023-12-12T15:03:25","date_gmt":"2023-12-12T14:03:25","guid":{"rendered":"https:\/\/antcube.shop\/product\/antcube-starter-set-fur-weberameisen-gros\/"},"modified":"2026-01-12T12:38:07","modified_gmt":"2026-01-12T11:38:07","slug":"startsett-for-vevermaur-stor","status":"publish","type":"product","link":"https:\/\/clone.antcube.shop\/nb\/produkt\/startsett-for-vevermaur-stor\/","title":{"rendered":"ANTCUBE - Startsett for vevermaur - large"},"content":{"rendered":"<p><span data-text-color=\"alert\"><strong>Frakt kun mulig via spedisjon p\u00e5 palett.<\/strong><\/span><\/p>\n<p><strong>Innhold:<\/strong><br \/>\n1x Honeydew Mix (HT) - p\u00e5fyll 10 ml<br \/>\n1x Hele, blancherte sirisser<\/p>\n<p>1x ANTCUBE Arena 30x30x60 med skyved\u00f8r<br \/>\n1x maurarena ramme 30\u00d730 - 5cm<br \/>\n1x maur arena deksel 30\u00d730<br \/>\n1x festepunkt for arenadeksel (4 stk.)<\/p>\n<p>1x ramme for skyved\u00f8r<br \/>\nSprayflaske sprayer 0,5 liter - messingdyse<br \/>\n1x fotobakvegg - regnskog - 30\u00d760 - h\u00f8y<br \/>\n1x Formicarium-base 30\u00d730 cm<\/p>\n<p>1x underlag regnskog 1 kg<br \/>\n2x Formicarium plugg for 50mm hull<br \/>\n3x gitterinnsats - 50mm - rustfritt st\u00e5l<br \/>\nDigitalt mini-termohygrometer - hvit - selvklebende<br \/>\n1x fj\u00e6rst\u00e5l pinsett bred - myk<br \/>\n1x plastpincett standard<br \/>\n1x olje for beskyttelse mot maurutbrudd<br \/>\n1x drikker klar 20ml - svamp<br \/>\n1x drikker 2ml - 360 grader<br \/>\n1x bolle klar 1\u00d720 - svamp<br \/>\n1x h\u00e5ndlupe - 2x - 30 mm<br \/>\n1x skumvisker 150x18x2,5mm<\/p>\n<p><strong>Beskrivelse:<\/strong><br \/>\nDette utvidbare startsettet, som er spesielt beregnet p\u00e5 ulike vevmaurarter som Polyrhachis spec. eller Oecophylla spec. inneholder ikke bare det optimalt tilpassede formicariumet, men ogs\u00e5 passende tilbeh\u00f8r for \u00e5 holde disse maurartene.<\/p>\n<p>Skyved\u00f8ren i fronten (\u00e5pning 150x200 mm) forenkler arbeidet i formikariet, selv med store kolonier eller beplantning av formikariet med en vertsplante, for eksempel Oecophylla smaragdina. Ytterligere formikarier kan kobles til via de to 50 mm hullene p\u00e5 siden. Gitterinnsatsene i rustfritt st\u00e5l gir god ventilasjon og er robuste mot mekanisk p\u00e5virkning. Termo- og hygrometeret inne i systemet er absolutt barne- og kj\u00e6ledyrsikkert og gj\u00f8r det enkelt \u00e5 kontrollere klimaverdiene. Ved behov kan luftfuktigheten \u00f8kes med sprayflasken. Drikkedunk klar 20 ml - svamp er beregnet for tilf\u00f8rsel av ferskvann, drikkedunk 2 ml - 360 grader for honning eller sukkerl\u00f8sning.<\/p>\n<p><strong>Viktig:<\/strong> Fukt substratet f\u00f8r bruk, slik at blandingen kan kombinere og utvikle et fast grep i maurfarmen. I tillegg kan for t\u00f8rt og st\u00f8vete substrat f\u00f8re til blokkering av maurens luftveier og i verste fall kveles dyrene.<\/p>\n<p><strong>Viktig merknad om skyved\u00f8rsrammen:<\/strong><br \/>\nRammen kan enkelt festes til skruene som er festet til skyved\u00f8rens skinner. Dette gj\u00f8res ved \u00e5 l\u00f8sne skruene forsiktig <strong>bare<\/strong> mutterne p\u00e5 innsiden. Det er n\u00f8dvendig med en liten stjerneskrutrekker (kryssskrutrekker). Sett sammen rammen og heng den innvendig p\u00e5 skruene. Skru deretter forsiktig p\u00e5 mutterne igjen og <strong>ikke under noen omstendigheter dreie for hardt,<\/strong> ellers kan glasset bli skadet.<\/p>\n<p><strong>Merknader om produksjon<\/strong><br \/>\nGlasset er sk\u00e5ret i henhold til DIN 1249 med en toleranse p\u00e5 +\/- 1 mm. For ekstremt sm\u00e5 maurarter er det n\u00f8dvendig med ekstra utbruddsbeskyttelse.<\/p>\n<p><strong>Merknad om honningdugg:<\/strong><br \/>\nInnhold: 10 ml<br \/>\nDette er et naturlig produkt, som vi har raffinert etter omfattende testing i laboratoriet v\u00e5rt og utviklet til en mat som maurene aksepterer sv\u00e6rt godt. \u00c5rsaken er at ubehandlet honningdugghonning i sin konsentrerte opprinnelige form ikke aksepteres godt av maur og deres metabolisme.<br \/>\nV\u00e5r honningdugg ble samlet inn i de uforurensede ville fjellskogene i Bulgaria. Honningdugg produseres bare i en sv\u00e6rt begrenset periode p\u00e5 omtrent to m\u00e5neder om sommeren. Derfor er den sv\u00e6rt sjelden. P\u00e5 grunn av de spesifikke jordegenskapene til skogene og klimaet ble eksistensielt viktige n\u00e6ringsstoffer lagret i bladene p\u00e5 tr\u00e6rne, som absorberes av bladlusene. Dette er det som gj\u00f8r denne honningduggblandingen s\u00e5 \u00f8nskelig for maur.<\/p>\n<p><strong>Bruksomr\u00e5de:<\/strong><br \/>\nMengden mat b\u00f8r konsumeres innen ca. 3 dager.<\/p>\n<p><strong>Beskrivelse:<\/strong><br \/>\nHonningdugg, i motsetning til blomsterhonning, er avledet fra sekreter fra plantesugende insekter som bladlus. Honningdugg er en favorittmatkilde for mange insekter som maur, bier og til og med humler. Bier og humler slikker den fra blader eller n\u00e5ler fra forskjellige tr\u00e6r. Maur som Lasius niger holder bladlusene regelmessig. De forsvarer dem til og med mot rovdyr og b\u00e6rer dem til friske skudd.<\/p>\n<p>Honningdugg er popul\u00e6r blant maur hovedsakelig p\u00e5 grunn av dens noe forskjellige komponenter. De viktigste sukkerartene i honningdugg er sukrose og fruktose, men mindre mengder maltose, trehalose, melezitose, raffinose og andre oligosakkarider er ogs\u00e5 til stede. I tillegg til sukker og vann inneholder honningdugg ogs\u00e5 eksistensielt viktige aminosyrer, mineraler, sporstoffer, adenosinfosfater og andre ingredienser som vitaminer.<\/p>\n<p><strong>Bruksomr\u00e5der:<\/strong><br \/>\nFor honningspisende maurarter (Meliphagidae).<br \/>\nDet er et tilleggsf\u00f4r<br \/>\nDet kan tilbys til dyrene i levert tilstand. Siden fuktighet reduserer sukkerkonsentrasjonen og starter en gj\u00e6ringsprosess, b\u00f8r f\u00f4ret skiftes ut hver 3. dag. Rengj\u00f8r f\u00f4rsk\u00e5len\/r\u00f8ret grundig f\u00f8r gjenbruk.<br \/>\nEn \u00e5pnet pakning skal brukes tett lukket inntil angitt holdbarhetsdato (best f\u00f8r-dato).<\/p>\n<p><strong>N\u00e6ringsverdier per 100 g:<\/strong><br \/>\nca. 2,7 % fettstoffer<br \/>\nhvorav mettet ca. 0,45 %<br \/>\nca 95 % karbohydrater<br \/>\nhvorav sukker ca. 71%<br \/>\nca. 2,85%-protein<br \/>\nMineraler (kalium, kalsium, kobber, jern, natrium, magnesium, fosfor, sink og andre sporstoffer) Aminosyrer (prolin, leucin, fenylalanin, alanin, histidin, isoleucin, glutaminsyre, arginin, asparaginsyre, etc.) Organiske syrer Enzymer (fermenter)Smaksstoffer Inhibiner (antibakterielle stoffer) Blomster Pollen<\/p>\n<p><strong>Lagring:<\/strong><br \/>\nFor \u00e5 sikre f\u00f4rkvaliteten b\u00f8r f\u00f4ret oppbevares m\u00f8rkt og t\u00f8rt.<\/p>\n<p><strong>Merknad:<\/strong><br \/>\nTilleggsf\u00f4r for honningspisende maur.<br \/>\nSe pakningsvedlegget for sammensetning, analytiske ingredienser, holdbarhetsdato og partinummer.<\/p>\n<p>Informasjonstelefon +49 30 439703870<\/p>\n<p><strong>Ansvarlig veterin\u00e6r- og n\u00e6ringsmiddeltilsynsmyndighet:<\/strong><br \/>\nSteglitz veterin\u00e6rkontor<br \/>\nK\u00f6nigin-Luise-Str. 92<br \/>\n14195 Berlin<\/p>\n<p><strong>Merknad om blancherte sirisser:<\/strong><br \/>\nV\u00e5re Blanched Crickets er en enkel m\u00e5te \u00e5 gi maurene dine ferskkonservert proteinmat uten \u00e5 m\u00e5tte mate levende insekter. De medf\u00f8lgende sirissene (Acheta domesticus) er sk\u00e5nsomt blancherte for \u00e5 sikre at n\u00e6ringsverdi, smak og aroma bevares. I tillegg blir det kitin\u00f8se skallet til insektene myknet p\u00e5 denne m\u00e5ten, slik at det lettere kan ford\u00f8yes. Forbindelsene til de kollagene proteinene brytes ned slik at maurene kan utnytte dem bedre. Hermetisert Acheta domesticus har samme n\u00e6ringsverdi som levende sirisser, men er lettere \u00e5 ford\u00f8ye.<\/p>\n<p>De blancherte sirissene er ikke egnet for jakt p\u00e5 maurarter som krever levende mat (f.eks. poneriner (urmaur) som Harpegnathos eller Odontomachus).<\/p>\n<p><strong>Andre fordeler:<\/strong><br \/>\nGarantert fri for midd<br \/>\nDelbar<br \/>\nSterilisert og vakuumert<br \/>\nUten tilsetningsstoffer<br \/>\nF\u00e5rekyllinger fra b\u00e6rekraftig, rent \u00f8kologisk oppdrett, f\u00f4ret med organisk avfall.<\/p>\n<p><strong>Merknad:<\/strong><br \/>\nN\u00e5r den er \u00e5pnet, holder den seg i omtrent fire dager i kj\u00f8leskapet. Lengre holdbarhet hvis den fryses.<\/p>","protected":false},"excerpt":{"rendered":"<p>Settet best\u00e5r av 25 deler.<br \/>\nSt\u00f8rrelse: XL<\/p>","protected":false},"featured_media":6710,"comment_status":"open","ping_status":"closed","template":"","meta":{"_acf_changed":false,"content-type":"","_monsterinsights_skip_tracking":false,"_monsterinsights_sitenote_active":false,"_monsterinsights_sitenote_note":"","_monsterinsights_sitenote_category":0},"product_brand":[],"product_cat":[354,73],"product_tag":[],"class_list":{"0":"post-6737","1":"product","2":"type-product","3":"status-publish","4":"has-post-thumbnail","6":"product_cat-starter-sets-for-weaver-ants","7":"product_cat-starter-sets","8":"product_shipping_class-forwarding-on-pallet","10":"first","11":"instock","12":"taxable","13":"shipping-taxable","14":"purchasable","15":"product-type-simple"},"acf":[],"aioseo_notices":[],"jetpack_sharing_enabled":true,"_links":{"self":[{"href":"https:\/\/clone.antcube.shop\/nb\/wp-json\/wp\/v2\/product\/6737","targetHints":{"allow":["GET"]}}],"collection":[{"href":"https:\/\/clone.antcube.shop\/nb\/wp-json\/wp\/v2\/product"}],"about":[{"href":"https:\/\/clone.antcube.shop\/nb\/wp-json\/wp\/v2\/types\/product"}],"replies":[{"embeddable":true,"href":"https:\/\/clone.antcube.shop\/nb\/wp-json\/wp\/v2\/comments?post=6737"}],"wp:featuredmedia":[{"embeddable":true,"href":"https:\/\/clone.antcube.shop\/nb\/wp-json\/wp\/v2\/media\/6710"}],"wp:attachment":[{"href":"https:\/\/clone.antcube.shop\/nb\/wp-json\/wp\/v2\/media?parent=6737"}],"wp:term":[{"taxonomy":"product_brand","embeddable":true,"href":"https:\/\/clone.antcube.shop\/nb\/wp-json\/wp\/v2\/product_brand?post=6737"},{"taxonomy":"product_cat","embeddable":true,"href":"https:\/\/clone.antcube.shop\/nb\/wp-json\/wp\/v2\/product_cat?post=6737"},{"taxonomy":"product_tag","embeddable":true,"href":"https:\/\/clone.antcube.shop\/nb\/wp-json\/wp\/v2\/product_tag?post=6737"}],"curies":[{"name":"wp","href":"https:\/\/api.w.org\/{rel}","templated":true}]}}