{"id":500,"date":"2021-07-21T10:22:03","date_gmt":"2021-07-21T08:22:03","guid":{"rendered":"https:\/\/antcube.shop\/?page_id=500"},"modified":"2024-12-03T12:41:56","modified_gmt":"2024-12-03T11:41:56","slug":"zasady-i-warunki","status":"publish","type":"page","link":"https:\/\/clone.antcube.shop\/pl\/zasady-i-warunki\/","title":{"rendered":"Zasady i warunki"},"content":{"rendered":"<div id=\"gap-1318956969\" class=\"gap-element clearfix\" style=\"display:block; height:auto;\">\n\t\t\n<style>\n#gap-1318956969 {\n  padding-top: 196px;\n}\n@media (min-width:850px) {\n  #gap-1318956969 {\n    padding-top: 190px;\n  }\n}\n<\/style>\n\t<\/div>\n\t\n\n<div class=\"row\"  id=\"row-810108621\">\n\n\n\t<div id=\"col-1558848349\" class=\"col small-12 large-12\"  >\n\t\t\t\t<div class=\"col-inner\"  >\n\t\t\t\n\t\t\t\n\n<h1><b>Og\u00f3lne Warunki Handlowe <\/b><\/h1>\n<p><b>dla <\/b><a href=\"http:\/\/www.clone.antcube.shop\"><b>www.clone.antcube.shop<\/b><\/a><span style=\"font-weight: 400;\"> ANTSTORE, Martin Sebesta, Selerweg 41, 12169 Berlin, zwany dalej \"Sprzedaj\u0105cym\".<\/span><\/p>\n<h2><b>\u00a7 1 Zakres zastosowania, informacje og\u00f3lne, definicje<\/b><\/h2>\n<p><span style=\"font-weight: 400;\">(1) Niniejsze Og\u00f3lne Warunki Handlowe (OWH) maj\u0105 zastosowanie do wszystkich zam\u00f3wie\u0144 towar\u00f3w i us\u0142ug za po\u015brednictwem sklepu internetowego na stronie internetowej <\/span><b>clone.antcube.shop<\/b><span style=\"font-weight: 400;\">, obs\u0142ugiwany przez ANTSTORE, Martin Sebesta, Selerweg 41, 12169 Berlin. E-mail: <\/span><a href=\"mailto:verkauf@antstore.de\"><span style=\"font-weight: 400;\">verkauf@antstore.de<\/span><\/a><span style=\"font-weight: 400;\"> \/ law@ants.de\u00a0<\/span><\/p>\n<p><span style=\"font-weight: 400;\">(2) Sprzedawca oferuje produkty do przechowywania mr\u00f3wek i akcesoria, w szczeg\u00f3lno\u015bci za po\u015brednictwem swojego sklepu internetowego. OWH maj\u0105 zastosowanie do stosunk\u00f3w handlowych mi\u0119dzy Sprzedawc\u0105 a Klientem w wersji obowi\u0105zuj\u0105cej w momencie sk\u0142adania zam\u00f3wienia.<\/span><\/p>\n<p><span style=\"font-weight: 400;\">(3) Konsumentem w rozumieniu niniejszych OWH jest ka\u017cda osoba fizyczna dokonuj\u0105ca czynno\u015bci prawnej w celach, kt\u00f3re w przewa\u017caj\u0105cej mierze nie s\u0105 zwi\u0105zane z jej dzia\u0142alno\u015bci\u0105 handlow\u0105, gospodarcz\u0105 lub zawodow\u0105. Przedsi\u0119biorcy to osoby fizyczne lub prawne lub sp\u00f3\u0142ki osobowe, kt\u00f3re zawieraj\u0105c transakcj\u0119 prawn\u0105, dzia\u0142aj\u0105 w ramach swojej dzia\u0142alno\u015bci handlowej lub samozatrudnienia.<\/span><\/p>\n<p><span style=\"font-weight: 400;\">(4) Poszczeg\u00f3lne porozumienia umowne maj\u0105 pierwsze\u0144stwo przed niniejszymi OWH. Odmienne warunki klienta b\u0119d\u0105 uznawane tylko wtedy, gdy sprzedawca wyra\u017anie wyrazi\u0142 na nie zgod\u0119.<\/span><\/p>\n<h2><b>\u00a7 2 Zawarcie umowy<\/b><\/h2>\n<p><span style=\"font-weight: 400;\">(1) O ile nie okre\u015blono inaczej na odpowiedniej stronie produktu, obszar dostawy obejmuje Uni\u0119 Europejsk\u0105.<\/span><\/p>\n<p><span style=\"font-weight: 400;\">(2) Prezentacja towar\u00f3w na stronie internetowej sprzedawcy stanowi wi\u0105\u017c\u0105c\u0105 ofert\u0119. Zam\u00f3wione towary mog\u0105 nieznacznie odbiega\u0107 od towar\u00f3w przedstawionych w Internecie w rozs\u0105dnych granicach ze wzgl\u0119du na techniczne mo\u017cliwo\u015bci prezentacji, w szczeg\u00f3lno\u015bci mog\u0105 wyst\u0119powa\u0107 odchylenia kolorystyczne, o ile jest to uzasadnione.<\/span><\/p>\n<p><span style=\"font-weight: 400;\">(3) Zaznaczaj\u0105c niebieskie pole \"<\/span><span style=\"font-weight: 400;\">Sk\u0142adaj\u0105c zam\u00f3wienie o\u015bwiadczasz, \u017ce przeczyta\u0142e\u015b i zrozumia\u0142e\u015b nasz\u0105 ofert\u0119<\/span><b>&#8221; <\/b><span style=\"font-weight: 400;\">a nast\u0119pnie <\/span><span style=\"font-weight: 400;\">Klikaj\u0105c przycisk \"Kup teraz\" lub b\u0119d\u0105c przekierowanym do PayPal za pomoc\u0105 przycisku \"Zap\u0142a\u0107 przez PayPal\" i ko\u0144cz\u0105c tam proces p\u0142atno\u015bci, klient sk\u0142ada wi\u0105\u017c\u0105c\u0105 ofert\u0119 zakupu towar\u00f3w w koszyku i akceptuje wa\u017cno\u015b\u0107 niniejszych OWH.<\/span><\/p>\n<p><span style=\"font-weight: 400;\">(4) Sprzedawca potwierdza otrzymanie zam\u00f3wienia poczt\u0105 elektroniczn\u0105 (potwierdzenie zam\u00f3wienia). Potwierdzenie zam\u00f3wienia nie stanowi jednak przyj\u0119cia oferty. Umowa zostaje zawarta dopiero po wys\u0142aniu potwierdzenia zam\u00f3wienia lub potwierdzenia wysy\u0142ki.<\/span><\/p>\n<p><span style=\"font-weight: 400;\">(5) Sprzedawca zastrzega sobie prawo do przyj\u0119cia lub odrzucenia zam\u00f3wienia w ci\u0105gu pi\u0119ciu dni roboczych. Je\u015bli zam\u00f3wienie nie zostanie przyj\u0119te, klient zostanie o tym poinformowany poczt\u0105 elektroniczn\u0105.<\/span><\/p>\n<p><span style=\"font-weight: 400;\">(6) W przypadku nieprzewidzianych problem\u00f3w z dostaw\u0105 lub niedost\u0119pno\u015bci towar\u00f3w, za kt\u00f3re sprzedawca nie ponosi odpowiedzialno\u015bci, zar\u00f3wno sprzedawca, jak i klient mog\u0105 odst\u0105pi\u0107 od umowy. Klient zostanie o tym niezw\u0142ocznie poinformowany, a dokonane p\u0142atno\u015bci zostan\u0105 niezw\u0142ocznie zwr\u00f3cone.<\/span><\/p>\n<p><span style=\"font-weight: 400;\">(7) Je\u015bli klient zam\u00f3wi towary drog\u0105 elektroniczn\u0105, tekst umowy zostanie zapisany przez sprzedawc\u0119 i przes\u0142any klientowi wraz z prawnie skutecznymi OWH poczt\u0105 elektroniczn\u0105 po zawarciu umowy.<\/span><\/p>\n<h2><b>\u00a7 3 Konto klienta<\/b><\/h2>\n<p><span style=\"font-weight: 400;\">(1) Dokonywanie zakup\u00f3w za po\u015brednictwem naszej strony internetowej jest zasadniczo mo\u017cliwe tylko po zarejestrowaniu si\u0119. Mo\u017ce by\u0107 jednak konieczne utworzenie konta klienta w celu uzyskania dost\u0119pu do niekt\u00f3rych funkcji.<\/span><\/p>\n<p><span style=\"font-weight: 400;\">(2) Nie ma uprawnie\u0144 do posiadania konta klienta. Zarejestrowa\u0107 si\u0119 mog\u0105 wy\u0142\u0105cznie pe\u0142noletnie osoby fizyczne korzystaj\u0105ce z konta do cel\u00f3w prywatnych lub przedsi\u0119biorcy i osoby prawne lub sp\u00f3\u0142ki osobowe posiadaj\u0105ce zdolno\u015b\u0107 prawn\u0105, kt\u00f3re dzia\u0142aj\u0105 w ramach wykonywania swojej dzia\u0142alno\u015bci handlowej lub niezale\u017cnej dzia\u0142alno\u015bci zawodowej przy zawieraniu transakcji prawnej. Dane dost\u0119powe musz\u0105 by\u0107 traktowane jako poufne i nie mog\u0105 by\u0107 przekazywane osobom trzecim.<\/span><\/p>\n<p><span style=\"font-weight: 400;\">(3) Wielokrotne rejestracje s\u0105 niedozwolone. Klienci mog\u0105 usun\u0105\u0107 swoje konto w dowolnym momencie za po\u015brednictwem zarz\u0105dzania kontem.<\/span><\/p>\n<h2><b>\u00a7 4 Zastrze\u017cenie w\u0142asno\u015bci<\/b><\/h2>\n<p><span style=\"font-weight: 400;\">(1) W przypadku konsument\u00f3w sprzedawca zachowuje prawo w\u0142asno\u015bci do towar\u00f3w do momentu ca\u0142kowitej zap\u0142aty ceny zakupu. W przypadku przedsi\u0119biorc\u00f3w ma to zastosowanie do czasu uregulowania wszystkich roszcze\u0144 wynikaj\u0105cych z bie\u017c\u0105cych stosunk\u00f3w handlowych.<\/span><\/p>\n<p><span style=\"font-weight: 400;\">(2) W przypadku naruszenia umowy przez klienta, w szczeg\u00f3lno\u015bci w przypadku zw\u0142oki w p\u0142atno\u015bci, podania przez klienta nieprawdziwych informacji dotycz\u0105cych jego zdolno\u015bci kredytowej lub w przypadku z\u0142o\u017cenia wniosku o wszcz\u0119cie post\u0119powania upad\u0142o\u015bciowego, sprzedawca jest uprawniony - w razie potrzeby po wyznaczeniu terminu - do odst\u0105pienia od umowy i \u017c\u0105dania zwrotu towar\u00f3w, pod warunkiem \u017ce klient nie zap\u0142aci\u0142 jeszcze wynagrodzenia lub nie zap\u0142aci\u0142 go w ca\u0142o\u015bci.<\/span><\/p>\n<p><span style=\"font-weight: 400;\">(3) Przedsi\u0119biorca jest upowa\u017cniony do odsprzeda\u017cy towar\u00f3w w ramach zwyk\u0142ej dzia\u0142alno\u015bci gospodarczej. Niniejszym ceduje on na Sprzedaj\u0105cego wszelkie roszczenia w wysoko\u015bci kwoty faktury, kt\u00f3re przys\u0142uguj\u0105 mu wobec osoby trzeciej w wyniku odsprzeda\u017cy. Sprzedaj\u0105cy akceptuje cesj\u0119. Po dokonaniu cesji przedsi\u0119biorca jest upowa\u017cniony do \u015bci\u0105gni\u0119cia wierzytelno\u015bci. Sprzedawca zastrzega sobie prawo do samodzielnego \u015bci\u0105gni\u0119cia wierzytelno\u015bci, gdy tylko przedsi\u0119biorca nie wywi\u0105\u017ce si\u0119 nale\u017cycie ze swoich zobowi\u0105za\u0144 p\u0142atniczych i popadnie w zw\u0142ok\u0119.<\/span><\/p>\n<p><span style=\"font-weight: 400;\">(4) Sprzedaj\u0105cy zobowi\u0105zuje si\u0119 do zwolnienia przys\u0142uguj\u0105cych mu zabezpiecze\u0144 na \u017c\u0105danie Klienta w zakresie, w jakim mo\u017cliwa do zrealizowania warto\u015b\u0107 zabezpiecze\u0144 przekracza zabezpieczan\u0105 wierzytelno\u015b\u0107 o wi\u0119cej ni\u017c 10%. Wyb\u00f3r zabezpiecze\u0144 do zwolnienia nale\u017cy do Sprzedaj\u0105cego.<\/span><\/p>\n<h2><b>\u00a7 5 Ceny i warunki p\u0142atno\u015bci<\/b><\/h2>\n<p><span style=\"font-weight: 400;\">(1) Podane ceny s\u0105 cenami brutto, s\u0105 wi\u0105\u017c\u0105ce i zawieraj\u0105 ustawowy podatek VAT oraz nie zawieraj\u0105 \u017cadnych <a href=\"https:\/\/clone.antcube.shop\/en\/shipping-costs-delivery-restrictions\/\">koszty wysy\u0142ki<\/a> w tym podatek VAT. Obowi\u0105zuje kwota podana w momencie sk\u0142adania zam\u00f3wienia. Cena wraz z podatkiem VAT i kosztami wysy\u0142ki zostanie r\u00f3wnie\u017c wy\u015bwietlona w formularzu zam\u00f3wienia przed z\u0142o\u017ceniem zam\u00f3wienia przez klienta. Koszty wysy\u0142ki mo\u017cna r\u00f3wnie\u017c znale\u017a\u0107 w naszym <\/span><a href=\"https:\/\/clone.antcube.shop\/en\/shipping-costs-delivery-restrictions\/\"><b>przegl\u0105d koszt\u00f3w wysy\u0142ki.<\/b><\/a><\/p>\n<p><span style=\"font-weight: 400;\">(2) Klient zobowi\u0105zuje si\u0119 zap\u0142aci\u0107 ca\u0142kowit\u0105 cen\u0119 w ci\u0105gu 14 dni od otrzymania potwierdzenia zam\u00f3wienia poczt\u0105 elektroniczn\u0105 lub faktury. Po up\u0142ywie tego terminu klient jest w zw\u0142oce z p\u0142atno\u015bci\u0105. W okresie zw\u0142oki konsument zap\u0142aci odsetki od zad\u0142u\u017cenia w wysoko\u015bci 5 punkt\u00f3w procentowych powy\u017cej podstawowej stopy procentowej. W okresie zw\u0142oki przedsi\u0119biorca zap\u0142aci odsetki od zad\u0142u\u017cenia w wysoko\u015bci 9 punkt\u00f3w procentowych powy\u017cej podstawowej stopy procentowej. W przypadku zw\u0142oki w roszczeniu o p\u0142atno\u015b\u0107 przedsi\u0119biorca b\u0119dzie r\u00f3wnie\u017c winien zrycza\u0142towan\u0105 p\u0142atno\u015b\u0107 w wysoko\u015bci 40 euro, w tym VAT. Dotyczy to r\u00f3wnie\u017c sytuacji, gdy przedsi\u0119biorca zalega z p\u0142atno\u015bci\u0105 na konto lub inn\u0105 p\u0142atno\u015bci\u0105 rataln\u0105. Sprzedawca zastrzega sobie prawo do \u017c\u0105dania od przedsi\u0119biorcy wy\u017cszego odszkodowania za zw\u0142ok\u0119. Kwota rycza\u0142towa zgodnie ze zdaniem 5 zostanie skompensowana z roszczeniem o odszkodowanie, o ile szkoda opiera si\u0119 na kosztach post\u0119powania s\u0105dowego.<\/span><\/p>\n<p><span style=\"font-weight: 400;\">(3) Prawo do potr\u0105cenia przys\u0142uguje klientowi tylko wtedy, gdy jego roszczenia wzajemne zosta\u0142y prawomocnie stwierdzone, uznane lub nie zosta\u0142y zakwestionowane przez sprzedaj\u0105cego. Prawo klienta do potr\u0105cenia z roszczeniami umownymi i innymi roszczeniami wynikaj\u0105cymi z nawi\u0105zania lub wykonania niniejszego stosunku umownego pozostaje nienaruszone. Klient mo\u017ce skorzysta\u0107 z prawa zatrzymania tylko wtedy, gdy jego roszczenie wzajemne opiera si\u0119 na tym samym stosunku umownym.<\/span><\/p>\n<p><span style=\"font-weight: 400;\">(4) Zmiany, rozszerzenia i ograniczenia zam\u00f3wienia po zawarciu umowy zostan\u0105 uwzgl\u0119dnione przez sprzedawc\u0119 w miar\u0119 mo\u017cliwo\u015bci. Sprzedawca naliczy za to op\u0142at\u0119 manipulacyjn\u0105 w wysoko\u015bci 10,00 \u20ac z VAT, chyba \u017ce s\u0105 to przypadki anulowania lub roszcze\u0144 gwarancyjnych. W przypadku zam\u00f3wie\u0144 przetwarzanych r\u0119cznie, kt\u00f3re nie s\u0105 przetwarzane za po\u015brednictwem sklepu internetowego, pobieramy op\u0142at\u0119 manipulacyjn\u0105 w wysoko\u015bci 20,00 \u20ac z VAT. Nie dotyczy to zam\u00f3wie\u0144 towar\u00f3w, kt\u00f3rych nie mo\u017cna zam\u00f3wi\u0107 za po\u015brednictwem sklepu internetowego, np. produkt\u00f3w niestandardowych.<\/span><\/p>\n<p><span style=\"font-weight: 400;\">(5) Zam\u00f3wione zwierz\u0119ta, kt\u00f3re maj\u0105 zosta\u0107 wys\u0142ane w p\u00f3\u017aniejszym terminie ni\u017c uzgodniono w umowie na \u017cyczenie klienta, zostan\u0105 obci\u0105\u017cone op\u0142at\u0105 w wysoko\u015bci 2,00 \u20ac z VAT za dzie\u0144 i gyne (wysi\u0142ek zwi\u0105zany z opiek\u0105) od dnia zam\u00f3wienia do dnia wysy\u0142ki. Maksymalny czas realizacji zam\u00f3wienia wynosi 30 dni.<\/span><\/p>\n<h2><b>\u00a7 6 <a href=\"https:\/\/clone.antcube.shop\/en\/payment-methods-and-conditions\/\">Metody p\u0142atno\u015bci<\/a><\/b><\/h2>\n<p><span style=\"font-weight: 400;\">(1) Cena zakupu mo\u017ce zosta\u0107 zap\u0142acona z g\u00f3ry, przelewem bankowym, kart\u0105 kredytow\u0105 lub przez PayPal. W przypadku p\u0142atno\u015bci przez PayPal obowi\u0105zuj\u0105 warunki korzystania z us\u0142ugi. Wi\u0119cej informacji mo\u017cna znale\u017a\u0107 w naszym <a href=\"https:\/\/clone.antcube.shop\/en\/privacy-policy\/\">polityka prywatno\u015bci<\/a>.<\/span><\/p>\n<h2><b>\u00a7 7 Warunki wysy\u0142ki i dostawy<\/b><\/h2>\n<p><span style=\"font-weight: 400;\">(1) Wysy\u0142amy wy\u0142\u0105cznie do pa\u0144stw cz\u0142onkowskich Unii Europejskiej z wyj\u0105tkiem europejskich terytori\u00f3w zamorskich lub eksklaw oraz region\u00f3w posiadaj\u0105cych autonomi\u0119 podatkow\u0105 (okre\u015blanych przez Uni\u0119 Europejsk\u0105 jako \"regiony najbardziej oddalone\"). Szacowany czas dostawy do Niemiec i innych kraj\u00f3w jest podany w naszym <\/span><a href=\"https:\/\/clone.antcube.shop\/en\/shipping-costs-delivery-restrictions\/\"><b>przegl\u0105d koszt\u00f3w wysy\u0142ki.<\/b><\/a><\/p>\n<p><span style=\"font-weight: 400;\">(2) Okres dostawy rozpoczyna si\u0119 jeden dzie\u0144 po autoryzacji p\u0142atno\u015bci w przypadku p\u0142atno\u015bci z g\u00f3ry\/przelewem bankowym lub PayPal. W przypadku innych metod p\u0142atno\u015bci okres ten rozpoczyna si\u0119 jeden dzie\u0144 po z\u0142o\u017ceniu zam\u00f3wienia.<\/span><\/p>\n<p><span style=\"font-weight: 400;\">(3) Je\u015bli pocz\u0105tek lub koniec terminu przypada na sobot\u0119, niedziel\u0119 lub dzie\u0144 ustawowo wolny od pracy, pocz\u0105tek lub koniec terminu zostanie przesuni\u0119ty na nast\u0119pny dzie\u0144 roboczy.<\/span><\/p>\n<p><span style=\"font-weight: 400;\">(4) Sprzedawca jest uprawniony do dokonywania dostaw cz\u0119\u015bciowych, je\u015bli jest to uzasadnione dla klienta. Nie spowoduje to \u017cadnych dodatkowych koszt\u00f3w dla klienta.<\/span><\/p>\n<p><span style=\"font-weight: 400;\">(5) Je\u015bli klient zdecyduje si\u0119 odebra\u0107 swoje zam\u00f3wienie w naszym sklepie, zostanie poinformowany e-mailem, \u017ce zam\u00f3wienie jest gotowe do odbioru.<\/span><\/p>\n<h2><b>\u00a7 8 Przeniesienie ryzyka<\/b><\/h2>\n<p><span style=\"font-weight: 400;\">(1) W przypadku konsument\u00f3w ryzyko przypadkowej utraty lub pogorszenia jako\u015bci towar\u00f3w przechodzi na klienta z chwil\u0105 ich przekazania.<\/span><\/p>\n<p><span style=\"font-weight: 400;\">(2) W przypadku przedsi\u0119biorc\u00f3w ryzyko przechodzi na klienta w momencie przekazania firmie transportowej.<\/span><\/p>\n<p><span style=\"font-weight: 400;\">(3) Je\u017celi klient zwleka z odbiorem, uznaje si\u0119 to za r\u00f3wnoznaczne z przekazaniem.<\/span><\/p>\n<h2><b>\u00a7 9 Gwarancja<\/b><\/h2>\n<p><span style=\"font-weight: 400;\">(1) Gwarancja podlega przepisom ustawowym. Okres gwarancji dla konsument\u00f3w wynosi 2 lata od dostawy towar\u00f3w. W odr\u00f3\u017cnieniu od tego, okres gwarancji dla przedsi\u0119biorc\u00f3w wynosi 1 rok od dostawy. Okres gwarancji na towary u\u017cywane r\u00f3wnie\u017c wynosi 1 rok od dostawy towar\u00f3w. Roczny okres gwarancji nie ma zastosowania, je\u015bli sprzedawcy mo\u017cna zarzuci\u0107 ra\u017c\u0105ce zaniedbanie, ani w przypadku obra\u017ce\u0144 fizycznych i uszczerbku na zdrowiu, kt\u00f3re mo\u017cna przypisa\u0107 sprzedawcy oraz w przypadku utraty \u017cycia klienta, w przypadku gwarancji oraz w przypadku regresu dostawy zgodnie z \u00a7\u00a7 478, 479 BGB. Odpowiedzialno\u015b\u0107 sprzedawcy wynikaj\u0105ca z ustawy o odpowiedzialno\u015bci za produkt pozostaje nienaruszona przez niniejsz\u0105 umow\u0119.<\/span><\/p>\n<p><span style=\"font-weight: 400;\">(2) Niezale\u017cnie od ust. 1, zwyk\u0142y termin przedawnienia ma zastosowanie, je\u017celi sprzedawca podst\u0119pnie zatai\u0142 wad\u0119<\/span><\/p>\n<p><span style=\"font-weight: 400;\">(3) Zam\u00f3wione towary mog\u0105 nieznacznie r\u00f3\u017cni\u0107 si\u0119 od towar\u00f3w pokazanych w Internecie w rozs\u0105dnych granicach. Odniesienie do \u00a7 2 ust. 2 niniejszych OWH.<\/span><\/p>\n<p><span style=\"font-weight: 400;\">(4) Konsumenci mog\u0105 wybra\u0107 mi\u0119dzy napraw\u0105 a wymian\u0105. Sprzedawca mo\u017ce odm\u00f3wi\u0107 wybranego rodzaju p\u00f3\u017aniejszego spe\u0142nienia \u015bwiadczenia, je\u015bli jest to mo\u017cliwe tylko przy nieproporcjonalnych kosztach.<\/span><\/p>\n<p><span style=\"font-weight: 400;\">(5) Oczywiste wady musz\u0105 zosta\u0107 zg\u0142oszone przez przedsi\u0119biorc\u00f3w w ci\u0105gu dw\u00f3ch tygodni od otrzymania towar\u00f3w. W przeciwnym razie dochodzenie roszcze\u0144 gwarancyjnych jest wykluczone. Do dotrzymania terminu wystarczy terminowa wysy\u0142ka lub powiadomienie. W przypadku sprzedawc\u00f3w zastosowanie ma \u00a7 377 HGB.<\/span><\/p>\n<p><span style=\"font-weight: 400;\">(6) Gwarancja nie obejmuje uszkodze\u0144 spowodowanych niew\u0142a\u015bciw\u0105 obs\u0142ug\u0105. Gwarancja producenta pozostaje nienaruszona.<\/span><\/p>\n<h2><b>\u00a7 10 Ograniczenia odpowiedzialno\u015bci<\/b><\/h2>\n<p><span style=\"font-weight: 400;\">(1) W przypadku niewielkiego zaniedbania Sprzedaj\u0105cy ponosi odpowiedzialno\u015b\u0107 wy\u0142\u0105cznie za przewidywalne szkody typowe dla umowy. Ograniczenie to ma r\u00f3wnie\u017c zastosowanie do zast\u0119pc\u00f3w Sprzedaj\u0105cego.<\/span><\/p>\n<p><span style=\"font-weight: 400;\">(2) Ograniczenia odpowiedzialno\u015bci nie maj\u0105 zastosowania w przypadku zamiaru oszustwa, naruszenia istotnych zobowi\u0105za\u0144 umownych lub uszczerbku na \u017cyciu, ciele lub zdrowiu.<\/span><\/p>\n<p><span style=\"font-weight: 400;\">(3) Klient jest zobowi\u0105zany do podj\u0119cia odpowiednich \u015brodk\u00f3w w celu zapobie\u017cenia i zminimalizowania szk\u00f3d.<\/span><\/p>\n<p><span style=\"font-weight: 400;\">(4) Sprzedawca ponosi odpowiedzialno\u015b\u0107 wy\u0142\u0105cznie za w\u0142asne tre\u015bci na stronie internetowej swojego sklepu internetowego. W zakresie, w jakim linki zapewniaj\u0105 dost\u0119p do innych stron internetowych, sprzedawca nie ponosi odpowiedzialno\u015bci za zawarte w nich tre\u015bci os\u00f3b trzecich. Nie przyjmuje on tre\u015bci os\u00f3b trzecich jako w\u0142asnych. Je\u015bli sprzedawca dowie si\u0119 o nielegalnych tre\u015bciach na zewn\u0119trznych stronach internetowych, natychmiast zablokuje dost\u0119p do tych stron.<\/span><\/p>\n<h2><b>\u00a7 11 Ochrona danych<\/b><\/h2>\n<p><span style=\"font-weight: 400;\">Dane zebrane podczas procesu zamawiania s\u0105 przetwarzane w celu realizacji umowy. Wi\u0119cej informacji, w szczeg\u00f3lno\u015bci na temat przekazywania danych stronom trzecim, mo\u017cna znale\u017a\u0107 w dokumencie <a href=\"https:\/\/clone.antcube.shop\/en\/privacy-policy\/\">polityka prywatno\u015bci<\/a> na naszej stronie internetowej.<\/span><\/p>\n<h2><b>\u00a7 12 Postanowienia ko\u0144cowe i rozstrzyganie spor\u00f3w<\/b><\/h2>\n<p><span style=\"font-weight: 400;\">(1) Obowi\u0105zuje prawo Republiki Federalnej Niemiec. W przypadku konsument\u00f3w ma to zastosowanie tylko w takim zakresie, w jakim przyznana ochrona nie jest ograniczona przez bezwzgl\u0119dnie obowi\u0105zuj\u0105ce przepisy kraju, w kt\u00f3rym konsument ma miejsce zwyk\u0142ego pobytu. Postanowienia Konwencji Narod\u00f3w Zjednoczonych o umowach mi\u0119dzynarodowej sprzeda\u017cy towar\u00f3w nie maj\u0105 zastosowania. \u00a7 Sekcja 16 par. 14 zdanie 2 nr 6 TDSG pozostaje nienaruszony.<\/span><\/p>\n<p><span style=\"font-weight: 400;\">(2) Komisja Europejska zapewnia platform\u0119 internetowego rozstrzygania spor\u00f3w (OS), kt\u00f3ra jest dost\u0119pna pod adresem https:\/\/ec.europa.eu\/consumers\/odr. Nasz adres e-mail: law@ants.de\u00a0<\/span><\/p>\n<p><a href=\"https:\/\/clone.antcube.shop\/en\/shipping-costs-delivery-restrictions\/\"><b>Koszty wysy\u0142ki\/warunki wysy\u0142ki<\/b><\/a><\/p>\n<p><a href=\"https:\/\/clone.antcube.shop\/en\/privacy-policy\/\"><b>Polityka prywatno\u015bci<\/b><\/a><\/p>\n<p><a href=\"https:\/\/clone.antcube.shop\/en\/payment-methods-and-conditions\/\"><b>Opcje p\u0142atno\u015bci<\/b><\/a><\/p>\n<p><a href=\"https:\/\/clone.antcube.shop\/en\/refund-policy\/\"><b>Prawo do anulowania<\/b><\/a><\/p>\n\n\t\t<\/div>\n\t\t\t\t\t<\/div>\n\n\t\n\n<\/div>","protected":false},"excerpt":{"rendered":"","protected":false},"author":1,"featured_media":0,"parent":0,"menu_order":0,"comment_status":"closed","ping_status":"closed","template":"","meta":{"_acf_changed":false,"content-type":"","_monsterinsights_skip_tracking":false,"_monsterinsights_sitenote_active":false,"_monsterinsights_sitenote_note":"","_monsterinsights_sitenote_category":0,"footnotes":""},"class_list":["post-500","page","type-page","status-publish","hentry"],"acf":[],"aioseo_notices":[],"jetpack_sharing_enabled":true,"_links":{"self":[{"href":"https:\/\/clone.antcube.shop\/pl\/wp-json\/wp\/v2\/pages\/500","targetHints":{"allow":["GET"]}}],"collection":[{"href":"https:\/\/clone.antcube.shop\/pl\/wp-json\/wp\/v2\/pages"}],"about":[{"href":"https:\/\/clone.antcube.shop\/pl\/wp-json\/wp\/v2\/types\/page"}],"author":[{"embeddable":true,"href":"https:\/\/clone.antcube.shop\/pl\/wp-json\/wp\/v2\/users\/1"}],"replies":[{"embeddable":true,"href":"https:\/\/clone.antcube.shop\/pl\/wp-json\/wp\/v2\/comments?post=500"}],"version-history":[{"count":10,"href":"https:\/\/clone.antcube.shop\/pl\/wp-json\/wp\/v2\/pages\/500\/revisions"}],"predecessor-version":[{"id":10710,"href":"https:\/\/clone.antcube.shop\/pl\/wp-json\/wp\/v2\/pages\/500\/revisions\/10710"}],"wp:attachment":[{"href":"https:\/\/clone.antcube.shop\/pl\/wp-json\/wp\/v2\/media?parent=500"}],"curies":[{"name":"wp","href":"https:\/\/api.w.org\/{rel}","templated":true}]}}