{"id":630,"date":"2021-07-30T13:32:17","date_gmt":"2021-07-30T11:32:17","guid":{"rendered":"https:\/\/antcube.shop\/?page_id=630"},"modified":"2025-07-23T17:23:54","modified_gmt":"2025-07-23T15:23:54","slug":"zawiadomienie-prawne","status":"publish","type":"page","link":"https:\/\/clone.antcube.shop\/pl\/zawiadomienie-prawne\/","title":{"rendered":"Nota prawna"},"content":{"rendered":"<div id=\"gap-1498247855\" class=\"gap-element clearfix\" style=\"display:block; height:auto;\">\n\t\t\n<style>\n#gap-1498247855 {\n  padding-top: 199px;\n}\n@media (min-width:850px) {\n  #gap-1498247855 {\n    padding-top: 190px;\n  }\n}\n<\/style>\n\t<\/div>\n\t\n\n<div class=\"row\"  id=\"row-1614613935\">\n\n\n\t<div id=\"col-2135331185\" class=\"col small-12 large-12\"  >\n\t\t\t\t<div class=\"col-inner\"  >\n\t\t\t\n\t\t\t\n\n<h1>Nota prawna<\/h1>\n<p><strong>ANTCUBE by <\/strong><b>ANTSTORE, Martin Sebesta<\/b><b><br \/><\/b><span style=\"font-weight: 400;\">Selerweg 41<\/span><span style=\"font-weight: 400;\"><br \/><\/span><span style=\"font-weight: 400;\">D-12169 Berlin<\/span><\/p>\n<p><b>Kontakt<\/b><b><br \/><\/b><span style=\"font-weight: 400;\">Telefon: +49 30 439703870<\/span><span style=\"font-weight: 400;\"><br \/><\/span><span style=\"font-weight: 400;\">E-mail:law@ants.de\u00a0<\/span><\/p>\n<p><b>Numer identyfikacji podatkowej sprzeda\u017cy: <\/b><span style=\"font-weight: 400;\">DE215167549 <\/span><span style=\"font-weight: 400;\"><br \/><\/span><b>WEEE reg. no: <\/b><span style=\"font-weight: 400;\">DE54590387<\/span><\/p>\n<p><b>Odpowiedzialny za tre\u015b\u0107 zgodnie z \u00a7 55 Abs. 2 RStV: <\/b><b><br \/><\/b><span style=\"font-weight: 400;\">Martin Sebesta (adres jak wy\u017cej)<\/span><\/p>\n<p><b>Informacje na temat korzystania z witryny<\/b><b><br \/><\/b><span style=\"font-weight: 400;\">Pobieranie lub drukowanie poszczeg\u00f3lnych stron lub sekcji naszej witryny jest dozwolone do u\u017cytku prywatnego.<\/span><span style=\"font-weight: 400;\"><br \/><\/span><span style=\"font-weight: 400;\"> Ca\u0142kowite lub cz\u0119\u015bciowe powielanie, rozpowszechnianie, przekazywanie (elektronicznie lub w inny spos\u00f3b), modyfikowanie lub wykorzystywanie niniejszej strony internetowej do cel\u00f3w publicznych lub komercyjnych jest zabronione bez naszej uprzedniej pisemnej zgody.<\/span><\/p>\n<p><b>Dozwolone u\u017cycie do cel\u00f3w niekomercyjnych: <\/b><b><br \/><\/b><span style=\"font-weight: 400;\">Wykorzystywanie zdj\u0119\u0107 naszych produkt\u00f3w do cel\u00f3w reklamowych w lokalnych sklepach jest dozwolone pod nast\u0119puj\u0105cymi warunkami:<\/span><\/p>\n<ul>\n<li style=\"font-weight: 400;\" aria-level=\"1\"><span style=\"font-weight: 400;\">Wszystkie obrazy musz\u0105 by\u0107 oznaczone \u017ar\u00f3d\u0142em i naszym logo (ANTSTORE\/ ANTCUBE\/ PLANTCUBE). <\/span><span style=\"font-weight: 400;\"><br \/><\/span><b>Materia\u0142y drukowane: <\/b><span style=\"font-weight: 400;\">\u0179r\u00f3d\u0142o: <\/span><a href=\"https:\/\/www.antstore.de\"><span style=\"font-weight: 400;\">www.antstore.de<\/span><span style=\"font-weight: 400;\"><br \/><\/span><\/a><b> Strony internetowe: <\/b><span style=\"font-weight: 400;\">\u0179r\u00f3d\u0142o: <\/span><a href=\"https:\/\/www.antstore.de\"><span style=\"font-weight: 400;\">www.antstore.de<\/span><\/a><span style=\"font-weight: 400;\"> (z linkiem do strony www.antstore.net\/shop\/) lub <\/span><a href=\"https:\/\/www.clone.antcube.shop\"><span style=\"font-weight: 400;\">www.clone.antcube.shop<\/span><\/a><\/li>\n<\/ul>\n<p><span style=\"font-weight: 400;\">W przypadku pyta\u0144 dotycz\u0105cych prawid\u0142owego umieszczenia logo i otrzymania go w postaci pliku cyfrowego, prosimy o kontakt pod adresem marketing@antcube.de.<\/span><\/p>\n<p><b>Wa\u017cna uwaga: <\/b><b><br \/><\/b><span style=\"font-weight: 400;\">Wykorzystywanie naszych zdj\u0119\u0107 w sklepach internetowych lub w innych celach komercyjnych jest zabronione bez pisemnej zgody.<\/span><\/p>\n<p><b>Uwaga dotycz\u0105ca link\u00f3w na stronie internetowej <\/b><b><br \/><\/b><span style=\"font-weight: 400;\">Nasza witryna zawiera \u0142\u0105cza do witryn zewn\u0119trznych. Nie ponosimy odpowiedzialno\u015bci za tre\u015b\u0107 tych stron, poniewa\u017c nie mamy wp\u0142ywu na ich wygl\u0105d i zawarto\u015b\u0107.<\/span><\/p>\n<p><span style=\"font-weight: 400;\">Wyra\u017anie o\u015bwiadczamy, \u017ce nie przyjmujemy tre\u015bci stron zewn\u0119trznych jako w\u0142asnych.<\/span><span style=\"font-weight: 400;\"><br \/><\/span><span style=\"font-weight: 400;\"> Linki na naszej stronie internetowej nale\u017cy rozumie\u0107 jako \"\u017cywe\" (dynamiczne) odno\u015bniki.<\/span><span style=\"font-weight: 400;\"><br \/><\/span><span style=\"font-weight: 400;\"> Je\u015bli ustalimy, \u017ce konkretna oferta, do kt\u00f3rej link zosta\u0142 zamieszczony, poci\u0105ga za sob\u0105 odpowiedzialno\u015b\u0107 cywiln\u0105 lub karn\u0105, usuniemy ten link, je\u015bli b\u0119dzie to technicznie mo\u017cliwe i uzasadnione.<\/span><\/p>\n<p>Projekt, tre\u015b\u0107 i wdro\u017cenie techniczne przez: Janik Wiedemann<\/p>\n\n\t\t<\/div>\n\t\t\t\t\t<\/div>\n\n\t\n\n<\/div>","protected":false},"excerpt":{"rendered":"","protected":false},"author":1,"featured_media":0,"parent":0,"menu_order":0,"comment_status":"closed","ping_status":"closed","template":"","meta":{"_acf_changed":false,"content-type":"","_monsterinsights_skip_tracking":false,"_monsterinsights_sitenote_active":false,"_monsterinsights_sitenote_note":"","_monsterinsights_sitenote_category":0,"footnotes":""},"class_list":["post-630","page","type-page","status-publish","hentry"],"acf":[],"aioseo_notices":[],"jetpack_sharing_enabled":true,"_links":{"self":[{"href":"https:\/\/clone.antcube.shop\/pl\/wp-json\/wp\/v2\/pages\/630","targetHints":{"allow":["GET"]}}],"collection":[{"href":"https:\/\/clone.antcube.shop\/pl\/wp-json\/wp\/v2\/pages"}],"about":[{"href":"https:\/\/clone.antcube.shop\/pl\/wp-json\/wp\/v2\/types\/page"}],"author":[{"embeddable":true,"href":"https:\/\/clone.antcube.shop\/pl\/wp-json\/wp\/v2\/users\/1"}],"replies":[{"embeddable":true,"href":"https:\/\/clone.antcube.shop\/pl\/wp-json\/wp\/v2\/comments?post=630"}],"version-history":[{"count":10,"href":"https:\/\/clone.antcube.shop\/pl\/wp-json\/wp\/v2\/pages\/630\/revisions"}],"predecessor-version":[{"id":12006,"href":"https:\/\/clone.antcube.shop\/pl\/wp-json\/wp\/v2\/pages\/630\/revisions\/12006"}],"wp:attachment":[{"href":"https:\/\/clone.antcube.shop\/pl\/wp-json\/wp\/v2\/media?parent=630"}],"curies":[{"name":"wp","href":"https:\/\/api.w.org\/{rel}","templated":true}]}}