{"id":700,"date":"2021-08-17T10:57:40","date_gmt":"2021-08-17T08:57:40","guid":{"rendered":"https:\/\/antcube.shop\/?page_id=700"},"modified":"2026-02-09T11:09:28","modified_gmt":"2026-02-09T10:09:28","slug":"utrzymywanie-mrowek","status":"publish","type":"page","link":"https:\/\/clone.antcube.shop\/pl\/utrzymywanie-mrowek\/","title":{"rendered":"O trzymaniu mr\u00f3wek"},"content":{"rendered":"<div id=\"page-header-790784174\" class=\"page-header-wrapper\">\n  <div class=\"page-title dark featured-title\">\n\n        <div class=\"page-title-bg\">\n      <div class=\"title-bg fill bg-fill\"\n        data-parallax-container=\".page-title\"\n        data-parallax-background\n data-parallax=\"-\">\n      <\/div>\n      <div class=\"title-overlay fill\"><\/div>\n    <\/div>\n    \n    <div class=\"page-title-inner container align-center flex-row medium-flex-wrap\" >\n              <div class=\"title-wrapper flex-col text-left medium-text-center\">\n          <h1 class=\"entry-title mb-0\">\n            O trzymaniu mr\u00f3wek          <\/h1>\n        <\/div>\n                    <div class=\"title-content flex-col flex-right text-right medium-text-center\">\n        <div class=\"title-share pt-half pb-half\"><div class=\"social-icons share-icons share-row relative icon-style-outline\" ><a href=\"whatsapp:\/\/send?text=About%20ant%20keeping - https:\/\/clone.antcube.shop\/pl\/utrzymywanie-mrowek\/\" data-action=\"share\/whatsapp\/share\" class=\"icon button circle is-outline tooltip whatsapp show-for-medium\" title=\"Udost\u0119pnij na WhatsAppie\" aria-label=\"Udost\u0119pnij na WhatsAppie\"><i class=\"icon-whatsapp\" aria-hidden=\"true\"><\/i><\/a><a href=\"https:\/\/www.facebook.com\/sharer.php?u=https:\/\/clone.antcube.shop\/pl\/utrzymywanie-mrowek\/\" data-label=\"Facebook\" onclick=\"window.open(this.href,this.title,'width=500,height=500,top=300px,left=300px'); return false;\" target=\"_blank\" class=\"icon button circle is-outline tooltip facebook\" title=\"Udost\u0119pnij na Facebooku\" aria-label=\"Udost\u0119pnij na Facebooku\" rel=\"noopener nofollow\"><i class=\"icon-facebook\" aria-hidden=\"true\"><\/i><\/a><a href=\"https:\/\/twitter.com\/share?url=https:\/\/clone.antcube.shop\/pl\/utrzymywanie-mrowek\/\" onclick=\"window.open(this.href,this.title,'width=500,height=500,top=300px,left=300px'); return false;\" target=\"_blank\" class=\"icon button circle is-outline tooltip twitter\" title=\"Udost\u0119pnij na Twitterze\" aria-label=\"Udost\u0119pnij na Twitterze\" rel=\"noopener nofollow\"><i class=\"icon-twitter\" aria-hidden=\"true\"><\/i><\/a><a href=\"mailto:?subject=About%20ant%20keeping&body=Sprawd%C5%BA%20to%3A%20https%3A%2F%2Fclone.antcube.shop%2Fpl%2Futrzymywanie-mrowek%2F\" class=\"icon button circle is-outline tooltip email\" title=\"Wy\u015blij znajomemu\" aria-label=\"Wy\u015blij znajomemu\" rel=\"nofollow\"><i class=\"icon-envelop\" aria-hidden=\"true\"><\/i><\/a><a href=\"https:\/\/pinterest.com\/pin\/create\/button?url=https:\/\/clone.antcube.shop\/pl\/utrzymywanie-mrowek\/&media&description=About%20ant%20keeping\" onclick=\"window.open(this.href,this.title,'width=500,height=500,top=300px,left=300px'); return false;\" target=\"_blank\" class=\"icon button circle is-outline tooltip pinterest\" title=\"Przypnij na Pinterest\" aria-label=\"Przypnij na Pinterest\" rel=\"noopener nofollow\"><i class=\"icon-pinterest\" aria-hidden=\"true\"><\/i><\/a><\/div><\/div>      <\/div>\n    <\/div>\n\n     \n<style>\n#page-header-790784174 .page-title-inner {\n  min-height: 500px;\n}\n#page-header-790784174 {\n  margin-bottom: 0px;\n}\n#page-header-790784174 .title-bg {\n  background-image: url(https:\/\/clone.antcube.shop\/wp-content\/uploads\/2021\/08\/ant-5094995_1920.jpg);\n  background-position: 65% 56%;\n}\n#page-header-790784174 .title-overlay {\n  background-color: rgba(255, 255, 255, 0);\n}\n@media (min-width:550px) {\n  #page-header-790784174 .page-title-inner {\n    min-height: 500px;\n  }\n}\n<\/style>\n  <\/div>\n    <\/div>\n  \n\n\t<div id=\"gap-676813007\" class=\"gap-element clearfix\" style=\"display:block; height:auto;\">\n\t\t\n<style>\n#gap-676813007 {\n  padding-top: 15px;\n}\n<\/style>\n\t<\/div>\n\t\n\n<div class=\"row\"  id=\"row-268451880\">\n\n\n\t<div id=\"col-1050953043\" class=\"col medium-6 small-12 large-6\"  >\n\t\t\t\t<div class=\"col-inner\"  >\n\t\t\t\n\t\t\t\n\n<h3>Co to jest hodowla mr\u00f3wek?<\/h3>\n<p>Hodowla mr\u00f3wek to opieka i obserwacja mr\u00f3wek i ich kolonii. Hodowla mr\u00f3wek sta\u0142a si\u0119 w ostatnich latach bardzo popularnym hobby. Wprawdzie pierwsze znane formikarium (terrarium dla mr\u00f3wek) zosta\u0142o pokazane ju\u017c oko\u0142o 1900 roku na wystawie World's Fair w Pary\u017cu, ale dopiero w \"Uncle Milton's Ant Farm\" oko\u0142o 1956 roku pierwsze formikaria mo\u017cna by\u0142o swobodnie kupi\u0107.<\/p>\n<p>Od kilku lat istnieje wielu r\u00f3\u017cnych dostawc\u00f3w formikari\u00f3w, z kt\u00f3rych wi\u0119kszo\u015b\u0107 wykonana jest z tworzywa sztucznego. Zazwyczaj formikarium sk\u0142ada si\u0119 z zagrody, kt\u00f3ra s\u0142u\u017cy jako miejsce do gniazdowania zwierz\u0105t i areny, kt\u00f3ra s\u0142u\u017cy do karmienia zwierz\u0105t i jako miejsce do \u0107wicze\u0144.<\/p>\n\n\t\t<\/div>\n\t\t\t\t\t<\/div>\n\n\t\n\n\t<div id=\"col-690141861\" class=\"col medium-6 small-12 large-6\"  >\n\t\t\t\t<div class=\"col-inner\"  >\n\t\t\t\n\t\t\t\n\n\t<div class=\"img has-hover x md-x lg-x y md-y lg-y\" id=\"image_822884620\">\n\t\t<a class=\"image-lightbox lightbox-gallery\" title=\"\" href=\"https:\/\/i0.wp.com\/clone.antcube.shop\/wp-content\/uploads\/2021\/07\/Meranoplus-Bicolor-scaled.jpg?fit=900%2C600&#038;ssl=1\">\t\t\t\t\t\t<div class=\"img-inner image-zoom-long dark\" >\n\t\t\t<img data-recalc-dims=\"1\" loading=\"lazy\" decoding=\"async\" width=\"1020\" height=\"680\" src=\"https:\/\/i0.wp.com\/clone.antcube.shop\/wp-content\/uploads\/2021\/07\/Meranoplus-Bicolor-scaled.jpg?resize=1020%2C680&#038;ssl=1\" class=\"attachment-original size-original\" alt=\"Gatunek mr\u00f3wki Meranoplus bicolor na li\u015bciu paproci makro ANTSTORE ANTCUBE\" srcset=\"https:\/\/i0.wp.com\/clone.antcube.shop\/wp-content\/uploads\/2021\/07\/Meranoplus-Bicolor-scaled.jpg?w=2560&amp;ssl=1 2560w, https:\/\/i0.wp.com\/clone.antcube.shop\/wp-content\/uploads\/2021\/07\/Meranoplus-Bicolor-scaled.jpg?resize=510%2C340&amp;ssl=1 510w, https:\/\/i0.wp.com\/clone.antcube.shop\/wp-content\/uploads\/2021\/07\/Meranoplus-Bicolor-scaled.jpg?resize=600%2C400&amp;ssl=1 600w, https:\/\/i0.wp.com\/clone.antcube.shop\/wp-content\/uploads\/2021\/07\/Meranoplus-Bicolor-scaled.jpg?resize=1200%2C800&amp;ssl=1 1200w, https:\/\/i0.wp.com\/clone.antcube.shop\/wp-content\/uploads\/2021\/07\/Meranoplus-Bicolor-scaled.jpg?resize=768%2C512&amp;ssl=1 768w, https:\/\/i0.wp.com\/clone.antcube.shop\/wp-content\/uploads\/2021\/07\/Meranoplus-Bicolor-scaled.jpg?resize=1536%2C1024&amp;ssl=1 1536w, https:\/\/i0.wp.com\/clone.antcube.shop\/wp-content\/uploads\/2021\/07\/Meranoplus-Bicolor-scaled.jpg?resize=2048%2C1365&amp;ssl=1 2048w\" sizes=\"auto, (max-width: 1020px) 100vw, 1020px\" \/>\t\t\t\t\t\t\n\t\t\t\t\t<\/div>\n\t\t\t\t\t\t<\/a>\t\t\n<style>\n#image_822884620 {\n  width: 100%;\n}\n<\/style>\n\t<\/div>\n\t\n\n\t<div id=\"text-2068905099\" class=\"text\">\n\t\t\n\n<p>Meranoplus bicolor<\/p>\n\t\t\n<style>\n#text-2068905099 {\n  text-align: center;\n}\n<\/style>\n\t<\/div>\n\t\n\n\t\t<\/div>\n\t\t\t\t\t<\/div>\n\n\t\n\n<\/div>\n<div class=\"row\"  id=\"row-1958642475\">\n\n\n\t<div id=\"col-1986294374\" class=\"col medium-6 small-12 large-6\"  >\n\t\t\t\t<div class=\"col-inner\"  >\n\t\t\t\n\t\t\t\n\n<h3>Jaka jest faszinacja hodowli mr\u00f3wek?<\/h3>\n<p>Mr\u00f3wki s\u0105 niewiarygodnie fascynuj\u0105ce. Obserwowanie, jak pojedyncza kr\u00f3lowa przez lata wychowuje swoje pierwsze robotnice, a nast\u0119pnie jak jej kolonia rozrasta si\u0119 do tysi\u0119cy cz\u0142onk\u00f3w przez lata, dzi\u0119ki doskona\u0142ej wsp\u00f3\u0142pracy i wykorzystaniu zasob\u00f3w, jest wyj\u0105tkowym do\u015bwiadczeniem. S\u0105 to niezwykle spo\u0142eczne zwierz\u0119ta, a niekt\u00f3re gatunki tworz\u0105 r\u00f3\u017cne kasty, takie jak robotnicy, \u017co\u0142nierze, rolnicy, a nawet piel\u0119gniarki. I zgadnijcie co, wszystkie one s\u0105 samicami.<\/p>\n<p>Mr\u00f3wki s\u0105 niewiarygodnie wa\u017cne dla naszego \u015brodowiska. Nie tylko s\u0105 obecne w ka\u017cdym nadaj\u0105cym si\u0119 do zamieszkania ekosystemie na \u015bwiecie, ale s\u0105 bardziej wyspecjalizowane i wszechstronne ni\u017c jakikolwiek inny gatunek. Mr\u00f3wki s\u0105 r\u00f3wnie\u017c podobne do nas w sposobie \u017cycia. Podzia\u0142 pracy, wsp\u00f3lne \u017cycie w du\u017cych koloniach na ograniczonej przestrzeni oraz wykorzystywanie r\u00f3\u017cnych poziom\u00f3w \u0142a\u0144cucha pokarmowego we wszystkich ekosystemach sprawia, \u017ce odnosz\u0105 one tak wielki sukces, podobnie jak my, ludzie. Jedyna r\u00f3\u017cnica polega na tym, \u017ce my nie jeste\u015bmy tak wydajni, a mr\u00f3wki istniej\u0105 od ponad 130 milion\u00f3w lat, podczas gdy ludzie od oko\u0142o 300 tysi\u0119cy.<\/p>\n<p>\u00a0<\/p>\n<p>Aby pom\u00f3c Ci w podj\u0119ciu decyzji, kt\u00f3re gatunki mr\u00f3wek chcesz zatrzyma\u0107, mo\u017cesz skorzysta\u0107 z naszej oferty <a href=\"https:\/\/clone.antcube.shop\/ant-finder\/\">&#8220;<strong>Ant Finder<\/strong>&#8220;<\/a><\/p>\n\n\t\t<\/div>\n\t\t\t\t\t<\/div>\n\n\t\n\n\t<div id=\"col-917883415\" class=\"col medium-6 small-12 large-6\"  >\n\t\t\t\t<div class=\"col-inner\"  >\n\t\t\t\n\t\t\t\n\n\t<div class=\"img has-hover x md-x lg-x y md-y lg-y\" id=\"image_1389297335\">\n\t\t<a class=\"image-lightbox lightbox-gallery\" title=\"\" href=\"https:\/\/i0.wp.com\/clone.antcube.shop\/wp-content\/uploads\/2021\/07\/Camponotus-micans-Startbild.jpg?fit=800%2C600&#038;ssl=1\">\t\t\t\t\t\t<div class=\"img-inner image-zoom-long dark\" >\n\t\t\t<img data-recalc-dims=\"1\" loading=\"lazy\" decoding=\"async\" width=\"1020\" height=\"765\" src=\"https:\/\/i0.wp.com\/clone.antcube.shop\/wp-content\/uploads\/2021\/07\/Camponotus-micans-Startbild.jpg?resize=1020%2C765&#038;ssl=1\" class=\"attachment-original size-original\" alt=\"Mr\u00f3wka kr\u00f3lowa Camponotus micans z czerwiami i robotnicami makro na bia\u0142ym tle\" srcset=\"https:\/\/i0.wp.com\/clone.antcube.shop\/wp-content\/uploads\/2021\/07\/Camponotus-micans-Startbild.jpg?w=2048&amp;ssl=1 2048w, https:\/\/i0.wp.com\/clone.antcube.shop\/wp-content\/uploads\/2021\/07\/Camponotus-micans-Startbild.jpg?resize=510%2C383&amp;ssl=1 510w, https:\/\/i0.wp.com\/clone.antcube.shop\/wp-content\/uploads\/2021\/07\/Camponotus-micans-Startbild.jpg?resize=533%2C400&amp;ssl=1 533w, https:\/\/i0.wp.com\/clone.antcube.shop\/wp-content\/uploads\/2021\/07\/Camponotus-micans-Startbild.jpg?resize=1067%2C800&amp;ssl=1 1067w, https:\/\/i0.wp.com\/clone.antcube.shop\/wp-content\/uploads\/2021\/07\/Camponotus-micans-Startbild.jpg?resize=768%2C576&amp;ssl=1 768w, https:\/\/i0.wp.com\/clone.antcube.shop\/wp-content\/uploads\/2021\/07\/Camponotus-micans-Startbild.jpg?resize=1536%2C1152&amp;ssl=1 1536w\" sizes=\"auto, (max-width: 1020px) 100vw, 1020px\" \/>\t\t\t\t\t\t\n\t\t\t\t\t<\/div>\n\t\t\t\t\t\t<\/a>\t\t\n<style>\n#image_1389297335 {\n  width: 100%;\n}\n<\/style>\n\t<\/div>\n\t\n\n\t<div id=\"text-2147643240\" class=\"text\">\n\t\t\n\n<p>Camponotus micans<\/p>\n\t\t\n<style>\n#text-2147643240 {\n  text-align: center;\n}\n<\/style>\n\t<\/div>\n\t\n\n\t\t<\/div>\n\t\t\t\t\t<\/div>\n\n\t\n\n<\/div>\n<div class=\"row\"  id=\"row-656026209\">\n\n\n\t<div id=\"col-1269362474\" class=\"col medium-6 small-12 large-6\"  >\n\t\t\t\t<div class=\"col-inner\"  >\n\t\t\t\n\t\t\t\n\n<h3>Jakiego rodzaju Formicarium potrzebuj\u0119?<\/h3>\n<p>Poniewa\u017c mr\u00f3wki wyst\u0119puj\u0105 w prawie wszystkich r\u00f3\u017cnych ekosystemach, ich potrzeby hodowlane r\u00f3wnie\u017c s\u0105 r\u00f3\u017cne. Mr\u00f3wki wyst\u0119puj\u0105 w naszych miastach, lasach, na pustyniach, w g\u00f3rach, w regionach tropikalnych, a nawet w lasach namorzynowych i regionach subarktycznych.<\/p>\n<p>Tak jak r\u00f3\u017cne s\u0105 zamieszkiwane siedliska, tak r\u00f3\u017cne s\u0105 typy gniazd. Najcz\u0119stsz\u0105 form\u0105 gniazda jest gniazdo naziemne. Inne gatunki \u017cyj\u0105 na przyk\u0142ad w martwym drewnie, w dziuplach drzew i mi\u0119dzy kamieniami, w gniazdach kopcowych lub w tzw. mr\u00f3wczych ro\u015blinach. Inne, rzadziej spotykane rodzaje gniazd to gniazda biwakowe mr\u00f3wek \u017ceruj\u0105cych, gniazda jedwabne mr\u00f3wek tkaczek lub gniazda kartonowe mr\u00f3wek Lasisus fuliginosus.<\/p>\n<p>Aby z powodzeniem hodowa\u0107 mr\u00f3wki, nale\u017cy jak najdok\u0142adniej na\u015bladowa\u0107 warunki naturalne. Dlatego od d\u0142u\u017cszego czasu eksperymentujemy z r\u00f3\u017cnymi materia\u0142ami i kombinacjami gniazd i areny i opracowali\u015bmy zestaw startowy dla wszystkich dost\u0119pnych w handlu gatunk\u00f3w mr\u00f3wek.<\/p>\n<p>\u00a0<\/p>\n<p>Aby znale\u017a\u0107 zestaw startowy, kt\u00f3ry jest najbardziej odpowiedni dla gatunk\u00f3w mr\u00f3wek, kt\u00f3re chcesz hodowa\u0107, u\u017cyj na przyk\u0142ad naszego \"<strong><a href=\"https:\/\/clone.antcube.shop\/formicarium-finder\/\">Wyszukiwarka zestaw\u00f3w startowych<\/a><\/strong>&#8221;\u00a0<\/p>\n\n\t\t<\/div>\n\t\t\t\t\t<\/div>\n\n\t\n\n\t<div id=\"col-212071268\" class=\"col medium-6 small-12 large-6\"  >\n\t\t\t\t<div class=\"col-inner\"  >\n\t\t\t\n\t\t\t\n\n\t<div class=\"img has-hover x md-x lg-x y md-y lg-y\" id=\"image_730810453\">\n\t\t\t\t\t\t<div data-animate=\"fadeInUp\">\t\t<div class=\"img-inner image-zoom-long dark\" >\n\t\t\t<img data-recalc-dims=\"1\" loading=\"lazy\" decoding=\"async\" width=\"1020\" height=\"1020\" src=\"https:\/\/i0.wp.com\/clone.antcube.shop\/wp-content\/uploads\/2021\/07\/Starter-Set-Combi.jpg?resize=1020%2C1020&#038;ssl=1\" class=\"attachment-original size-original\" alt=\"ANTCUBE Starter Set Combi to niedrogi spos\u00f3b na rozpocz\u0119cie hodowli mr\u00f3wek. Zestaw zawiera aren\u0119 ze zintegrowanym gniazdem dla kolonii mr\u00f3wek\" srcset=\"https:\/\/i0.wp.com\/clone.antcube.shop\/wp-content\/uploads\/2021\/07\/Starter-Set-Combi.jpg?w=2000&amp;ssl=1 2000w, https:\/\/i0.wp.com\/clone.antcube.shop\/wp-content\/uploads\/2021\/07\/Starter-Set-Combi.jpg?resize=247%2C247&amp;ssl=1 247w, https:\/\/i0.wp.com\/clone.antcube.shop\/wp-content\/uploads\/2021\/07\/Starter-Set-Combi.jpg?resize=100%2C100&amp;ssl=1 100w, https:\/\/i0.wp.com\/clone.antcube.shop\/wp-content\/uploads\/2021\/07\/Starter-Set-Combi.jpg?resize=510%2C510&amp;ssl=1 510w, https:\/\/i0.wp.com\/clone.antcube.shop\/wp-content\/uploads\/2021\/07\/Starter-Set-Combi.jpg?resize=400%2C400&amp;ssl=1 400w, https:\/\/i0.wp.com\/clone.antcube.shop\/wp-content\/uploads\/2021\/07\/Starter-Set-Combi.jpg?resize=800%2C800&amp;ssl=1 800w, https:\/\/i0.wp.com\/clone.antcube.shop\/wp-content\/uploads\/2021\/07\/Starter-Set-Combi.jpg?resize=280%2C280&amp;ssl=1 280w, https:\/\/i0.wp.com\/clone.antcube.shop\/wp-content\/uploads\/2021\/07\/Starter-Set-Combi.jpg?resize=768%2C768&amp;ssl=1 768w, https:\/\/i0.wp.com\/clone.antcube.shop\/wp-content\/uploads\/2021\/07\/Starter-Set-Combi.jpg?resize=1536%2C1536&amp;ssl=1 1536w\" sizes=\"auto, (max-width: 1020px) 100vw, 1020px\" \/>\t\t\t\t\t\t\n\t\t\t\t\t<\/div>\n\t\t<\/div>\t\t\t\t\t\t\n<style>\n#image_730810453 {\n  width: 100%;\n}\n<\/style>\n\t<\/div>\n\t\n\n\n\t\t<\/div>\n\t\t\t\t\t<\/div>\n\n\t\n\n<\/div>","protected":false},"excerpt":{"rendered":"","protected":false},"author":1,"featured_media":0,"parent":0,"menu_order":0,"comment_status":"closed","ping_status":"closed","template":"","meta":{"_acf_changed":false,"content-type":"","_monsterinsights_skip_tracking":false,"_monsterinsights_sitenote_active":false,"_monsterinsights_sitenote_note":"","_monsterinsights_sitenote_category":0,"footnotes":""},"class_list":["post-700","page","type-page","status-publish","hentry"],"acf":[],"aioseo_notices":[],"jetpack_sharing_enabled":true,"_links":{"self":[{"href":"https:\/\/clone.antcube.shop\/pl\/wp-json\/wp\/v2\/pages\/700","targetHints":{"allow":["GET"]}}],"collection":[{"href":"https:\/\/clone.antcube.shop\/pl\/wp-json\/wp\/v2\/pages"}],"about":[{"href":"https:\/\/clone.antcube.shop\/pl\/wp-json\/wp\/v2\/types\/page"}],"author":[{"embeddable":true,"href":"https:\/\/clone.antcube.shop\/pl\/wp-json\/wp\/v2\/users\/1"}],"replies":[{"embeddable":true,"href":"https:\/\/clone.antcube.shop\/pl\/wp-json\/wp\/v2\/comments?post=700"}],"version-history":[{"count":10,"href":"https:\/\/clone.antcube.shop\/pl\/wp-json\/wp\/v2\/pages\/700\/revisions"}],"predecessor-version":[{"id":7096,"href":"https:\/\/clone.antcube.shop\/pl\/wp-json\/wp\/v2\/pages\/700\/revisions\/7096"}],"wp:attachment":[{"href":"https:\/\/clone.antcube.shop\/pl\/wp-json\/wp\/v2\/media?parent=700"}],"curies":[{"name":"wp","href":"https:\/\/api.w.org\/{rel}","templated":true}]}}