{"id":6737,"date":"2023-12-12T15:03:25","date_gmt":"2023-12-12T14:03:25","guid":{"rendered":"https:\/\/antcube.shop\/product\/antcube-starter-set-fur-weberameisen-gros\/"},"modified":"2026-01-12T12:38:07","modified_gmt":"2026-01-12T11:38:07","slug":"zestaw-startowy-dla-mrowek-tkaczek-duzy","status":"publish","type":"product","link":"https:\/\/clone.antcube.shop\/pl\/produkt\/zestaw-startowy-dla-mrowek-tkaczek-duzy\/","title":{"rendered":"ANTCUBE - Zestaw startowy dla mr\u00f3wek tkaczek - du\u017cy"},"content":{"rendered":"<p><span data-text-color=\"alert\"><strong>Wysy\u0142ka mo\u017cliwa tylko za po\u015brednictwem spedycji na palecie.<\/strong><\/span><\/p>\n<p><strong>Zawarto\u015b\u0107:<\/strong><br \/>\n1x Honeydew Mix (HT) - wk\u0142ad uzupe\u0142niaj\u0105cy 10 ml<br \/>\n1x Ca\u0142e blanszowane \u015bwierszcze<\/p>\n<p>1x ANTCUBE Arena 30x30x60 z przesuwanymi drzwiami<br \/>\n1x ramka areny mr\u00f3wek 30\u00d730 - 5cm<br \/>\n1x os\u0142ona areny mr\u00f3wek 30\u00d730<br \/>\n1x punkt mocowania pokrywy areny (4 szt.)<\/p>\n<p>1x rama do drzwi przesuwnych<br \/>\n1x butelka z rozpylaczem 0,5 litra - mosi\u0119\u017cna dysza<br \/>\n1x Tylna \u015bciana fotograficzna - las deszczowy - 30\u00d760 - wysoka<br \/>\n1x Podstawa formikarium 30\u00d730 cm<\/p>\n<p>1x pod\u0142o\u017ce rainforest 1 kg<br \/>\n2x zatyczka Formicarium dla otworu 50mm<br \/>\n3x wk\u0142adka siatkowa - 50mm - stal nierdzewna<br \/>\nMini termohigrometr cyfrowy - bia\u0142y - samoprzylepny<br \/>\n1x p\u0119seta ze stali spr\u0119\u017cynowej szeroka - mi\u0119kka<br \/>\n1x Plastikowa pinceta standardowa<br \/>\n1x Olej chroni\u0105cy przed ogniskami mr\u00f3wek<br \/>\n1x poide\u0142ko przezroczyste 20ml - g\u0105bka<br \/>\n1x poide\u0142ko 2ml - 360 stopni<br \/>\n1x miska przezroczysta 1\u00d720 - g\u0105bka<br \/>\n1x lupa r\u0119czna - 2x - 30mm<br \/>\n1x wycieraczka piankowa 150x18x2,5mm<\/p>\n<p><strong>Opis:<\/strong><br \/>\nTen rozszerzalny zestaw startowy, przeznaczony specjalnie dla r\u00f3\u017cnych gatunk\u00f3w mr\u00f3wek tkaczy, takich jak Polyrhachis spec. lub Oecophylla spec., zawiera nie tylko optymalnie dostosowane formikarium, ale tak\u017ce odpowiednie akcesoria do hodowli tego gatunku mr\u00f3wek.<\/p>\n<p>Przesuwane drzwi z przodu (otwarcie 150x200 mm) u\u0142atwiaj\u0105 prac\u0119 w formikarium, nawet w przypadku du\u017cych kolonii lub sadzenia formikarium z ro\u015blin\u0105 \u017cywicielsk\u0105, na przyk\u0142ad Oecophylla smaragdina. Dodatkowe formikaria mo\u017cna pod\u0142\u0105czy\u0107 za pomoc\u0105 dw\u00f3ch bocznych otwor\u00f3w o \u015brednicy 50 mm. Wk\u0142adki z siatki ze stali nierdzewnej zapewniaj\u0105 dobr\u0105 wentylacj\u0119 i s\u0105 odporne na uderzenia mechaniczne. Termo- i higrometr wewn\u0105trz systemu jest ca\u0142kowicie bezpieczny dla dzieci i zwierz\u0105t domowych i umo\u017cliwia \u0142atw\u0105 kontrol\u0119 warto\u015bci klimatycznych. W razie potrzeby wilgotno\u015b\u0107 mo\u017cna zwi\u0119kszy\u0107 za pomoc\u0105 butelki z rozpylaczem. Poid\u0142o przezroczyste 20 ml - g\u0105bka jest przeznaczone do dostarczania \u015bwie\u017cej wody, poid\u0142o 2 ml - 360 stopni do miodu lub roztworu cukru.<\/p>\n<p><strong>Wa\u017cne:<\/strong> Przed u\u017cyciem nale\u017cy zwil\u017cy\u0107 pod\u0142o\u017ce, aby mieszanka mog\u0142a si\u0119 po\u0142\u0105czy\u0107 i mocno osadzi\u0107 w mr\u00f3wczej hodowli. Ponadto zbyt suche i zakurzone pod\u0142o\u017ce mo\u017ce doprowadzi\u0107 do zablokowania dr\u00f3g oddechowych mr\u00f3wek, a w najgorszym wypadku do uduszenia si\u0119 zwierz\u0105t.<\/p>\n<p><strong>Wa\u017cna uwaga dotycz\u0105ca ramy drzwi przesuwnych:<\/strong><br \/>\nRam\u0119 mo\u017cna \u0142atwo przymocowa\u0107 do \u015brub przymocowanych do szyn drzwi przesuwnych. W tym celu nale\u017cy ostro\u017cnie poluzowa\u0107 <strong>tylko<\/strong> nakr\u0119tki wewn\u0105trz. Wymagany jest ma\u0142y \u015brubokr\u0119t krzy\u017cakowy. Z\u0142\u00f3\u017c ram\u0119 i zawie\u015b wewn\u0105trz na \u015brubach. Nast\u0119pnie ostro\u017cnie przykr\u0119\u0107 nakr\u0119tki i <strong>pod \u017cadnym pozorem nie obraca\u0107 zbyt mocno,<\/strong> w przeciwnym razie szk\u0142o mo\u017ce zosta\u0107 uszkodzone.<\/p>\n<p><strong>Uwagi dotycz\u0105ce produkcji<\/strong><br \/>\nSzk\u0142o jest ci\u0119te zgodnie z norm\u0105 DIN 1249 z tolerancj\u0105 +\/- 1 mm. W przypadku wyj\u0105tkowo ma\u0142ych gatunk\u00f3w mr\u00f3wek konieczne jest dodatkowe zabezpieczenie przed wy\u0142amaniem.<\/p>\n<p><strong>Uwaga dotycz\u0105ca spadzi:<\/strong><br \/>\nZawarto\u015b\u0107: 10 ml<br \/>\nJest to produkt naturalny, kt\u00f3ry po intensywnych badaniach w naszym laboratorium udoskonalili\u015bmy i stworzyli\u015bmy z niego pokarm bardzo dobrze akceptowany przez mr\u00f3wki. Powodem jest to, \u017ce nieprzetworzony mi\u00f3d spadziowy w swojej skoncentrowanej oryginalnej formie nie jest dobrze akceptowany przez mr\u00f3wki i ich metabolizm.<br \/>\nNasza spad\u017a zosta\u0142a zebrana w nieska\u017conych, dzikich, g\u00f3rskich lasach Bu\u0142garii. Spad\u017a jest produkowana tylko w bardzo ograniczonym okresie, oko\u0142o dw\u00f3ch miesi\u0119cy w lecie. Dlatego te\u017c jest bardzo rzadka. Ze wzgl\u0119du na specyficzne w\u0142a\u015bciwo\u015bci gleby w tych lasach i klimat, w li\u015bciach drzew zgromadzono wa\u017cne dla egzystencji sk\u0142adniki od\u017cywcze, kt\u00f3re s\u0105 wch\u0142aniane przez mszyce. To w\u0142a\u015bnie sprawia, \u017ce ta mieszanina spadziowa jest tak po\u017c\u0105dana przez mr\u00f3wki.<\/p>\n<p><strong>Zastosowanie:<\/strong><br \/>\nIlo\u015b\u0107 pokarmu powinna by\u0107 spo\u017cyta w ci\u0105gu oko\u0142o 3 dni.<\/p>\n<p><strong>Opis:<\/strong><br \/>\nSpad\u017a, w przeciwie\u0144stwie do miodu kwiatowego, pochodzi z wydzielin owad\u00f3w ss\u0105cych ro\u015bliny, takich jak mszyce. Spad\u017a jest ulubionym \u017ar\u00f3d\u0142em po\u017cywienia wielu owad\u00f3w, takich jak mr\u00f3wki, pszczo\u0142y, a nawet trzmiele. Pszczo\u0142y i trzmiele zlizuj\u0105 j\u0105 z li\u015bci lub igie\u0142 r\u00f3\u017cnych drzew. Mr\u00f3wki takie jak Lasius niger regularnie utrzymuj\u0105 mszyce. Broni\u0105 ich nawet przed drapie\u017cnikami i przenosz\u0105 na \u015bwie\u017ce p\u0119dy.<\/p>\n<p>Spad\u017a jest lubiana przez mr\u00f3wki g\u0142\u00f3wnie ze wzgl\u0119du na jej nieco inne sk\u0142adniki. G\u0142\u00f3wnymi cukrami w spadzi s\u0105 sacharoza i fruktoza, ale w mniejszych ilo\u015bciach wyst\u0119puj\u0105 r\u00f3wnie\u017c maltoza, trehaloza, melezitoza, rafinoza i inne oligosacharydy. Opr\u00f3cz cukr\u00f3w i wody spad\u017a zawiera r\u00f3wnie\u017c wa\u017cne dla \u017cycia aminokwasy, minera\u0142y, pierwiastki \u015bladowe, fosforany adenozyny i inne sk\u0142adniki, takie jak witaminy.<\/p>\n<p><strong>Zastosowania:<\/strong><br \/>\nDla gatunk\u00f3w mr\u00f3wek miodo\u017cernych (Meliphagidae).<br \/>\nJest to pasza uzupe\u0142niaj\u0105ca<br \/>\nKarma mo\u017ce by\u0107 podawana zwierz\u0119tom w stanie dostarczonym. Poniewa\u017c wilgo\u0107 zmniejsza st\u0119\u017cenie cukru i rozpoczyna proces fermentacji, karm\u0119 nale\u017cy wymienia\u0107 co 3 dni. Przed ponownym u\u017cyciem nale\u017cy dok\u0142adnie wyczy\u015bci\u0107 misk\u0119\/rurk\u0119 do karmienia.<br \/>\nOtwarte opakowanie nale\u017cy zu\u017cy\u0107 szczelnie zamkni\u0119te do wskazanej (najlepiej przed) daty.<\/p>\n<p><strong>Warto\u015bci od\u017cywcze na 100 g:<\/strong><br \/>\nok. 2,7 % t\u0142uszcze<br \/>\njego nasycenie ok. 0,45 %<br \/>\nok. 95 % w\u0119glowodany<br \/>\ntego cukru ok. 71%<br \/>\noko\u0142o 2,85% bia\u0142ka<br \/>\nMinera\u0142y (potas, wap\u0144, mied\u017a, \u017celazo, s\u00f3d, magnez, fosfor, cynk i inne pierwiastki \u015bladowe) Aminokwasy (prolina, leucyna, fenyloalanina, alanina, histydyna, izoleucyna, kwas glutaminowy, arginina, kwas asparaginowy itd.) Kwasy organiczne Enzymy (fermenty) Aromaty Inhibiny (substancje antybakteryjne) Kwiaty Py\u0142ek kwiatowy<\/p>\n<p><strong>Przechowywanie:<\/strong><br \/>\nAby zapewni\u0107 odpowiedni\u0105 jako\u015b\u0107 paszy, powinna by\u0107 ona przechowywana w ciemnym i suchym miejscu.<\/p>\n<p><strong>Zawiadomienie:<\/strong><br \/>\nPokarm uzupe\u0142niaj\u0105cy dla mr\u00f3wek miodo\u017cernych.<br \/>\nSk\u0142ad, sk\u0142adniki analityczne, data przydatno\u015bci do spo\u017cycia i numer partii znajduj\u0105 si\u0119 na ulotce do\u0142\u0105czonej do opakowania.<\/p>\n<p>Infolinia +49 30 439703870<\/p>\n<p><strong>W\u0142a\u015bciwy organ nadzoru weterynaryjnego i \u017cywno\u015bciowego:<\/strong><br \/>\nGabinet weterynaryjny Steglitz<br \/>\nK\u00f6nigin-Luise-Str. 92<br \/>\n14195 Berlin<\/p>\n<p><strong>Uwaga dotycz\u0105ca blanszowanych \u015bwierszczy:<\/strong><br \/>\nNasze blanszowane \u015bwierszcze to prosty spos\u00f3b na dostarczenie mr\u00f3wkom \u015bwie\u017cego, konserwowanego pokarmu bia\u0142kowego bez konieczno\u015bci karmienia ich \u017cywymi owadami. Zawarte w zestawie \u015bwierszcze (Acheta domesticus) zosta\u0142y delikatnie zblanszowane, aby zapewni\u0107 zachowanie warto\u015bci od\u017cywczych, smaku i aromatu. Ponadto chitynowa otoczka owad\u00f3w zosta\u0142a w ten spos\u00f3b zmi\u0119kczona, dzi\u0119ki czemu mo\u017ce by\u0107 \u0142atwiej trawiona. Zwi\u0105zki bia\u0142ek kolagenowych s\u0105 rozbijane, aby mr\u00f3wki mog\u0142y je lepiej wykorzysta\u0107. Acheta domesticus w puszce ma tak\u0105 sam\u0105 warto\u015b\u0107 od\u017cywcz\u0105 jak \u017cywe \u015bwierszcze, ale jest \u0142atwiejsza do strawienia.<\/p>\n<p>\u015awierszcze blanszowane nie nadaj\u0105 si\u0119 do polowania na gatunki mr\u00f3wek, kt\u00f3re wymagaj\u0105 \u017cywego pokarmu (np. poneriny (mr\u00f3wki pierwotne), takie jak Harpegnathos lub Odontomachus).<\/p>\n<p><strong>Inne zalety:<\/strong><br \/>\nGwarantowany brak roztoczy<br \/>\nPorcjowane<br \/>\nSterylizacja i pr\u00f3\u017cnia<br \/>\nBez dodatk\u00f3w<br \/>\n\u015awierszcze ze zr\u00f3wnowa\u017conej, czysto ekologicznej hodowli, karmione odpadami organicznymi<\/p>\n<p><strong>Zawiadomienie:<\/strong><br \/>\nPo otwarciu przechowuje si\u0119 przez oko\u0142o cztery dni w lod\u00f3wce. D\u0142u\u017cszy termin przydatno\u015bci do spo\u017cycia po zamro\u017ceniu.<\/p>","protected":false},"excerpt":{"rendered":"<p>Zestaw sk\u0142ada si\u0119 z 25 element\u00f3w.<br \/>\nRozmiar: XL<\/p>","protected":false},"featured_media":6710,"comment_status":"open","ping_status":"closed","template":"","meta":{"_acf_changed":false,"content-type":"","_monsterinsights_skip_tracking":false,"_monsterinsights_sitenote_active":false,"_monsterinsights_sitenote_note":"","_monsterinsights_sitenote_category":0},"product_brand":[],"product_cat":[354,73],"product_tag":[],"class_list":{"0":"post-6737","1":"product","2":"type-product","3":"status-publish","4":"has-post-thumbnail","6":"product_cat-starter-sets-for-weaver-ants","7":"product_cat-starter-sets","8":"product_shipping_class-forwarding-on-pallet","10":"first","11":"instock","12":"taxable","13":"shipping-taxable","14":"purchasable","15":"product-type-simple"},"acf":[],"aioseo_notices":[],"jetpack_sharing_enabled":true,"_links":{"self":[{"href":"https:\/\/clone.antcube.shop\/pl\/wp-json\/wp\/v2\/product\/6737","targetHints":{"allow":["GET"]}}],"collection":[{"href":"https:\/\/clone.antcube.shop\/pl\/wp-json\/wp\/v2\/product"}],"about":[{"href":"https:\/\/clone.antcube.shop\/pl\/wp-json\/wp\/v2\/types\/product"}],"replies":[{"embeddable":true,"href":"https:\/\/clone.antcube.shop\/pl\/wp-json\/wp\/v2\/comments?post=6737"}],"wp:featuredmedia":[{"embeddable":true,"href":"https:\/\/clone.antcube.shop\/pl\/wp-json\/wp\/v2\/media\/6710"}],"wp:attachment":[{"href":"https:\/\/clone.antcube.shop\/pl\/wp-json\/wp\/v2\/media?parent=6737"}],"wp:term":[{"taxonomy":"product_brand","embeddable":true,"href":"https:\/\/clone.antcube.shop\/pl\/wp-json\/wp\/v2\/product_brand?post=6737"},{"taxonomy":"product_cat","embeddable":true,"href":"https:\/\/clone.antcube.shop\/pl\/wp-json\/wp\/v2\/product_cat?post=6737"},{"taxonomy":"product_tag","embeddable":true,"href":"https:\/\/clone.antcube.shop\/pl\/wp-json\/wp\/v2\/product_tag?post=6737"}],"curies":[{"name":"wp","href":"https:\/\/api.w.org\/{rel}","templated":true}]}}