{"id":500,"date":"2021-07-21T10:22:03","date_gmt":"2021-07-21T08:22:03","guid":{"rendered":"https:\/\/antcube.shop\/?page_id=500"},"modified":"2024-12-03T12:41:56","modified_gmt":"2024-12-03T11:41:56","slug":"termos-e-condicoes","status":"publish","type":"page","link":"https:\/\/clone.antcube.shop\/pt\/termos-e-condicoes\/","title":{"rendered":"Termos e condi\u00e7\u00f5es"},"content":{"rendered":"<div id=\"gap-191971280\" class=\"gap-element clearfix\" style=\"display:block; height:auto;\">\n\t\t\n<style>\n#gap-191971280 {\n  padding-top: 196px;\n}\n@media (min-width:850px) {\n  #gap-191971280 {\n    padding-top: 190px;\n  }\n}\n<\/style>\n\t<\/div>\n\t\n\n<div class=\"row\"  id=\"row-507320372\">\n\n\n\t<div id=\"col-717241034\" class=\"col small-12 large-12\"  >\n\t\t\t\t<div class=\"col-inner\"  >\n\t\t\t\n\t\t\t\n\n<h1><b>Termos e Condi\u00e7\u00f5es Gerais <\/b><\/h1>\n<p><b>para <\/b><a href=\"http:\/\/www.clone.antcube.shop\"><b>www.clone.antcube.shop<\/b><\/a><span style=\"font-weight: 400;\"> ANTSTORE, Martin Sebesta, Selerweg 41, 12169 Berlim, a seguir designado por \"Vendedor\".<\/span><\/p>\n<h2><b>\u00a7 1 \u00c2mbito de aplica\u00e7\u00e3o, informa\u00e7\u00f5es gerais, defini\u00e7\u00f5es<\/b><\/h2>\n<p><span style=\"font-weight: 400;\">(1) As presentes Condi\u00e7\u00f5es Gerais de Venda (CGV) aplicam-se a todas as encomendas de bens e servi\u00e7os atrav\u00e9s da loja online no s\u00edtio Web <\/span><b>clone.antcube.shop<\/b><span style=\"font-weight: 400;\">, gerido por ANTSTORE, Martin Sebesta, Selerweg 41, 12169 Berlim. Correio eletr\u00f3nico: <\/span><a href=\"mailto:verkauf@antstore.de\"><span style=\"font-weight: 400;\">verkauf@antstore.de<\/span><\/a><span style=\"font-weight: 400;\"> \/ law@ants.de\u00a0<\/span><\/p>\n<p><span style=\"font-weight: 400;\">(2) O Vendedor oferece produtos para a manuten\u00e7\u00e3o de formigas e acess\u00f3rios, nomeadamente atrav\u00e9s da sua loja online. As CGV aplicam-se \u00e0 rela\u00e7\u00e3o comercial entre o vendedor e o cliente na vers\u00e3o v\u00e1lida no momento da encomenda.<\/span><\/p>\n<p><span style=\"font-weight: 400;\">(3) Um consumidor, na ace\u00e7\u00e3o das presentes CGV, \u00e9 qualquer pessoa singular que conclua um neg\u00f3cio jur\u00eddico com fins predominantemente alheios \u00e0 sua atividade comercial, empresarial ou profissional. Os empres\u00e1rios s\u00e3o pessoas singulares ou colectivas ou sociedades de pessoas que, ao conclu\u00edrem um neg\u00f3cio jur\u00eddico, actuam no exerc\u00edcio da sua atividade comercial ou independente.<\/span><\/p>\n<p><span style=\"font-weight: 400;\">(4) Os acordos contratuais individuais prevalecem sobre as presentes CGV. Os termos e condi\u00e7\u00f5es divergentes do cliente s\u00f3 ser\u00e3o reconhecidos se o vendedor tiver expressamente concordado com eles.<\/span><\/p>\n<h2><b>\u00a7 2 Celebra\u00e7\u00e3o do contrato<\/b><\/h2>\n<p><span style=\"font-weight: 400;\">(1) Salvo indica\u00e7\u00e3o em contr\u00e1rio na p\u00e1gina do respetivo produto, a \u00e1rea de entrega abrange a Uni\u00e3o Europeia.<\/span><\/p>\n<p><span style=\"font-weight: 400;\">(2) A apresenta\u00e7\u00e3o das mercadorias no s\u00edtio Web do vendedor constitui uma oferta vinculativa. As mercadorias encomendadas podem divergir ligeiramente das mercadorias apresentadas na Internet, dentro de limites razo\u00e1veis, devido \u00e0s possibilidades t\u00e9cnicas de apresenta\u00e7\u00e3o, em particular, podem existir desvios de cor, na medida em que tal seja razo\u00e1vel.<\/span><\/p>\n<p><span style=\"font-weight: 400;\">(3) Assinalando a caixa azul \"<\/span><span style=\"font-weight: 400;\">Com a sua encomenda, declara que leu e compreendeu a nossa oferta<\/span><b>&#8221; <\/b><span style=\"font-weight: 400;\">e depois <\/span><span style=\"font-weight: 400;\">ao clicar no bot\u00e3o \"Comprar agora\" ou ao ser redireccionado para o PayPal atrav\u00e9s do bot\u00e3o \"Pagar com PayPal\" e ao concluir o processo de pagamento, o cliente apresenta uma proposta vinculativa de compra dos artigos do cesto de compras e aceita a validade das presentes CGV.<\/span><\/p>\n<p><span style=\"font-weight: 400;\">(4) O vendedor confirma a rece\u00e7\u00e3o da encomenda por correio eletr\u00f3nico (confirma\u00e7\u00e3o da encomenda). No entanto, esta confirma\u00e7\u00e3o de encomenda n\u00e3o constitui uma aceita\u00e7\u00e3o da oferta. O contrato s\u00f3 \u00e9 celebrado quando \u00e9 enviada uma confirma\u00e7\u00e3o de encomenda ou de expedi\u00e7\u00e3o.<\/span><\/p>\n<p><span style=\"font-weight: 400;\">(5) O vendedor reserva-se o direito de aceitar ou rejeitar as encomendas no prazo de cinco dias \u00fateis. Se a encomenda n\u00e3o for aceite, o cliente ser\u00e1 informado por correio eletr\u00f3nico.<\/span><\/p>\n<p><span style=\"font-weight: 400;\">(6) Em caso de problemas imprevis\u00edveis de entrega ou de indisponibilidade das mercadorias, pelos quais o vendedor n\u00e3o \u00e9 respons\u00e1vel, tanto o vendedor como o cliente podem rescindir o contrato. O cliente ser\u00e1 imediatamente informado e os pagamentos efectuados ser\u00e3o reembolsados sem demora.<\/span><\/p>\n<p><span style=\"font-weight: 400;\">(7) Se o cliente encomendar as mercadorias por via eletr\u00f3nica, o texto do contrato \u00e9 guardado pelo vendedor e enviado ao cliente, juntamente com as CGV legalmente eficazes, por correio eletr\u00f3nico ap\u00f3s a celebra\u00e7\u00e3o do contrato.<\/span><\/p>\n<h2><b>\u00a7 3 Conta de cliente<\/b><\/h2>\n<p><span style=\"font-weight: 400;\">(1) Em geral, as compras atrav\u00e9s do nosso s\u00edtio Web s\u00f3 s\u00e3o poss\u00edveis mediante registo. No entanto, pode ser necess\u00e1rio criar uma conta de cliente para aceder a determinadas fun\u00e7\u00f5es.<\/span><\/p>\n<p><span style=\"font-weight: 400;\">(2) N\u00e3o existe qualquer direito a uma conta de cliente. S\u00f3 podem registar-se pessoas singulares maiores de idade que utilizem a conta para fins privados ou empres\u00e1rios e pessoas colectivas ou sociedades de pessoas com capacidade jur\u00eddica que actuem no exerc\u00edcio da sua atividade comercial ou profissional independente aquando da conclus\u00e3o do neg\u00f3cio jur\u00eddico. Os dados de acesso devem ser tratados confidencialmente e n\u00e3o podem ser transmitidos a terceiros.<\/span><\/p>\n<p><span style=\"font-weight: 400;\">(3) N\u00e3o s\u00e3o permitidos registos m\u00faltiplos. Os clientes podem eliminar a sua conta em qualquer altura atrav\u00e9s da gest\u00e3o da conta.<\/span><\/p>\n<h2><b>\u00a7 4 Conserva\u00e7\u00e3o do t\u00edtulo<\/b><\/h2>\n<p><span style=\"font-weight: 400;\">(1) No caso dos consumidores, o vendedor mant\u00e9m a propriedade dos bens at\u00e9 que o pre\u00e7o de compra tenha sido pago na totalidade. No caso dos empres\u00e1rios, isto aplica-se at\u00e9 que todas as reclama\u00e7\u00f5es decorrentes da rela\u00e7\u00e3o comercial atual tenham sido resolvidas.<\/span><\/p>\n<p><span style=\"font-weight: 400;\">(2) Em caso de incumprimento do contrato por parte do cliente, nomeadamente em caso de falta de pagamento, de informa\u00e7\u00f5es falsas prestadas pelo cliente sobre a sua solvabilidade ou de apresenta\u00e7\u00e3o de um pedido de abertura de um processo de insolv\u00eancia, o vendedor tem o direito - se necess\u00e1rio ap\u00f3s a fixa\u00e7\u00e3o de um prazo - de rescindir o contrato e de exigir a devolu\u00e7\u00e3o das mercadorias, desde que o cliente ainda n\u00e3o tenha pago a contrapartida ou n\u00e3o a tenha pago na totalidade.<\/span><\/p>\n<p><span style=\"font-weight: 400;\">(3) O empres\u00e1rio est\u00e1 autorizado a revender as mercadorias no decurso normal da sua atividade. Por este meio, cede ao vendedor todos os cr\u00e9ditos no montante do valor da fatura que lhe cabem contra terceiros em resultado da revenda. O vendedor aceita a cess\u00e3o. Ap\u00f3s a cess\u00e3o, o empres\u00e1rio est\u00e1 autorizado a cobrar o cr\u00e9dito. O vendedor reserva-se o direito de cobrar ele pr\u00f3prio o cr\u00e9dito assim que o empres\u00e1rio n\u00e3o cumprir corretamente as suas obriga\u00e7\u00f5es de pagamento e estiver em falta de pagamento.<\/span><\/p>\n<p><span style=\"font-weight: 400;\">(4) O Vendedor compromete-se a libertar as garantias a que tem direito, a pedido do Cliente, na medida em que o valor realiz\u00e1vel das garantias exceda o cr\u00e9dito a ser garantido em mais de 10%. A escolha das garantias a libertar cabe ao Vendedor.<\/span><\/p>\n<h2><b>\u00a7 5 Pre\u00e7os e condi\u00e7\u00f5es de pagamento<\/b><\/h2>\n<p><span style=\"font-weight: 400;\">(1) Os pre\u00e7os indicados s\u00e3o pre\u00e7os brutos, vinculativos e incluem o IVA legal e n\u00e3o incluem <a href=\"https:\/\/clone.antcube.shop\/en\/shipping-costs-delivery-restrictions\/\">custos de transporte<\/a> incorridos, incluindo o IVA. \u00c9 aplic\u00e1vel o montante indicado no momento da encomenda. O pre\u00e7o, incluindo o IVA e os custos de envio, ser\u00e1 igualmente indicado no formul\u00e1rio de encomenda antes de o cliente efetuar a encomenda. Os custos de envio tamb\u00e9m podem ser consultados no nosso <\/span><a href=\"https:\/\/clone.antcube.shop\/en\/shipping-costs-delivery-restrictions\/\"><b>resumo dos custos de envio.<\/b><\/a><\/p>\n<p><span style=\"font-weight: 400;\">(2) O cliente compromete-se a pagar o pre\u00e7o total no prazo de 14 dias a contar da rece\u00e7\u00e3o da confirma\u00e7\u00e3o da encomenda por correio eletr\u00f3nico ou da fatura. Ap\u00f3s o termo deste prazo, o cliente fica em situa\u00e7\u00e3o de incumprimento. Durante o per\u00edodo de incumprimento, o consumidor pagar\u00e1 juros sobre a d\u00edvida no montante de 5 pontos percentuais acima da taxa de juro de base. Durante o per\u00edodo de mora, o empres\u00e1rio pagar\u00e1 juros sobre a d\u00edvida no montante de 9 pontos percentuais acima da taxa de base. Em caso de incumprimento de um pedido de pagamento, o empres\u00e1rio deve igualmente pagar uma quantia fixa de 40 euros, incluindo IVA. Isto tamb\u00e9m se aplica se o empres\u00e1rio estiver em atraso com um pagamento por conta ou outro pagamento em presta\u00e7\u00f5es. O vendedor reserva-se o direito de exigir ao empres\u00e1rio uma indemniza\u00e7\u00e3o mais elevada por incumprimento. O montante fixo de acordo com a frase 5 deve ser compensado com um pedido de indemniza\u00e7\u00e3o por danos devidos, na medida em que o dano se baseie nos custos de uma a\u00e7\u00e3o judicial.<\/span><\/p>\n<p><span style=\"font-weight: 400;\">(3) O cliente s\u00f3 ter\u00e1 direito a compensa\u00e7\u00e3o se os seus pedidos reconvencionais tiverem sido legalmente estabelecidos, reconhecidos ou n\u00e3o contestados pelo vendedor. O direito do cliente de compensar os cr\u00e9ditos contratuais e outros decorrentes do in\u00edcio ou da execu\u00e7\u00e3o da rela\u00e7\u00e3o contratual n\u00e3o \u00e9 afetado por esta disposi\u00e7\u00e3o. O cliente s\u00f3 pode exercer um direito de reten\u00e7\u00e3o se o seu pedido reconvencional se basear na mesma rela\u00e7\u00e3o contratual.<\/span><\/p>\n<p><span style=\"font-weight: 400;\">(4) As altera\u00e7\u00f5es, extens\u00f5es e limita\u00e7\u00f5es da encomenda ap\u00f3s a conclus\u00e3o do contrato ser\u00e3o tidas em conta pelo vendedor na medida do poss\u00edvel. O vendedor cobrar\u00e1 uma taxa de processamento de 10,00 \u20ac incl. IVA para estas altera\u00e7\u00f5es, exceto se se tratar de casos de cancelamento ou de reclama\u00e7\u00f5es de garantia. Para encomendas a serem processadas manualmente, que n\u00e3o s\u00e3o processadas atrav\u00e9s da loja online, cobramos uma taxa de processamento de 20,00 \u20ac incl. IVA. Excluem-se as encomendas de produtos que n\u00e3o podem ser encomendados atrav\u00e9s da loja online, por exemplo, produtos personalizados.<\/span><\/p>\n<p><span style=\"font-weight: 400;\">(5) Os animais encomendados que devam ser expedidos numa data posterior \u00e0 acordada contratualmente, a pedido do cliente, ser\u00e3o facturados a \u20ac 2,00 incl. IVA por dia &amp; gyne (esfor\u00e7o de tratamento) desde o dia da encomenda at\u00e9 ao dia da expedi\u00e7\u00e3o. \u00c9 poss\u00edvel um prazo m\u00e1ximo de 30 dias.<\/span><\/p>\n<h2><b>\u00a7 6 <a href=\"https:\/\/clone.antcube.shop\/en\/payment-methods-and-conditions\/\">Formas de pagamento<\/a><\/b><\/h2>\n<p><span style=\"font-weight: 400;\">(1) O pre\u00e7o de compra pode ser pago antecipadamente, por transfer\u00eancia banc\u00e1ria, cart\u00e3o de cr\u00e9dito ou PayPal. Em caso de pagamento por PayPal, aplicam-se as respetivas condi\u00e7\u00f5es de utiliza\u00e7\u00e3o. Para mais informa\u00e7\u00f5es, consulte o nosso <a href=\"https:\/\/clone.antcube.shop\/en\/privacy-policy\/\">pol\u00edtica de privacidade<\/a>.<\/span><\/p>\n<h2><b>\u00a7 7 Condi\u00e7\u00f5es de expedi\u00e7\u00e3o e de entrega<\/b><\/h2>\n<p><span style=\"font-weight: 400;\">(1) S\u00f3 enviamos para os Estados-Membros da Uni\u00e3o Europeia, com exce\u00e7\u00e3o dos territ\u00f3rios europeus ultramarinos ou exclaves e das regi\u00f5es com autonomia fiscal (designadas pela Uni\u00e3o Europeia como \"regi\u00f5es ultraperif\u00e9ricas\"). O prazo de entrega estimado para a Alemanha e outros pa\u00edses est\u00e1 indicado no nosso <\/span><a href=\"https:\/\/clone.antcube.shop\/en\/shipping-costs-delivery-restrictions\/\"><b>resumo dos custos de envio.<\/b><\/a><\/p>\n<p><span style=\"font-weight: 400;\">(2) O prazo de entrega come\u00e7a a correr um dia ap\u00f3s a autoriza\u00e7\u00e3o do pagamento, no caso de pagamento antecipado\/transfer\u00eancia banc\u00e1ria ou PayPal. Para os outros modos de pagamento, o prazo come\u00e7a a correr um dia ap\u00f3s a realiza\u00e7\u00e3o da encomenda.<\/span><\/p>\n<p><span style=\"font-weight: 400;\">(3) Se o in\u00edcio ou o termo do prazo coincidir com um s\u00e1bado, um domingo ou um feriado, o in\u00edcio ou o termo do prazo ser\u00e1 adiado para o dia \u00fatil seguinte.<\/span><\/p>\n<p><span style=\"font-weight: 400;\">(4) O vendedor tem o direito de efetuar entregas parciais se tal for razo\u00e1vel para o cliente. Tal n\u00e3o dever\u00e1 resultar em quaisquer custos adicionais para o cliente.<\/span><\/p>\n<p><span style=\"font-weight: 400;\">(5) Se o cliente optar por recolher a sua encomenda na nossa loja, ser\u00e1 informado por correio eletr\u00f3nico de que a encomenda est\u00e1 pronta para ser recolhida.<\/span><\/p>\n<h2><b>\u00a7 8 Transfer\u00eancia de riscos<\/b><\/h2>\n<p><span style=\"font-weight: 400;\">(1) No caso dos consumidores, o risco de perda acidental e de deteriora\u00e7\u00e3o dos bens \u00e9 transferido para o cliente no momento da entrega.<\/span><\/p>\n<p><span style=\"font-weight: 400;\">(2) No caso dos empres\u00e1rios, o risco \u00e9 transferido para o cliente aquando da entrega \u00e0 empresa de transportes.<\/span><\/p>\n<p><span style=\"font-weight: 400;\">(3) Se o cliente n\u00e3o aceitar a encomenda, esta ser\u00e1 considerada equivalente \u00e0 entrega.<\/span><\/p>\n<h2><b>\u00a7 9 Garantia<\/b><\/h2>\n<p><span style=\"font-weight: 400;\">(1) A garantia rege-se pelas disposi\u00e7\u00f5es legais. O prazo de garantia para os consumidores \u00e9 de 2 anos a contar da entrega do bem. Por outro lado, o per\u00edodo de garantia para os empres\u00e1rios \u00e9 de 1 ano a partir da entrega do bem. O per\u00edodo de garantia para bens usados \u00e9 tamb\u00e9m de 1 ano a partir da entrega do bem. O per\u00edodo de garantia de um ano n\u00e3o se aplica se o vendedor puder ser acusado de neglig\u00eancia grave, nem em caso de danos f\u00edsicos e danos \u00e0 sa\u00fade atribu\u00edveis ao vendedor e em caso de perda de vida do cliente, em caso de garantia e em caso de recurso de entrega de acordo com os \u00a7\u00a7 478, 479 BGB. A responsabilidade do vendedor ao abrigo da Lei de Responsabilidade pelo Produto n\u00e3o \u00e9 afetada por esta<\/span><\/p>\n<p><span style=\"font-weight: 400;\">(2) N\u00e3o obstante o disposto no par\u00e1grafo. 1, o prazo de prescri\u00e7\u00e3o normal aplica-se se o vendedor tiver ocultado fraudulentamente um defeito<\/span><\/p>\n<p><span style=\"font-weight: 400;\">(3) As mercadorias encomendadas podem divergir ligeiramente das mercadorias apresentadas na Internet, dentro de limites razo\u00e1veis. Remete-se para o n.\u00ba 2 do \u00a7 2 das presentes CGV.<\/span><\/p>\n<p><span style=\"font-weight: 400;\">(4) Os consumidores podem escolher entre repara\u00e7\u00e3o ou substitui\u00e7\u00e3o. O vendedor pode recusar o tipo de cumprimento subsequente escolhido se este s\u00f3 for poss\u00edvel a um custo desproporcionado.<\/span><\/p>\n<p><span style=\"font-weight: 400;\">(5) Os defeitos \u00f3bvios devem ser comunicados pelos empres\u00e1rios no prazo de duas semanas ap\u00f3s a rece\u00e7\u00e3o das mercadorias. Caso contr\u00e1rio, o direito \u00e0 garantia fica exclu\u00eddo. O envio ou a notifica\u00e7\u00e3o atempados s\u00e3o suficientes para cumprir o prazo. Para os comerciantes, aplica-se o \u00a7 377 HGB.<\/span><\/p>\n<p><span style=\"font-weight: 400;\">(6) A garantia n\u00e3o cobre danos causados por manuseamento incorreto. As garantias do fabricante n\u00e3o s\u00e3o afectadas.<\/span><\/p>\n<h2><b>\u00a7 10 Limita\u00e7\u00f5es da responsabilidade<\/b><\/h2>\n<p><span style=\"font-weight: 400;\">(1) Em caso de neglig\u00eancia ligeira, o Vendedor s\u00f3 \u00e9 respons\u00e1vel por danos previs\u00edveis t\u00edpicos do contrato. Esta limita\u00e7\u00e3o aplica-se igualmente aos agentes do Vendedor.<\/span><\/p>\n<p><span style=\"font-weight: 400;\">(2) As limita\u00e7\u00f5es de responsabilidade n\u00e3o se aplicam em caso de inten\u00e7\u00e3o fraudulenta, viola\u00e7\u00e3o de obriga\u00e7\u00f5es contratuais importantes ou danos \u00e0 vida, \u00e0 integridade f\u00edsica ou \u00e0 sa\u00fade.<\/span><\/p>\n<p><span style=\"font-weight: 400;\">(3) O cliente \u00e9 obrigado a tomar as medidas adequadas para evitar e minimizar os danos.<\/span><\/p>\n<p><span style=\"font-weight: 400;\">(4) O vendedor \u00e9 apenas respons\u00e1vel pelo seu pr\u00f3prio conte\u00fado no s\u00edtio Web da sua loja online. Na medida em que as hiperliga\u00e7\u00f5es d\u00e3o acesso a outros s\u00edtios Web, o vendedor n\u00e3o \u00e9 respons\u00e1vel pelo conte\u00fado de terceiros a\u00ed contido. O vendedor n\u00e3o adopta os conte\u00fados de terceiros como seus. Se o vendedor tiver conhecimento de conte\u00fados ilegais em s\u00edtios Web externos, bloquear\u00e1 imediatamente o acesso a essas p\u00e1ginas.<\/span><\/p>\n<h2><b>\u00a7 11 Prote\u00e7\u00e3o de dados<\/b><\/h2>\n<p><span style=\"font-weight: 400;\">Os dados recolhidos durante o processo de encomenda s\u00e3o tratados para a execu\u00e7\u00e3o do contrato. Para mais informa\u00e7\u00f5es, nomeadamente sobre a transfer\u00eancia de dados para terceiros, consultar o s\u00edtio <a href=\"https:\/\/clone.antcube.shop\/en\/privacy-policy\/\">pol\u00edtica de privacidade<\/a> no nosso site.<\/span><\/p>\n<h2><b>\u00a7 12 Disposi\u00e7\u00f5es finais e resolu\u00e7\u00e3o de lit\u00edgios<\/b><\/h2>\n<p><span style=\"font-weight: 400;\">(1) \u00c9 aplic\u00e1vel o direito da Rep\u00fablica Federal da Alemanha. Para os consumidores, isto s\u00f3 se aplica na medida em que a prote\u00e7\u00e3o concedida n\u00e3o seja restringida por disposi\u00e7\u00f5es obrigat\u00f3rias do pa\u00eds em que o consumidor tem a sua resid\u00eancia habitual. N\u00e3o s\u00e3o aplic\u00e1veis as disposi\u00e7\u00f5es da Conven\u00e7\u00e3o das Na\u00e7\u00f5es Unidas sobre os Contratos de Compra e Venda Internacional de Mercadorias. \u00a7 Sec\u00e7\u00e3o 16 para. 14 frase 2 n.\u00ba 6 TDSG n\u00e3o \u00e9 afetado.<\/span><\/p>\n<p><span style=\"font-weight: 400;\">(2) A Comiss\u00e3o Europeia disponibiliza uma plataforma para a resolu\u00e7\u00e3o de lit\u00edgios em linha (OS), que pode ser acedida em https:\/\/ec.europa.eu\/consumers\/odr. O nosso endere\u00e7o eletr\u00f3nico \u00e9: law@ants.de\u00a0<\/span><\/p>\n<p><a href=\"https:\/\/clone.antcube.shop\/en\/shipping-costs-delivery-restrictions\/\"><b>Custos de envio\/condi\u00e7\u00f5es de envio<\/b><\/a><\/p>\n<p><a href=\"https:\/\/clone.antcube.shop\/en\/privacy-policy\/\"><b>Pol\u00edtica de privacidade<\/b><\/a><\/p>\n<p><a href=\"https:\/\/clone.antcube.shop\/en\/payment-methods-and-conditions\/\"><b>Op\u00e7\u00f5es de pagamento<\/b><\/a><\/p>\n<p><a href=\"https:\/\/clone.antcube.shop\/en\/refund-policy\/\"><b>Direito de anula\u00e7\u00e3o<\/b><\/a><\/p>\n\n\t\t<\/div>\n\t\t\t\t\t<\/div>\n\n\t\n\n<\/div>","protected":false},"excerpt":{"rendered":"","protected":false},"author":1,"featured_media":0,"parent":0,"menu_order":0,"comment_status":"closed","ping_status":"closed","template":"","meta":{"_acf_changed":false,"content-type":"","_monsterinsights_skip_tracking":false,"_monsterinsights_sitenote_active":false,"_monsterinsights_sitenote_note":"","_monsterinsights_sitenote_category":0,"footnotes":""},"class_list":["post-500","page","type-page","status-publish","hentry"],"acf":[],"aioseo_notices":[],"jetpack_sharing_enabled":true,"_links":{"self":[{"href":"https:\/\/clone.antcube.shop\/pt\/wp-json\/wp\/v2\/pages\/500","targetHints":{"allow":["GET"]}}],"collection":[{"href":"https:\/\/clone.antcube.shop\/pt\/wp-json\/wp\/v2\/pages"}],"about":[{"href":"https:\/\/clone.antcube.shop\/pt\/wp-json\/wp\/v2\/types\/page"}],"author":[{"embeddable":true,"href":"https:\/\/clone.antcube.shop\/pt\/wp-json\/wp\/v2\/users\/1"}],"replies":[{"embeddable":true,"href":"https:\/\/clone.antcube.shop\/pt\/wp-json\/wp\/v2\/comments?post=500"}],"version-history":[{"count":10,"href":"https:\/\/clone.antcube.shop\/pt\/wp-json\/wp\/v2\/pages\/500\/revisions"}],"predecessor-version":[{"id":10710,"href":"https:\/\/clone.antcube.shop\/pt\/wp-json\/wp\/v2\/pages\/500\/revisions\/10710"}],"wp:attachment":[{"href":"https:\/\/clone.antcube.shop\/pt\/wp-json\/wp\/v2\/media?parent=500"}],"curies":[{"name":"wp","href":"https:\/\/api.w.org\/{rel}","templated":true}]}}