{"id":630,"date":"2021-07-30T13:32:17","date_gmt":"2021-07-30T11:32:17","guid":{"rendered":"https:\/\/antcube.shop\/?page_id=630"},"modified":"2025-07-23T17:23:54","modified_gmt":"2025-07-23T15:23:54","slug":"aviso-legal","status":"publish","type":"page","link":"https:\/\/clone.antcube.shop\/pt\/aviso-legal\/","title":{"rendered":"Aviso Legal"},"content":{"rendered":"<div id=\"gap-1122621299\" class=\"gap-element clearfix\" style=\"display:block; height:auto;\">\n\t\t\n<style>\n#gap-1122621299 {\n  padding-top: 199px;\n}\n@media (min-width:850px) {\n  #gap-1122621299 {\n    padding-top: 190px;\n  }\n}\n<\/style>\n\t<\/div>\n\t\n\n<div class=\"row\"  id=\"row-1546025349\">\n\n\n\t<div id=\"col-1679590973\" class=\"col small-12 large-12\"  >\n\t\t\t\t<div class=\"col-inner\"  >\n\t\t\t\n\t\t\t\n\n<h1>Aviso Legal<\/h1>\n<p><strong>ANTCUBE por <\/strong><b>ANTSTORE, Martin Sebesta<\/b><b><br \/><\/b><span style=\"font-weight: 400;\">Selerweg 41<\/span><span style=\"font-weight: 400;\"><br \/><\/span><span style=\"font-weight: 400;\">D-12169 Berlim<\/span><\/p>\n<p><b>Contato<\/b><b><br \/><\/b><span style=\"font-weight: 400;\">Telefone: +49 30 439703870<\/span><span style=\"font-weight: 400;\"><br \/><\/span><span style=\"font-weight: 400;\">E-mail:law@ants.de\u00a0<\/span><\/p>\n<p><b>N\u00famero de identifica\u00e7\u00e3o fiscal das vendas: <\/b><span style=\"font-weight: 400;\">DE215167549 <\/span><span style=\"font-weight: 400;\"><br \/><\/span><b>N.\u00ba de registo WEEE: <\/b><span style=\"font-weight: 400;\">DE54590387<\/span><\/p>\n<p><b>Respons\u00e1vel pelo conte\u00fado de acordo com \u00a7 55 Abs. 2 RStV: <\/b><b><br \/><\/b><span style=\"font-weight: 400;\">Martin Sebesta (endere\u00e7o acima)<\/span><\/p>\n<p><b>Informa\u00e7\u00f5es sobre a utiliza\u00e7\u00e3o do s\u00edtio Web<\/b><b><br \/><\/b><span style=\"font-weight: 400;\">O descarregamento ou a impress\u00e3o de p\u00e1ginas ou sec\u00e7\u00f5es individuais do nosso s\u00edtio Web \u00e9 permitido para uso privado.<\/span><span style=\"font-weight: 400;\"><br \/><\/span><span style=\"font-weight: 400;\"> \u00c9 proibida a reprodu\u00e7\u00e3o total ou parcial, a distribui\u00e7\u00e3o, a transmiss\u00e3o (por via eletr\u00f3nica ou outra), a modifica\u00e7\u00e3o ou a utiliza\u00e7\u00e3o deste s\u00edtio Web para fins p\u00fablicos ou comerciais sem o nosso consentimento pr\u00e9vio por escrito.<\/span><\/p>\n<p><b>Utiliza\u00e7\u00e3o autorizada para fins n\u00e3o comerciais: <\/b><b><br \/><\/b><span style=\"font-weight: 400;\">A utiliza\u00e7\u00e3o das imagens dos nossos produtos para publicidade em lojas locais \u00e9 permitida nas seguintes condi\u00e7\u00f5es:<\/span><\/p>\n<ul>\n<li style=\"font-weight: 400;\" aria-level=\"1\"><span style=\"font-weight: 400;\">Todas as imagens devem ser identificadas com a fonte e o nosso log\u00f3tipo (ANTSTORE\/ ANTCUBE\/ PLANTCUBE). <\/span><span style=\"font-weight: 400;\"><br \/><\/span><b>Material impresso: <\/b><span style=\"font-weight: 400;\">Fonte: <\/span><a href=\"https:\/\/www.antstore.de\"><span style=\"font-weight: 400;\">www.antstore.de<\/span><span style=\"font-weight: 400;\"><br \/><\/span><\/a><b> S\u00edtios Web: <\/b><span style=\"font-weight: 400;\">Fonte: <\/span><a href=\"https:\/\/www.antstore.de\"><span style=\"font-weight: 400;\">www.antstore.de<\/span><\/a><span style=\"font-weight: 400;\"> (com liga\u00e7\u00e3o a www.antstore.net\/shop\/) ou <\/span><a href=\"https:\/\/www.clone.antcube.shop\"><span style=\"font-weight: 400;\">www.clone.antcube.shop<\/span><\/a><\/li>\n<\/ul>\n<p><span style=\"font-weight: 400;\">Em caso de d\u00favidas sobre a coloca\u00e7\u00e3o correta do log\u00f3tipo e para o receber como ficheiro digital, contacte-nos atrav\u00e9s do endere\u00e7o marketing@antcube.de.<\/span><\/p>\n<p><b>Nota importante: <\/b><b><br \/><\/b><span style=\"font-weight: 400;\">A utiliza\u00e7\u00e3o das nossas imagens em lojas em linha ou para outros fins comerciais \u00e9 proibida sem autoriza\u00e7\u00e3o por escrito.<\/span><\/p>\n<p><b>Nota sobre as liga\u00e7\u00f5es no s\u00edtio Web <\/b><b><br \/><\/b><span style=\"font-weight: 400;\">O nosso s\u00edtio Web cont\u00e9m liga\u00e7\u00f5es para s\u00edtios Web externos. N\u00e3o aceitamos qualquer responsabilidade pelo conte\u00fado desses s\u00edtios Web, uma vez que n\u00e3o temos qualquer influ\u00eancia na sua conce\u00e7\u00e3o e conte\u00fado.<\/span><\/p>\n<p><span style=\"font-weight: 400;\">Declaramos expressamente que n\u00e3o adoptamos como nosso o conte\u00fado de s\u00edtios externos.<\/span><span style=\"font-weight: 400;\"><br \/><\/span><span style=\"font-weight: 400;\"> As liga\u00e7\u00f5es no nosso s\u00edtio Web devem ser entendidas como refer\u00eancias \"vivas\" (din\u00e2micas).<\/span><span style=\"font-weight: 400;\"><br \/><\/span><span style=\"font-weight: 400;\"> Se determinarmos que uma oferta espec\u00edfica para a qual fornecemos uma hiperliga\u00e7\u00e3o acarreta responsabilidade civil ou criminal, removeremos essa hiperliga\u00e7\u00e3o se tal for tecnicamente poss\u00edvel e razo\u00e1vel.<\/span><\/p>\n<p>Conce\u00e7\u00e3o, conte\u00fado e implementa\u00e7\u00e3o t\u00e9cnica por: Janik Wiedemann<\/p>\n\n\t\t<\/div>\n\t\t\t\t\t<\/div>\n\n\t\n\n<\/div>","protected":false},"excerpt":{"rendered":"","protected":false},"author":1,"featured_media":0,"parent":0,"menu_order":0,"comment_status":"closed","ping_status":"closed","template":"","meta":{"_acf_changed":false,"content-type":"","_monsterinsights_skip_tracking":false,"_monsterinsights_sitenote_active":false,"_monsterinsights_sitenote_note":"","_monsterinsights_sitenote_category":0,"footnotes":""},"class_list":["post-630","page","type-page","status-publish","hentry"],"acf":[],"aioseo_notices":[],"jetpack_sharing_enabled":true,"_links":{"self":[{"href":"https:\/\/clone.antcube.shop\/pt\/wp-json\/wp\/v2\/pages\/630","targetHints":{"allow":["GET"]}}],"collection":[{"href":"https:\/\/clone.antcube.shop\/pt\/wp-json\/wp\/v2\/pages"}],"about":[{"href":"https:\/\/clone.antcube.shop\/pt\/wp-json\/wp\/v2\/types\/page"}],"author":[{"embeddable":true,"href":"https:\/\/clone.antcube.shop\/pt\/wp-json\/wp\/v2\/users\/1"}],"replies":[{"embeddable":true,"href":"https:\/\/clone.antcube.shop\/pt\/wp-json\/wp\/v2\/comments?post=630"}],"version-history":[{"count":10,"href":"https:\/\/clone.antcube.shop\/pt\/wp-json\/wp\/v2\/pages\/630\/revisions"}],"predecessor-version":[{"id":12006,"href":"https:\/\/clone.antcube.shop\/pt\/wp-json\/wp\/v2\/pages\/630\/revisions\/12006"}],"wp:attachment":[{"href":"https:\/\/clone.antcube.shop\/pt\/wp-json\/wp\/v2\/media?parent=630"}],"curies":[{"name":"wp","href":"https:\/\/api.w.org\/{rel}","templated":true}]}}