{"id":700,"date":"2021-08-17T10:57:40","date_gmt":"2021-08-17T08:57:40","guid":{"rendered":"https:\/\/antcube.shop\/?page_id=700"},"modified":"2026-02-09T11:09:28","modified_gmt":"2026-02-09T10:09:28","slug":"ant-keeping","status":"publish","type":"page","link":"https:\/\/clone.antcube.shop\/pt\/ant-keeping\/","title":{"rendered":"Sobre a guarda de formigas"},"content":{"rendered":"<div id=\"page-header-633962670\" class=\"page-header-wrapper\">\n  <div class=\"page-title dark featured-title\">\n\n        <div class=\"page-title-bg\">\n      <div class=\"title-bg fill bg-fill\"\n        data-parallax-container=\".page-title\"\n        data-parallax-background\n data-parallax=\"-\">\n      <\/div>\n      <div class=\"title-overlay fill\"><\/div>\n    <\/div>\n    \n    <div class=\"page-title-inner container align-center flex-row medium-flex-wrap\" >\n              <div class=\"title-wrapper flex-col text-left medium-text-center\">\n          <h1 class=\"entry-title mb-0\">\n            Sobre a guarda de formigas          <\/h1>\n        <\/div>\n                    <div class=\"title-content flex-col flex-right text-right medium-text-center\">\n        <div class=\"title-share pt-half pb-half\"><div class=\"social-icons share-icons share-row relative icon-style-outline\" ><a href=\"whatsapp:\/\/send?text=About%20ant%20keeping - https:\/\/clone.antcube.shop\/pt\/ant-keeping\/\" data-action=\"share\/whatsapp\/share\" class=\"icon button circle is-outline tooltip whatsapp show-for-medium\" title=\"Partilhar no WhatsApp\" aria-label=\"Partilhar no WhatsApp\"><i class=\"icon-whatsapp\" aria-hidden=\"true\"><\/i><\/a><a href=\"https:\/\/www.facebook.com\/sharer.php?u=https:\/\/clone.antcube.shop\/pt\/ant-keeping\/\" data-label=\"Facebook\" onclick=\"window.open(this.href,this.title,'width=500,height=500,top=300px,left=300px'); return false;\" target=\"_blank\" class=\"icon button circle is-outline tooltip facebook\" title=\"Partilhar no Facebook\" aria-label=\"Partilhar no Facebook\" rel=\"noopener nofollow\"><i class=\"icon-facebook\" aria-hidden=\"true\"><\/i><\/a><a href=\"https:\/\/twitter.com\/share?url=https:\/\/clone.antcube.shop\/pt\/ant-keeping\/\" onclick=\"window.open(this.href,this.title,'width=500,height=500,top=300px,left=300px'); return false;\" target=\"_blank\" class=\"icon button circle is-outline tooltip twitter\" title=\"Partilhar no Twitter\" aria-label=\"Partilhar no Twitter\" rel=\"noopener nofollow\"><i class=\"icon-twitter\" aria-hidden=\"true\"><\/i><\/a><a href=\"mailto:?subject=About%20ant%20keeping&body=Check%20this%20out%3A%20https%3A%2F%2Fclone.antcube.shop%2Fpt%2Fant-keeping%2F\" class=\"icon button circle is-outline tooltip email\" title=\"Enviar por correio eletr\u00f3nico a um amigo\" aria-label=\"Enviar por correio eletr\u00f3nico a um amigo\" rel=\"nofollow\"><i class=\"icon-envelop\" aria-hidden=\"true\"><\/i><\/a><a href=\"https:\/\/pinterest.com\/pin\/create\/button?url=https:\/\/clone.antcube.shop\/pt\/ant-keeping\/&media&description=About%20ant%20keeping\" onclick=\"window.open(this.href,this.title,'width=500,height=500,top=300px,left=300px'); return false;\" target=\"_blank\" class=\"icon button circle is-outline tooltip pinterest\" title=\"Colocar no Pinterest\" aria-label=\"Colocar no Pinterest\" rel=\"noopener nofollow\"><i class=\"icon-pinterest\" aria-hidden=\"true\"><\/i><\/a><\/div><\/div>      <\/div>\n    <\/div>\n\n     \n<style>\n#page-header-633962670 .page-title-inner {\n  min-height: 500px;\n}\n#page-header-633962670 {\n  margin-bottom: 0px;\n}\n#page-header-633962670 .title-bg {\n  background-image: url(https:\/\/clone.antcube.shop\/wp-content\/uploads\/2021\/08\/ant-5094995_1920.jpg);\n  background-position: 65% 56%;\n}\n#page-header-633962670 .title-overlay {\n  background-color: rgba(255, 255, 255, 0);\n}\n@media (min-width:550px) {\n  #page-header-633962670 .page-title-inner {\n    min-height: 500px;\n  }\n}\n<\/style>\n  <\/div>\n    <\/div>\n  \n\n\t<div id=\"gap-2059684407\" class=\"gap-element clearfix\" style=\"display:block; height:auto;\">\n\t\t\n<style>\n#gap-2059684407 {\n  padding-top: 15px;\n}\n<\/style>\n\t<\/div>\n\t\n\n<div class=\"row\"  id=\"row-53180750\">\n\n\n\t<div id=\"col-688515171\" class=\"col medium-6 small-12 large-6\"  >\n\t\t\t\t<div class=\"col-inner\"  >\n\t\t\t\n\t\t\t\n\n<h3>O que \u00e9 a guarda de formigas?<\/h3>\n<p>O cuidado e a observa\u00e7\u00e3o de formigas e col\u00f4nias de formigas \u00e9 o cuidado e a observa\u00e7\u00e3o de formigas. A manuten\u00e7\u00e3o de formigas tornou-se um hobby muito popular nos \u00faltimos anos. Embora o primeiro formic\u00e1rio conhecido (terrarium for ants) j\u00e1 tenha sido mostrado na Feira Mundial em Paris por volta de 1900, s\u00f3 por volta de 1956 \u00e9 que os primeiros formic\u00e1rios estavam dispon\u00edveis gratuitamente para compra.<\/p>\n<p>H\u00e1 alguns anos, existem muitos fornecedores diferentes de formic\u00e1rios, a maioria dos quais s\u00e3o feitos de pl\u00e1stico. Normalmente, um formic\u00e1rio consiste em uma fazenda, que serve como uma \u00e1rea de nidifica\u00e7\u00e3o para os animais e uma arena, que \u00e9 usada para alimentar os animais e como uma \u00e1rea de exerc\u00edcio.<\/p>\n\n\t\t<\/div>\n\t\t\t\t\t<\/div>\n\n\t\n\n\t<div id=\"col-1403914966\" class=\"col medium-6 small-12 large-6\"  >\n\t\t\t\t<div class=\"col-inner\"  >\n\t\t\t\n\t\t\t\n\n\t<div class=\"img has-hover x md-x lg-x y md-y lg-y\" id=\"image_1746965103\">\n\t\t<a class=\"image-lightbox lightbox-gallery\" title=\"\" href=\"https:\/\/i0.wp.com\/clone.antcube.shop\/wp-content\/uploads\/2021\/07\/Meranoplus-Bicolor-scaled.jpg?fit=900%2C600&#038;ssl=1\">\t\t\t\t\t\t<div class=\"img-inner image-zoom-long dark\" >\n\t\t\t<img data-recalc-dims=\"1\" loading=\"lazy\" decoding=\"async\" width=\"1020\" height=\"680\" src=\"https:\/\/i0.wp.com\/clone.antcube.shop\/wp-content\/uploads\/2021\/07\/Meranoplus-Bicolor-scaled.jpg?resize=1020%2C680&#038;ssl=1\" class=\"attachment-original size-original\" alt=\"Esp\u00e9cie de formiga Meranoplus bicolor numa folha de feto macro ANTSTORE ANTCUBE\" srcset=\"https:\/\/i0.wp.com\/clone.antcube.shop\/wp-content\/uploads\/2021\/07\/Meranoplus-Bicolor-scaled.jpg?w=2560&amp;ssl=1 2560w, https:\/\/i0.wp.com\/clone.antcube.shop\/wp-content\/uploads\/2021\/07\/Meranoplus-Bicolor-scaled.jpg?resize=510%2C340&amp;ssl=1 510w, https:\/\/i0.wp.com\/clone.antcube.shop\/wp-content\/uploads\/2021\/07\/Meranoplus-Bicolor-scaled.jpg?resize=600%2C400&amp;ssl=1 600w, https:\/\/i0.wp.com\/clone.antcube.shop\/wp-content\/uploads\/2021\/07\/Meranoplus-Bicolor-scaled.jpg?resize=1200%2C800&amp;ssl=1 1200w, https:\/\/i0.wp.com\/clone.antcube.shop\/wp-content\/uploads\/2021\/07\/Meranoplus-Bicolor-scaled.jpg?resize=768%2C512&amp;ssl=1 768w, https:\/\/i0.wp.com\/clone.antcube.shop\/wp-content\/uploads\/2021\/07\/Meranoplus-Bicolor-scaled.jpg?resize=1536%2C1024&amp;ssl=1 1536w, https:\/\/i0.wp.com\/clone.antcube.shop\/wp-content\/uploads\/2021\/07\/Meranoplus-Bicolor-scaled.jpg?resize=2048%2C1365&amp;ssl=1 2048w\" sizes=\"auto, (max-width: 1020px) 100vw, 1020px\" \/>\t\t\t\t\t\t\n\t\t\t\t\t<\/div>\n\t\t\t\t\t\t<\/a>\t\t\n<style>\n#image_1746965103 {\n  width: 100%;\n}\n<\/style>\n\t<\/div>\n\t\n\n\t<div id=\"text-348952274\" class=\"text\">\n\t\t\n\n<p>Meranoplus bicolor<\/p>\n\t\t\n<style>\n#text-348952274 {\n  text-align: center;\n}\n<\/style>\n\t<\/div>\n\t\n\n\t\t<\/div>\n\t\t\t\t\t<\/div>\n\n\t\n\n<\/div>\n<div class=\"row\"  id=\"row-38127093\">\n\n\n\t<div id=\"col-765178346\" class=\"col medium-6 small-12 large-6\"  >\n\t\t\t\t<div class=\"col-inner\"  >\n\t\t\t\n\t\t\t\n\n<h3>O que \u00e9 a faszina\u00e7\u00e3o por tr\u00e1s da cria\u00e7\u00e3o de formigas?<\/h3>\n<p>As formigas s\u00e3o incrivelmente fascinantes. Ver uma \u00fanica rainha criar os seus primeiros trabalhadores durante um per\u00edodo de anos e depois ver a sua col\u00f3nia crescer para milhares de membros ao longo dos anos, atrav\u00e9s de uma coopera\u00e7\u00e3o perfeita e do uso de recursos \u00e9 uma experi\u00eancia \u00fanica. S\u00e3o animais extremamente sociais e algumas esp\u00e9cies formam castas diferentes, como oper\u00e1rios, soldados, agricultores ou mesmo enfermeiras. E adivinhe, s\u00e3o todas f\u00eameas.<\/p>\n<p>As formigas s\u00e3o incrivelmente importantes para o nosso ambiente. N\u00e3o s\u00f3 est\u00e3o presentes em todos os ecossistemas habit\u00e1veis do mundo, como s\u00e3o mais especializadas e vers\u00e1teis do que qualquer outra esp\u00e9cie. As formigas tamb\u00e9m s\u00e3o semelhantes a n\u00f3s na sua forma de viver. A divis\u00e3o do trabalho, a conviv\u00eancia em grandes col\u00f4nias em um espa\u00e7o confinado e o uso de diferentes n\u00edveis da cadeia alimentar em todos os ecossistemas as torna t\u00e3o bem sucedidas, assim como n\u00f3s humanos. A \u00fanica diferen\u00e7a \u00e9 que n\u00e3o estamos nem perto de ser t\u00e3o eficientes e as formigas existem h\u00e1 mais de 130 milh\u00f5es de anos, enquanto que os humanos s\u00f3 existem h\u00e1 cerca de 300.000 anos.<\/p>\n<p>\u00a0<\/p>\n<p>Para o ajudar a decidir que esp\u00e9cie de formiga quer manter, pode usar o nosso <a href=\"https:\/\/clone.antcube.shop\/ant-finder\/\">&#8220;<strong>Localizador de Formigas<\/strong>&#8220;<\/a><\/p>\n\n\t\t<\/div>\n\t\t\t\t\t<\/div>\n\n\t\n\n\t<div id=\"col-1883184788\" class=\"col medium-6 small-12 large-6\"  >\n\t\t\t\t<div class=\"col-inner\"  >\n\t\t\t\n\t\t\t\n\n\t<div class=\"img has-hover x md-x lg-x y md-y lg-y\" id=\"image_416644785\">\n\t\t<a class=\"image-lightbox lightbox-gallery\" title=\"\" href=\"https:\/\/i0.wp.com\/clone.antcube.shop\/wp-content\/uploads\/2021\/07\/Camponotus-micans-Startbild.jpg?fit=800%2C600&#038;ssl=1\">\t\t\t\t\t\t<div class=\"img-inner image-zoom-long dark\" >\n\t\t\t<img data-recalc-dims=\"1\" loading=\"lazy\" decoding=\"async\" width=\"1020\" height=\"765\" src=\"https:\/\/i0.wp.com\/clone.antcube.shop\/wp-content\/uploads\/2021\/07\/Camponotus-micans-Startbild.jpg?resize=1020%2C765&#038;ssl=1\" class=\"attachment-original size-original\" alt=\"Formiga rainha de Camponotus micans com ninhada e macro oper\u00e1rias sobre fundo branco\" srcset=\"https:\/\/i0.wp.com\/clone.antcube.shop\/wp-content\/uploads\/2021\/07\/Camponotus-micans-Startbild.jpg?w=2048&amp;ssl=1 2048w, https:\/\/i0.wp.com\/clone.antcube.shop\/wp-content\/uploads\/2021\/07\/Camponotus-micans-Startbild.jpg?resize=510%2C383&amp;ssl=1 510w, https:\/\/i0.wp.com\/clone.antcube.shop\/wp-content\/uploads\/2021\/07\/Camponotus-micans-Startbild.jpg?resize=533%2C400&amp;ssl=1 533w, https:\/\/i0.wp.com\/clone.antcube.shop\/wp-content\/uploads\/2021\/07\/Camponotus-micans-Startbild.jpg?resize=1067%2C800&amp;ssl=1 1067w, https:\/\/i0.wp.com\/clone.antcube.shop\/wp-content\/uploads\/2021\/07\/Camponotus-micans-Startbild.jpg?resize=768%2C576&amp;ssl=1 768w, https:\/\/i0.wp.com\/clone.antcube.shop\/wp-content\/uploads\/2021\/07\/Camponotus-micans-Startbild.jpg?resize=1536%2C1152&amp;ssl=1 1536w\" sizes=\"auto, (max-width: 1020px) 100vw, 1020px\" \/>\t\t\t\t\t\t\n\t\t\t\t\t<\/div>\n\t\t\t\t\t\t<\/a>\t\t\n<style>\n#image_416644785 {\n  width: 100%;\n}\n<\/style>\n\t<\/div>\n\t\n\n\t<div id=\"text-1199602131\" class=\"text\">\n\t\t\n\n<p>Camponotus micans<\/p>\n\t\t\n<style>\n#text-1199602131 {\n  text-align: center;\n}\n<\/style>\n\t<\/div>\n\t\n\n\t\t<\/div>\n\t\t\t\t\t<\/div>\n\n\t\n\n<\/div>\n<div class=\"row\"  id=\"row-699300980\">\n\n\n\t<div id=\"col-1875180501\" class=\"col medium-6 small-12 large-6\"  >\n\t\t\t\t<div class=\"col-inner\"  >\n\t\t\t\n\t\t\t\n\n<h3>Que tipo de Formicarium eu preciso?<\/h3>\n<p>Como as formigas s\u00e3o encontradas em quase todos os ecossistemas diferentes, as suas necessidades de manuten\u00e7\u00e3o tamb\u00e9m s\u00e3o diferentes. Existem formigas nas nossas cidades, florestas, desertos, montanhas, regi\u00f5es tropicais e at\u00e9 mangues e regi\u00f5es sub\u00e1rcticas.<\/p>\n<p>Tal como os habitats habitados s\u00e3o diferentes, tamb\u00e9m o s\u00e3o os tipos de ninhos. A forma mais comum de ninho \u00e9 o ninho terrestre. Outras esp\u00e9cies vivem, por exemplo, em madeira morta, cavidades em \u00e1rvores e entre pedras, em ninhos de montes ou nas chamadas plantas formigas. Outros tipos de ninhos menos comuns s\u00e3o os ninhos de bivaque das formigas forrageiras, os ninhos de seda das formigas tecel\u00e3s ou os ninhos de caixas de cart\u00e3o do Lasisus fuliginosus.<\/p>\n<p>Para manter as formigas com sucesso, provou imitar as condi\u00e7\u00f5es naturais o mais de perto poss\u00edvel. Por isso, h\u00e1 muito tempo que temos vindo a experimentar diferentes materiais e combina\u00e7\u00f5es de ninhos e \u00e1reas de arena, tendo desenvolvido um conjunto inicial para todas as esp\u00e9cies de formigas dispon\u00edveis comercialmente.<\/p>\n<p>\u00a0<\/p>\n<p>Para encontrar o Starter Set mais adequado para a esp\u00e9cie de formiga que voc\u00ea quer continuar usando, por exemplo, o nosso \"<strong><a href=\"https:\/\/clone.antcube.shop\/formicarium-finder\/\">Localizador do conjunto inicial<\/a><\/strong>&#8221;\u00a0<\/p>\n\n\t\t<\/div>\n\t\t\t\t\t<\/div>\n\n\t\n\n\t<div id=\"col-1605547112\" class=\"col medium-6 small-12 large-6\"  >\n\t\t\t\t<div class=\"col-inner\"  >\n\t\t\t\n\t\t\t\n\n\t<div class=\"img has-hover x md-x lg-x y md-y lg-y\" id=\"image_1080386315\">\n\t\t\t\t\t\t<div data-animate=\"fadeInUp\">\t\t<div class=\"img-inner image-zoom-long dark\" >\n\t\t\t<img data-recalc-dims=\"1\" loading=\"lazy\" decoding=\"async\" width=\"1020\" height=\"1020\" src=\"https:\/\/i0.wp.com\/clone.antcube.shop\/wp-content\/uploads\/2021\/07\/Starter-Set-Combi.jpg?resize=1020%2C1020&#038;ssl=1\" class=\"attachment-original size-original\" alt=\"ANTCUBE Starter Set Combi um in\u00edcio econ\u00f3mico na cria\u00e7\u00e3o de formigas. Este conjunto inclui uma Arena com \u00e1rea de ninho integrada para a col\u00f3nia de formigas\" srcset=\"https:\/\/i0.wp.com\/clone.antcube.shop\/wp-content\/uploads\/2021\/07\/Starter-Set-Combi.jpg?w=2000&amp;ssl=1 2000w, https:\/\/i0.wp.com\/clone.antcube.shop\/wp-content\/uploads\/2021\/07\/Starter-Set-Combi.jpg?resize=247%2C247&amp;ssl=1 247w, https:\/\/i0.wp.com\/clone.antcube.shop\/wp-content\/uploads\/2021\/07\/Starter-Set-Combi.jpg?resize=100%2C100&amp;ssl=1 100w, https:\/\/i0.wp.com\/clone.antcube.shop\/wp-content\/uploads\/2021\/07\/Starter-Set-Combi.jpg?resize=510%2C510&amp;ssl=1 510w, https:\/\/i0.wp.com\/clone.antcube.shop\/wp-content\/uploads\/2021\/07\/Starter-Set-Combi.jpg?resize=400%2C400&amp;ssl=1 400w, https:\/\/i0.wp.com\/clone.antcube.shop\/wp-content\/uploads\/2021\/07\/Starter-Set-Combi.jpg?resize=800%2C800&amp;ssl=1 800w, https:\/\/i0.wp.com\/clone.antcube.shop\/wp-content\/uploads\/2021\/07\/Starter-Set-Combi.jpg?resize=280%2C280&amp;ssl=1 280w, https:\/\/i0.wp.com\/clone.antcube.shop\/wp-content\/uploads\/2021\/07\/Starter-Set-Combi.jpg?resize=768%2C768&amp;ssl=1 768w, https:\/\/i0.wp.com\/clone.antcube.shop\/wp-content\/uploads\/2021\/07\/Starter-Set-Combi.jpg?resize=1536%2C1536&amp;ssl=1 1536w\" sizes=\"auto, (max-width: 1020px) 100vw, 1020px\" \/>\t\t\t\t\t\t\n\t\t\t\t\t<\/div>\n\t\t<\/div>\t\t\t\t\t\t\n<style>\n#image_1080386315 {\n  width: 100%;\n}\n<\/style>\n\t<\/div>\n\t\n\n\n\t\t<\/div>\n\t\t\t\t\t<\/div>\n\n\t\n\n<\/div>","protected":false},"excerpt":{"rendered":"","protected":false},"author":1,"featured_media":0,"parent":0,"menu_order":0,"comment_status":"closed","ping_status":"closed","template":"","meta":{"_acf_changed":false,"content-type":"","_monsterinsights_skip_tracking":false,"_monsterinsights_sitenote_active":false,"_monsterinsights_sitenote_note":"","_monsterinsights_sitenote_category":0,"footnotes":""},"class_list":["post-700","page","type-page","status-publish","hentry"],"acf":[],"aioseo_notices":[],"jetpack_sharing_enabled":true,"_links":{"self":[{"href":"https:\/\/clone.antcube.shop\/pt\/wp-json\/wp\/v2\/pages\/700","targetHints":{"allow":["GET"]}}],"collection":[{"href":"https:\/\/clone.antcube.shop\/pt\/wp-json\/wp\/v2\/pages"}],"about":[{"href":"https:\/\/clone.antcube.shop\/pt\/wp-json\/wp\/v2\/types\/page"}],"author":[{"embeddable":true,"href":"https:\/\/clone.antcube.shop\/pt\/wp-json\/wp\/v2\/users\/1"}],"replies":[{"embeddable":true,"href":"https:\/\/clone.antcube.shop\/pt\/wp-json\/wp\/v2\/comments?post=700"}],"version-history":[{"count":10,"href":"https:\/\/clone.antcube.shop\/pt\/wp-json\/wp\/v2\/pages\/700\/revisions"}],"predecessor-version":[{"id":7096,"href":"https:\/\/clone.antcube.shop\/pt\/wp-json\/wp\/v2\/pages\/700\/revisions\/7096"}],"wp:attachment":[{"href":"https:\/\/clone.antcube.shop\/pt\/wp-json\/wp\/v2\/media?parent=700"}],"curies":[{"name":"wp","href":"https:\/\/api.w.org\/{rel}","templated":true}]}}