{"id":899,"date":"2021-08-22T15:12:45","date_gmt":"2021-08-22T13:12:45","guid":{"rendered":"https:\/\/antcube.shop\/?page_id=899"},"modified":"2023-12-14T13:30:00","modified_gmt":"2023-12-14T12:30:00","slug":"faq-shop","status":"publish","type":"page","link":"https:\/\/clone.antcube.shop\/pt\/faq-shop\/","title":{"rendered":"Loja FAQ"},"content":{"rendered":"<div id=\"gap-164313298\" class=\"gap-element clearfix\" style=\"display:block; height:auto;\">\n\t\t\n<style>\n#gap-164313298 {\n  padding-top: 200px;\n}\n@media (min-width:850px) {\n  #gap-164313298 {\n    padding-top: 175px;\n  }\n}\n<\/style>\n\t<\/div>\n\t\n\n\t<div id=\"text-3358054461\" class=\"text\">\n\t\t\n\n<h1>Loja FAQ \u00a0<\/h1>\n<h2>Perguntas mais frequentes sobre os nossos produtos ou sobre a nossa loja em geral<\/h2>\n\t\t\n<style>\n#text-3358054461 {\n  text-align: center;\n}\n<\/style>\n\t<\/div>\n\t\n<div class=\"row align-center\"  id=\"row-1534217611\">\n\n\n\t<div id=\"col-854341614\" class=\"col small-12 large-12\"  >\n\t\t\t\t<div class=\"col-inner\"  >\n\t\t\t\n\t\t\t\n\n<div class=\"accordion\">\n\n\t<div id=\"accordion-971540691\" class=\"accordion-item\">\n\t\t<a id=\"accordion-971540691-label\" class=\"accordion-title plain\" href=\"#accordion-item-you-do-not-know-what-ant-species-to-keep-or-which-formicarium-you-should-use?\" aria-expanded=\"false\" aria-controls=\"accordion-971540691-content\">\n\t\t\t<button class=\"toggle\" aria-label=\"Alternar\"><i class=\"icon-angle-down\" aria-hidden=\"true\"><\/i><\/button>\n\t\t\t<span>Voc\u00ea n\u00e3o sabe que esp\u00e9cie de formiga deve manter ou que Formicarium voc\u00ea deve usar?<\/span>\n\t\t<\/a>\n\t\t<div id=\"accordion-971540691-content\" class=\"accordion-inner\" aria-labelledby=\"accordion-971540691-label\">\n\t\t\t\n\n<p>Experimente o nosso \"Localizador de Formigas\" ou \"Formicarium Finder\" - O nosso servi\u00e7o ao cliente online<\/p>\n<p><a href=\"https:\/\/clone.antcube.shop\/ant-finder\/\">Encontre a sua esp\u00e9cie de formiga<\/a><\/p>\n<p><a href=\"https:\/\/clone.antcube.shop\/formicarium-finder\/\">Encontre o seu Formicarium<\/a><\/p>\n\n\t\t<\/div>\n\t<\/div>\n\t\n\t<div id=\"accordion-3522761290\" class=\"accordion-item\">\n\t\t<a id=\"accordion-3522761290-label\" class=\"accordion-title plain\" href=\"#accordion-item-what-are-the-delivery-times-and-charges-for-orders-from-the-online-shop?\" aria-expanded=\"false\" aria-controls=\"accordion-3522761290-content\">\n\t\t\t<button class=\"toggle\" aria-label=\"Alternar\"><i class=\"icon-angle-down\" aria-hidden=\"true\"><\/i><\/button>\n\t\t\t<span>Quais s\u00e3o os prazos de entrega e os encargos das encomendas da Loja Online?<\/span>\n\t\t<\/a>\n\t\t<div id=\"accordion-3522761290-content\" class=\"accordion-inner\" aria-labelledby=\"accordion-3522761290-label\">\n\t\t\t\n\n<p>Voc\u00ea pode encontrar informa\u00e7\u00f5es sobre os prazos de entrega estimados aqui:<\/p>\n<p><a href=\"https:\/\/clone.antcube.shop\/delivery-times\/\">Prazos de entrega<\/a><\/p>\n<p>Se voc\u00ea quer saber sobre os custos estimados de envio e restri\u00e7\u00f5es de entrega por favor veja aqui:<\/p>\n<p><a href=\"https:\/\/clone.antcube.shop\/shipping-costs-delivery-restrictions\/\">Custos de envio\/ restri\u00e7\u00f5es de entrega<\/a><\/p>\n\n\t\t<\/div>\n\t<\/div>\n\t\n\t<div id=\"accordion-2126882258\" class=\"accordion-item\">\n\t\t<a id=\"accordion-2126882258-label\" class=\"accordion-title plain\" href=\"#accordion-item-you-have-questions-about-returns-or-refunds?\" aria-expanded=\"false\" aria-controls=\"accordion-2126882258-content\">\n\t\t\t<button class=\"toggle\" aria-label=\"Alternar\"><i class=\"icon-angle-down\" aria-hidden=\"true\"><\/i><\/button>\n\t\t\t<span>Voc\u00ea tem perguntas sobre devolu\u00e7\u00f5es ou reembolsos?<\/span>\n\t\t<\/a>\n\t\t<div id=\"accordion-2126882258-content\" class=\"accordion-inner\" aria-labelledby=\"accordion-2126882258-label\">\n\t\t\t\n\n<p><a href=\"https:\/\/clone.antcube.shop\/refund-policy\/\">Pol\u00edtica de Reembolso<\/a><\/p>\n<p><a href=\"https:\/\/clone.antcube.shop\/terms-and-conditions\/\">Termos e condi\u00e7\u00f5es<\/a><\/p>\n\n\t\t<\/div>\n\t<\/div>\n\t\n\t<div id=\"accordion-3010608093\" class=\"accordion-item\">\n\t\t<a id=\"accordion-3010608093-label\" class=\"accordion-title plain\" href=\"#accordion-item-which-payment-methods-are-accepted-in-the-online-shop?\" aria-expanded=\"false\" aria-controls=\"accordion-3010608093-content\">\n\t\t\t<button class=\"toggle\" aria-label=\"Alternar\"><i class=\"icon-angle-down\" aria-hidden=\"true\"><\/i><\/button>\n\t\t\t<span>Quais s\u00e3o as formas de pagamento aceitas na Loja Online?<\/span>\n\t\t<\/a>\n\t\t<div id=\"accordion-3010608093-content\" class=\"accordion-inner\" aria-labelledby=\"accordion-3010608093-label\">\n\t\t\t\n\n<p>Voc\u00ea pode encontrar uma vis\u00e3o geral dos nossos m\u00e9todos de pagamento aceitos aqui:<\/p>\n<p><a href=\"https:\/\/clone.antcube.shop\/payment-methods\/\">Formas de pagamento<\/a><\/p>\n\n\t\t<\/div>\n\t<\/div>\n\t\n\t<div id=\"accordion-2478296400\" class=\"accordion-item\">\n\t\t<a id=\"accordion-2478296400-label\" class=\"accordion-title plain\" href=\"#accordion-item-you-are-looking-for-user-manuals-for-your-starter-set?\" aria-expanded=\"false\" aria-controls=\"accordion-2478296400-content\">\n\t\t\t<button class=\"toggle\" aria-label=\"Alternar\"><i class=\"icon-angle-down\" aria-hidden=\"true\"><\/i><\/button>\n\t\t\t<span>Voc\u00ea est\u00e1 procurando manuais do usu\u00e1rio para o seu conjunto inicial?<\/span>\n\t\t<\/a>\n\t\t<div id=\"accordion-2478296400-content\" class=\"accordion-inner\" aria-labelledby=\"accordion-2478296400-label\">\n\t\t\t\n\n<p>Encontre manuais do usu\u00e1rio em PDF para imprimir ou baixar aqui:<\/p>\n<p><a href=\"https:\/\/clone.antcube.shop\/download\/\">Descarregar<\/a><\/p>\n\n\t\t<\/div>\n\t<\/div>\n\t\n\t<div id=\"accordion-1822737501\" class=\"accordion-item\">\n\t\t<a id=\"accordion-1822737501-label\" class=\"accordion-title plain\" href=\"#accordion-item-you-need-more-information-about-certain-ant-species-or-ant-keeping-in-general?\" aria-expanded=\"false\" aria-controls=\"accordion-1822737501-content\">\n\t\t\t<button class=\"toggle\" aria-label=\"Alternar\"><i class=\"icon-angle-down\" aria-hidden=\"true\"><\/i><\/button>\n\t\t\t<span>Voc\u00ea precisa de mais informa\u00e7\u00f5es sobre certas esp\u00e9cies de formigas ou sobre a cria\u00e7\u00e3o de formigas em geral?<\/span>\n\t\t<\/a>\n\t\t<div id=\"accordion-1822737501-content\" class=\"accordion-inner\" aria-labelledby=\"accordion-1822737501-label\">\n\t\t\t\n\n<p>Encontre aqui as perguntas mais frequentes sobre formigas e guarda de formigas:<\/p>\n<p><a href=\"https:\/\/clone.antcube.shop\/faq-ants\/\">FAQ formigas<\/a><\/p>\n<p><a href=\"https:\/\/clone.antcube.shop\/catching-queen-ants\/\">Como apanhar a sua formiga rainha<\/a><\/p>\n<p><a href=\"https:\/\/clone.antcube.shop\/ant-species\/\">Saiba mais sobre as formigas<\/a><\/p>\n<p><a href=\"https:\/\/clone.antcube.shop\/social-media\/\">Consulte os nossos Canais YouTube, pode encontrar a\u00ed dicas e informa\u00e7\u00f5es \u00fateis.<\/a><\/p>\n\n\t\t<\/div>\n\t<\/div>\n\t\n\t<div id=\"accordion-3329517474\" class=\"accordion-item\">\n\t\t<a id=\"accordion-3329517474-label\" class=\"accordion-title plain\" href=\"#accordion-item-you-have-questions-about-our-products?\" aria-expanded=\"false\" aria-controls=\"accordion-3329517474-content\">\n\t\t\t<button class=\"toggle\" aria-label=\"Alternar\"><i class=\"icon-angle-down\" aria-hidden=\"true\"><\/i><\/button>\n\t\t\t<span>Voc\u00ea tem perguntas sobre nossos produtos?<\/span>\n\t\t<\/a>\n\t\t<div id=\"accordion-3329517474-content\" class=\"accordion-inner\" aria-labelledby=\"accordion-3329517474-label\">\n\t\t\t\n\n<p>Se voc\u00ea tiver perguntas sobre nossos produtos, por favor, d\u00ea uma olhada na descri\u00e7\u00e3o do respectivo produto em nossa loja primeiro.<\/p>\n<p>Caso contr\u00e1rio, voc\u00ea pode encontrar mais informa\u00e7\u00f5es aqui:<\/p>\n<p><a href=\"https:\/\/clone.antcube.shop\/product-information\/\">Informa\u00e7\u00f5es sobre o produto<\/a><\/p>\n\n\t\t<\/div>\n\t<\/div>\n\t\n\n<\/div>\n\n\t\t<\/div>\n\t\t\t\t\t<\/div>\n\n\t\n\n<\/div>","protected":false},"excerpt":{"rendered":"","protected":false},"author":1,"featured_media":0,"parent":0,"menu_order":0,"comment_status":"closed","ping_status":"closed","template":"","meta":{"_acf_changed":false,"content-type":"","_monsterinsights_skip_tracking":false,"_monsterinsights_sitenote_active":false,"_monsterinsights_sitenote_note":"","_monsterinsights_sitenote_category":0,"footnotes":""},"class_list":["post-899","page","type-page","status-publish","hentry"],"acf":[],"aioseo_notices":[],"jetpack_sharing_enabled":true,"_links":{"self":[{"href":"https:\/\/clone.antcube.shop\/pt\/wp-json\/wp\/v2\/pages\/899","targetHints":{"allow":["GET"]}}],"collection":[{"href":"https:\/\/clone.antcube.shop\/pt\/wp-json\/wp\/v2\/pages"}],"about":[{"href":"https:\/\/clone.antcube.shop\/pt\/wp-json\/wp\/v2\/types\/page"}],"author":[{"embeddable":true,"href":"https:\/\/clone.antcube.shop\/pt\/wp-json\/wp\/v2\/users\/1"}],"replies":[{"embeddable":true,"href":"https:\/\/clone.antcube.shop\/pt\/wp-json\/wp\/v2\/comments?post=899"}],"version-history":[{"count":8,"href":"https:\/\/clone.antcube.shop\/pt\/wp-json\/wp\/v2\/pages\/899\/revisions"}],"predecessor-version":[{"id":6791,"href":"https:\/\/clone.antcube.shop\/pt\/wp-json\/wp\/v2\/pages\/899\/revisions\/6791"}],"wp:attachment":[{"href":"https:\/\/clone.antcube.shop\/pt\/wp-json\/wp\/v2\/media?parent=899"}],"curies":[{"name":"wp","href":"https:\/\/api.w.org\/{rel}","templated":true}]}}